{"id":2513,"date":"2025-06-05T11:55:20","date_gmt":"2025-06-05T11:55:20","guid":{"rendered":"https:\/\/www.antloader.com\/?post_type=product&#038;p=2513"},"modified":"2025-06-06T13:31:55","modified_gmt":"2025-06-06T13:31:55","slug":"jy-2000-full-hydraulic-core-drill-rig","status":"publish","type":"product","link":"https:\/\/antloader.com\/de\/product\/jy-2000-full-hydraulic-core-drill-rig\/","title":{"rendered":"JY-2000 Vollhydraulisches Kernbohrger\u00e4t"},"content":{"rendered":"<p>Das vollhydraulische Kernbohrger\u00e4t JY-2000 wurde durch die Integration fortschrittlicher globaler Bohrtechnologie entwickelt und bietet unvergleichliche Leistung unter extremen geologischen Bedingungen. Dieses f\u00fcr die Tiefenexploration von Mineralien und komplexe technische Projekte konzipierte Ger\u00e4t kombiniert hydraulische Pr\u00e4zision mit robuster Zuverl\u00e4ssigkeit.<\/p>\n\n\n\n<figure class=\"wp-block-gallery has-nested-images columns-default is-cropped wp-block-gallery-1 is-layout-flex wp-block-gallery-is-layout-flex\">\n<figure class=\"wp-block-image size-large\"><img loading=\"lazy\" decoding=\"async\" width=\"800\" height=\"600\" data-id=\"2512\" src=\"https:\/\/www.antloader.com\/wp-content\/uploads\/2025\/06\/Full-Hydraulic-Core-Drill-Rig.webp\" alt=\"Vollhydraulisches Kernbohrger\u00e4t\" class=\"wp-image-2512\" srcset=\"https:\/\/antloader.com\/wp-content\/uploads\/2025\/06\/Full-Hydraulic-Core-Drill-Rig.webp 800w, https:\/\/antloader.com\/wp-content\/uploads\/2025\/06\/Full-Hydraulic-Core-Drill-Rig-300x225.webp 300w, https:\/\/antloader.com\/wp-content\/uploads\/2025\/06\/Full-Hydraulic-Core-Drill-Rig-768x576.webp 768w\" sizes=\"auto, (max-width: 800px) 100vw, 800px\" \/><\/figure>\n\n\n\n<figure class=\"wp-block-image size-large\"><img loading=\"lazy\" decoding=\"async\" width=\"800\" height=\"600\" data-id=\"2511\" src=\"https:\/\/www.antloader.com\/wp-content\/uploads\/2025\/06\/hydraulic-core-drill-rig.webp\" alt=\"hydraulischer Kernbohrst\u00e4nder\" class=\"wp-image-2511\" srcset=\"https:\/\/antloader.com\/wp-content\/uploads\/2025\/06\/hydraulic-core-drill-rig.webp 800w, https:\/\/antloader.com\/wp-content\/uploads\/2025\/06\/hydraulic-core-drill-rig-300x225.webp 300w, https:\/\/antloader.com\/wp-content\/uploads\/2025\/06\/hydraulic-core-drill-rig-768x576.webp 768w\" sizes=\"auto, (max-width: 800px) 100vw, 800px\" \/><\/figure>\n\n\n\n<figure class=\"wp-block-image size-large\"><img loading=\"lazy\" decoding=\"async\" width=\"800\" height=\"589\" data-id=\"2510\" src=\"https:\/\/www.antloader.com\/wp-content\/uploads\/2025\/06\/borehole-drilling-equipmen.webp\" alt=\"Bohrlochbohrger\u00e4te\" class=\"wp-image-2510\" srcset=\"https:\/\/antloader.com\/wp-content\/uploads\/2025\/06\/borehole-drilling-equipmen.webp 800w, https:\/\/antloader.com\/wp-content\/uploads\/2025\/06\/borehole-drilling-equipmen-300x221.webp 300w, https:\/\/antloader.com\/wp-content\/uploads\/2025\/06\/borehole-drilling-equipmen-768x565.webp 768w\" sizes=\"auto, (max-width: 800px) 100vw, 800px\" \/><\/figure>\n\n\n\n<figure class=\"wp-block-image size-large\"><img loading=\"lazy\" decoding=\"async\" width=\"800\" height=\"600\" data-id=\"2509\" src=\"https:\/\/www.antloader.com\/wp-content\/uploads\/2025\/06\/core-drilling-equipment.webp\" alt=\"Kernbohrger\u00e4te\" class=\"wp-image-2509\" srcset=\"https:\/\/antloader.com\/wp-content\/uploads\/2025\/06\/core-drilling-equipment.webp 800w, https:\/\/antloader.com\/wp-content\/uploads\/2025\/06\/core-drilling-equipment-300x225.webp 300w, https:\/\/antloader.com\/wp-content\/uploads\/2025\/06\/core-drilling-equipment-768x576.webp 768w\" sizes=\"auto, (max-width: 800px) 100vw, 800px\" \/><\/figure>\n<\/figure>\n\n\n\n<p>Tiefbohrl\u00f6sung mit 5000N-m Drehmoment und intelligenter Steuerung<\/p>\n\n\n\n<h2 class=\"wp-block-heading\"><strong>Breakthrough Engineering Merkmale:<\/strong><\/h2>\n\n\n\n<ol start=\"1\" class=\"wp-block-list\">\n<li><strong>Rein hydraulisches Antriebssystem<\/strong>\n<ul class=\"wp-block-list\">\n<li>Schwimmend gelagerte Spindel +\u00a0<strong>3m Bohrgest\u00e4nge<\/strong><\/li>\n\n\n\n<li>Axialkolbenpumpen und Schr\u00e4gachsen-Kolbenmotoren<\/li>\n<\/ul>\n<\/li>\n\n\n\n<li><strong>Intelligente Bohrungssteuerung<\/strong>\n<ul class=\"wp-block-list\">\n<li>2-Gang-Getriebe + stufenlose Drehzahlregelung<\/li>\n\n\n\n<li><strong>Max. Drehmoment: 5.000 N-m<\/strong>\u00a0(Branchenf\u00fchrend f\u00fcr Hardrock)<\/li>\n<\/ul>\n<\/li>\n\n\n\n<li><strong>Erweiterte Mastkonfiguration<\/strong>\n<ul class=\"wp-block-list\">\n<li>Hydraulische Seitenverschiebung (1.200 mm Reichweite)<\/li>\n\n\n\n<li><strong>45-90\u00b0 Mehrwinkelbohren<\/strong>\u00a0F\u00e4higkeit<\/li>\n<\/ul>\n<\/li>\n\n\n\n<li><strong>Optimierte Produktivit\u00e4t<\/strong>\n<ul class=\"wp-block-list\">\n<li>Load-Sensing-Hydrauliksystem<\/li>\n\n\n\n<li>Kettenvorschubmechanismus mit doppelter Geschwindigkeit (3,5 m Hub)<\/li>\n<\/ul>\n<\/li>\n<\/ol>\n\n\n\n<h2 class=\"wp-block-heading\"><strong>Entscheidende betriebliche Vorteile<\/strong><\/h2>\n\n\n\n<ul class=\"wp-block-list\">\n<li><strong>Kabellos ferngesteuerter Crawler<\/strong>\n<ul class=\"wp-block-list\">\n<li>25\u00b0 Steigf\u00e4higkeit &amp; 3km\/h Fahrgeschwindigkeit<\/li>\n\n\n\n<li>50 m Radius f\u00fcr Sicherheitskontrolle<\/li>\n<\/ul>\n<\/li>\n\n\n\n<li><strong>Auto-Deploying-Systeme<\/strong>\n<ul class=\"wp-block-list\">\n<li>Hydraulische Holzpferdklemme (\u00d875\/89\/115mm)<\/li>\n\n\n\n<li>Selbstnivellierende Abst\u00fctzungen (15\u00b0 Neigungsanpassung)<\/li>\n<\/ul>\n<\/li>\n\n\n\n<li><strong>Schnelles Setup Design<\/strong>\n<ul class=\"wp-block-list\">\n<li>Teleskopmast (8,1 m ausgefahrene H\u00f6he)<\/li>\n<\/ul>\n<\/li>\n<\/ul>\n\n\n\n<h2 class=\"wp-block-heading\">Tabelle der technischen Daten<\/h2>\n\n\n\n<figure class=\"wp-block-table\"><table class=\"has-fixed-layout\"><thead><tr><th><strong>Parameter Kategorie<\/strong><\/th><th><strong>Spezifikation<\/strong><\/th><th><strong>Wert<\/strong><\/th><\/tr><\/thead><tbody><tr><td><strong>Rigg-Modell<\/strong><\/td><td><\/td><td>JY-2000<\/td><\/tr><tr><td><strong>Bohrleistung<\/strong><\/td><td>BTW-Tiefe (m)<\/td><td>2,200<\/td><\/tr><tr><td><\/td><td>NTW-Tiefe (m)<\/td><td>2,000<\/td><\/tr><tr><td><\/td><td>HTW-Tiefe (m)<\/td><td>1,800<\/td><\/tr><tr><td><strong>Hydraulisches System<\/strong><\/td><td>Hauptpumpe<\/td><td>190ml\/r @ 32MPa<\/td><\/tr><tr><td><\/td><td>Hilfspumpe<\/td><td>80ml\/r @ 25MPa<\/td><\/tr><tr><td><\/td><td>K\u00fchlung<\/td><td>Luft + Wasser<\/td><\/tr><tr><td><strong>Motor (optional)<\/strong><\/td><td>Modell<\/td><td>Weichai 6-Zylinder<\/td><\/tr><tr><td><\/td><td>Strom<\/td><td>176 kW<\/td><\/tr><tr><td><\/td><td>Geschwindigkeit<\/td><td>2.200 U\/min<\/td><\/tr><tr><td><strong>Antriebskopf<\/strong><\/td><td>Max. Drehmoment<\/td><td><strong>5.000 N-m<\/strong><\/td><\/tr><tr><td><\/td><td>Max. Geschwindigkeit<\/td><td>1.400 Umdrehungen pro Minute<\/td><\/tr><tr><td><\/td><td>Vorschubhub<\/td><td>3.5 m<\/td><\/tr><tr><td><\/td><td>R\u00fcckzugskraft<\/td><td>600 kN<\/td><\/tr><tr><td><\/td><td>Vorschubkraft<\/td><td>300 kN<\/td><\/tr><tr><td><strong>Drahtseilwinde<\/strong><\/td><td>Kapazit\u00e4t der Leitung<\/td><td>2,000 m<\/td><\/tr><tr><td><\/td><td>Leine ziehen<\/td><td>45 kN<\/td><\/tr><tr><td><\/td><td>Hubgeschwindigkeit<\/td><td>110 m\/min<\/td><\/tr><tr><td><\/td><td>Seildurchmesser<\/td><td>\u00d86 mm<\/td><\/tr><tr><td><strong>Mast<\/strong><\/td><td>Arbeitsh\u00f6he<\/td><td>8.1 m<\/td><\/tr><tr><td><\/td><td>Bohrwinkel<\/td><td><strong>45-90\u00b0<\/strong><\/td><\/tr><tr><td><\/td><td>Seitliche Verschiebung<\/td><td>1.200 mm<\/td><\/tr><tr><td><strong>Transport<\/strong><\/td><td>Abmessungen (L\u00d7B\u00d7H)<\/td><td>6.100 \u00d7 2.200 \u00d7 2.500 mm<\/td><\/tr><tr><td><\/td><td>Gewicht<\/td><td><strong>12 Tonnen<\/strong>&nbsp;(26.400 lbs)<\/td><\/tr><\/tbody><\/table><\/figure>","protected":false},"featured_media":2511,"template":"","meta":{"_acf_changed":false,"_uag_custom_page_level_css":"","site-sidebar-layout":"default","site-content-layout":"","ast-site-content-layout":"default","site-content-style":"default","site-sidebar-style":"default","ast-global-header-display":"","ast-banner-title-visibility":"","ast-main-header-display":"","ast-hfb-above-header-display":"","ast-hfb-below-header-display":"","ast-hfb-mobile-header-display":"","site-post-title":"","ast-breadcrumbs-content":"","ast-featured-img":"","footer-sml-layout":"","ast-disable-related-posts":"","theme-transparent-header-meta":"","adv-header-id-meta":"","stick-header-meta":"","header-above-stick-meta":"","header-main-stick-meta":"","header-below-stick-meta":"","astra-migrate-meta-layouts":"set","ast-page-background-enabled":"default","ast-page-background-meta":{"desktop":{"background-color":"","background-image":"","background-repeat":"repeat","background-position":"center center","background-size":"auto","background-attachment":"scroll","background-type":"","background-media":"","overlay-type":"","overlay-color":"","overlay-opacity":"","overlay-gradient":""},"tablet":{"background-color":"","background-image":"","background-repeat":"repeat","background-position":"center center","background-size":"auto","background-attachment":"scroll","background-type":"","background-media":"","overlay-type":"","overlay-color":"","overlay-opacity":"","overlay-gradient":""},"mobile":{"background-color":"","background-image":"","background-repeat":"repeat","background-position":"center center","background-size":"auto","background-attachment":"scroll","background-type":"","background-media":"","overlay-type":"","overlay-color":"","overlay-opacity":"","overlay-gradient":""}},"ast-content-background-meta":{"desktop":{"background-color":"var(--ast-global-color-5)","background-image":"","background-repeat":"repeat","background-position":"center center","background-size":"auto","background-attachment":"scroll","background-type":"","background-media":"","overlay-type":"","overlay-color":"","overlay-opacity":"","overlay-gradient":""},"tablet":{"background-color":"var(--ast-global-color-5)","background-image":"","background-repeat":"repeat","background-position":"center center","background-size":"auto","background-attachment":"scroll","background-type":"","background-media":"","overlay-type":"","overlay-color":"","overlay-opacity":"","overlay-gradient":""},"mobile":{"background-color":"var(--ast-global-color-5)","background-image":"","background-repeat":"repeat","background-position":"center center","background-size":"auto","background-attachment":"scroll","background-type":"","background-media":"","overlay-type":"","overlay-color":"","overlay-opacity":"","overlay-gradient":""}}},"catalog":[6],"class_list":["post-2513","product","type-product","status-publish","has-post-thumbnail","hentry","catalog-hydraulic-drilling-rigs"],"acf":[],"spectra_custom_meta":{"_edit_lock":["1749216717:1"],"rank_math_seo_score":["69"],"rank_math_internal_links_processed":["1"],"_thumbnail_id":["2511"],"_acf_changed":[""],"_uag_custom_page_level_css":[""],"site-sidebar-layout":["default"],"site-content-layout":[""],"ast-site-content-layout":["default"],"site-content-style":["default"],"site-sidebar-style":["default"],"ast-global-header-display":[""],"ast-banner-title-visibility":[""],"ast-main-header-display":[""],"ast-hfb-above-header-display":[""],"ast-hfb-below-header-display":[""],"ast-hfb-mobile-header-display":[""],"site-post-title":[""],"ast-breadcrumbs-content":[""],"ast-featured-img":[""],"footer-sml-layout":[""],"theme-transparent-header-meta":[""],"adv-header-id-meta":[""],"stick-header-meta":[""],"header-above-stick-meta":[""],"header-main-stick-meta":[""],"header-below-stick-meta":[""],"astra-migrate-meta-layouts":["set"],"ast-page-background-enabled":["default"],"ast-page-background-meta":["a:3:{s:7:\"desktop\";a:12:{s:16:\"background-color\";s:0:\"\";s:16:\"background-image\";s:0:\"\";s:17:\"background-repeat\";s:6:\"repeat\";s:19:\"background-position\";s:13:\"center center\";s:15:\"background-size\";s:4:\"auto\";s:21:\"background-attachment\";s:6:\"scroll\";s:15:\"background-type\";s:0:\"\";s:16:\"background-media\";s:0:\"\";s:12:\"overlay-type\";s:0:\"\";s:13:\"overlay-color\";s:0:\"\";s:15:\"overlay-opacity\";s:0:\"\";s:16:\"overlay-gradient\";s:0:\"\";}s:6:\"tablet\";a:12:{s:16:\"background-color\";s:0:\"\";s:16:\"background-image\";s:0:\"\";s:17:\"background-repeat\";s:6:\"repeat\";s:19:\"background-position\";s:13:\"center center\";s:15:\"background-size\";s:4:\"auto\";s:21:\"background-attachment\";s:6:\"scroll\";s:15:\"background-type\";s:0:\"\";s:16:\"background-media\";s:0:\"\";s:12:\"overlay-type\";s:0:\"\";s:13:\"overlay-color\";s:0:\"\";s:15:\"overlay-opacity\";s:0:\"\";s:16:\"overlay-gradient\";s:0:\"\";}s:6:\"mobile\";a:12:{s:16:\"background-color\";s:0:\"\";s:16:\"background-image\";s:0:\"\";s:17:\"background-repeat\";s:6:\"repeat\";s:19:\"background-position\";s:13:\"center center\";s:15:\"background-size\";s:4:\"auto\";s:21:\"background-attachment\";s:6:\"scroll\";s:15:\"background-type\";s:0:\"\";s:16:\"background-media\";s:0:\"\";s:12:\"overlay-type\";s:0:\"\";s:13:\"overlay-color\";s:0:\"\";s:15:\"overlay-opacity\";s:0:\"\";s:16:\"overlay-gradient\";s:0:\"\";}}"],"ast-content-background-meta":["a:3:{s:7:\"desktop\";a:12:{s:16:\"background-color\";s:25:\"var(--ast-global-color-5)\";s:16:\"background-image\";s:0:\"\";s:17:\"background-repeat\";s:6:\"repeat\";s:19:\"background-position\";s:13:\"center center\";s:15:\"background-size\";s:4:\"auto\";s:21:\"background-attachment\";s:6:\"scroll\";s:15:\"background-type\";s:0:\"\";s:16:\"background-media\";s:0:\"\";s:12:\"overlay-type\";s:0:\"\";s:13:\"overlay-color\";s:0:\"\";s:15:\"overlay-opacity\";s:0:\"\";s:16:\"overlay-gradient\";s:0:\"\";}s:6:\"tablet\";a:12:{s:16:\"background-color\";s:25:\"var(--ast-global-color-5)\";s:16:\"background-image\";s:0:\"\";s:17:\"background-repeat\";s:6:\"repeat\";s:19:\"background-position\";s:13:\"center center\";s:15:\"background-size\";s:4:\"auto\";s:21:\"background-attachment\";s:6:\"scroll\";s:15:\"background-type\";s:0:\"\";s:16:\"background-media\";s:0:\"\";s:12:\"overlay-type\";s:0:\"\";s:13:\"overlay-color\";s:0:\"\";s:15:\"overlay-opacity\";s:0:\"\";s:16:\"overlay-gradient\";s:0:\"\";}s:6:\"mobile\";a:12:{s:16:\"background-color\";s:25:\"var(--ast-global-color-5)\";s:16:\"background-image\";s:0:\"\";s:17:\"background-repeat\";s:6:\"repeat\";s:19:\"background-position\";s:13:\"center center\";s:15:\"background-size\";s:4:\"auto\";s:21:\"background-attachment\";s:6:\"scroll\";s:15:\"background-type\";s:0:\"\";s:16:\"background-media\";s:0:\"\";s:12:\"overlay-type\";s:0:\"\";s:13:\"overlay-color\";s:0:\"\";s:15:\"overlay-opacity\";s:0:\"\";s:16:\"overlay-gradient\";s:0:\"\";}}"],"_edit_last":["1"],"astra_style_timestamp_css":["1777599247"],"rank_math_robots":["a:1:{i:0;s:5:\"index\";}"],"rank_math_focus_keyword":["Full Hydraulic Core Drill Rig"],"_uag_css_file_name":["uag-css-2513.css"],"_uag_page_assets":["a:9:{s:3:\"css\";s:260:\".uag-blocks-common-selector{z-index:var(--z-index-desktop) !important}@media(max-width: 976px){.uag-blocks-common-selector{z-index:var(--z-index-tablet) !important}}@media(max-width: 767px){.uag-blocks-common-selector{z-index:var(--z-index-mobile) !important}}\";s:2:\"js\";s:0:\"\";s:18:\"current_block_list\";a:13:{i:0;s:14:\"core\/paragraph\";i:1;s:12:\"core\/gallery\";i:2;s:10:\"core\/image\";i:3;s:12:\"core\/heading\";i:4;s:9:\"core\/list\";i:5;s:14:\"core\/list-item\";i:6;s:10:\"core\/table\";i:7;s:11:\"core\/search\";i:8;s:10:\"core\/group\";i:9;s:17:\"core\/latest-posts\";i:10;s:20:\"core\/latest-comments\";i:11;s:13:\"core\/archives\";i:12;s:15:\"core\/categories\";}s:8:\"uag_flag\";b:0;s:11:\"uag_version\";s:10:\"1778337502\";s:6:\"gfonts\";a:0:{}s:10:\"gfonts_url\";s:0:\"\";s:12:\"gfonts_files\";a:0:{}s:14:\"uag_faq_layout\";b:0;}"]},"uagb_featured_image_src":{"full":["https:\/\/antloader.com\/wp-content\/uploads\/2025\/06\/hydraulic-core-drill-rig.webp",800,600,false],"thumbnail":["https:\/\/antloader.com\/wp-content\/uploads\/2025\/06\/hydraulic-core-drill-rig-150x150.webp",150,150,true],"medium":["https:\/\/antloader.com\/wp-content\/uploads\/2025\/06\/hydraulic-core-drill-rig-300x225.webp",300,225,true],"medium_large":["https:\/\/antloader.com\/wp-content\/uploads\/2025\/06\/hydraulic-core-drill-rig-768x576.webp",768,576,true],"large":["https:\/\/antloader.com\/wp-content\/uploads\/2025\/06\/hydraulic-core-drill-rig.webp",800,600,false],"1536x1536":["https:\/\/antloader.com\/wp-content\/uploads\/2025\/06\/hydraulic-core-drill-rig.webp",800,600,false],"2048x2048":["https:\/\/antloader.com\/wp-content\/uploads\/2025\/06\/hydraulic-core-drill-rig.webp",800,600,false],"trp-custom-language-flag":["https:\/\/antloader.com\/wp-content\/uploads\/2025\/06\/hydraulic-core-drill-rig.webp",16,12,false]},"uagb_author_info":{"display_name":"admin","author_link":"https:\/\/antloader.com\/de\/author\/"},"uagb_comment_info":0,"uagb_excerpt":"Developed through advanced global drilling technology integration, the JY-2000 Full Hydraulic Core Drill Rig delivers unparalleled performance in extreme geological conditions. Engineered for deep mineral exploration and complex engineering projects, this rig combines hydraulic precision with rugged reliability. Deep-Core Drilling Solution with 5000N\u00b7m Torque &amp; Intelligent Control Breakthrough Engineering Features: Critical Operational Advantages Technical Specifications&hellip;","_links":{"self":[{"href":"https:\/\/antloader.com\/de\/wp-json\/wp\/v2\/product\/2513","targetHints":{"allow":["GET"]}}],"collection":[{"href":"https:\/\/antloader.com\/de\/wp-json\/wp\/v2\/product"}],"about":[{"href":"https:\/\/antloader.com\/de\/wp-json\/wp\/v2\/types\/product"}],"wp:featuredmedia":[{"embeddable":true,"href":"https:\/\/antloader.com\/de\/wp-json\/wp\/v2\/media\/2511"}],"wp:attachment":[{"href":"https:\/\/antloader.com\/de\/wp-json\/wp\/v2\/media?parent=2513"}],"wp:term":[{"taxonomy":"catalog","embeddable":true,"href":"https:\/\/antloader.com\/de\/wp-json\/wp\/v2\/catalog?post=2513"}],"curies":[{"name":"wp","href":"https:\/\/api.w.org\/{rel}","templated":true}]}}