{"id":2514,"date":"2025-06-05T12:31:59","date_gmt":"2025-06-05T12:31:59","guid":{"rendered":"https:\/\/www.antloader.com\/?post_type=product&#038;p=2514"},"modified":"2025-06-05T13:16:16","modified_gmt":"2025-06-05T13:16:16","slug":"jy-1600-full-hydraulic-core-drill-rig-3500n-m-torque-45-90-adjustable-remote-control","status":"publish","type":"product","link":"https:\/\/antloader.com\/de\/product\/jy-1600-full-hydraulic-core-drill-rig-3500n-m-torque-45-90-adjustable-remote-control\/","title":{"rendered":"JY-1600 Vollhydraulisches Kernbohrger\u00e4t | 3500N.m Drehmoment | 45-90\u00b0 verstellbar | Fernsteuerung"},"content":{"rendered":"<p>Das vollhydraulische Kernbohrger\u00e4t der HD-Serie wurde durch die Integration weltweit fortschrittlicher Bohrtechnologien entwickelt und stellt einen Sprung nach vorn in Sachen Effizienz und Vielseitigkeit f\u00fcr anspruchsvolle Kernbohranwendungen dar. Dieses Bohrger\u00e4t wurde f\u00fcr die Exploration fester Mineralien, geologische Untersuchungen, oberfl\u00e4chennahe \u00d6l-\/Gasvorkommen, Grundwasseruntersuchungen und technische Hilfsarbeiten (Bel\u00fcftung, Entw\u00e4sserung, Injektionen) entwickelt und bietet au\u00dfergew\u00f6hnliche Leistung und Pr\u00e4zision.<\/p>\n\n\n\n<figure class=\"wp-block-gallery has-nested-images columns-default is-cropped wp-block-gallery-1 is-layout-flex wp-block-gallery-is-layout-flex\">\n<figure class=\"wp-block-image size-large\"><img loading=\"lazy\" decoding=\"async\" width=\"800\" height=\"600\" data-id=\"2515\" src=\"https:\/\/www.antloader.com\/wp-content\/uploads\/2025\/06\/Deep-hole-drilling-rig.webp\" alt=\"\" class=\"wp-image-2515\" srcset=\"https:\/\/antloader.com\/wp-content\/uploads\/2025\/06\/Deep-hole-drilling-rig.webp 800w, https:\/\/antloader.com\/wp-content\/uploads\/2025\/06\/Deep-hole-drilling-rig-300x225.webp 300w, https:\/\/antloader.com\/wp-content\/uploads\/2025\/06\/Deep-hole-drilling-rig-768x576.webp 768w\" sizes=\"auto, (max-width: 800px) 100vw, 800px\" \/><\/figure>\n\n\n\n<figure class=\"wp-block-image size-large\"><img loading=\"lazy\" decoding=\"async\" width=\"800\" height=\"600\" data-id=\"2516\" src=\"https:\/\/www.antloader.com\/wp-content\/uploads\/2025\/06\/Full-Hydraulic-Core-Drill-Rig-1.webp\" alt=\"\" class=\"wp-image-2516\" srcset=\"https:\/\/antloader.com\/wp-content\/uploads\/2025\/06\/Full-Hydraulic-Core-Drill-Rig-1.webp 800w, https:\/\/antloader.com\/wp-content\/uploads\/2025\/06\/Full-Hydraulic-Core-Drill-Rig-1-300x225.webp 300w, https:\/\/antloader.com\/wp-content\/uploads\/2025\/06\/Full-Hydraulic-Core-Drill-Rig-1-768x576.webp 768w\" sizes=\"auto, (max-width: 800px) 100vw, 800px\" \/><\/figure>\n<\/figure>\n\n\n\n<h2 class=\"wp-block-heading\">Vollhydraulisches Kernbohrger\u00e4t <strong>Hauptmerkmale und Vorteile:<\/strong><\/h2>\n\n\n\n<h3 class=\"wp-block-heading\"><strong>Fortschrittliches hydraulisches Bohrsystem:<\/strong><\/h3>\n\n\n\n<ul class=\"wp-block-list\">\n<li><strong>Pure hydraulische Kraft:<\/strong>\u00a0Vollst\u00e4ndig hydraulisch angetrieben f\u00fcr hervorragende Steuerung, Zuverl\u00e4ssigkeit und geringeren mechanischen Verschlei\u00df.<\/li>\n\n\n\n<li><strong>Hocheffizienter Antrieb:<\/strong>\u00a0Mit Axialkolbenpumpen und robusten Schr\u00e4gkolbenmotoren f\u00fcr optimale Kraft\u00fcbertragung.<\/li>\n\n\n\n<li><strong>Load-Sensing-Hydraulik:<\/strong>\u00a0Passt die Leistungsabgabe intelligent an die Bohranforderungen an und maximiert so die Kraftstoffeffizienz und Leistung.<\/li>\n<\/ul>\n\n\n\n<h3 class=\"wp-block-heading\"><strong>\u00dcberlegene Bohrleistung<\/strong><\/h3>\n\n\n\n<ul class=\"wp-block-list\">\n<li><strong>Hohe Drehmomentleistung:<\/strong>\u00a0Erzielt bis zu\u00a0<strong>3500 N.m<\/strong>\u00a0des Rotationsmoments f\u00fcr die Bew\u00e4ltigung schwieriger Formationen.<\/li>\n\n\n\n<li><strong>Pr\u00e4zise Geschwindigkeitskontrolle:<\/strong>\u00a0Kombiniert eine\u00a0<strong>2-Gang-Getriebe<\/strong>\u00a0mit\u00a0<strong>stufenlose Drehzahlregelung<\/strong>\u00a0f\u00fcr optimale Drehzahleinstellungen unter allen Bedingungen.<\/li>\n\n\n\n<li><strong>Schwimmende Spindel &amp; 3m Stangen:<\/strong>\u00a0Die schwimmende Spindelkonstruktion minimiert die Beanspruchung und eignet sich f\u00fcr Standard\u00a0<strong>3-Meter-Bohrgest\u00e4nge<\/strong>.<\/li>\n\n\n\n<li><strong>Weitwinkelbereich:<\/strong>\u00a0Geeignet zum Bohren von L\u00f6chern von\u00a0<strong>45\u00b0 bis 90\u00b0<\/strong>\u00a0f\u00fcr vielf\u00e4ltige Projektanforderungen.<\/li>\n<\/ul>\n\n\n\n<h3 class=\"wp-block-heading\"><strong>Verbesserte Stabilit\u00e4t und Positionierung<\/strong><\/h3>\n\n\n\n<ul class=\"wp-block-list\">\n<li><strong>Hydraulische Nivellierf\u00fc\u00dfe:<\/strong>\u00a0Schnelles und stabiles Aufstellen auf unebenem Terrain.<\/li>\n\n\n\n<li><strong>Teleskopmast:<\/strong>\u00a0Bietet eine flexible Einstellung der Arbeitsh\u00f6he.<\/li>\n\n\n\n<li><strong>Integrierte Mastverschiebung:<\/strong>\u00a0Der gesamte Mast l\u00e4sst sich \u00fcber Hydraulikzylinder leichtg\u00e4ngig verschieben und erm\u00f6glicht so eine pr\u00e4zise Lochpositionierung.<\/li>\n\n\n\n<li><strong>Kopf-Seitenschieber-Mechanismus:<\/strong>\u00a0Erm\u00f6glicht die seitliche Verstellung des Antriebskopfes f\u00fcr eine genaue Lochplatzierung, ohne dass die Basismaschine bewegt werden muss.<\/li>\n<\/ul>\n\n\n\n<h3 class=\"wp-block-heading\"><strong>Optimierte Handhabung von Vorschub und Stangen<\/strong><\/h3>\n\n\n\n<ul class=\"wp-block-list\">\n<li><strong>Zuverl\u00e4ssiges Zufuhrsystem:<\/strong>\u00a0Verwendet eine glatte und robuste\u00a0<strong>\u00d6lzylinder + Kette Vorschubmechanismus mit doppelter Geschwindigkeit<\/strong>.<\/li>\n\n\n\n<li><strong>Hydraulischer Stabschraubstock:<\/strong>\u00a0H\u00e4lt die Stangen beim Ausbrechen\/Schminken sicher fest und erh\u00f6ht so die Sicherheit und Arbeitsgeschwindigkeit.<\/li>\n<\/ul>\n\n\n\n<h3 class=\"wp-block-heading\"><strong>Mobilit\u00e4t und Sicherheit<\/strong><\/h3>\n\n\n\n<p><strong>Drahtlos ferngesteuerter Crawler:<\/strong>\u00a0Mit einem robusten Raupenfahrwerk, das \u00fcber\u00a0<strong>drahtlose Fernbedienung<\/strong>\u00a0aus sicherer Entfernung. Navigiert m\u00fchelos durch unterschiedliches Gel\u00e4nde und minimiert das Risiko f\u00fcr den Bediener bei der Positionierung oder bei pl\u00f6tzlichen Hindernissen.<\/p>\n\n\n\n<h2 class=\"wp-block-heading\"><strong>Warum die Serie JY?<\/strong><\/h2>\n\n\n\n<p>Das vollhydraulische Kernbohrger\u00e4t der JY-Serie wurde f\u00fcr Profis entwickelt, die Leistung, Pr\u00e4zision und Sicherheit verlangen. Es kombiniert modernste Hydrauliktechnologie mit praktischem, anwenderorientiertem Design. Die robuste Konstruktion, die vielseitigen Positionierungsfunktionen und die ferngesteuerte Mobilit\u00e4t machen sie zur idealen L\u00f6sung f\u00fcr effiziente und sichere Bohrarbeiten auf verschiedenen Explorations- und Baustellen.<\/p>\n\n\n\n<h2 class=\"wp-block-heading\">Tabelle der technischen Daten<\/h2>\n\n\n\n<figure class=\"wp-block-table\"><table class=\"has-fixed-layout\"><thead><tr><th><strong>Parameter Kategorie<\/strong><\/th><th><strong>Spezifikation<\/strong><\/th><th><strong>Wert<\/strong><\/th><\/tr><\/thead><tbody><tr><td><strong>Rigg-Modell<\/strong><\/td><td><\/td><td>JY-1600<\/td><\/tr><tr><td><strong>Bohrleistung<\/strong><\/td><td>BTW-Tiefe (m)<\/td><td>1,800<\/td><\/tr><tr><td><\/td><td>NTW-Tiefe (m)<\/td><td>1,600<\/td><\/tr><tr><td><\/td><td>HTW-Tiefe (m)<\/td><td>1,400<\/td><\/tr><tr><td><strong>Hydraulisches System<\/strong><\/td><td>Hauptpumpe<\/td><td>145ml\/r @ 32MPa<\/td><\/tr><tr><td><\/td><td>Hilfspumpe<\/td><td>96ml\/r @ 25MPa<\/td><\/tr><tr><td><\/td><td>K\u00fchlung<\/td><td>Luft + Wasser<\/td><\/tr><tr><td><strong>Motor (optional)<\/strong><\/td><td>Modell<\/td><td>Weichai 6-Zylinder<\/td><\/tr><tr><td><\/td><td>Strom<\/td><td>140 kW<\/td><\/tr><tr><td><\/td><td>Geschwindigkeit<\/td><td>2.000 Umdrehungen pro Minute<\/td><\/tr><tr><td><strong>Antriebskopf<\/strong><\/td><td>Max. Drehmoment<\/td><td><strong>4.000 N-m<\/strong><\/td><\/tr><tr><td><\/td><td>Max. Geschwindigkeit<\/td><td>1.400 Umdrehungen pro Minute<\/td><\/tr><tr><td><\/td><td>Vorschubhub<\/td><td>3.5 m<\/td><\/tr><tr><td><\/td><td>R\u00fcckzugskraft<\/td><td>460 kN<\/td><\/tr><tr><td><\/td><td>Vorschubkraft<\/td><td>230 kN<\/td><\/tr><tr><td><strong>Drahtseilwinde<\/strong><\/td><td>Kapazit\u00e4t der Leitung<\/td><td>1,600 m<\/td><\/tr><tr><td><\/td><td>Leine ziehen<\/td><td>30 kN<\/td><\/tr><tr><td><\/td><td>Hubgeschwindigkeit<\/td><td>110 m\/min<\/td><\/tr><tr><td><\/td><td>Seildurchmesser<\/td><td>\u00d86 mm<\/td><\/tr><tr><td><strong>Mast<\/strong><\/td><td>Arbeitsh\u00f6he<\/td><td>8.1 m<\/td><\/tr><tr><td><\/td><td>Bohrwinkel<\/td><td><strong>45-90\u00b0<\/strong><\/td><\/tr><tr><td><\/td><td>Seitliche Verschiebung<\/td><td>1.200 mm<\/td><\/tr><tr><td><strong>Transport<\/strong><\/td><td>Abmessungen (L\u00d7B\u00d7H)<\/td><td>5.900 \u00d7 2.100 \u00d7 2.400 mm<\/td><\/tr><tr><td><\/td><td>Gewicht<\/td><td><strong>10 Tonnen<\/strong>\u00a0<\/td><\/tr><\/tbody><\/table><\/figure>","protected":false},"featured_media":2515,"template":"","meta":{"_acf_changed":false,"_uag_custom_page_level_css":"","site-sidebar-layout":"default","site-content-layout":"","ast-site-content-layout":"default","site-content-style":"default","site-sidebar-style":"default","ast-global-header-display":"","ast-banner-title-visibility":"","ast-main-header-display":"","ast-hfb-above-header-display":"","ast-hfb-below-header-display":"","ast-hfb-mobile-header-display":"","site-post-title":"","ast-breadcrumbs-content":"","ast-featured-img":"","footer-sml-layout":"","ast-disable-related-posts":"","theme-transparent-header-meta":"","adv-header-id-meta":"","stick-header-meta":"","header-above-stick-meta":"","header-main-stick-meta":"","header-below-stick-meta":"","astra-migrate-meta-layouts":"set","ast-page-background-enabled":"default","ast-page-background-meta":{"desktop":{"background-color":"","background-image":"","background-repeat":"repeat","background-position":"center center","background-size":"auto","background-attachment":"scroll","background-type":"","background-media":"","overlay-type":"","overlay-color":"","overlay-opacity":"","overlay-gradient":""},"tablet":{"background-color":"","background-image":"","background-repeat":"repeat","background-position":"center center","background-size":"auto","background-attachment":"scroll","background-type":"","background-media":"","overlay-type":"","overlay-color":"","overlay-opacity":"","overlay-gradient":""},"mobile":{"background-color":"","background-image":"","background-repeat":"repeat","background-position":"center center","background-size":"auto","background-attachment":"scroll","background-type":"","background-media":"","overlay-type":"","overlay-color":"","overlay-opacity":"","overlay-gradient":""}},"ast-content-background-meta":{"desktop":{"background-color":"var(--ast-global-color-5)","background-image":"","background-repeat":"repeat","background-position":"center center","background-size":"auto","background-attachment":"scroll","background-type":"","background-media":"","overlay-type":"","overlay-color":"","overlay-opacity":"","overlay-gradient":""},"tablet":{"background-color":"var(--ast-global-color-5)","background-image":"","background-repeat":"repeat","background-position":"center center","background-size":"auto","background-attachment":"scroll","background-type":"","background-media":"","overlay-type":"","overlay-color":"","overlay-opacity":"","overlay-gradient":""},"mobile":{"background-color":"var(--ast-global-color-5)","background-image":"","background-repeat":"repeat","background-position":"center center","background-size":"auto","background-attachment":"scroll","background-type":"","background-media":"","overlay-type":"","overlay-color":"","overlay-opacity":"","overlay-gradient":""}}},"catalog":[6],"class_list":["post-2514","product","type-product","status-publish","has-post-thumbnail","hentry","catalog-hydraulic-drilling-rigs"],"acf":[],"spectra_custom_meta":{"_edit_lock":["1749129379:1"],"rank_math_seo_score":["66"],"rank_math_internal_links_processed":["1"],"_thumbnail_id":["2515"],"_acf_changed":[""],"_uag_custom_page_level_css":[""],"site-sidebar-layout":["default"],"site-content-layout":[""],"ast-site-content-layout":["default"],"site-content-style":["default"],"site-sidebar-style":["default"],"ast-global-header-display":[""],"ast-banner-title-visibility":[""],"ast-main-header-display":[""],"ast-hfb-above-header-display":[""],"ast-hfb-below-header-display":[""],"ast-hfb-mobile-header-display":[""],"site-post-title":[""],"ast-breadcrumbs-content":[""],"ast-featured-img":[""],"footer-sml-layout":[""],"theme-transparent-header-meta":[""],"adv-header-id-meta":[""],"stick-header-meta":[""],"header-above-stick-meta":[""],"header-main-stick-meta":[""],"header-below-stick-meta":[""],"astra-migrate-meta-layouts":["set"],"ast-page-background-enabled":["default"],"ast-page-background-meta":["a:3:{s:7:\"desktop\";a:12:{s:16:\"background-color\";s:0:\"\";s:16:\"background-image\";s:0:\"\";s:17:\"background-repeat\";s:6:\"repeat\";s:19:\"background-position\";s:13:\"center center\";s:15:\"background-size\";s:4:\"auto\";s:21:\"background-attachment\";s:6:\"scroll\";s:15:\"background-type\";s:0:\"\";s:16:\"background-media\";s:0:\"\";s:12:\"overlay-type\";s:0:\"\";s:13:\"overlay-color\";s:0:\"\";s:15:\"overlay-opacity\";s:0:\"\";s:16:\"overlay-gradient\";s:0:\"\";}s:6:\"tablet\";a:12:{s:16:\"background-color\";s:0:\"\";s:16:\"background-image\";s:0:\"\";s:17:\"background-repeat\";s:6:\"repeat\";s:19:\"background-position\";s:13:\"center center\";s:15:\"background-size\";s:4:\"auto\";s:21:\"background-attachment\";s:6:\"scroll\";s:15:\"background-type\";s:0:\"\";s:16:\"background-media\";s:0:\"\";s:12:\"overlay-type\";s:0:\"\";s:13:\"overlay-color\";s:0:\"\";s:15:\"overlay-opacity\";s:0:\"\";s:16:\"overlay-gradient\";s:0:\"\";}s:6:\"mobile\";a:12:{s:16:\"background-color\";s:0:\"\";s:16:\"background-image\";s:0:\"\";s:17:\"background-repeat\";s:6:\"repeat\";s:19:\"background-position\";s:13:\"center center\";s:15:\"background-size\";s:4:\"auto\";s:21:\"background-attachment\";s:6:\"scroll\";s:15:\"background-type\";s:0:\"\";s:16:\"background-media\";s:0:\"\";s:12:\"overlay-type\";s:0:\"\";s:13:\"overlay-color\";s:0:\"\";s:15:\"overlay-opacity\";s:0:\"\";s:16:\"overlay-gradient\";s:0:\"\";}}"],"ast-content-background-meta":["a:3:{s:7:\"desktop\";a:12:{s:16:\"background-color\";s:25:\"var(--ast-global-color-5)\";s:16:\"background-image\";s:0:\"\";s:17:\"background-repeat\";s:6:\"repeat\";s:19:\"background-position\";s:13:\"center center\";s:15:\"background-size\";s:4:\"auto\";s:21:\"background-attachment\";s:6:\"scroll\";s:15:\"background-type\";s:0:\"\";s:16:\"background-media\";s:0:\"\";s:12:\"overlay-type\";s:0:\"\";s:13:\"overlay-color\";s:0:\"\";s:15:\"overlay-opacity\";s:0:\"\";s:16:\"overlay-gradient\";s:0:\"\";}s:6:\"tablet\";a:12:{s:16:\"background-color\";s:25:\"var(--ast-global-color-5)\";s:16:\"background-image\";s:0:\"\";s:17:\"background-repeat\";s:6:\"repeat\";s:19:\"background-position\";s:13:\"center center\";s:15:\"background-size\";s:4:\"auto\";s:21:\"background-attachment\";s:6:\"scroll\";s:15:\"background-type\";s:0:\"\";s:16:\"background-media\";s:0:\"\";s:12:\"overlay-type\";s:0:\"\";s:13:\"overlay-color\";s:0:\"\";s:15:\"overlay-opacity\";s:0:\"\";s:16:\"overlay-gradient\";s:0:\"\";}s:6:\"mobile\";a:12:{s:16:\"background-color\";s:25:\"var(--ast-global-color-5)\";s:16:\"background-image\";s:0:\"\";s:17:\"background-repeat\";s:6:\"repeat\";s:19:\"background-position\";s:13:\"center center\";s:15:\"background-size\";s:4:\"auto\";s:21:\"background-attachment\";s:6:\"scroll\";s:15:\"background-type\";s:0:\"\";s:16:\"background-media\";s:0:\"\";s:12:\"overlay-type\";s:0:\"\";s:13:\"overlay-color\";s:0:\"\";s:15:\"overlay-opacity\";s:0:\"\";s:16:\"overlay-gradient\";s:0:\"\";}}"],"_edit_last":["1"],"astra_style_timestamp_css":["1778941985"],"rank_math_robots":["a:1:{i:0;s:5:\"index\";}"],"rank_math_focus_keyword":["Full Hydraulic Core Drill Rig"],"_uag_css_file_name":["uag-css-2514.css"],"_uag_page_assets":["a:9:{s:3:\"css\";s:260:\".uag-blocks-common-selector{z-index:var(--z-index-desktop) !important}@media(max-width: 976px){.uag-blocks-common-selector{z-index:var(--z-index-tablet) !important}}@media(max-width: 767px){.uag-blocks-common-selector{z-index:var(--z-index-mobile) !important}}\";s:2:\"js\";s:0:\"\";s:18:\"current_block_list\";a:13:{i:0;s:14:\"core\/paragraph\";i:1;s:12:\"core\/gallery\";i:2;s:10:\"core\/image\";i:3;s:12:\"core\/heading\";i:4;s:9:\"core\/list\";i:5;s:14:\"core\/list-item\";i:6;s:10:\"core\/table\";i:7;s:11:\"core\/search\";i:8;s:10:\"core\/group\";i:9;s:17:\"core\/latest-posts\";i:10;s:20:\"core\/latest-comments\";i:11;s:13:\"core\/archives\";i:12;s:15:\"core\/categories\";}s:8:\"uag_flag\";b:0;s:11:\"uag_version\";s:10:\"1778337502\";s:6:\"gfonts\";a:0:{}s:10:\"gfonts_url\";s:0:\"\";s:12:\"gfonts_files\";a:0:{}s:14:\"uag_faq_layout\";b:0;}"]},"uagb_featured_image_src":{"full":["https:\/\/antloader.com\/wp-content\/uploads\/2025\/06\/Deep-hole-drilling-rig.webp",800,600,false],"thumbnail":["https:\/\/antloader.com\/wp-content\/uploads\/2025\/06\/Deep-hole-drilling-rig-150x150.webp",150,150,true],"medium":["https:\/\/antloader.com\/wp-content\/uploads\/2025\/06\/Deep-hole-drilling-rig-300x225.webp",300,225,true],"medium_large":["https:\/\/antloader.com\/wp-content\/uploads\/2025\/06\/Deep-hole-drilling-rig-768x576.webp",768,576,true],"large":["https:\/\/antloader.com\/wp-content\/uploads\/2025\/06\/Deep-hole-drilling-rig.webp",800,600,false],"1536x1536":["https:\/\/antloader.com\/wp-content\/uploads\/2025\/06\/Deep-hole-drilling-rig.webp",800,600,false],"2048x2048":["https:\/\/antloader.com\/wp-content\/uploads\/2025\/06\/Deep-hole-drilling-rig.webp",800,600,false],"trp-custom-language-flag":["https:\/\/antloader.com\/wp-content\/uploads\/2025\/06\/Deep-hole-drilling-rig.webp",16,12,false]},"uagb_author_info":{"display_name":"admin","author_link":"https:\/\/antloader.com\/de\/author\/"},"uagb_comment_info":0,"uagb_excerpt":"Engineered by integrating global advanced drilling technologies, the HD Series Full Hydraulic Core Drill Rig represents a leap forward in efficiency and versatility for demanding core sampling applications. Designed for solid mineral exploration, geological surveys, shallow oil\/gas, groundwater assessment, and auxiliary engineering tasks (ventilation, drainage, grouting), this rig delivers exceptional power and precision. Full Hydraulic&hellip;","_links":{"self":[{"href":"https:\/\/antloader.com\/de\/wp-json\/wp\/v2\/product\/2514","targetHints":{"allow":["GET"]}}],"collection":[{"href":"https:\/\/antloader.com\/de\/wp-json\/wp\/v2\/product"}],"about":[{"href":"https:\/\/antloader.com\/de\/wp-json\/wp\/v2\/types\/product"}],"wp:featuredmedia":[{"embeddable":true,"href":"https:\/\/antloader.com\/de\/wp-json\/wp\/v2\/media\/2515"}],"wp:attachment":[{"href":"https:\/\/antloader.com\/de\/wp-json\/wp\/v2\/media?parent=2514"}],"wp:term":[{"taxonomy":"catalog","embeddable":true,"href":"https:\/\/antloader.com\/de\/wp-json\/wp\/v2\/catalog?post=2514"}],"curies":[{"name":"wp","href":"https:\/\/api.w.org\/{rel}","templated":true}]}}