{"id":2514,"date":"2025-06-05T12:31:59","date_gmt":"2025-06-05T12:31:59","guid":{"rendered":"https:\/\/www.antloader.com\/?post_type=product&#038;p=2514"},"modified":"2025-06-05T13:16:16","modified_gmt":"2025-06-05T13:16:16","slug":"jy-1600-full-hydraulic-core-drill-rig-3500n-m-torque-45-90-adjustable-remote-control","status":"publish","type":"product","link":"https:\/\/antloader.com\/es\/product\/jy-1600-full-hydraulic-core-drill-rig-3500n-m-torque-45-90-adjustable-remote-control\/","title":{"rendered":"JY-1600 Taladro sacan\u00facleos totalmente hidr\u00e1ulico | 3500N.m Par | 45-90\u00b0 Ajustable | Mando a distancia"},"content":{"rendered":"<p>Dise\u00f1ado mediante la integraci\u00f3n de tecnolog\u00edas de perforaci\u00f3n avanzadas globales, el equipo de perforaci\u00f3n de testigos totalmente hidr\u00e1ulico de la serie HD representa un salto adelante en eficiencia y versatilidad para aplicaciones exigentes de muestreo de testigos. Dise\u00f1ado para la exploraci\u00f3n de minerales s\u00f3lidos, estudios geol\u00f3gicos, petr\u00f3leo\/gas a poca profundidad, evaluaci\u00f3n de aguas subterr\u00e1neas y tareas auxiliares de ingenier\u00eda (ventilaci\u00f3n, drenaje, inyecci\u00f3n), este equipo ofrece una potencia y precisi\u00f3n excepcionales.<\/p>\n\n\n\n<figure class=\"wp-block-gallery has-nested-images columns-default is-cropped wp-block-gallery-1 is-layout-flex wp-block-gallery-is-layout-flex\">\n<figure class=\"wp-block-image size-large\"><img loading=\"lazy\" decoding=\"async\" width=\"800\" height=\"600\" data-id=\"2515\" src=\"https:\/\/www.antloader.com\/wp-content\/uploads\/2025\/06\/Deep-hole-drilling-rig.webp\" alt=\"\" class=\"wp-image-2515\" srcset=\"https:\/\/antloader.com\/wp-content\/uploads\/2025\/06\/Deep-hole-drilling-rig.webp 800w, https:\/\/antloader.com\/wp-content\/uploads\/2025\/06\/Deep-hole-drilling-rig-300x225.webp 300w, https:\/\/antloader.com\/wp-content\/uploads\/2025\/06\/Deep-hole-drilling-rig-768x576.webp 768w\" sizes=\"auto, (max-width: 800px) 100vw, 800px\" \/><\/figure>\n\n\n\n<figure class=\"wp-block-image size-large\"><img loading=\"lazy\" decoding=\"async\" width=\"800\" height=\"600\" data-id=\"2516\" src=\"https:\/\/www.antloader.com\/wp-content\/uploads\/2025\/06\/Full-Hydraulic-Core-Drill-Rig-1.webp\" alt=\"\" class=\"wp-image-2516\" srcset=\"https:\/\/antloader.com\/wp-content\/uploads\/2025\/06\/Full-Hydraulic-Core-Drill-Rig-1.webp 800w, https:\/\/antloader.com\/wp-content\/uploads\/2025\/06\/Full-Hydraulic-Core-Drill-Rig-1-300x225.webp 300w, https:\/\/antloader.com\/wp-content\/uploads\/2025\/06\/Full-Hydraulic-Core-Drill-Rig-1-768x576.webp 768w\" sizes=\"auto, (max-width: 800px) 100vw, 800px\" \/><\/figure>\n<\/figure>\n\n\n\n<h2 class=\"wp-block-heading\">Taladro sacan\u00facleos totalmente hidr\u00e1ulico <strong>Principales caracter\u00edsticas y ventajas:<\/strong><\/h2>\n\n\n\n<h3 class=\"wp-block-heading\"><strong>Sistema avanzado de perforaci\u00f3n hidr\u00e1ulica:<\/strong><\/h3>\n\n\n\n<ul class=\"wp-block-list\">\n<li><strong>Potencia hidr\u00e1ulica pura:<\/strong>\u00a0Accionamiento totalmente hidr\u00e1ulico para un mayor control, fiabilidad y menor desgaste mec\u00e1nico.<\/li>\n\n\n\n<li><strong>Accionamiento de alta eficiencia:<\/strong>\u00a0Incorpora bombas de pistones axiales y robustos motores de pistones biaxiales para una transmisi\u00f3n \u00f3ptima de la potencia.<\/li>\n\n\n\n<li><strong>Hidr\u00e1ulica con detecci\u00f3n de carga:<\/strong>\u00a0Adapta de forma inteligente la potencia a las necesidades de perforaci\u00f3n, maximizando la eficiencia del combustible y el rendimiento.<\/li>\n<\/ul>\n\n\n\n<h3 class=\"wp-block-heading\"><strong>Rendimiento de perforaci\u00f3n superior<\/strong><\/h3>\n\n\n\n<ul class=\"wp-block-list\">\n<li><strong>Alto par de salida:<\/strong>\u00a0Alcanza hasta\u00a0<strong>3500 N.m<\/strong>\u00a0de par de rotaci\u00f3n para abordar formaciones dif\u00edciles.<\/li>\n\n\n\n<li><strong>Control preciso de la velocidad:<\/strong>\u00a0Combina un\u00a0<strong>Caja de cambios de 2 velocidades<\/strong>\u00a0con\u00a0<strong>regulaci\u00f3n continua de la velocidad<\/strong>\u00a0para un ajuste \u00f3ptimo de las RPM en cualquier condici\u00f3n.<\/li>\n\n\n\n<li><strong>Eje flotante y varillas de 3 m:<\/strong>\u00a0El dise\u00f1o de husillo flotante minimiza las tensiones y se adapta a los husillos est\u00e1ndar.\u00a0<strong>barras de perforaci\u00f3n de 3 metros<\/strong>.<\/li>\n\n\n\n<li><strong>Gran angular:<\/strong>\u00a0Capaz de perforar agujeros de\u00a0<strong>45\u00b0 a 90<\/strong>\u00a0para requisitos de proyectos vers\u00e1tiles.<\/li>\n<\/ul>\n\n\n\n<h3 class=\"wp-block-heading\"><strong>Estabilidad y posicionamiento mejorados<\/strong><\/h3>\n\n\n\n<ul class=\"wp-block-list\">\n<li><strong>Gatos hidr\u00e1ulicos de nivelaci\u00f3n:<\/strong>\u00a0Garantiza una instalaci\u00f3n r\u00e1pida y estable en terrenos irregulares.<\/li>\n\n\n\n<li><strong>M\u00e1stil telesc\u00f3pico:<\/strong>\u00a0Proporciona un ajuste flexible de la altura de trabajo.<\/li>\n\n\n\n<li><strong>Deslizamiento del m\u00e1stil integrado:<\/strong>\u00a0Todo el m\u00e1stil se desliza suavemente mediante cilindros hidr\u00e1ulicos para un posicionamiento preciso de los orificios.<\/li>\n\n\n\n<li><strong>Mecanismo de desplazamiento lateral de la cabeza:<\/strong>\u00a0Permite el ajuste lateral del cabezal motorizado para una colocaci\u00f3n precisa de los orificios sin mover la m\u00e1quina base.<\/li>\n<\/ul>\n\n\n\n<h3 class=\"wp-block-heading\"><strong>Alimentaci\u00f3n optimizada y manejo de barras<\/strong><\/h3>\n\n\n\n<ul class=\"wp-block-list\">\n<li><strong>Sistema de alimentaci\u00f3n fiable:<\/strong>\u00a0Utiliza un\u00a0<strong>cilindro de aceite + mecanismo de alimentaci\u00f3n de cadena de doble velocidad<\/strong>.<\/li>\n\n\n\n<li><strong>Tornillo de banco hidr\u00e1ulico:<\/strong>\u00a0Agarra firmemente las barras durante la separaci\u00f3n\/maquillaje, mejorando la seguridad y la velocidad operativa.<\/li>\n<\/ul>\n\n\n\n<h3 class=\"wp-block-heading\"><strong>Movilidad y seguridad<\/strong><\/h3>\n\n\n\n<p><strong>Oruga remota inal\u00e1mbrica:<\/strong>\u00a0Dispone de un robusto chasis de orugas controlado mediante\u00a0<strong>mando a distancia inal\u00e1mbrico<\/strong>\u00a0desde una distancia segura. Navega por diversos terrenos con facilidad y minimiza el riesgo para el operador durante el posicionamiento o ante peligros repentinos.<\/p>\n\n\n\n<h2 class=\"wp-block-heading\"><strong>\u00bfPor qu\u00e9 elegir la serie JY?<\/strong><\/h2>\n\n\n\n<p>Construida para profesionales que exigen potencia, precisi\u00f3n y seguridad, la perforadora de corona totalmente hidr\u00e1ulica de la serie JY combina tecnolog\u00eda hidr\u00e1ulica de vanguardia con un dise\u00f1o pr\u00e1ctico y orientado al usuario. Su robusta construcci\u00f3n, sus vers\u00e1tiles funciones de posicionamiento y su movilidad por control remoto la convierten en la soluci\u00f3n ideal para realizar operaciones de perforaci\u00f3n eficientes y seguras en diversos emplazamientos de exploraci\u00f3n e ingenier\u00eda.<\/p>\n\n\n\n<h2 class=\"wp-block-heading\">Tabla de especificaciones t\u00e9cnicas<\/h2>\n\n\n\n<figure class=\"wp-block-table\"><table class=\"has-fixed-layout\"><thead><tr><th><strong>Categor\u00eda de par\u00e1metros<\/strong><\/th><th><strong>Especificaci\u00f3n<\/strong><\/th><th><strong>Valor<\/strong><\/th><\/tr><\/thead><tbody><tr><td><strong>Modelo de plataforma<\/strong><\/td><td><\/td><td>JY-1600<\/td><\/tr><tr><td><strong>Capacidad de perforaci\u00f3n<\/strong><\/td><td>BTW Profundidad (m)<\/td><td>1,800<\/td><\/tr><tr><td><\/td><td>NTW Profundidad (m)<\/td><td>1,600<\/td><\/tr><tr><td><\/td><td>HTW Profundidad (m)<\/td><td>1,400<\/td><\/tr><tr><td><strong>Sistema hidr\u00e1ulico<\/strong><\/td><td>Bomba principal<\/td><td>145ml\/r @ 32MPa<\/td><\/tr><tr><td><\/td><td>Bomba auxiliar<\/td><td>96ml\/r @ 25MPa<\/td><\/tr><tr><td><\/td><td>Refrigeraci\u00f3n<\/td><td>Aire + Agua<\/td><\/tr><tr><td><strong>Motor (opcional)<\/strong><\/td><td>Modelo<\/td><td>Weichai 6 cilindros<\/td><\/tr><tr><td><\/td><td>Potencia<\/td><td>140 kW<\/td><\/tr><tr><td><\/td><td>Velocidad<\/td><td>2.000 rpm<\/td><\/tr><tr><td><strong>Cabezal<\/strong><\/td><td>M\u00e1x. Par<\/td><td><strong>4.000 N-m<\/strong><\/td><\/tr><tr><td><\/td><td>M\u00e1x. Velocidad<\/td><td>1.400 rpm<\/td><\/tr><tr><td><\/td><td>Golpe de alimentaci\u00f3n<\/td><td>3.5 m<\/td><\/tr><tr><td><\/td><td>Fuerza de retroceso<\/td><td>460 kN<\/td><\/tr><tr><td><\/td><td>Fuerza de alimentaci\u00f3n<\/td><td>230 kN<\/td><\/tr><tr><td><strong>Cabrestante de cable<\/strong><\/td><td>Capacidad de la l\u00ednea<\/td><td>1,600 m<\/td><\/tr><tr><td><\/td><td>Tiro de l\u00ednea<\/td><td>30 kN<\/td><\/tr><tr><td><\/td><td>Velocidad de elevaci\u00f3n<\/td><td>110 m\/min<\/td><\/tr><tr><td><\/td><td>Di\u00e1metro de la cuerda<\/td><td>\u00d86 mm<\/td><\/tr><tr><td><strong>M\u00e1stil<\/strong><\/td><td>Altura de trabajo<\/td><td>8.1 m<\/td><\/tr><tr><td><\/td><td>\u00c1ngulo de perforaci\u00f3n<\/td><td><strong>45-90\u00b0<\/strong><\/td><\/tr><tr><td><\/td><td>Desplazamiento lateral<\/td><td>1.200 mm<\/td><\/tr><tr><td><strong>Transporte<\/strong><\/td><td>Dimensiones (L\u00d7A\u00d7H)<\/td><td>5.900 \u00d7 2.100 \u00d7 2.400 mm<\/td><\/tr><tr><td><\/td><td>Peso<\/td><td><strong>10 toneladas<\/strong>\u00a0<\/td><\/tr><\/tbody><\/table><\/figure>","protected":false},"featured_media":2515,"template":"","meta":{"_acf_changed":false,"_uag_custom_page_level_css":"","site-sidebar-layout":"default","site-content-layout":"","ast-site-content-layout":"default","site-content-style":"default","site-sidebar-style":"default","ast-global-header-display":"","ast-banner-title-visibility":"","ast-main-header-display":"","ast-hfb-above-header-display":"","ast-hfb-below-header-display":"","ast-hfb-mobile-header-display":"","site-post-title":"","ast-breadcrumbs-content":"","ast-featured-img":"","footer-sml-layout":"","ast-disable-related-posts":"","theme-transparent-header-meta":"","adv-header-id-meta":"","stick-header-meta":"","header-above-stick-meta":"","header-main-stick-meta":"","header-below-stick-meta":"","astra-migrate-meta-layouts":"set","ast-page-background-enabled":"default","ast-page-background-meta":{"desktop":{"background-color":"","background-image":"","background-repeat":"repeat","background-position":"center center","background-size":"auto","background-attachment":"scroll","background-type":"","background-media":"","overlay-type":"","overlay-color":"","overlay-opacity":"","overlay-gradient":""},"tablet":{"background-color":"","background-image":"","background-repeat":"repeat","background-position":"center center","background-size":"auto","background-attachment":"scroll","background-type":"","background-media":"","overlay-type":"","overlay-color":"","overlay-opacity":"","overlay-gradient":""},"mobile":{"background-color":"","background-image":"","background-repeat":"repeat","background-position":"center center","background-size":"auto","background-attachment":"scroll","background-type":"","background-media":"","overlay-type":"","overlay-color":"","overlay-opacity":"","overlay-gradient":""}},"ast-content-background-meta":{"desktop":{"background-color":"var(--ast-global-color-5)","background-image":"","background-repeat":"repeat","background-position":"center center","background-size":"auto","background-attachment":"scroll","background-type":"","background-media":"","overlay-type":"","overlay-color":"","overlay-opacity":"","overlay-gradient":""},"tablet":{"background-color":"var(--ast-global-color-5)","background-image":"","background-repeat":"repeat","background-position":"center center","background-size":"auto","background-attachment":"scroll","background-type":"","background-media":"","overlay-type":"","overlay-color":"","overlay-opacity":"","overlay-gradient":""},"mobile":{"background-color":"var(--ast-global-color-5)","background-image":"","background-repeat":"repeat","background-position":"center center","background-size":"auto","background-attachment":"scroll","background-type":"","background-media":"","overlay-type":"","overlay-color":"","overlay-opacity":"","overlay-gradient":""}}},"catalog":[6],"class_list":["post-2514","product","type-product","status-publish","has-post-thumbnail","hentry","catalog-hydraulic-drilling-rigs"],"acf":[],"spectra_custom_meta":{"_edit_lock":["1749129379:1"],"rank_math_seo_score":["66"],"rank_math_internal_links_processed":["1"],"_thumbnail_id":["2515"],"_acf_changed":[""],"_uag_custom_page_level_css":[""],"site-sidebar-layout":["default"],"site-content-layout":[""],"ast-site-content-layout":["default"],"site-content-style":["default"],"site-sidebar-style":["default"],"ast-global-header-display":[""],"ast-banner-title-visibility":[""],"ast-main-header-display":[""],"ast-hfb-above-header-display":[""],"ast-hfb-below-header-display":[""],"ast-hfb-mobile-header-display":[""],"site-post-title":[""],"ast-breadcrumbs-content":[""],"ast-featured-img":[""],"footer-sml-layout":[""],"theme-transparent-header-meta":[""],"adv-header-id-meta":[""],"stick-header-meta":[""],"header-above-stick-meta":[""],"header-main-stick-meta":[""],"header-below-stick-meta":[""],"astra-migrate-meta-layouts":["set"],"ast-page-background-enabled":["default"],"ast-page-background-meta":["a:3:{s:7:\"desktop\";a:12:{s:16:\"background-color\";s:0:\"\";s:16:\"background-image\";s:0:\"\";s:17:\"background-repeat\";s:6:\"repeat\";s:19:\"background-position\";s:13:\"center center\";s:15:\"background-size\";s:4:\"auto\";s:21:\"background-attachment\";s:6:\"scroll\";s:15:\"background-type\";s:0:\"\";s:16:\"background-media\";s:0:\"\";s:12:\"overlay-type\";s:0:\"\";s:13:\"overlay-color\";s:0:\"\";s:15:\"overlay-opacity\";s:0:\"\";s:16:\"overlay-gradient\";s:0:\"\";}s:6:\"tablet\";a:12:{s:16:\"background-color\";s:0:\"\";s:16:\"background-image\";s:0:\"\";s:17:\"background-repeat\";s:6:\"repeat\";s:19:\"background-position\";s:13:\"center center\";s:15:\"background-size\";s:4:\"auto\";s:21:\"background-attachment\";s:6:\"scroll\";s:15:\"background-type\";s:0:\"\";s:16:\"background-media\";s:0:\"\";s:12:\"overlay-type\";s:0:\"\";s:13:\"overlay-color\";s:0:\"\";s:15:\"overlay-opacity\";s:0:\"\";s:16:\"overlay-gradient\";s:0:\"\";}s:6:\"mobile\";a:12:{s:16:\"background-color\";s:0:\"\";s:16:\"background-image\";s:0:\"\";s:17:\"background-repeat\";s:6:\"repeat\";s:19:\"background-position\";s:13:\"center center\";s:15:\"background-size\";s:4:\"auto\";s:21:\"background-attachment\";s:6:\"scroll\";s:15:\"background-type\";s:0:\"\";s:16:\"background-media\";s:0:\"\";s:12:\"overlay-type\";s:0:\"\";s:13:\"overlay-color\";s:0:\"\";s:15:\"overlay-opacity\";s:0:\"\";s:16:\"overlay-gradient\";s:0:\"\";}}"],"ast-content-background-meta":["a:3:{s:7:\"desktop\";a:12:{s:16:\"background-color\";s:25:\"var(--ast-global-color-5)\";s:16:\"background-image\";s:0:\"\";s:17:\"background-repeat\";s:6:\"repeat\";s:19:\"background-position\";s:13:\"center center\";s:15:\"background-size\";s:4:\"auto\";s:21:\"background-attachment\";s:6:\"scroll\";s:15:\"background-type\";s:0:\"\";s:16:\"background-media\";s:0:\"\";s:12:\"overlay-type\";s:0:\"\";s:13:\"overlay-color\";s:0:\"\";s:15:\"overlay-opacity\";s:0:\"\";s:16:\"overlay-gradient\";s:0:\"\";}s:6:\"tablet\";a:12:{s:16:\"background-color\";s:25:\"var(--ast-global-color-5)\";s:16:\"background-image\";s:0:\"\";s:17:\"background-repeat\";s:6:\"repeat\";s:19:\"background-position\";s:13:\"center center\";s:15:\"background-size\";s:4:\"auto\";s:21:\"background-attachment\";s:6:\"scroll\";s:15:\"background-type\";s:0:\"\";s:16:\"background-media\";s:0:\"\";s:12:\"overlay-type\";s:0:\"\";s:13:\"overlay-color\";s:0:\"\";s:15:\"overlay-opacity\";s:0:\"\";s:16:\"overlay-gradient\";s:0:\"\";}s:6:\"mobile\";a:12:{s:16:\"background-color\";s:25:\"var(--ast-global-color-5)\";s:16:\"background-image\";s:0:\"\";s:17:\"background-repeat\";s:6:\"repeat\";s:19:\"background-position\";s:13:\"center center\";s:15:\"background-size\";s:4:\"auto\";s:21:\"background-attachment\";s:6:\"scroll\";s:15:\"background-type\";s:0:\"\";s:16:\"background-media\";s:0:\"\";s:12:\"overlay-type\";s:0:\"\";s:13:\"overlay-color\";s:0:\"\";s:15:\"overlay-opacity\";s:0:\"\";s:16:\"overlay-gradient\";s:0:\"\";}}"],"_edit_last":["1"],"astra_style_timestamp_css":["1777575535"],"rank_math_robots":["a:1:{i:0;s:5:\"index\";}"],"rank_math_focus_keyword":["Full Hydraulic Core Drill Rig"],"_uag_css_file_name":["uag-css-2514.css"],"_uag_page_assets":["a:9:{s:3:\"css\";s:260:\".uag-blocks-common-selector{z-index:var(--z-index-desktop) !important}@media(max-width: 976px){.uag-blocks-common-selector{z-index:var(--z-index-tablet) !important}}@media(max-width: 767px){.uag-blocks-common-selector{z-index:var(--z-index-mobile) !important}}\";s:2:\"js\";s:0:\"\";s:18:\"current_block_list\";a:13:{i:0;s:14:\"core\/paragraph\";i:1;s:12:\"core\/gallery\";i:2;s:10:\"core\/image\";i:3;s:12:\"core\/heading\";i:4;s:9:\"core\/list\";i:5;s:14:\"core\/list-item\";i:6;s:10:\"core\/table\";i:7;s:11:\"core\/search\";i:8;s:10:\"core\/group\";i:9;s:17:\"core\/latest-posts\";i:10;s:20:\"core\/latest-comments\";i:11;s:13:\"core\/archives\";i:12;s:15:\"core\/categories\";}s:8:\"uag_flag\";b:0;s:11:\"uag_version\";s:10:\"1777557521\";s:6:\"gfonts\";a:0:{}s:10:\"gfonts_url\";s:0:\"\";s:12:\"gfonts_files\";a:0:{}s:14:\"uag_faq_layout\";b:0;}"]},"uagb_featured_image_src":{"full":["https:\/\/antloader.com\/wp-content\/uploads\/2025\/06\/Deep-hole-drilling-rig.webp",800,600,false],"thumbnail":["https:\/\/antloader.com\/wp-content\/uploads\/2025\/06\/Deep-hole-drilling-rig-150x150.webp",150,150,true],"medium":["https:\/\/antloader.com\/wp-content\/uploads\/2025\/06\/Deep-hole-drilling-rig-300x225.webp",300,225,true],"medium_large":["https:\/\/antloader.com\/wp-content\/uploads\/2025\/06\/Deep-hole-drilling-rig-768x576.webp",768,576,true],"large":["https:\/\/antloader.com\/wp-content\/uploads\/2025\/06\/Deep-hole-drilling-rig.webp",800,600,false],"1536x1536":["https:\/\/antloader.com\/wp-content\/uploads\/2025\/06\/Deep-hole-drilling-rig.webp",800,600,false],"2048x2048":["https:\/\/antloader.com\/wp-content\/uploads\/2025\/06\/Deep-hole-drilling-rig.webp",800,600,false],"trp-custom-language-flag":["https:\/\/antloader.com\/wp-content\/uploads\/2025\/06\/Deep-hole-drilling-rig.webp",16,12,false]},"uagb_author_info":{"display_name":"admin","author_link":"https:\/\/antloader.com\/es\/author\/"},"uagb_comment_info":0,"uagb_excerpt":"Engineered by integrating global advanced drilling technologies, the HD Series Full Hydraulic Core Drill Rig represents a leap forward in efficiency and versatility for demanding core sampling applications. Designed for solid mineral exploration, geological surveys, shallow oil\/gas, groundwater assessment, and auxiliary engineering tasks (ventilation, drainage, grouting), this rig delivers exceptional power and precision. Full Hydraulic&hellip;","_links":{"self":[{"href":"https:\/\/antloader.com\/es\/wp-json\/wp\/v2\/product\/2514","targetHints":{"allow":["GET"]}}],"collection":[{"href":"https:\/\/antloader.com\/es\/wp-json\/wp\/v2\/product"}],"about":[{"href":"https:\/\/antloader.com\/es\/wp-json\/wp\/v2\/types\/product"}],"wp:featuredmedia":[{"embeddable":true,"href":"https:\/\/antloader.com\/es\/wp-json\/wp\/v2\/media\/2515"}],"wp:attachment":[{"href":"https:\/\/antloader.com\/es\/wp-json\/wp\/v2\/media?parent=2514"}],"wp:term":[{"taxonomy":"catalog","embeddable":true,"href":"https:\/\/antloader.com\/es\/wp-json\/wp\/v2\/catalog?post=2514"}],"curies":[{"name":"wp","href":"https:\/\/api.w.org\/{rel}","templated":true}]}}