{"id":2517,"date":"2025-06-05T13:09:36","date_gmt":"2025-06-05T13:09:36","guid":{"rendered":"https:\/\/www.antloader.com\/?post_type=product&#038;p=2517"},"modified":"2025-06-05T13:15:52","modified_gmt":"2025-06-05T13:15:52","slug":"portable-full-hydraulic-core-drill-rig-jy600q","status":"publish","type":"product","link":"https:\/\/antloader.com\/es\/product\/portable-full-hydraulic-core-drill-rig-jy600q\/","title":{"rendered":"Taladro de n\u00facleo hidr\u00e1ulico port\u00e1til JY600Q"},"content":{"rendered":"<p><strong>Taladro de n\u00facleo port\u00e1til JY600Q<\/strong>\u00a0est\u00e1 dise\u00f1ado para operaciones de extracci\u00f3n de testigos con cable de profundidad media. Con un dise\u00f1o modular ligero, puede ser transportado manualmente por el personal de campo.<\/p>\n\n\n\n<figure class=\"wp-block-gallery has-nested-images columns-default is-cropped wp-block-gallery-1 is-layout-flex wp-block-gallery-is-layout-flex\">\n<figure class=\"wp-block-image size-large\"><img loading=\"lazy\" decoding=\"async\" width=\"800\" height=\"600\" data-id=\"2518\" src=\"https:\/\/www.antloader.com\/wp-content\/uploads\/2025\/06\/Portable-Core-Drill-Rig-JY600Q.webp\" alt=\"Taladro de n\u00facleo port\u00e1til JY600Q\" class=\"wp-image-2518\" srcset=\"https:\/\/antloader.com\/wp-content\/uploads\/2025\/06\/Portable-Core-Drill-Rig-JY600Q.webp 800w, https:\/\/antloader.com\/wp-content\/uploads\/2025\/06\/Portable-Core-Drill-Rig-JY600Q-300x225.webp 300w, https:\/\/antloader.com\/wp-content\/uploads\/2025\/06\/Portable-Core-Drill-Rig-JY600Q-768x576.webp 768w\" sizes=\"auto, (max-width: 800px) 100vw, 800px\" \/><\/figure>\n\n\n\n<figure class=\"wp-block-image size-large\"><img loading=\"lazy\" decoding=\"async\" width=\"800\" height=\"600\" data-id=\"2519\" src=\"https:\/\/www.antloader.com\/wp-content\/uploads\/2025\/06\/Dual-Engine-Hydraulic-Drive-Drill-Rig.webp\" alt=\"M\u00e1quina perforadora de accionamiento hidr\u00e1ulico de dos motores\" class=\"wp-image-2519\" srcset=\"https:\/\/antloader.com\/wp-content\/uploads\/2025\/06\/Dual-Engine-Hydraulic-Drive-Drill-Rig.webp 800w, https:\/\/antloader.com\/wp-content\/uploads\/2025\/06\/Dual-Engine-Hydraulic-Drive-Drill-Rig-300x225.webp 300w, https:\/\/antloader.com\/wp-content\/uploads\/2025\/06\/Dual-Engine-Hydraulic-Drive-Drill-Rig-768x576.webp 768w\" sizes=\"auto, (max-width: 800px) 100vw, 800px\" \/><\/figure>\n\n\n\n<figure class=\"wp-block-image size-large\"><img loading=\"lazy\" decoding=\"async\" width=\"800\" height=\"600\" data-id=\"2520\" src=\"https:\/\/www.antloader.com\/wp-content\/uploads\/2025\/06\/Portable-Core-Drill-Rig.webp\" alt=\"Taladro sacan\u00facleos port\u00e1til\" class=\"wp-image-2520\" srcset=\"https:\/\/antloader.com\/wp-content\/uploads\/2025\/06\/Portable-Core-Drill-Rig.webp 800w, https:\/\/antloader.com\/wp-content\/uploads\/2025\/06\/Portable-Core-Drill-Rig-300x225.webp 300w, https:\/\/antloader.com\/wp-content\/uploads\/2025\/06\/Portable-Core-Drill-Rig-768x576.webp 768w\" sizes=\"auto, (max-width: 800px) 100vw, 800px\" \/><\/figure>\n<\/figure>\n\n\n\n<h2 class=\"wp-block-heading\"><strong>Taladro sacan\u00facleos port\u00e1til<\/strong> <strong>Especificaciones y caracter\u00edsticas principales:<\/strong><\/h2>\n\n\n\n<ol start=\"1\" class=\"wp-block-list\">\n<li><strong>Accionamiento hidr\u00e1ulico de dos motores:<\/strong>\u00a0Propulsada por dos motores di\u00e9sel Kubota para un funcionamiento totalmente hidr\u00e1ulico fiable.<\/li>\n\n\n\n<li><strong>Alto par y control de precisi\u00f3n:<\/strong>\u00a0Suministra hasta\u00a0<strong>1.200 N.m de par m\u00e1ximo<\/strong>\u00a0con un\u00a0<strong>Caja de cambios de 2 velocidades + regulaci\u00f3n continua de la velocidad<\/strong>.<\/li>\n\n\n\n<li><strong>Sistema hidr\u00e1ulico avanzado:<\/strong>\u00a0Accionadas por bombas de pistones axiales y motores de pistones biaxiales de alta eficiencia.<\/li>\n\n\n\n<li><strong>\u00c1ngulos de perforaci\u00f3n vers\u00e1tiles:<\/strong>\u00a0Equipado con un\u00a0<strong>mecanismo de desplazamiento lateral del cabezal motorizado<\/strong>\u00a0y un\u00a0<strong>m\u00e1stil accionado por cilindro hidr\u00e1ulico<\/strong>\u00a0que permite un ajuste deslizante completo para perforaciones en \u00e1ngulo de 45\u00b0 a 90\u00b0.<\/li>\n<\/ol>\n\n\n\n<p><strong>JY-600Q Especificaciones t\u00e9cnicas<\/strong><\/p>\n\n\n\n<figure class=\"wp-block-table\"><table class=\"has-fixed-layout\"><thead><tr><th>Categor\u00eda de par\u00e1metros<\/th><th>Especificaci\u00f3n Art\u00edculo<\/th><th>Valor \/ Descripci\u00f3n<\/th><\/tr><\/thead><tbody><tr><td><strong>Modelo de perforadora<\/strong><\/td><td><\/td><td>JY-600Q<\/td><\/tr><tr><td><\/td><td><\/td><td><\/td><\/tr><tr><td><strong>Capacidad de perforaci\u00f3n (m)<\/strong><\/td><td>BTW (m)<\/td><td>650<\/td><\/tr><tr><td><\/td><td>NTW (m)<\/td><td>600<\/td><\/tr><tr><td><\/td><td>HTW (m)<\/td><td>400<\/td><\/tr><tr><td><\/td><td>NQ (m)<\/td><td>\/<\/td><\/tr><tr><td><\/td><td><\/td><td><\/td><\/tr><tr><td><strong>Sistema hidr\u00e1ulico<\/strong><\/td><td>Presi\u00f3n nominal (MPa)<\/td><td>31,5 + 31,5 + 20 + 20 (Multicircuito)<\/td><\/tr><tr><td><\/td><td>Sistema de refrigeraci\u00f3n<\/td><td>Refrigeraci\u00f3n por agua<\/td><\/tr><tr><td><\/td><td><\/td><td><\/td><\/tr><tr><td><strong>Par\u00e1metros del motor<\/strong><\/td><td>Modelo<\/td><td>Kubota Diesel de 4 cilindros (x2 unidades)<\/td><\/tr><tr><td><\/td><td>Potencia nominal (kW)<\/td><td>49,2 * 2 (Total: 98,4 kW)<\/td><\/tr><tr><td><\/td><td>Velocidad nominal (r\/min)<\/td><td>2700<\/td><\/tr><tr><td><\/td><td><\/td><td><\/td><\/tr><tr><td><strong>Par\u00e1metros del cabezal motor<\/strong><\/td><td>Par m\u00e1x. Par (N.m)<\/td><td>1200<\/td><\/tr><tr><td><\/td><td>Velocidad m\u00e1x. Velocidad (r\/min)<\/td><td>1100<\/td><\/tr><tr><td><\/td><td>Carrera de avance (mm)<\/td><td>1800<\/td><\/tr><tr><td><\/td><td>Di\u00e1metro del orificio de paso (mm)<\/td><td>95<\/td><\/tr><tr><td><\/td><td>Fuerza de retroceso (kN)<\/td><td>100<\/td><\/tr><tr><td><\/td><td>Fuerza de avance (kN)<\/td><td>75<\/td><\/tr><tr><td><\/td><td><\/td><td><\/td><\/tr><tr><td><strong>Par\u00e1metros del cabrestante<\/strong><\/td><td>Capacidad de la cuerda (m)<\/td><td>800<\/td><\/tr><tr><td><\/td><td>Fuerza de elevaci\u00f3n (kN)<\/td><td>15<\/td><\/tr><tr><td><\/td><td>Velocidad de elevaci\u00f3n (m\/min)<\/td><td>110<\/td><\/tr><tr><td><\/td><td>Di\u00e1metro del cable de acero (mm)<\/td><td>6<\/td><\/tr><tr><td><\/td><td><\/td><td><\/td><\/tr><tr><td><strong>Par\u00e1metros del m\u00e1stil<\/strong><\/td><td>Altura total (m)<\/td><td>5.8<\/td><\/tr><tr><td><\/td><td>Gama de \u00e1ngulos de perforaci\u00f3n (\u00b0)<\/td><td>45 &#8211; 90<\/td><\/tr><tr><td><\/td><td>Desplazamiento lateral (mm)<\/td><td>\/<\/td><\/tr><tr><td><\/td><td><\/td><td><\/td><\/tr><tr><td><strong>Par\u00e1metros de la pinza de varilla<\/strong><\/td><td>M\u00e1x. Di\u00e1metro varilla (mm)<\/td><td>130 (agujero libre)<\/td><\/tr><tr><td><\/td><td><\/td><td><\/td><\/tr><tr><td><strong>Par\u00e1metros del rastreador<\/strong><\/td><td>M\u00e1x. Gradeabilidad (\u00b0)<\/td><td>30 (Opcional)<\/td><\/tr><tr><td><em>(Configuraci\u00f3n opcional)<\/em><\/td><td>Velocidad m\u00e1x. Velocidad de desplazamiento (km\/h)<\/td><td>2 (Opcional)<\/td><\/tr><tr><td><\/td><td>Capacidad de carga (t)<\/td><td>5 (Opcional)<\/td><\/tr><tr><td><\/td><td><\/td><td><\/td><\/tr><tr><td><strong>Dimensiones de transporte<\/strong><\/td><td>L \u00d7 A \u00d7 A (mm)<\/td><td><em>(Recomendar a\u00f1adir datos)<\/em><\/td><\/tr><tr><td><strong>Peso total<\/strong><\/td><td><\/td><td><em>(Recomendar a\u00f1adir datos)<\/em><\/td><\/tr><\/tbody><\/table><\/figure>","protected":false},"featured_media":2518,"template":"","meta":{"_acf_changed":false,"_uag_custom_page_level_css":"","site-sidebar-layout":"default","site-content-layout":"","ast-site-content-layout":"default","site-content-style":"default","site-sidebar-style":"default","ast-global-header-display":"","ast-banner-title-visibility":"","ast-main-header-display":"","ast-hfb-above-header-display":"","ast-hfb-below-header-display":"","ast-hfb-mobile-header-display":"","site-post-title":"","ast-breadcrumbs-content":"","ast-featured-img":"","footer-sml-layout":"","ast-disable-related-posts":"","theme-transparent-header-meta":"","adv-header-id-meta":"","stick-header-meta":"","header-above-stick-meta":"","header-main-stick-meta":"","header-below-stick-meta":"","astra-migrate-meta-layouts":"set","ast-page-background-enabled":"default","ast-page-background-meta":{"desktop":{"background-color":"","background-image":"","background-repeat":"repeat","background-position":"center center","background-size":"auto","background-attachment":"scroll","background-type":"","background-media":"","overlay-type":"","overlay-color":"","overlay-opacity":"","overlay-gradient":""},"tablet":{"background-color":"","background-image":"","background-repeat":"repeat","background-position":"center center","background-size":"auto","background-attachment":"scroll","background-type":"","background-media":"","overlay-type":"","overlay-color":"","overlay-opacity":"","overlay-gradient":""},"mobile":{"background-color":"","background-image":"","background-repeat":"repeat","background-position":"center center","background-size":"auto","background-attachment":"scroll","background-type":"","background-media":"","overlay-type":"","overlay-color":"","overlay-opacity":"","overlay-gradient":""}},"ast-content-background-meta":{"desktop":{"background-color":"var(--ast-global-color-5)","background-image":"","background-repeat":"repeat","background-position":"center center","background-size":"auto","background-attachment":"scroll","background-type":"","background-media":"","overlay-type":"","overlay-color":"","overlay-opacity":"","overlay-gradient":""},"tablet":{"background-color":"var(--ast-global-color-5)","background-image":"","background-repeat":"repeat","background-position":"center center","background-size":"auto","background-attachment":"scroll","background-type":"","background-media":"","overlay-type":"","overlay-color":"","overlay-opacity":"","overlay-gradient":""},"mobile":{"background-color":"var(--ast-global-color-5)","background-image":"","background-repeat":"repeat","background-position":"center center","background-size":"auto","background-attachment":"scroll","background-type":"","background-media":"","overlay-type":"","overlay-color":"","overlay-opacity":"","overlay-gradient":""}}},"catalog":[6],"class_list":["post-2517","product","type-product","status-publish","has-post-thumbnail","hentry","catalog-hydraulic-drilling-rigs"],"acf":[],"spectra_custom_meta":{"_edit_lock":["1749129354:1"],"rank_math_seo_score":["55"],"rank_math_internal_links_processed":["1"],"_thumbnail_id":["2518"],"_acf_changed":[""],"_uag_custom_page_level_css":[""],"site-sidebar-layout":["default"],"site-content-layout":[""],"ast-site-content-layout":["default"],"site-content-style":["default"],"site-sidebar-style":["default"],"ast-global-header-display":[""],"ast-banner-title-visibility":[""],"ast-main-header-display":[""],"ast-hfb-above-header-display":[""],"ast-hfb-below-header-display":[""],"ast-hfb-mobile-header-display":[""],"site-post-title":[""],"ast-breadcrumbs-content":[""],"ast-featured-img":[""],"footer-sml-layout":[""],"theme-transparent-header-meta":[""],"adv-header-id-meta":[""],"stick-header-meta":[""],"header-above-stick-meta":[""],"header-main-stick-meta":[""],"header-below-stick-meta":[""],"astra-migrate-meta-layouts":["set"],"ast-page-background-enabled":["default"],"ast-page-background-meta":["a:3:{s:7:\"desktop\";a:12:{s:16:\"background-color\";s:0:\"\";s:16:\"background-image\";s:0:\"\";s:17:\"background-repeat\";s:6:\"repeat\";s:19:\"background-position\";s:13:\"center center\";s:15:\"background-size\";s:4:\"auto\";s:21:\"background-attachment\";s:6:\"scroll\";s:15:\"background-type\";s:0:\"\";s:16:\"background-media\";s:0:\"\";s:12:\"overlay-type\";s:0:\"\";s:13:\"overlay-color\";s:0:\"\";s:15:\"overlay-opacity\";s:0:\"\";s:16:\"overlay-gradient\";s:0:\"\";}s:6:\"tablet\";a:12:{s:16:\"background-color\";s:0:\"\";s:16:\"background-image\";s:0:\"\";s:17:\"background-repeat\";s:6:\"repeat\";s:19:\"background-position\";s:13:\"center center\";s:15:\"background-size\";s:4:\"auto\";s:21:\"background-attachment\";s:6:\"scroll\";s:15:\"background-type\";s:0:\"\";s:16:\"background-media\";s:0:\"\";s:12:\"overlay-type\";s:0:\"\";s:13:\"overlay-color\";s:0:\"\";s:15:\"overlay-opacity\";s:0:\"\";s:16:\"overlay-gradient\";s:0:\"\";}s:6:\"mobile\";a:12:{s:16:\"background-color\";s:0:\"\";s:16:\"background-image\";s:0:\"\";s:17:\"background-repeat\";s:6:\"repeat\";s:19:\"background-position\";s:13:\"center center\";s:15:\"background-size\";s:4:\"auto\";s:21:\"background-attachment\";s:6:\"scroll\";s:15:\"background-type\";s:0:\"\";s:16:\"background-media\";s:0:\"\";s:12:\"overlay-type\";s:0:\"\";s:13:\"overlay-color\";s:0:\"\";s:15:\"overlay-opacity\";s:0:\"\";s:16:\"overlay-gradient\";s:0:\"\";}}"],"ast-content-background-meta":["a:3:{s:7:\"desktop\";a:12:{s:16:\"background-color\";s:25:\"var(--ast-global-color-5)\";s:16:\"background-image\";s:0:\"\";s:17:\"background-repeat\";s:6:\"repeat\";s:19:\"background-position\";s:13:\"center center\";s:15:\"background-size\";s:4:\"auto\";s:21:\"background-attachment\";s:6:\"scroll\";s:15:\"background-type\";s:0:\"\";s:16:\"background-media\";s:0:\"\";s:12:\"overlay-type\";s:0:\"\";s:13:\"overlay-color\";s:0:\"\";s:15:\"overlay-opacity\";s:0:\"\";s:16:\"overlay-gradient\";s:0:\"\";}s:6:\"tablet\";a:12:{s:16:\"background-color\";s:25:\"var(--ast-global-color-5)\";s:16:\"background-image\";s:0:\"\";s:17:\"background-repeat\";s:6:\"repeat\";s:19:\"background-position\";s:13:\"center center\";s:15:\"background-size\";s:4:\"auto\";s:21:\"background-attachment\";s:6:\"scroll\";s:15:\"background-type\";s:0:\"\";s:16:\"background-media\";s:0:\"\";s:12:\"overlay-type\";s:0:\"\";s:13:\"overlay-color\";s:0:\"\";s:15:\"overlay-opacity\";s:0:\"\";s:16:\"overlay-gradient\";s:0:\"\";}s:6:\"mobile\";a:12:{s:16:\"background-color\";s:25:\"var(--ast-global-color-5)\";s:16:\"background-image\";s:0:\"\";s:17:\"background-repeat\";s:6:\"repeat\";s:19:\"background-position\";s:13:\"center center\";s:15:\"background-size\";s:4:\"auto\";s:21:\"background-attachment\";s:6:\"scroll\";s:15:\"background-type\";s:0:\"\";s:16:\"background-media\";s:0:\"\";s:12:\"overlay-type\";s:0:\"\";s:13:\"overlay-color\";s:0:\"\";s:15:\"overlay-opacity\";s:0:\"\";s:16:\"overlay-gradient\";s:0:\"\";}}"],"_edit_last":["1"],"astra_style_timestamp_css":["1777609178"],"rank_math_robots":["a:1:{i:0;s:5:\"index\";}"],"rank_math_focus_keyword":["Portable Full Hydraulic Core Drill Rig"],"_uag_css_file_name":["uag-css-2517.css"],"_uag_page_assets":["a:9:{s:3:\"css\";s:260:\".uag-blocks-common-selector{z-index:var(--z-index-desktop) !important}@media(max-width: 976px){.uag-blocks-common-selector{z-index:var(--z-index-tablet) !important}}@media(max-width: 767px){.uag-blocks-common-selector{z-index:var(--z-index-mobile) !important}}\";s:2:\"js\";s:0:\"\";s:18:\"current_block_list\";a:13:{i:0;s:14:\"core\/paragraph\";i:1;s:12:\"core\/gallery\";i:2;s:10:\"core\/image\";i:3;s:12:\"core\/heading\";i:4;s:9:\"core\/list\";i:5;s:14:\"core\/list-item\";i:6;s:10:\"core\/table\";i:7;s:11:\"core\/search\";i:8;s:10:\"core\/group\";i:9;s:17:\"core\/latest-posts\";i:10;s:20:\"core\/latest-comments\";i:11;s:13:\"core\/archives\";i:12;s:15:\"core\/categories\";}s:8:\"uag_flag\";b:0;s:11:\"uag_version\";s:10:\"1778337502\";s:6:\"gfonts\";a:0:{}s:10:\"gfonts_url\";s:0:\"\";s:12:\"gfonts_files\";a:0:{}s:14:\"uag_faq_layout\";b:0;}"]},"uagb_featured_image_src":{"full":["https:\/\/antloader.com\/wp-content\/uploads\/2025\/06\/Portable-Core-Drill-Rig-JY600Q.webp",800,600,false],"thumbnail":["https:\/\/antloader.com\/wp-content\/uploads\/2025\/06\/Portable-Core-Drill-Rig-JY600Q-150x150.webp",150,150,true],"medium":["https:\/\/antloader.com\/wp-content\/uploads\/2025\/06\/Portable-Core-Drill-Rig-JY600Q-300x225.webp",300,225,true],"medium_large":["https:\/\/antloader.com\/wp-content\/uploads\/2025\/06\/Portable-Core-Drill-Rig-JY600Q-768x576.webp",768,576,true],"large":["https:\/\/antloader.com\/wp-content\/uploads\/2025\/06\/Portable-Core-Drill-Rig-JY600Q.webp",800,600,false],"1536x1536":["https:\/\/antloader.com\/wp-content\/uploads\/2025\/06\/Portable-Core-Drill-Rig-JY600Q.webp",800,600,false],"2048x2048":["https:\/\/antloader.com\/wp-content\/uploads\/2025\/06\/Portable-Core-Drill-Rig-JY600Q.webp",800,600,false],"trp-custom-language-flag":["https:\/\/antloader.com\/wp-content\/uploads\/2025\/06\/Portable-Core-Drill-Rig-JY600Q.webp",16,12,false]},"uagb_author_info":{"display_name":"admin","author_link":"https:\/\/antloader.com\/es\/author\/"},"uagb_comment_info":0,"uagb_excerpt":"Portable Core Drill Rig JY600Q\u00a0is engineered for medium-depth wireline coring operations. Featuring a lightweight modular design, it can be manually transported by field crews. Portable Core Drill Rig Key Specifications &amp; Features: JY-600Q Technical Specifications Parameter Category Specification Item Value \/ Description Drill Rig Model JY-600Q Drilling Capacity (m) BTW (m) 650 NTW (m) 600&hellip;","_links":{"self":[{"href":"https:\/\/antloader.com\/es\/wp-json\/wp\/v2\/product\/2517","targetHints":{"allow":["GET"]}}],"collection":[{"href":"https:\/\/antloader.com\/es\/wp-json\/wp\/v2\/product"}],"about":[{"href":"https:\/\/antloader.com\/es\/wp-json\/wp\/v2\/types\/product"}],"wp:featuredmedia":[{"embeddable":true,"href":"https:\/\/antloader.com\/es\/wp-json\/wp\/v2\/media\/2518"}],"wp:attachment":[{"href":"https:\/\/antloader.com\/es\/wp-json\/wp\/v2\/media?parent=2517"}],"wp:term":[{"taxonomy":"catalog","embeddable":true,"href":"https:\/\/antloader.com\/es\/wp-json\/wp\/v2\/catalog?post=2517"}],"curies":[{"name":"wp","href":"https:\/\/api.w.org\/{rel}","templated":true}]}}