{"id":2525,"date":"2025-06-08T07:51:04","date_gmt":"2025-06-08T07:51:04","guid":{"rendered":"https:\/\/www.antloader.com\/?post_type=product&#038;p=2525"},"modified":"2025-06-08T08:01:54","modified_gmt":"2025-06-08T08:01:54","slug":"truck-mounted-water-well-drill-rig-xyc-200","status":"publish","type":"product","link":"https:\/\/antloader.com\/es\/product\/truck-mounted-water-well-drill-rig-xyc-200\/","title":{"rendered":"Perforadora de pozos de agua montada en cami\u00f3n XYC-200"},"content":{"rendered":"<figure class=\"wp-block-gallery has-nested-images columns-default is-cropped wp-block-gallery-1 is-layout-flex wp-block-gallery-is-layout-flex\">\n<figure class=\"wp-block-image size-large\"><img loading=\"lazy\" decoding=\"async\" width=\"800\" height=\"600\" data-id=\"2526\" src=\"https:\/\/www.antloader.com\/wp-content\/uploads\/2025\/06\/Truck-Mounted-Drill-Rig.webp\" alt=\"Taladradoras sobre cami\u00f3n\" class=\"wp-image-2526\" srcset=\"https:\/\/antloader.com\/wp-content\/uploads\/2025\/06\/Truck-Mounted-Drill-Rig.webp 800w, https:\/\/antloader.com\/wp-content\/uploads\/2025\/06\/Truck-Mounted-Drill-Rig-300x225.webp 300w, https:\/\/antloader.com\/wp-content\/uploads\/2025\/06\/Truck-Mounted-Drill-Rig-768x576.webp 768w\" sizes=\"auto, (max-width: 800px) 100vw, 800px\" \/><\/figure>\n\n\n\n<figure class=\"wp-block-image size-large\"><img loading=\"lazy\" decoding=\"async\" width=\"800\" height=\"600\" data-id=\"2527\" src=\"https:\/\/www.antloader.com\/wp-content\/uploads\/2025\/06\/Carrier-Mounted-Rig.webp\" alt=\"Aparejo montado en carro\" class=\"wp-image-2527\" srcset=\"https:\/\/antloader.com\/wp-content\/uploads\/2025\/06\/Carrier-Mounted-Rig.webp 800w, https:\/\/antloader.com\/wp-content\/uploads\/2025\/06\/Carrier-Mounted-Rig-300x225.webp 300w, https:\/\/antloader.com\/wp-content\/uploads\/2025\/06\/Carrier-Mounted-Rig-768x576.webp 768w\" sizes=\"auto, (max-width: 800px) 100vw, 800px\" \/><\/figure>\n\n\n\n<figure class=\"wp-block-image size-large\"><img loading=\"lazy\" decoding=\"async\" width=\"800\" height=\"600\" data-id=\"2528\" src=\"https:\/\/www.antloader.com\/wp-content\/uploads\/2025\/06\/Truck-Mounted-Drill.webp\" alt=\"Taladradora sobre cami\u00f3n\" class=\"wp-image-2528\" srcset=\"https:\/\/antloader.com\/wp-content\/uploads\/2025\/06\/Truck-Mounted-Drill.webp 800w, https:\/\/antloader.com\/wp-content\/uploads\/2025\/06\/Truck-Mounted-Drill-300x225.webp 300w, https:\/\/antloader.com\/wp-content\/uploads\/2025\/06\/Truck-Mounted-Drill-768x576.webp 768w\" sizes=\"auto, (max-width: 800px) 100vw, 800px\" \/><\/figure>\n\n\n\n<figure class=\"wp-block-image size-large\"><img loading=\"lazy\" decoding=\"async\" width=\"800\" height=\"600\" data-id=\"2529\" src=\"https:\/\/www.antloader.com\/wp-content\/uploads\/2025\/06\/Truck-Mounted-Water-Well-Drill-Rig.webp\" alt=\"Perforadora de pozos de agua montada en cami\u00f3n\" class=\"wp-image-2529\" srcset=\"https:\/\/antloader.com\/wp-content\/uploads\/2025\/06\/Truck-Mounted-Water-Well-Drill-Rig.webp 800w, https:\/\/antloader.com\/wp-content\/uploads\/2025\/06\/Truck-Mounted-Water-Well-Drill-Rig-300x225.webp 300w, https:\/\/antloader.com\/wp-content\/uploads\/2025\/06\/Truck-Mounted-Water-Well-Drill-Rig-768x576.webp 768w\" sizes=\"auto, (max-width: 800px) 100vw, 800px\" \/><\/figure>\n<\/figure>\n\n\n\n<div class=\"wp-block-uagb-advanced-heading uagb-block-73b012d9\"><h2 class=\"uagb-heading-text\"><strong>Equipos de perforaci\u00f3n montados en cami\u00f3n de la serie XYC: Caracter\u00edsticas principales<\/strong><\/h2><\/div>\n\n\n\n<div class=\"wp-block-uagb-advanced-heading uagb-block-d00f9f4b\"><h3 class=\"uagb-heading-text\"><strong>Sistema rotativo de husillo hidr\u00e1ulico<\/strong><\/h3><\/div>\n\n\n\n<p>El mecanismo de husillo hidr\u00e1ulico de calidad profesional garantiza un control de rotaci\u00f3n preciso para diversas formaciones.<\/p>\n\n\n\n<div class=\"wp-block-uagb-advanced-heading uagb-block-b6e3c442\"><h3 class=\"uagb-heading-text\"><strong>Dise\u00f1o de chasis integrado<\/strong><\/h3><\/div>\n\n\n\n<p><strong>Modelo XYC-200GT:<\/strong>\u00a0Chasis de cami\u00f3n ligero Tangjun Jinlika<\/p>\n\n\n\n<p><strong>Modelo XYC-3:<\/strong>\u00a0Chasis de cami\u00f3n mediano Qingdao Sailong<\/p>\n\n\n\n<p><em>La transmisi\u00f3n de perforaci\u00f3n, el cabrestante y la bomba de lodo est\u00e1n perfectamente integrados en el chasis para ofrecer una disposici\u00f3n compacta y un funcionamiento intuitivo.<\/em><\/p>\n\n\n\n<div class=\"wp-block-uagb-advanced-heading uagb-block-fbdc1bb7\"><h3 class=\"uagb-heading-text\"><strong>Bombas de lodo de alto rendimiento<\/strong><\/h3><\/div>\n\n\n\n<p>Equipado con&nbsp;<strong>Bombas de lodo BW-160 o BW-250<\/strong>&nbsp;entregando:<\/p>\n\n\n\n<ul class=\"wp-block-list\">\n<li>Alta presi\u00f3n para perforaciones profundas<\/li>\n\n\n\n<li>Gran capacidad de flujo para una eliminaci\u00f3n \u00f3ptima de los recortes<br>*(Se recomienda a\u00f1adir especificaciones: p. ej., BW-250: 250 L\/min a 7 MPa)*.<\/li>\n<\/ul>\n\n\n\n<div class=\"wp-block-uagb-advanced-heading uagb-block-a89923e5\"><h3 class=\"uagb-heading-text\"><strong>Movilidad autopropulsada<\/strong><\/h3><\/div>\n\n\n\n<p>El sistema de tracci\u00f3n a bordo permite\u00a0<strong>ajuste de la posici\u00f3n delantera\/trasera<\/strong>\u00a0- agilizar las operaciones en boca de pozo sin equipos auxiliares.<\/p>\n\n\n\n<div class=\"wp-block-uagb-advanced-heading uagb-block-f7d53809\"><h3 class=\"uagb-heading-text\"><strong>M\u00e1stil telesc\u00f3pico hidr\u00e1ulico<\/strong><\/h3><\/div>\n\n\n\n<p>Elevaci\u00f3n\/descenso hidr\u00e1ulico automatizado con&nbsp;<strong>m\u00e1stiles extensibles<\/strong>&nbsp;para:<\/p>\n\n\n\n<ul class=\"wp-block-list\">\n<li>Configuraci\u00f3n r\u00e1pida (&lt;5 minutos)<\/li>\n\n\n\n<li>Funcionamiento seguro a 90<\/li>\n\n\n\n<li>Reducci\u00f3n de la altura libre durante el transporte<\/li>\n<\/ul>\n\n\n\n<div class=\"wp-block-uagb-advanced-heading uagb-block-6b1091da\"><h2 class=\"uagb-heading-text\"><strong>\u00c1mbito de aplicaci\u00f3n<\/strong><\/h2><\/div>\n\n\n\n<p>Prospecci\u00f3n geol\u00f3gica | Pruebas de cimentaci\u00f3n (carreteras\/altos rascacielos) | Perforaciones de inspecci\u00f3n del hormig\u00f3n<br>Rejuntado de refuerzo de diques | Pozos de agua residenciales | Sondeos de climatizaci\u00f3n geot\u00e9rmica<\/p>\n\n\n\n<figure class=\"wp-block-table\"><table class=\"has-fixed-layout\"><tbody><tr><td colspan=\"2\">Modelo<\/td><td>XYC-200GT<\/td><td>XYC-3<\/td><\/tr><tr><td colspan=\"2\">Di\u00e1metro del orificio (mm)<\/td><td>300-75<\/td><td>300-75<\/td><\/tr><tr><td colspan=\"2\">Profundidad del agujero\uff08m\uff09<\/td><td>30-200<\/td><td>30-600<\/td><\/tr><tr><td colspan=\"2\">\u00c1ngulo del orificio(\u00b0)<\/td><td>90-75<\/td><td>90-75<\/td><\/tr><tr><td colspan=\"2\">Velocidad\uff08r\/min\uff09<\/td><td>64-557<\/td><td>13-1050<\/td><\/tr><tr><td colspan=\"2\">Carrera(mm)<\/td><td>450<\/td><td>600<\/td><\/tr><tr><td colspan=\"2\">Peso sin alimentaci\u00f3n\uff08kg\uff09<\/td><td>4000<\/td><td>9000<\/td><\/tr><tr><td colspan=\"2\" rowspan=\"2\">Motor diesel<\/td><td>ZS1115<\/td><td>YN27<\/td><\/tr><tr><td>14,7 kW<\/td><td>39 kW<\/td><\/tr><tr><td colspan=\"2\">Bomba de lodo<\/td><td>BW-160<\/td><td>BW-250<\/td><\/tr><tr><td rowspan=\"2\">Motor diesel<\/td><td>Modelo<\/td><td>tangjun<\/td><td>CA1167PK2L2E4A80<\/td><\/tr><tr><td>Tipo de accionamiento<\/td><td>4*2<\/td><td>4*2<\/td><\/tr><tr><td rowspan=\"3\">Motor diesel<\/td><td>Modelo<\/td><td>4B2-95c40<\/td><td>BF4M2012-16E4<\/td><\/tr><tr><td>Norma de emisi\u00f3n<\/td><td>CB17691-2005<\/td><td>CB17691-2005<\/td><\/tr><tr><td>Potencia nominal (kW)<\/td><td>70<\/td><td>121<\/td><\/tr><\/tbody><\/table><\/figure>","protected":false},"featured_media":2526,"template":"","meta":{"_acf_changed":false,"_uag_custom_page_level_css":"","site-sidebar-layout":"default","site-content-layout":"","ast-site-content-layout":"default","site-content-style":"default","site-sidebar-style":"default","ast-global-header-display":"","ast-banner-title-visibility":"","ast-main-header-display":"","ast-hfb-above-header-display":"","ast-hfb-below-header-display":"","ast-hfb-mobile-header-display":"","site-post-title":"","ast-breadcrumbs-content":"","ast-featured-img":"","footer-sml-layout":"","ast-disable-related-posts":"","theme-transparent-header-meta":"","adv-header-id-meta":"","stick-header-meta":"","header-above-stick-meta":"","header-main-stick-meta":"","header-below-stick-meta":"","astra-migrate-meta-layouts":"set","ast-page-background-enabled":"default","ast-page-background-meta":{"desktop":{"background-color":"","background-image":"","background-repeat":"repeat","background-position":"center center","background-size":"auto","background-attachment":"scroll","background-type":"","background-media":"","overlay-type":"","overlay-color":"","overlay-opacity":"","overlay-gradient":""},"tablet":{"background-color":"","background-image":"","background-repeat":"repeat","background-position":"center center","background-size":"auto","background-attachment":"scroll","background-type":"","background-media":"","overlay-type":"","overlay-color":"","overlay-opacity":"","overlay-gradient":""},"mobile":{"background-color":"","background-image":"","background-repeat":"repeat","background-position":"center center","background-size":"auto","background-attachment":"scroll","background-type":"","background-media":"","overlay-type":"","overlay-color":"","overlay-opacity":"","overlay-gradient":""}},"ast-content-background-meta":{"desktop":{"background-color":"var(--ast-global-color-5)","background-image":"","background-repeat":"repeat","background-position":"center center","background-size":"auto","background-attachment":"scroll","background-type":"","background-media":"","overlay-type":"","overlay-color":"","overlay-opacity":"","overlay-gradient":""},"tablet":{"background-color":"var(--ast-global-color-5)","background-image":"","background-repeat":"repeat","background-position":"center center","background-size":"auto","background-attachment":"scroll","background-type":"","background-media":"","overlay-type":"","overlay-color":"","overlay-opacity":"","overlay-gradient":""},"mobile":{"background-color":"var(--ast-global-color-5)","background-image":"","background-repeat":"repeat","background-position":"center center","background-size":"auto","background-attachment":"scroll","background-type":"","background-media":"","overlay-type":"","overlay-color":"","overlay-opacity":"","overlay-gradient":""}}},"catalog":[16],"class_list":["post-2525","product","type-product","status-publish","has-post-thumbnail","hentry","catalog-water-well-drilling-rigs"],"acf":[],"spectra_custom_meta":{"_edit_lock":["1749369716:1"],"rank_math_seo_score":["56"],"rank_math_internal_links_processed":["1"],"_thumbnail_id":["2526"],"_acf_changed":[""],"_uag_custom_page_level_css":[""],"site-sidebar-layout":["default"],"site-content-layout":[""],"ast-site-content-layout":["default"],"site-content-style":["default"],"site-sidebar-style":["default"],"ast-global-header-display":[""],"ast-banner-title-visibility":[""],"ast-main-header-display":[""],"ast-hfb-above-header-display":[""],"ast-hfb-below-header-display":[""],"ast-hfb-mobile-header-display":[""],"site-post-title":[""],"ast-breadcrumbs-content":[""],"ast-featured-img":[""],"footer-sml-layout":[""],"theme-transparent-header-meta":[""],"adv-header-id-meta":[""],"stick-header-meta":[""],"header-above-stick-meta":[""],"header-main-stick-meta":[""],"header-below-stick-meta":[""],"astra-migrate-meta-layouts":["set"],"ast-page-background-enabled":["default"],"ast-page-background-meta":["a:3:{s:7:\"desktop\";a:12:{s:16:\"background-color\";s:0:\"\";s:16:\"background-image\";s:0:\"\";s:17:\"background-repeat\";s:6:\"repeat\";s:19:\"background-position\";s:13:\"center center\";s:15:\"background-size\";s:4:\"auto\";s:21:\"background-attachment\";s:6:\"scroll\";s:15:\"background-type\";s:0:\"\";s:16:\"background-media\";s:0:\"\";s:12:\"overlay-type\";s:0:\"\";s:13:\"overlay-color\";s:0:\"\";s:15:\"overlay-opacity\";s:0:\"\";s:16:\"overlay-gradient\";s:0:\"\";}s:6:\"tablet\";a:12:{s:16:\"background-color\";s:0:\"\";s:16:\"background-image\";s:0:\"\";s:17:\"background-repeat\";s:6:\"repeat\";s:19:\"background-position\";s:13:\"center center\";s:15:\"background-size\";s:4:\"auto\";s:21:\"background-attachment\";s:6:\"scroll\";s:15:\"background-type\";s:0:\"\";s:16:\"background-media\";s:0:\"\";s:12:\"overlay-type\";s:0:\"\";s:13:\"overlay-color\";s:0:\"\";s:15:\"overlay-opacity\";s:0:\"\";s:16:\"overlay-gradient\";s:0:\"\";}s:6:\"mobile\";a:12:{s:16:\"background-color\";s:0:\"\";s:16:\"background-image\";s:0:\"\";s:17:\"background-repeat\";s:6:\"repeat\";s:19:\"background-position\";s:13:\"center center\";s:15:\"background-size\";s:4:\"auto\";s:21:\"background-attachment\";s:6:\"scroll\";s:15:\"background-type\";s:0:\"\";s:16:\"background-media\";s:0:\"\";s:12:\"overlay-type\";s:0:\"\";s:13:\"overlay-color\";s:0:\"\";s:15:\"overlay-opacity\";s:0:\"\";s:16:\"overlay-gradient\";s:0:\"\";}}"],"ast-content-background-meta":["a:3:{s:7:\"desktop\";a:12:{s:16:\"background-color\";s:25:\"var(--ast-global-color-5)\";s:16:\"background-image\";s:0:\"\";s:17:\"background-repeat\";s:6:\"repeat\";s:19:\"background-position\";s:13:\"center center\";s:15:\"background-size\";s:4:\"auto\";s:21:\"background-attachment\";s:6:\"scroll\";s:15:\"background-type\";s:0:\"\";s:16:\"background-media\";s:0:\"\";s:12:\"overlay-type\";s:0:\"\";s:13:\"overlay-color\";s:0:\"\";s:15:\"overlay-opacity\";s:0:\"\";s:16:\"overlay-gradient\";s:0:\"\";}s:6:\"tablet\";a:12:{s:16:\"background-color\";s:25:\"var(--ast-global-color-5)\";s:16:\"background-image\";s:0:\"\";s:17:\"background-repeat\";s:6:\"repeat\";s:19:\"background-position\";s:13:\"center center\";s:15:\"background-size\";s:4:\"auto\";s:21:\"background-attachment\";s:6:\"scroll\";s:15:\"background-type\";s:0:\"\";s:16:\"background-media\";s:0:\"\";s:12:\"overlay-type\";s:0:\"\";s:13:\"overlay-color\";s:0:\"\";s:15:\"overlay-opacity\";s:0:\"\";s:16:\"overlay-gradient\";s:0:\"\";}s:6:\"mobile\";a:12:{s:16:\"background-color\";s:25:\"var(--ast-global-color-5)\";s:16:\"background-image\";s:0:\"\";s:17:\"background-repeat\";s:6:\"repeat\";s:19:\"background-position\";s:13:\"center center\";s:15:\"background-size\";s:4:\"auto\";s:21:\"background-attachment\";s:6:\"scroll\";s:15:\"background-type\";s:0:\"\";s:16:\"background-media\";s:0:\"\";s:12:\"overlay-type\";s:0:\"\";s:13:\"overlay-color\";s:0:\"\";s:15:\"overlay-opacity\";s:0:\"\";s:16:\"overlay-gradient\";s:0:\"\";}}"],"_edit_last":["1"],"rank_math_robots":["a:1:{i:0;s:5:\"index\";}"],"rank_math_focus_keyword":["Truck-Mounted Water Well Drill Rig"],"astra_style_timestamp_css":["1777580442"],"_uag_css_file_name":["uag-css-2525.css"],"_uag_page_assets":["a:9:{s:3:\"css\";s:5591:\".wp-block-uagb-advanced-heading h1,.wp-block-uagb-advanced-heading h2,.wp-block-uagb-advanced-heading h3,.wp-block-uagb-advanced-heading h4,.wp-block-uagb-advanced-heading h5,.wp-block-uagb-advanced-heading h6,.wp-block-uagb-advanced-heading p,.wp-block-uagb-advanced-heading div{word-break:break-word}.wp-block-uagb-advanced-heading .uagb-heading-text{margin:0}.wp-block-uagb-advanced-heading .uagb-desc-text{margin:0}.wp-block-uagb-advanced-heading .uagb-separator{font-size:0;border-top-style:solid;display:inline-block;margin:0 0 10px 0}.wp-block-uagb-advanced-heading .uagb-highlight{color:#f78a0c;border:0;transition:all .3s ease}.uag-highlight-toolbar{border-left:0;border-top:0;border-bottom:0;border-radius:0;border-right-color:#1e1e1e}.uag-highlight-toolbar .components-button{border-radius:0;outline:none}.uag-highlight-toolbar .components-button.is-primary{color:#fff}.wp-block-uagb-advanced-heading.uagb-block-73b012d9.wp-block-uagb-advanced-heading .uagb-desc-text{margin-bottom: 15px;}.wp-block-uagb-advanced-heading.uagb-block-73b012d9.wp-block-uagb-advanced-heading .uagb-highlight{font-style: normal;font-weight: Default;background: #007cba;color: #fff;-webkit-text-fill-color: #fff;}.wp-block-uagb-advanced-heading.uagb-block-73b012d9.wp-block-uagb-advanced-heading .uagb-highlight::-moz-selection{color: #fff;background: #007cba;-webkit-text-fill-color: #fff;}.wp-block-uagb-advanced-heading.uagb-block-73b012d9.wp-block-uagb-advanced-heading .uagb-highlight::selection{color: #fff;background: #007cba;-webkit-text-fill-color: #fff;}.wp-block-uagb-advanced-heading.uagb-block-d00f9f4b.wp-block-uagb-advanced-heading .uagb-desc-text{margin-bottom: 15px;}.wp-block-uagb-advanced-heading.uagb-block-d00f9f4b.wp-block-uagb-advanced-heading .uagb-highlight{font-style: normal;font-weight: Default;background: #007cba;color: #fff;-webkit-text-fill-color: #fff;}.wp-block-uagb-advanced-heading.uagb-block-d00f9f4b.wp-block-uagb-advanced-heading .uagb-highlight::-moz-selection{color: #fff;background: #007cba;-webkit-text-fill-color: #fff;}.wp-block-uagb-advanced-heading.uagb-block-d00f9f4b.wp-block-uagb-advanced-heading .uagb-highlight::selection{color: #fff;background: #007cba;-webkit-text-fill-color: #fff;}.wp-block-uagb-advanced-heading.uagb-block-b6e3c442.wp-block-uagb-advanced-heading .uagb-desc-text{margin-bottom: 15px;}.wp-block-uagb-advanced-heading.uagb-block-b6e3c442.wp-block-uagb-advanced-heading .uagb-highlight{font-style: normal;font-weight: Default;background: #007cba;color: #fff;-webkit-text-fill-color: #fff;}.wp-block-uagb-advanced-heading.uagb-block-b6e3c442.wp-block-uagb-advanced-heading .uagb-highlight::-moz-selection{color: #fff;background: #007cba;-webkit-text-fill-color: #fff;}.wp-block-uagb-advanced-heading.uagb-block-b6e3c442.wp-block-uagb-advanced-heading .uagb-highlight::selection{color: #fff;background: #007cba;-webkit-text-fill-color: #fff;}.wp-block-uagb-advanced-heading.uagb-block-fbdc1bb7.wp-block-uagb-advanced-heading .uagb-desc-text{margin-bottom: 15px;}.wp-block-uagb-advanced-heading.uagb-block-fbdc1bb7.wp-block-uagb-advanced-heading .uagb-highlight{font-style: normal;font-weight: Default;background: #007cba;color: #fff;-webkit-text-fill-color: #fff;}.wp-block-uagb-advanced-heading.uagb-block-fbdc1bb7.wp-block-uagb-advanced-heading .uagb-highlight::-moz-selection{color: #fff;background: #007cba;-webkit-text-fill-color: #fff;}.wp-block-uagb-advanced-heading.uagb-block-fbdc1bb7.wp-block-uagb-advanced-heading .uagb-highlight::selection{color: #fff;background: #007cba;-webkit-text-fill-color: #fff;}.wp-block-uagb-advanced-heading.uagb-block-a89923e5.wp-block-uagb-advanced-heading .uagb-desc-text{margin-bottom: 15px;}.wp-block-uagb-advanced-heading.uagb-block-a89923e5.wp-block-uagb-advanced-heading .uagb-highlight{font-style: normal;font-weight: Default;background: #007cba;color: #fff;-webkit-text-fill-color: #fff;}.wp-block-uagb-advanced-heading.uagb-block-a89923e5.wp-block-uagb-advanced-heading .uagb-highlight::-moz-selection{color: #fff;background: #007cba;-webkit-text-fill-color: #fff;}.wp-block-uagb-advanced-heading.uagb-block-a89923e5.wp-block-uagb-advanced-heading .uagb-highlight::selection{color: #fff;background: #007cba;-webkit-text-fill-color: #fff;}.wp-block-uagb-advanced-heading.uagb-block-f7d53809.wp-block-uagb-advanced-heading .uagb-desc-text{margin-bottom: 15px;}.wp-block-uagb-advanced-heading.uagb-block-f7d53809.wp-block-uagb-advanced-heading .uagb-highlight{font-style: normal;font-weight: Default;background: #007cba;color: #fff;-webkit-text-fill-color: #fff;}.wp-block-uagb-advanced-heading.uagb-block-f7d53809.wp-block-uagb-advanced-heading .uagb-highlight::-moz-selection{color: #fff;background: #007cba;-webkit-text-fill-color: #fff;}.wp-block-uagb-advanced-heading.uagb-block-f7d53809.wp-block-uagb-advanced-heading .uagb-highlight::selection{color: #fff;background: #007cba;-webkit-text-fill-color: #fff;}.wp-block-uagb-advanced-heading.uagb-block-6b1091da.wp-block-uagb-advanced-heading .uagb-desc-text{margin-bottom: 15px;}.wp-block-uagb-advanced-heading.uagb-block-6b1091da.wp-block-uagb-advanced-heading .uagb-highlight{font-style: normal;font-weight: Default;background: #007cba;color: #fff;-webkit-text-fill-color: #fff;}.wp-block-uagb-advanced-heading.uagb-block-6b1091da.wp-block-uagb-advanced-heading .uagb-highlight::-moz-selection{color: #fff;background: #007cba;-webkit-text-fill-color: #fff;}.wp-block-uagb-advanced-heading.uagb-block-6b1091da.wp-block-uagb-advanced-heading .uagb-highlight::selection{color: #fff;background: #007cba;-webkit-text-fill-color: #fff;}\";s:2:\"js\";s:0:\"\";s:18:\"current_block_list\";a:14:{i:0;s:12:\"core\/gallery\";i:1;s:10:\"core\/image\";i:2;s:21:\"uagb\/advanced-heading\";i:3;s:14:\"core\/paragraph\";i:4;s:9:\"core\/list\";i:5;s:14:\"core\/list-item\";i:6;s:10:\"core\/table\";i:7;s:11:\"core\/search\";i:8;s:10:\"core\/group\";i:9;s:12:\"core\/heading\";i:10;s:17:\"core\/latest-posts\";i:11;s:20:\"core\/latest-comments\";i:12;s:13:\"core\/archives\";i:13;s:15:\"core\/categories\";}s:8:\"uag_flag\";b:1;s:11:\"uag_version\";s:10:\"1778337502\";s:6:\"gfonts\";a:0:{}s:10:\"gfonts_url\";s:0:\"\";s:12:\"gfonts_files\";a:0:{}s:14:\"uag_faq_layout\";b:0;}"]},"uagb_featured_image_src":{"full":["https:\/\/antloader.com\/wp-content\/uploads\/2025\/06\/Truck-Mounted-Drill-Rig.webp",800,600,false],"thumbnail":["https:\/\/antloader.com\/wp-content\/uploads\/2025\/06\/Truck-Mounted-Drill-Rig-150x150.webp",150,150,true],"medium":["https:\/\/antloader.com\/wp-content\/uploads\/2025\/06\/Truck-Mounted-Drill-Rig-300x225.webp",300,225,true],"medium_large":["https:\/\/antloader.com\/wp-content\/uploads\/2025\/06\/Truck-Mounted-Drill-Rig-768x576.webp",768,576,true],"large":["https:\/\/antloader.com\/wp-content\/uploads\/2025\/06\/Truck-Mounted-Drill-Rig.webp",800,600,false],"1536x1536":["https:\/\/antloader.com\/wp-content\/uploads\/2025\/06\/Truck-Mounted-Drill-Rig.webp",800,600,false],"2048x2048":["https:\/\/antloader.com\/wp-content\/uploads\/2025\/06\/Truck-Mounted-Drill-Rig.webp",800,600,false],"trp-custom-language-flag":["https:\/\/antloader.com\/wp-content\/uploads\/2025\/06\/Truck-Mounted-Drill-Rig.webp",16,12,false]},"uagb_author_info":{"display_name":"admin","author_link":"https:\/\/antloader.com\/es\/author\/"},"uagb_comment_info":0,"uagb_excerpt":"XYC Series Truck-Mounted Drill Rigs: Key Features Hydraulic Spindle Rotary System Professional-grade hydraulic spindle mechanism ensures precise rotational control for diverse formations. Integrated Chassis Design XYC-200GT Model:\u00a0Tangjun Jinlika light-duty truck chassis XYC-3 Model:\u00a0Qingdao Sailong medium-duty truck chassis Drilling transmission, winch, and mud pump are seamlessly integrated into chassis for compact layout and intuitive operation. High-Performance&hellip;","_links":{"self":[{"href":"https:\/\/antloader.com\/es\/wp-json\/wp\/v2\/product\/2525","targetHints":{"allow":["GET"]}}],"collection":[{"href":"https:\/\/antloader.com\/es\/wp-json\/wp\/v2\/product"}],"about":[{"href":"https:\/\/antloader.com\/es\/wp-json\/wp\/v2\/types\/product"}],"wp:featuredmedia":[{"embeddable":true,"href":"https:\/\/antloader.com\/es\/wp-json\/wp\/v2\/media\/2526"}],"wp:attachment":[{"href":"https:\/\/antloader.com\/es\/wp-json\/wp\/v2\/media?parent=2525"}],"wp:term":[{"taxonomy":"catalog","embeddable":true,"href":"https:\/\/antloader.com\/es\/wp-json\/wp\/v2\/catalog?post=2525"}],"curies":[{"name":"wp","href":"https:\/\/api.w.org\/{rel}","templated":true}]}}