{"id":2513,"date":"2025-06-05T11:55:20","date_gmt":"2025-06-05T11:55:20","guid":{"rendered":"https:\/\/www.antloader.com\/?post_type=product&#038;p=2513"},"modified":"2025-06-06T13:31:55","modified_gmt":"2025-06-06T13:31:55","slug":"jy-2000-full-hydraulic-core-drill-rig","status":"publish","type":"product","link":"https:\/\/antloader.com\/et\/product\/jy-2000-full-hydraulic-core-drill-rig\/","title":{"rendered":"JY-2000 T\u00e4ielik h\u00fcdrauliline tuumapuurimisseadeldis"},"content":{"rendered":"<p>T\u00e4ish\u00fcdrauliline puurimisseadmestik JY-2000, mis on v\u00e4lja t\u00f6\u00f6tatud t\u00e4iustatud globaalse puurimistehnoloogia integreerimise abil, pakub erakordset j\u00f5udlust \u00e4\u00e4rmuslikes geoloogilistes tingimustes. See s\u00fcgavate maavarade uurimiseks ja keerukate inseneriprojektide jaoks kavandatud puurtorn \u00fchendab endas h\u00fcdraulilise t\u00e4psuse ja tugeva t\u00f6\u00f6kindluse.<\/p>\n\n\n\n<figure class=\"wp-block-gallery has-nested-images columns-default is-cropped wp-block-gallery-1 is-layout-flex wp-block-gallery-is-layout-flex\">\n<figure class=\"wp-block-image size-large\"><img loading=\"lazy\" decoding=\"async\" width=\"800\" height=\"600\" data-id=\"2512\" src=\"https:\/\/www.antloader.com\/wp-content\/uploads\/2025\/06\/Full-Hydraulic-Core-Drill-Rig.webp\" alt=\"T\u00e4ielik h\u00fcdrauliline tuumapuurimisseadeldis\" class=\"wp-image-2512\" srcset=\"https:\/\/antloader.com\/wp-content\/uploads\/2025\/06\/Full-Hydraulic-Core-Drill-Rig.webp 800w, https:\/\/antloader.com\/wp-content\/uploads\/2025\/06\/Full-Hydraulic-Core-Drill-Rig-300x225.webp 300w, https:\/\/antloader.com\/wp-content\/uploads\/2025\/06\/Full-Hydraulic-Core-Drill-Rig-768x576.webp 768w\" sizes=\"auto, (max-width: 800px) 100vw, 800px\" \/><\/figure>\n\n\n\n<figure class=\"wp-block-image size-large\"><img loading=\"lazy\" decoding=\"async\" width=\"800\" height=\"600\" data-id=\"2511\" src=\"https:\/\/www.antloader.com\/wp-content\/uploads\/2025\/06\/hydraulic-core-drill-rig.webp\" alt=\"h\u00fcdrauliline puurtorn\" class=\"wp-image-2511\" srcset=\"https:\/\/antloader.com\/wp-content\/uploads\/2025\/06\/hydraulic-core-drill-rig.webp 800w, https:\/\/antloader.com\/wp-content\/uploads\/2025\/06\/hydraulic-core-drill-rig-300x225.webp 300w, https:\/\/antloader.com\/wp-content\/uploads\/2025\/06\/hydraulic-core-drill-rig-768x576.webp 768w\" sizes=\"auto, (max-width: 800px) 100vw, 800px\" \/><\/figure>\n\n\n\n<figure class=\"wp-block-image size-large\"><img loading=\"lazy\" decoding=\"async\" width=\"800\" height=\"589\" data-id=\"2510\" src=\"https:\/\/www.antloader.com\/wp-content\/uploads\/2025\/06\/borehole-drilling-equipmen.webp\" alt=\"puurkaevude puurimisseadmed\" class=\"wp-image-2510\" srcset=\"https:\/\/antloader.com\/wp-content\/uploads\/2025\/06\/borehole-drilling-equipmen.webp 800w, https:\/\/antloader.com\/wp-content\/uploads\/2025\/06\/borehole-drilling-equipmen-300x221.webp 300w, https:\/\/antloader.com\/wp-content\/uploads\/2025\/06\/borehole-drilling-equipmen-768x565.webp 768w\" sizes=\"auto, (max-width: 800px) 100vw, 800px\" \/><\/figure>\n\n\n\n<figure class=\"wp-block-image size-large\"><img loading=\"lazy\" decoding=\"async\" width=\"800\" height=\"600\" data-id=\"2509\" src=\"https:\/\/www.antloader.com\/wp-content\/uploads\/2025\/06\/core-drilling-equipment.webp\" alt=\"tuumapuurimisseadmed\" class=\"wp-image-2509\" srcset=\"https:\/\/antloader.com\/wp-content\/uploads\/2025\/06\/core-drilling-equipment.webp 800w, https:\/\/antloader.com\/wp-content\/uploads\/2025\/06\/core-drilling-equipment-300x225.webp 300w, https:\/\/antloader.com\/wp-content\/uploads\/2025\/06\/core-drilling-equipment-768x576.webp 768w\" sizes=\"auto, (max-width: 800px) 100vw, 800px\" \/><\/figure>\n<\/figure>\n\n\n\n<p>S\u00fcgavpuurimise lahendus 5000N-m p\u00f6\u00f6rdemomendi ja intelligentse juhtimisega<\/p>\n\n\n\n<h2 class=\"wp-block-heading\"><strong>L\u00e4bimurdvad tehnilised omadused:<\/strong><\/h2>\n\n\n\n<ol start=\"1\" class=\"wp-block-list\">\n<li><strong>Puhas h\u00fcdrauliline ajam<\/strong>\n<ul class=\"wp-block-list\">\n<li>Ujuv spindli konstruktsioon +\u00a0<strong>3m puurvardad<\/strong><\/li>\n\n\n\n<li>Aksiaalkolbpumbad ja painutatud kolbmootorid<\/li>\n<\/ul>\n<\/li>\n\n\n\n<li><strong>Intelligentne puurimise juhtimine<\/strong>\n<ul class=\"wp-block-list\">\n<li>2-k\u00e4iguline k\u00e4igukast + astmeta kiiruse reguleerimine<\/li>\n\n\n\n<li><strong>Max. P\u00f6\u00f6rdemoment: 5,000 N-m<\/strong>\u00a0(t\u00f6\u00f6stusharu juhtiv k\u00f5va kivimaterjal)<\/li>\n<\/ul>\n<\/li>\n\n\n\n<li><strong>T\u00e4iustatud masti konfiguratsioon<\/strong>\n<ul class=\"wp-block-list\">\n<li>H\u00fcdrauliline k\u00fclgnihe (1 200 mm ulatuses)<\/li>\n\n\n\n<li><strong>45-90\u00b0 mitme nurga alt puurimine<\/strong>\u00a0v\u00f5ime<\/li>\n<\/ul>\n<\/li>\n\n\n\n<li><strong>Optimeeritud tootlikkus<\/strong>\n<ul class=\"wp-block-list\">\n<li>Koormustundlik h\u00fcdrauliline s\u00fcsteem<\/li>\n\n\n\n<li>Kettaga topeltkiiruseline etteandemehhanism (3,5 m t\u00f6\u00f6maht)<\/li>\n<\/ul>\n<\/li>\n<\/ol>\n\n\n\n<h2 class=\"wp-block-heading\"><strong>Kriitilised operatiivsed eelised<\/strong><\/h2>\n\n\n\n<ul class=\"wp-block-list\">\n<li><strong>Juhtmevaba kaugjuhitav roomik<\/strong>\n<ul class=\"wp-block-list\">\n<li>25\u00b0 kallakuga ja 3km\/h s\u00f5idukiirus<\/li>\n\n\n\n<li>50m raadius ohutuse kontrollimiseks<\/li>\n<\/ul>\n<\/li>\n\n\n\n<li><strong>Automaatsed s\u00fcsteemid<\/strong>\n<ul class=\"wp-block-list\">\n<li>H\u00fcdrauliline puuklamber (\u00d875\/89\/115mm)<\/li>\n\n\n\n<li>Isetasanduvad tugipostid (15\u00b0 kallakuga kohandamine)<\/li>\n<\/ul>\n<\/li>\n\n\n\n<li><strong>Kiire seadistamise disain<\/strong>\n<ul class=\"wp-block-list\">\n<li>Teleskoopmast (8,1 m laiendatud k\u00f5rgus)<\/li>\n<\/ul>\n<\/li>\n<\/ul>\n\n\n\n<h2 class=\"wp-block-heading\">Tehniliste andmete tabel<\/h2>\n\n\n\n<figure class=\"wp-block-table\"><table class=\"has-fixed-layout\"><thead><tr><th><strong>Parameeter Kategooria<\/strong><\/th><th><strong>Spetsifikatsioon<\/strong><\/th><th><strong>V\u00e4\u00e4rtus<\/strong><\/th><\/tr><\/thead><tbody><tr><td><strong>Rig mudel<\/strong><\/td><td><\/td><td>JY-2000<\/td><\/tr><tr><td><strong>Puurimisv\u00f5imsus<\/strong><\/td><td>BTW S\u00fcgavus (m)<\/td><td>2,200<\/td><\/tr><tr><td><\/td><td>NTW s\u00fcgavus (m)<\/td><td>2,000<\/td><\/tr><tr><td><\/td><td>HTW s\u00fcgavus (m)<\/td><td>1,800<\/td><\/tr><tr><td><strong>H\u00fcdraulikas\u00fcsteem<\/strong><\/td><td>Peapump<\/td><td>190ml\/r @ 32MPa<\/td><\/tr><tr><td><\/td><td>Abipump<\/td><td>80ml\/r @ 25MPa<\/td><\/tr><tr><td><\/td><td>Jahutamine<\/td><td>\u00d5hk + vesi<\/td><\/tr><tr><td><strong>Mootor (valikuline)<\/strong><\/td><td>Mudel<\/td><td>Weichai 6-silindriline<\/td><\/tr><tr><td><\/td><td>V\u00f5imsus<\/td><td>176 kW<\/td><\/tr><tr><td><\/td><td>Kiirus<\/td><td>2,200 p\u00f6\u00f6ret minutis<\/td><\/tr><tr><td><strong>Powerhead<\/strong><\/td><td>Max. P\u00f6\u00f6rdemoment<\/td><td><strong>5000 N-m<\/strong><\/td><\/tr><tr><td><\/td><td>Max. Kiirus<\/td><td>1400 p\u00f6\u00f6ret minutis<\/td><\/tr><tr><td><\/td><td>S\u00f6\u00f6tmine Stroke<\/td><td>3.5 m<\/td><\/tr><tr><td><\/td><td>Pullback j\u00f5ud<\/td><td>600 kN<\/td><\/tr><tr><td><\/td><td>S\u00f6\u00f6tmise j\u00f5ud<\/td><td>300 kN<\/td><\/tr><tr><td><strong>Traatvintsi vints<\/strong><\/td><td>Liini v\u00f5imsus<\/td><td>2,000 m<\/td><\/tr><tr><td><\/td><td>Rida t\u00f5mbamine<\/td><td>45 kN<\/td><\/tr><tr><td><\/td><td>T\u00f5stuki kiirus<\/td><td>110 m\/min<\/td><\/tr><tr><td><\/td><td>K\u00f6ie l\u00e4bim\u00f5\u00f5t<\/td><td>\u00d86 mm<\/td><\/tr><tr><td><strong>Mast<\/strong><\/td><td>T\u00f6\u00f6k\u00f5rgus<\/td><td>8.1 m<\/td><\/tr><tr><td><\/td><td>Puurimisnurk<\/td><td><strong>45-90\u00b0<\/strong><\/td><\/tr><tr><td><\/td><td>K\u00fclgmine nihe<\/td><td>1200 mm<\/td><\/tr><tr><td><strong>Transport<\/strong><\/td><td>M\u00f5\u00f5tmed (L\u00d7L\u00d7K)<\/td><td>6,100 \u00d7 2,200 \u00d7 2,500 mm<\/td><\/tr><tr><td><\/td><td>Kaal<\/td><td><strong>12 tonni<\/strong>&nbsp;(26 400 naela)<\/td><\/tr><\/tbody><\/table><\/figure>","protected":false},"featured_media":2511,"template":"","meta":{"_acf_changed":false,"_uag_custom_page_level_css":"","site-sidebar-layout":"default","site-content-layout":"","ast-site-content-layout":"default","site-content-style":"default","site-sidebar-style":"default","ast-global-header-display":"","ast-banner-title-visibility":"","ast-main-header-display":"","ast-hfb-above-header-display":"","ast-hfb-below-header-display":"","ast-hfb-mobile-header-display":"","site-post-title":"","ast-breadcrumbs-content":"","ast-featured-img":"","footer-sml-layout":"","ast-disable-related-posts":"","theme-transparent-header-meta":"","adv-header-id-meta":"","stick-header-meta":"","header-above-stick-meta":"","header-main-stick-meta":"","header-below-stick-meta":"","astra-migrate-meta-layouts":"set","ast-page-background-enabled":"default","ast-page-background-meta":{"desktop":{"background-color":"","background-image":"","background-repeat":"repeat","background-position":"center center","background-size":"auto","background-attachment":"scroll","background-type":"","background-media":"","overlay-type":"","overlay-color":"","overlay-opacity":"","overlay-gradient":""},"tablet":{"background-color":"","background-image":"","background-repeat":"repeat","background-position":"center center","background-size":"auto","background-attachment":"scroll","background-type":"","background-media":"","overlay-type":"","overlay-color":"","overlay-opacity":"","overlay-gradient":""},"mobile":{"background-color":"","background-image":"","background-repeat":"repeat","background-position":"center center","background-size":"auto","background-attachment":"scroll","background-type":"","background-media":"","overlay-type":"","overlay-color":"","overlay-opacity":"","overlay-gradient":""}},"ast-content-background-meta":{"desktop":{"background-color":"var(--ast-global-color-5)","background-image":"","background-repeat":"repeat","background-position":"center center","background-size":"auto","background-attachment":"scroll","background-type":"","background-media":"","overlay-type":"","overlay-color":"","overlay-opacity":"","overlay-gradient":""},"tablet":{"background-color":"var(--ast-global-color-5)","background-image":"","background-repeat":"repeat","background-position":"center center","background-size":"auto","background-attachment":"scroll","background-type":"","background-media":"","overlay-type":"","overlay-color":"","overlay-opacity":"","overlay-gradient":""},"mobile":{"background-color":"var(--ast-global-color-5)","background-image":"","background-repeat":"repeat","background-position":"center center","background-size":"auto","background-attachment":"scroll","background-type":"","background-media":"","overlay-type":"","overlay-color":"","overlay-opacity":"","overlay-gradient":""}}},"catalog":[6],"class_list":["post-2513","product","type-product","status-publish","has-post-thumbnail","hentry","catalog-hydraulic-drilling-rigs"],"acf":[],"spectra_custom_meta":{"_edit_lock":["1749216717:1"],"rank_math_seo_score":["69"],"rank_math_internal_links_processed":["1"],"_thumbnail_id":["2511"],"_acf_changed":[""],"_uag_custom_page_level_css":[""],"site-sidebar-layout":["default"],"site-content-layout":[""],"ast-site-content-layout":["default"],"site-content-style":["default"],"site-sidebar-style":["default"],"ast-global-header-display":[""],"ast-banner-title-visibility":[""],"ast-main-header-display":[""],"ast-hfb-above-header-display":[""],"ast-hfb-below-header-display":[""],"ast-hfb-mobile-header-display":[""],"site-post-title":[""],"ast-breadcrumbs-content":[""],"ast-featured-img":[""],"footer-sml-layout":[""],"theme-transparent-header-meta":[""],"adv-header-id-meta":[""],"stick-header-meta":[""],"header-above-stick-meta":[""],"header-main-stick-meta":[""],"header-below-stick-meta":[""],"astra-migrate-meta-layouts":["set"],"ast-page-background-enabled":["default"],"ast-page-background-meta":["a:3:{s:7:\"desktop\";a:12:{s:16:\"background-color\";s:0:\"\";s:16:\"background-image\";s:0:\"\";s:17:\"background-repeat\";s:6:\"repeat\";s:19:\"background-position\";s:13:\"center center\";s:15:\"background-size\";s:4:\"auto\";s:21:\"background-attachment\";s:6:\"scroll\";s:15:\"background-type\";s:0:\"\";s:16:\"background-media\";s:0:\"\";s:12:\"overlay-type\";s:0:\"\";s:13:\"overlay-color\";s:0:\"\";s:15:\"overlay-opacity\";s:0:\"\";s:16:\"overlay-gradient\";s:0:\"\";}s:6:\"tablet\";a:12:{s:16:\"background-color\";s:0:\"\";s:16:\"background-image\";s:0:\"\";s:17:\"background-repeat\";s:6:\"repeat\";s:19:\"background-position\";s:13:\"center center\";s:15:\"background-size\";s:4:\"auto\";s:21:\"background-attachment\";s:6:\"scroll\";s:15:\"background-type\";s:0:\"\";s:16:\"background-media\";s:0:\"\";s:12:\"overlay-type\";s:0:\"\";s:13:\"overlay-color\";s:0:\"\";s:15:\"overlay-opacity\";s:0:\"\";s:16:\"overlay-gradient\";s:0:\"\";}s:6:\"mobile\";a:12:{s:16:\"background-color\";s:0:\"\";s:16:\"background-image\";s:0:\"\";s:17:\"background-repeat\";s:6:\"repeat\";s:19:\"background-position\";s:13:\"center center\";s:15:\"background-size\";s:4:\"auto\";s:21:\"background-attachment\";s:6:\"scroll\";s:15:\"background-type\";s:0:\"\";s:16:\"background-media\";s:0:\"\";s:12:\"overlay-type\";s:0:\"\";s:13:\"overlay-color\";s:0:\"\";s:15:\"overlay-opacity\";s:0:\"\";s:16:\"overlay-gradient\";s:0:\"\";}}"],"ast-content-background-meta":["a:3:{s:7:\"desktop\";a:12:{s:16:\"background-color\";s:25:\"var(--ast-global-color-5)\";s:16:\"background-image\";s:0:\"\";s:17:\"background-repeat\";s:6:\"repeat\";s:19:\"background-position\";s:13:\"center center\";s:15:\"background-size\";s:4:\"auto\";s:21:\"background-attachment\";s:6:\"scroll\";s:15:\"background-type\";s:0:\"\";s:16:\"background-media\";s:0:\"\";s:12:\"overlay-type\";s:0:\"\";s:13:\"overlay-color\";s:0:\"\";s:15:\"overlay-opacity\";s:0:\"\";s:16:\"overlay-gradient\";s:0:\"\";}s:6:\"tablet\";a:12:{s:16:\"background-color\";s:25:\"var(--ast-global-color-5)\";s:16:\"background-image\";s:0:\"\";s:17:\"background-repeat\";s:6:\"repeat\";s:19:\"background-position\";s:13:\"center center\";s:15:\"background-size\";s:4:\"auto\";s:21:\"background-attachment\";s:6:\"scroll\";s:15:\"background-type\";s:0:\"\";s:16:\"background-media\";s:0:\"\";s:12:\"overlay-type\";s:0:\"\";s:13:\"overlay-color\";s:0:\"\";s:15:\"overlay-opacity\";s:0:\"\";s:16:\"overlay-gradient\";s:0:\"\";}s:6:\"mobile\";a:12:{s:16:\"background-color\";s:25:\"var(--ast-global-color-5)\";s:16:\"background-image\";s:0:\"\";s:17:\"background-repeat\";s:6:\"repeat\";s:19:\"background-position\";s:13:\"center center\";s:15:\"background-size\";s:4:\"auto\";s:21:\"background-attachment\";s:6:\"scroll\";s:15:\"background-type\";s:0:\"\";s:16:\"background-media\";s:0:\"\";s:12:\"overlay-type\";s:0:\"\";s:13:\"overlay-color\";s:0:\"\";s:15:\"overlay-opacity\";s:0:\"\";s:16:\"overlay-gradient\";s:0:\"\";}}"],"_edit_last":["1"],"astra_style_timestamp_css":["1777599247"],"rank_math_robots":["a:1:{i:0;s:5:\"index\";}"],"rank_math_focus_keyword":["Full Hydraulic Core Drill Rig"],"_uag_css_file_name":["uag-css-2513.css"],"_uag_page_assets":["a:9:{s:3:\"css\";s:260:\".uag-blocks-common-selector{z-index:var(--z-index-desktop) !important}@media(max-width: 976px){.uag-blocks-common-selector{z-index:var(--z-index-tablet) !important}}@media(max-width: 767px){.uag-blocks-common-selector{z-index:var(--z-index-mobile) !important}}\";s:2:\"js\";s:0:\"\";s:18:\"current_block_list\";a:13:{i:0;s:14:\"core\/paragraph\";i:1;s:12:\"core\/gallery\";i:2;s:10:\"core\/image\";i:3;s:12:\"core\/heading\";i:4;s:9:\"core\/list\";i:5;s:14:\"core\/list-item\";i:6;s:10:\"core\/table\";i:7;s:11:\"core\/search\";i:8;s:10:\"core\/group\";i:9;s:17:\"core\/latest-posts\";i:10;s:20:\"core\/latest-comments\";i:11;s:13:\"core\/archives\";i:12;s:15:\"core\/categories\";}s:8:\"uag_flag\";b:0;s:11:\"uag_version\";s:10:\"1778337502\";s:6:\"gfonts\";a:0:{}s:10:\"gfonts_url\";s:0:\"\";s:12:\"gfonts_files\";a:0:{}s:14:\"uag_faq_layout\";b:0;}"]},"uagb_featured_image_src":{"full":["https:\/\/antloader.com\/wp-content\/uploads\/2025\/06\/hydraulic-core-drill-rig.webp",800,600,false],"thumbnail":["https:\/\/antloader.com\/wp-content\/uploads\/2025\/06\/hydraulic-core-drill-rig-150x150.webp",150,150,true],"medium":["https:\/\/antloader.com\/wp-content\/uploads\/2025\/06\/hydraulic-core-drill-rig-300x225.webp",300,225,true],"medium_large":["https:\/\/antloader.com\/wp-content\/uploads\/2025\/06\/hydraulic-core-drill-rig-768x576.webp",768,576,true],"large":["https:\/\/antloader.com\/wp-content\/uploads\/2025\/06\/hydraulic-core-drill-rig.webp",800,600,false],"1536x1536":["https:\/\/antloader.com\/wp-content\/uploads\/2025\/06\/hydraulic-core-drill-rig.webp",800,600,false],"2048x2048":["https:\/\/antloader.com\/wp-content\/uploads\/2025\/06\/hydraulic-core-drill-rig.webp",800,600,false],"trp-custom-language-flag":["https:\/\/antloader.com\/wp-content\/uploads\/2025\/06\/hydraulic-core-drill-rig.webp",16,12,false]},"uagb_author_info":{"display_name":"admin","author_link":"https:\/\/antloader.com\/et\/author\/"},"uagb_comment_info":0,"uagb_excerpt":"Developed through advanced global drilling technology integration, the JY-2000 Full Hydraulic Core Drill Rig delivers unparalleled performance in extreme geological conditions. Engineered for deep mineral exploration and complex engineering projects, this rig combines hydraulic precision with rugged reliability. Deep-Core Drilling Solution with 5000N\u00b7m Torque &amp; Intelligent Control Breakthrough Engineering Features: Critical Operational Advantages Technical Specifications&hellip;","_links":{"self":[{"href":"https:\/\/antloader.com\/et\/wp-json\/wp\/v2\/product\/2513","targetHints":{"allow":["GET"]}}],"collection":[{"href":"https:\/\/antloader.com\/et\/wp-json\/wp\/v2\/product"}],"about":[{"href":"https:\/\/antloader.com\/et\/wp-json\/wp\/v2\/types\/product"}],"wp:featuredmedia":[{"embeddable":true,"href":"https:\/\/antloader.com\/et\/wp-json\/wp\/v2\/media\/2511"}],"wp:attachment":[{"href":"https:\/\/antloader.com\/et\/wp-json\/wp\/v2\/media?parent=2513"}],"wp:term":[{"taxonomy":"catalog","embeddable":true,"href":"https:\/\/antloader.com\/et\/wp-json\/wp\/v2\/catalog?post=2513"}],"curies":[{"name":"wp","href":"https:\/\/api.w.org\/{rel}","templated":true}]}}