{"id":2479,"date":"2025-05-23T12:01:24","date_gmt":"2025-05-23T12:01:24","guid":{"rendered":"https:\/\/www.antloader.com\/?post_type=product&#038;p=2479"},"modified":"2025-05-23T12:05:41","modified_gmt":"2025-05-23T12:05:41","slug":"qy600-pneumatic-drilling-rig-for-water-wells","status":"publish","type":"product","link":"https:\/\/antloader.com\/lt\/product\/qy600-pneumatic-drilling-rig-for-water-wells\/","title":{"rendered":"QY600 Pneumatinis vandens gr\u0119\u017eini\u0173 gr\u0119\u017eimo \u012frenginys"},"content":{"rendered":"<p>QY serijos vandens gr\u0119\u017eini\u0173 gr\u0119\u017eimo \u012frenginys yra lengvas ir universalus, kad b\u016bt\u0173 galima greitai u\u017ebaigti gr\u0119\u017ein\u012f sud\u0117tingoje aplinkoje. \u0160is gr\u0119\u017eimo \u012frenginys sukurtas vandens gr\u0119\u017einiams, \u017eem\u0117s \u016bkio dr\u0117kinimo sistemoms ir \u012fvairios paskirties gr\u0119\u017eimo projektams, jis puikiai tinka uol\u0117toms vietov\u0117ms ir nestabilioms geologin\u0117ms strukt\u016broms. Jos pa\u017eangi hidraulin\u0117 sistema u\u017etikrina patikim\u0105 veikim\u0105 taikant \u012fvairius gr\u0119\u017eimo b\u016bdus - nuo rotacinio iki sm\u016bginio-rotacinio.<\/p>\n\n\n\n<figure class=\"wp-block-gallery has-nested-images columns-default is-cropped wp-block-gallery-1 is-layout-flex wp-block-gallery-is-layout-flex\">\n<figure class=\"wp-block-image size-large\"><img loading=\"lazy\" decoding=\"async\" width=\"800\" height=\"600\" data-id=\"2480\" src=\"https:\/\/www.antloader.com\/wp-content\/uploads\/2025\/05\/casing-drilling-system.webp\" alt=\"korpuso gr\u0119\u017eimo sistema\" class=\"wp-image-2480\" srcset=\"https:\/\/antloader.com\/wp-content\/uploads\/2025\/05\/casing-drilling-system.webp 800w, https:\/\/antloader.com\/wp-content\/uploads\/2025\/05\/casing-drilling-system-300x225.webp 300w, https:\/\/antloader.com\/wp-content\/uploads\/2025\/05\/casing-drilling-system-768x576.webp 768w\" sizes=\"auto, (max-width: 800px) 100vw, 800px\" \/><figcaption class=\"wp-element-caption\">korpuso gr\u0119\u017eimo sistema<\/figcaption><\/figure>\n\n\n\n<figure class=\"wp-block-image size-large\"><img loading=\"lazy\" decoding=\"async\" width=\"800\" height=\"600\" data-id=\"2481\" src=\"https:\/\/www.antloader.com\/wp-content\/uploads\/2025\/05\/water-well-drilling-rig.webp\" alt=\"vandens gr\u0119\u017eini\u0173 gr\u0119\u017eimo \u012frenginys\" class=\"wp-image-2481\" srcset=\"https:\/\/antloader.com\/wp-content\/uploads\/2025\/05\/water-well-drilling-rig.webp 800w, https:\/\/antloader.com\/wp-content\/uploads\/2025\/05\/water-well-drilling-rig-300x225.webp 300w, https:\/\/antloader.com\/wp-content\/uploads\/2025\/05\/water-well-drilling-rig-768x576.webp 768w\" sizes=\"auto, (max-width: 800px) 100vw, 800px\" \/><figcaption class=\"wp-element-caption\">vandens gr\u0119\u017eini\u0173 gr\u0119\u017eimo \u012frenginys<\/figcaption><\/figure>\n\n\n\n<figure class=\"wp-block-image size-large\"><img loading=\"lazy\" decoding=\"async\" width=\"800\" height=\"600\" data-id=\"2482\" src=\"https:\/\/www.antloader.com\/wp-content\/uploads\/2025\/05\/hydraulic-drill-rig.jpg\" alt=\"hidraulinis gr\u0119\u017eimo \u012frenginys\" class=\"wp-image-2482\" srcset=\"https:\/\/antloader.com\/wp-content\/uploads\/2025\/05\/hydraulic-drill-rig.jpg 800w, https:\/\/antloader.com\/wp-content\/uploads\/2025\/05\/hydraulic-drill-rig-300x225.jpg 300w, https:\/\/antloader.com\/wp-content\/uploads\/2025\/05\/hydraulic-drill-rig-768x576.jpg 768w\" sizes=\"auto, (max-width: 800px) 100vw, 800px\" \/><figcaption class=\"wp-element-caption\">hidraulinis gr\u0119\u017eimo \u012frenginys<\/figcaption><\/figure>\n\n\n\n<figure class=\"wp-block-image size-large\"><img loading=\"lazy\" decoding=\"async\" width=\"800\" height=\"600\" data-id=\"2483\" src=\"https:\/\/www.antloader.com\/wp-content\/uploads\/2025\/05\/rock-drilling-equipment.webp\" alt=\"uolien\u0173 gr\u0119\u017eimo \u012franga\" class=\"wp-image-2483\" srcset=\"https:\/\/antloader.com\/wp-content\/uploads\/2025\/05\/rock-drilling-equipment.webp 800w, https:\/\/antloader.com\/wp-content\/uploads\/2025\/05\/rock-drilling-equipment-300x225.webp 300w, https:\/\/antloader.com\/wp-content\/uploads\/2025\/05\/rock-drilling-equipment-768x576.webp 768w\" sizes=\"auto, (max-width: 800px) 100vw, 800px\" \/><figcaption class=\"wp-element-caption\">uolien\u0173 gr\u0119\u017eimo \u012franga<\/figcaption><\/figure>\n<\/figure>\n\n\n\n<h2 class=\"wp-block-heading\"><strong>Pagrindiniai privalumai<\/strong><\/h2>\n\n\n\n<h3 class=\"wp-block-heading\"><strong>\u012evairi\u0173 re\u017eim\u0173 gr\u0119\u017eimo paj\u0117gumai<\/strong><\/h3>\n\n\n\n<ul class=\"wp-block-list\">\n<li>Rotacinis gr\u0119\u017eimas su legiruotais gr\u0105\u017etais mink\u0161tuose ir vidutinio sunkumo sluoksniuose<\/li>\n\n\n\n<li>Sm\u016bginis rotacinis gr\u0119\u017eimas kiet\u0173j\u0173 uolien\u0173 gr\u0119\u017etuvais (12-40 m\/val. skverbties greitis)<\/li>\n\n\n\n<li>Galimyb\u0117 gr\u0119\u017eti \u017evyro ir \u017evirg\u017edo klodus (kartu su oro kompresoriumi ir DTH plaktuku)<\/li>\n<\/ul>\n\n\n\n<h3 class=\"wp-block-heading\"><strong>Hidraulin\u0117s galios sistema<\/strong><\/h3>\n\n\n\n<ul class=\"wp-block-list\">\n<li>Didelio sukimo momento hidraulinis variklis (8 000-12 000 N-m)<\/li>\n\n\n\n<li>Dviej\u0173 siurbli\u0173 sujungtas srauto valdymas, u\u017etikrinantis skland\u0173 s\u016bki\u0173 da\u017enio reguliavim\u0105 (40-160 aps.\/min)<\/li>\n\n\n\n<li>150 kN padavimo j\u0117ga ir 300 kN keliamoji galia<\/li>\n<\/ul>\n\n\n\n<h3 class=\"wp-block-heading\"><strong>Erdv\u0119 optimizuojantis dizainas<\/strong><\/h3>\n\n\n\n<ul class=\"wp-block-list\">\n<li>Teleskopinis stiebas su reguliuojamu atstumu (3,3-6,6 m viengubo pra\u0117jimo padavimas)<\/li>\n\n\n\n<li>Kompakti\u0161ki gabenimo matmenys: 4,7 m (ilgis) \u00d7 2,1 m (plotis) \u00d7 2,5 m (auk\u0161tis)<\/li>\n\n\n\n<li>Integruotas valdymo skydelis su ergonomi\u0161ku vienos svirties valdymu<\/li>\n<\/ul>\n\n\n\n<h3 class=\"wp-block-heading\"><strong>Lauko s\u0105lygomis paruo\u0161ta konfig\u016bracija<\/strong><\/h3>\n\n\n\n<ul class=\"wp-block-list\">\n<li>\"Weichai\" dyzelinis variklis (129 kW), skirtas autonominiam darbui<\/li>\n\n\n\n<li>Pasirinktinai generatorius, i\u0161centrinis siurblys ir put\u0173 \u012fpur\u0161kimo sistema<\/li>\n\n\n\n<li>Vik\u0161rinis pagrindas su 25\u00b0 nuolyd\u017eiu (2-3 km\/h va\u017eiavimo greitis)<\/li>\n<\/ul>","protected":false},"featured_media":2481,"template":"","meta":{"_acf_changed":false,"_uag_custom_page_level_css":"","site-sidebar-layout":"default","site-content-layout":"","ast-site-content-layout":"default","site-content-style":"default","site-sidebar-style":"default","ast-global-header-display":"","ast-banner-title-visibility":"","ast-main-header-display":"","ast-hfb-above-header-display":"","ast-hfb-below-header-display":"","ast-hfb-mobile-header-display":"","site-post-title":"","ast-breadcrumbs-content":"","ast-featured-img":"","footer-sml-layout":"","ast-disable-related-posts":"","theme-transparent-header-meta":"","adv-header-id-meta":"","stick-header-meta":"","header-above-stick-meta":"","header-main-stick-meta":"","header-below-stick-meta":"","astra-migrate-meta-layouts":"set","ast-page-background-enabled":"default","ast-page-background-meta":{"desktop":{"background-color":"","background-image":"","background-repeat":"repeat","background-position":"center center","background-size":"auto","background-attachment":"scroll","background-type":"","background-media":"","overlay-type":"","overlay-color":"","overlay-opacity":"","overlay-gradient":""},"tablet":{"background-color":"","background-image":"","background-repeat":"repeat","background-position":"center center","background-size":"auto","background-attachment":"scroll","background-type":"","background-media":"","overlay-type":"","overlay-color":"","overlay-opacity":"","overlay-gradient":""},"mobile":{"background-color":"","background-image":"","background-repeat":"repeat","background-position":"center center","background-size":"auto","background-attachment":"scroll","background-type":"","background-media":"","overlay-type":"","overlay-color":"","overlay-opacity":"","overlay-gradient":""}},"ast-content-background-meta":{"desktop":{"background-color":"var(--ast-global-color-5)","background-image":"","background-repeat":"repeat","background-position":"center center","background-size":"auto","background-attachment":"scroll","background-type":"","background-media":"","overlay-type":"","overlay-color":"","overlay-opacity":"","overlay-gradient":""},"tablet":{"background-color":"var(--ast-global-color-5)","background-image":"","background-repeat":"repeat","background-position":"center center","background-size":"auto","background-attachment":"scroll","background-type":"","background-media":"","overlay-type":"","overlay-color":"","overlay-opacity":"","overlay-gradient":""},"mobile":{"background-color":"var(--ast-global-color-5)","background-image":"","background-repeat":"repeat","background-position":"center center","background-size":"auto","background-attachment":"scroll","background-type":"","background-media":"","overlay-type":"","overlay-color":"","overlay-opacity":"","overlay-gradient":""}}},"catalog":[16],"class_list":["post-2479","product","type-product","status-publish","has-post-thumbnail","hentry","catalog-water-well-drilling-rigs"],"acf":[],"spectra_custom_meta":{"_edit_lock":["1748001942:1"],"rank_math_seo_score":["54"],"rank_math_internal_links_processed":["1"],"_acf_changed":[""],"_uag_custom_page_level_css":[""],"site-sidebar-layout":["default"],"site-content-layout":[""],"ast-site-content-layout":["default"],"site-content-style":["default"],"site-sidebar-style":["default"],"ast-global-header-display":[""],"ast-banner-title-visibility":[""],"ast-main-header-display":[""],"ast-hfb-above-header-display":[""],"ast-hfb-below-header-display":[""],"ast-hfb-mobile-header-display":[""],"site-post-title":[""],"ast-breadcrumbs-content":[""],"ast-featured-img":[""],"footer-sml-layout":[""],"theme-transparent-header-meta":[""],"adv-header-id-meta":[""],"stick-header-meta":[""],"header-above-stick-meta":[""],"header-main-stick-meta":[""],"header-below-stick-meta":[""],"astra-migrate-meta-layouts":["set"],"ast-page-background-enabled":["default"],"ast-page-background-meta":["a:3:{s:7:\"desktop\";a:12:{s:16:\"background-color\";s:0:\"\";s:16:\"background-image\";s:0:\"\";s:17:\"background-repeat\";s:6:\"repeat\";s:19:\"background-position\";s:13:\"center center\";s:15:\"background-size\";s:4:\"auto\";s:21:\"background-attachment\";s:6:\"scroll\";s:15:\"background-type\";s:0:\"\";s:16:\"background-media\";s:0:\"\";s:12:\"overlay-type\";s:0:\"\";s:13:\"overlay-color\";s:0:\"\";s:15:\"overlay-opacity\";s:0:\"\";s:16:\"overlay-gradient\";s:0:\"\";}s:6:\"tablet\";a:12:{s:16:\"background-color\";s:0:\"\";s:16:\"background-image\";s:0:\"\";s:17:\"background-repeat\";s:6:\"repeat\";s:19:\"background-position\";s:13:\"center center\";s:15:\"background-size\";s:4:\"auto\";s:21:\"background-attachment\";s:6:\"scroll\";s:15:\"background-type\";s:0:\"\";s:16:\"background-media\";s:0:\"\";s:12:\"overlay-type\";s:0:\"\";s:13:\"overlay-color\";s:0:\"\";s:15:\"overlay-opacity\";s:0:\"\";s:16:\"overlay-gradient\";s:0:\"\";}s:6:\"mobile\";a:12:{s:16:\"background-color\";s:0:\"\";s:16:\"background-image\";s:0:\"\";s:17:\"background-repeat\";s:6:\"repeat\";s:19:\"background-position\";s:13:\"center center\";s:15:\"background-size\";s:4:\"auto\";s:21:\"background-attachment\";s:6:\"scroll\";s:15:\"background-type\";s:0:\"\";s:16:\"background-media\";s:0:\"\";s:12:\"overlay-type\";s:0:\"\";s:13:\"overlay-color\";s:0:\"\";s:15:\"overlay-opacity\";s:0:\"\";s:16:\"overlay-gradient\";s:0:\"\";}}"],"ast-content-background-meta":["a:3:{s:7:\"desktop\";a:12:{s:16:\"background-color\";s:25:\"var(--ast-global-color-5)\";s:16:\"background-image\";s:0:\"\";s:17:\"background-repeat\";s:6:\"repeat\";s:19:\"background-position\";s:13:\"center center\";s:15:\"background-size\";s:4:\"auto\";s:21:\"background-attachment\";s:6:\"scroll\";s:15:\"background-type\";s:0:\"\";s:16:\"background-media\";s:0:\"\";s:12:\"overlay-type\";s:0:\"\";s:13:\"overlay-color\";s:0:\"\";s:15:\"overlay-opacity\";s:0:\"\";s:16:\"overlay-gradient\";s:0:\"\";}s:6:\"tablet\";a:12:{s:16:\"background-color\";s:25:\"var(--ast-global-color-5)\";s:16:\"background-image\";s:0:\"\";s:17:\"background-repeat\";s:6:\"repeat\";s:19:\"background-position\";s:13:\"center center\";s:15:\"background-size\";s:4:\"auto\";s:21:\"background-attachment\";s:6:\"scroll\";s:15:\"background-type\";s:0:\"\";s:16:\"background-media\";s:0:\"\";s:12:\"overlay-type\";s:0:\"\";s:13:\"overlay-color\";s:0:\"\";s:15:\"overlay-opacity\";s:0:\"\";s:16:\"overlay-gradient\";s:0:\"\";}s:6:\"mobile\";a:12:{s:16:\"background-color\";s:25:\"var(--ast-global-color-5)\";s:16:\"background-image\";s:0:\"\";s:17:\"background-repeat\";s:6:\"repeat\";s:19:\"background-position\";s:13:\"center center\";s:15:\"background-size\";s:4:\"auto\";s:21:\"background-attachment\";s:6:\"scroll\";s:15:\"background-type\";s:0:\"\";s:16:\"background-media\";s:0:\"\";s:12:\"overlay-type\";s:0:\"\";s:13:\"overlay-color\";s:0:\"\";s:15:\"overlay-opacity\";s:0:\"\";s:16:\"overlay-gradient\";s:0:\"\";}}"],"_edit_last":["1"],"_thumbnail_id":["2481"],"rank_math_robots":["a:1:{i:0;s:5:\"index\";}"],"rank_math_focus_keyword":["Pneumatic drilling rig for water wells"],"astra_style_timestamp_css":["1777567748"],"_uag_css_file_name":["uag-css-2479.css"],"_uag_page_assets":["a:9:{s:3:\"css\";s:260:\".uag-blocks-common-selector{z-index:var(--z-index-desktop) !important}@media(max-width: 976px){.uag-blocks-common-selector{z-index:var(--z-index-tablet) !important}}@media(max-width: 767px){.uag-blocks-common-selector{z-index:var(--z-index-mobile) !important}}\";s:2:\"js\";s:0:\"\";s:18:\"current_block_list\";a:12:{i:0;s:14:\"core\/paragraph\";i:1;s:12:\"core\/gallery\";i:2;s:10:\"core\/image\";i:3;s:12:\"core\/heading\";i:4;s:9:\"core\/list\";i:5;s:14:\"core\/list-item\";i:6;s:11:\"core\/search\";i:7;s:10:\"core\/group\";i:8;s:17:\"core\/latest-posts\";i:9;s:20:\"core\/latest-comments\";i:10;s:13:\"core\/archives\";i:11;s:15:\"core\/categories\";}s:8:\"uag_flag\";b:0;s:11:\"uag_version\";s:10:\"1778337502\";s:6:\"gfonts\";a:0:{}s:10:\"gfonts_url\";s:0:\"\";s:12:\"gfonts_files\";a:0:{}s:14:\"uag_faq_layout\";b:0;}"]},"uagb_featured_image_src":{"full":["https:\/\/antloader.com\/wp-content\/uploads\/2025\/05\/water-well-drilling-rig.webp",800,600,false],"thumbnail":["https:\/\/antloader.com\/wp-content\/uploads\/2025\/05\/water-well-drilling-rig-150x150.webp",150,150,true],"medium":["https:\/\/antloader.com\/wp-content\/uploads\/2025\/05\/water-well-drilling-rig-300x225.webp",300,225,true],"medium_large":["https:\/\/antloader.com\/wp-content\/uploads\/2025\/05\/water-well-drilling-rig-768x576.webp",768,576,true],"large":["https:\/\/antloader.com\/wp-content\/uploads\/2025\/05\/water-well-drilling-rig.webp",800,600,false],"1536x1536":["https:\/\/antloader.com\/wp-content\/uploads\/2025\/05\/water-well-drilling-rig.webp",800,600,false],"2048x2048":["https:\/\/antloader.com\/wp-content\/uploads\/2025\/05\/water-well-drilling-rig.webp",800,600,false],"trp-custom-language-flag":["https:\/\/antloader.com\/wp-content\/uploads\/2025\/05\/water-well-drilling-rig.webp",16,12,false]},"uagb_author_info":{"display_name":"admin","author_link":"https:\/\/antloader.com\/lt\/author\/"},"uagb_comment_info":0,"uagb_excerpt":"The QY Series water well drilling rig delivers lightweight versatility for rapid borehole completion in challenging environments. Engineered for water wells, agricultural irrigation systems, and multipurpose drilling projects, this rig excels in rocky terrains and unstable geological formations. Its advanced hydraulic system ensures reliable performance across diverse drilling methods, from rotary to percussion-rotary techniques. Core&hellip;","_links":{"self":[{"href":"https:\/\/antloader.com\/lt\/wp-json\/wp\/v2\/product\/2479","targetHints":{"allow":["GET"]}}],"collection":[{"href":"https:\/\/antloader.com\/lt\/wp-json\/wp\/v2\/product"}],"about":[{"href":"https:\/\/antloader.com\/lt\/wp-json\/wp\/v2\/types\/product"}],"wp:featuredmedia":[{"embeddable":true,"href":"https:\/\/antloader.com\/lt\/wp-json\/wp\/v2\/media\/2481"}],"wp:attachment":[{"href":"https:\/\/antloader.com\/lt\/wp-json\/wp\/v2\/media?parent=2479"}],"wp:term":[{"taxonomy":"catalog","embeddable":true,"href":"https:\/\/antloader.com\/lt\/wp-json\/wp\/v2\/catalog?post=2479"}],"curies":[{"name":"wp","href":"https:\/\/api.w.org\/{rel}","templated":true}]}}