{"id":2502,"date":"2025-05-26T12:37:49","date_gmt":"2025-05-26T12:37:49","guid":{"rendered":"https:\/\/www.antloader.com\/?post_type=product&#038;p=2502"},"modified":"2025-06-06T13:38:46","modified_gmt":"2025-06-06T13:38:46","slug":"qy200a-pneumatic-water-well-drilling-rig","status":"publish","type":"product","link":"https:\/\/antloader.com\/lt\/product\/qy200a-pneumatic-water-well-drilling-rig\/","title":{"rendered":"QY200A pneumatin\u0117 vandens gr\u0119\u017eini\u0173 gr\u0119\u017eimo \u012franga"},"content":{"rendered":"<figure class=\"wp-block-gallery has-nested-images columns-default is-cropped wp-block-gallery-1 is-layout-flex wp-block-gallery-is-layout-flex\">\n<figure class=\"wp-block-image size-large\"><img loading=\"lazy\" decoding=\"async\" width=\"800\" height=\"600\" data-id=\"2505\" src=\"https:\/\/www.antloader.com\/wp-content\/uploads\/2025\/05\/pneumatic-water-well-drill.webp\" alt=\"Pneumatinis vandens gr\u0119\u017eini\u0173 gr\u0105\u017etas\" class=\"wp-image-2505\" srcset=\"https:\/\/antloader.com\/wp-content\/uploads\/2025\/05\/pneumatic-water-well-drill.webp 800w, https:\/\/antloader.com\/wp-content\/uploads\/2025\/05\/pneumatic-water-well-drill-300x225.webp 300w, https:\/\/antloader.com\/wp-content\/uploads\/2025\/05\/pneumatic-water-well-drill-768x576.webp 768w\" sizes=\"auto, (max-width: 800px) 100vw, 800px\" \/><\/figure>\n\n\n\n<figure class=\"wp-block-image size-large\"><img loading=\"lazy\" decoding=\"async\" width=\"800\" height=\"600\" data-id=\"2504\" src=\"https:\/\/www.antloader.com\/wp-content\/uploads\/2025\/05\/portable-drilling-rig.webp\" alt=\"ne\u0161iojamasis gr\u0119\u017eimo \u012frenginys\" class=\"wp-image-2504\" srcset=\"https:\/\/antloader.com\/wp-content\/uploads\/2025\/05\/portable-drilling-rig.webp 800w, https:\/\/antloader.com\/wp-content\/uploads\/2025\/05\/portable-drilling-rig-300x225.webp 300w, https:\/\/antloader.com\/wp-content\/uploads\/2025\/05\/portable-drilling-rig-768x576.webp 768w\" sizes=\"auto, (max-width: 800px) 100vw, 800px\" \/><\/figure>\n\n\n\n<figure class=\"wp-block-image size-large\"><img loading=\"lazy\" decoding=\"async\" width=\"800\" height=\"600\" data-id=\"2503\" src=\"https:\/\/www.antloader.com\/wp-content\/uploads\/2025\/05\/air-powered-well-drilling.webp\" alt=\"pneumatinis gr\u0119\u017eini\u0173 gr\u0119\u017eimas\" class=\"wp-image-2503\" srcset=\"https:\/\/antloader.com\/wp-content\/uploads\/2025\/05\/air-powered-well-drilling.webp 800w, https:\/\/antloader.com\/wp-content\/uploads\/2025\/05\/air-powered-well-drilling-300x225.webp 300w, https:\/\/antloader.com\/wp-content\/uploads\/2025\/05\/air-powered-well-drilling-768x576.webp 768w\" sizes=\"auto, (max-width: 800px) 100vw, 800px\" \/><\/figure>\n<\/figure>\n\n\n\n<h2 class=\"wp-block-heading\"><strong>QY serijos hidraulinis vandens gr\u0119\u017eini\u0173 gr\u0119\u017eimo \u012frenginys<\/strong> <strong>Pagrindin\u0117s savyb\u0117s:<\/strong><\/h2>\n\n\n\n<ol start=\"1\" class=\"wp-block-list\">\n<li><strong>Visa hidraulinio valdymo sistema<\/strong><br>Visi\u0161kai hidraulinis valdymas u\u017etikrina patog\u0173 valdym\u0105 ir i\u0161skirtin\u012f mobilum\u0105, o 30%, palyginti su \u012fprastin\u0117mis platformomis, grei\u010diau persikelia \u012f darbo viet\u0105.<\/li>\n\n\n\n<li><strong>Didelio sukimo momento sukimo sistema<\/strong><br>\u012erengtas didel\u0117s galios hidraulinis variklis, i\u0161vystantis 8 500 N-m sukimo moment\u0105, tod\u0117l i\u0161laikomas optimalus stabilumas net ir kietose uolienose.<\/li>\n\n\n\n<li><strong>Pasirenkamas korpuso paauk\u0161tinimo rinkinys<\/strong><br>Patentuota korpuso ir gr\u0119\u017eimo \u012frankio technologija u\u017etikrina 45% greitesn\u012f skverbim\u0105si \u012f \u017evyro ir \u017evirg\u017edo sluoksnius, taip u\u017etikrinant nepriekai\u0161ting\u0105 gr\u0119\u017einio vientisum\u0105.<\/li>\n\n\n\n<li><strong>6 m teleskopinis stiebas (20 p\u0117d\u0173)<\/strong><br>I\u0161ple\u010diamo stiebo konstrukcija leid\u017eia gr\u0119\u017eti iki 300 m gylyje, tod\u0117l idealiai tinka giliems vandeningiesiems sluoksniams tirti \u012f pietus nuo Sacharos esan\u010diuose regionuose.<\/li>\n<\/ol>\n\n\n\n<h2 class=\"wp-block-heading\"><strong>Techniniai akcentai<\/strong><\/h2>\n\n\n\n<h3 class=\"wp-block-heading\"><strong>Daugiafunkcin\u0117 konfig\u016bracija<\/strong><\/h3>\n\n\n\n<p>Kompakti\u0161ka modulin\u0117 konstrukcija (2,5 tonos bazinis svoris) palaiko:<br>\u25b6 DTH gr\u0119\u017eimas plaktuku (su oro kompresoriumi)<br>\u25b6 Legiruoti gr\u0105\u017etai Rotacinis gr\u0119\u017eimas<br>\u25b6 Mink\u0161t\u0173 nuos\u0117d\u0173 gr\u0119\u017eimas sraigtiniu b\u016bdu<\/p>\n\n\n\n<h3 class=\"wp-block-heading\"><strong>I\u0161pl\u0117stin\u0117 hidraulin\u0117 architekt\u016bra<\/strong><\/h3>\n\n\n\n<p>120 mm skersmens tiekimo cilindras<br>Dviej\u0173 siurbli\u0173 hidraulin\u0117 sistema (45 l\/min + 25 l\/min)<br>360\u00b0 reguliuojamo kampo mechanizmas (\u00b115\u00b0 vertikali korekcija)<\/p>\n\n\n\n<h3 class=\"wp-block-heading\"><strong>Mobilumo galimyb\u0117s<\/strong><\/h3>\n\n\n\n<p>Vik\u0161rinis tvirtinimas: 1,2 m\/s va\u017eiavimo greitis, skirtas sud\u0117tingoms vietov\u0117ms<br>Priekabos tipas: Paruo\u0161ta va\u017eiuoti keliais su standartine priekaba<\/p>\n\n\n\n<h2 class=\"wp-block-heading\"><strong>Optimal\u016bs gr\u0119\u017eimo metodai Afrikoje<\/strong><\/h2>\n\n\n\n<h3 class=\"wp-block-heading\">\u2460\u00a0<strong>DTH gr\u0119\u017eimo plaktuku<\/strong><\/h3>\n\n\n\n<ul class=\"wp-block-list\">\n<li>Rekomenduojama: Bazaltiniai\/granitiniai dariniai<\/li>\n\n\n\n<li>Oro sl\u0117gis: 20-25 bar<\/li>\n\n\n\n<li>Filmuotos med\u017eiagos kiekis: 8-15 m\/val.<\/li>\n<\/ul>\n\n\n\n<h3 class=\"wp-block-heading\">\u2461\u00a0<strong>Volframo lydinio rotacinis gr\u0119\u017eimas<\/strong><\/h3>\n\n\n\n<ul class=\"wp-block-list\">\n<li>Idealiai tinka: Smiltainio ir kalkakmenio sluoksniai<\/li>\n\n\n\n<li>RPM diapazonas: 40-120<\/li>\n<\/ul>\n\n\n\n<h3 class=\"wp-block-heading\">\u2462\u00a0<strong>Sraigtinis gr\u0119\u017eimas<\/strong><\/h3>\n\n\n\n<ul class=\"wp-block-list\">\n<li>Geriausiai tinka: Aluvialiniai telkiniai ir mink\u0161ti dirvo\u017eemiai<\/li>\n\n\n\n<li>Sraig\u0117s skersmuo: 200-600 mm<\/li>\n<\/ul>\n\n\n\n<figure class=\"wp-block-table\"><table class=\"has-fixed-layout\"><tbody><tr><td rowspan=\"2\">Gr\u0119\u017eimo paj\u0117gumas<\/td><td>Gr\u0119\u017eimo gylis<\/td><td>200m<\/td><\/tr><tr><td>Gr\u0119\u017einio (gr\u0105\u017eto) skersmuo.<\/td><td>\u00d8115\uff5e\u00d8350mm<\/td><\/tr><tr><td rowspan=\"2\">Maitinimo sistema<\/td><td>K\u0117limo paj\u0117gumas<\/td><td>16 ton\u0173<\/td><\/tr><tr><td>St\u016bmimo paj\u0117gumas<\/td><td>8 tonos<\/td><\/tr><tr><td rowspan=\"2\">Pavaros galvut\u0117<\/td><td>Sukimosi greitis<\/td><td>60 ~ 140 aps\/min<\/td><\/tr><tr><td>Sukimo momentas<\/td><td>4000 ~ 2000 N.m<\/td><\/tr><tr><td rowspan=\"2\">Maitinimo blokas<\/td><td>Variklio modelis<\/td><td>Yunnei variklis YN33GB<\/td><\/tr><tr><td>Nominali galia ir greitis<\/td><td>55 kW \/ 2400 aps\/min<\/td><\/tr><tr><td colspan=\"2\">\u012eranki\u0173 gerv\u0117s talpa<\/td><td>0,9 tonos<\/td><\/tr><tr><td rowspan=\"2\">Gr\u0119\u017eimo vamzdis<\/td><td>Gr\u0119\u017eimo vamzd\u017eio skersmuo.<\/td><td>\u00d876\/ \u00d889 mm<\/td><\/tr><tr><td>Gr\u0119\u017eimo vamzd\u017eio ilgis<\/td><td>3000 mm<\/td><\/tr><tr><td rowspan=\"2\">Oro kompresorius<\/td><td>Oro s\u0105naudos<\/td><td>16\uff5e35m<sup>3<\/sup>\/min<\/td><\/tr><tr><td>Oro sl\u0117gis<\/td><td>10,5\uff5e24,6bar<\/td><\/tr><tr><td rowspan=\"2\">\u00a0Vik\u0161rin\u0117 va\u017eiuokl\u0117<\/td><td>\u0116jimo greitis<\/td><td>0\uff5e3 km\/h<\/td><\/tr><tr><td>Laipiojimo kampas<\/td><td>Did\u017eiausia. 25\u00b0<\/td><\/tr><tr><td rowspan=\"2\">Matmenys<\/td><td>Transportas<\/td><td>3400*1700*2300 mm<\/td><\/tr><tr><td>Darbas<\/td><td>3400*2500*6500 mm<\/td><\/tr><tr><td colspan=\"2\">Svoris<\/td><td>4000 kg<\/td><\/tr><\/tbody><\/table><\/figure>","protected":false},"featured_media":2503,"template":"","meta":{"_acf_changed":false,"_uag_custom_page_level_css":"","site-sidebar-layout":"default","site-content-layout":"","ast-site-content-layout":"default","site-content-style":"default","site-sidebar-style":"default","ast-global-header-display":"","ast-banner-title-visibility":"","ast-main-header-display":"","ast-hfb-above-header-display":"","ast-hfb-below-header-display":"","ast-hfb-mobile-header-display":"","site-post-title":"","ast-breadcrumbs-content":"","ast-featured-img":"","footer-sml-layout":"","ast-disable-related-posts":"","theme-transparent-header-meta":"","adv-header-id-meta":"","stick-header-meta":"","header-above-stick-meta":"","header-main-stick-meta":"","header-below-stick-meta":"","astra-migrate-meta-layouts":"set","ast-page-background-enabled":"default","ast-page-background-meta":{"desktop":{"background-color":"","background-image":"","background-repeat":"repeat","background-position":"center center","background-size":"auto","background-attachment":"scroll","background-type":"","background-media":"","overlay-type":"","overlay-color":"","overlay-opacity":"","overlay-gradient":""},"tablet":{"background-color":"","background-image":"","background-repeat":"repeat","background-position":"center center","background-size":"auto","background-attachment":"scroll","background-type":"","background-media":"","overlay-type":"","overlay-color":"","overlay-opacity":"","overlay-gradient":""},"mobile":{"background-color":"","background-image":"","background-repeat":"repeat","background-position":"center center","background-size":"auto","background-attachment":"scroll","background-type":"","background-media":"","overlay-type":"","overlay-color":"","overlay-opacity":"","overlay-gradient":""}},"ast-content-background-meta":{"desktop":{"background-color":"var(--ast-global-color-5)","background-image":"","background-repeat":"repeat","background-position":"center center","background-size":"auto","background-attachment":"scroll","background-type":"","background-media":"","overlay-type":"","overlay-color":"","overlay-opacity":"","overlay-gradient":""},"tablet":{"background-color":"var(--ast-global-color-5)","background-image":"","background-repeat":"repeat","background-position":"center center","background-size":"auto","background-attachment":"scroll","background-type":"","background-media":"","overlay-type":"","overlay-color":"","overlay-opacity":"","overlay-gradient":""},"mobile":{"background-color":"var(--ast-global-color-5)","background-image":"","background-repeat":"repeat","background-position":"center center","background-size":"auto","background-attachment":"scroll","background-type":"","background-media":"","overlay-type":"","overlay-color":"","overlay-opacity":"","overlay-gradient":""}}},"catalog":[16],"class_list":["post-2502","product","type-product","status-publish","has-post-thumbnail","hentry","catalog-water-well-drilling-rigs"],"acf":[],"spectra_custom_meta":{"_edit_lock":["1749217128:1"],"rank_math_seo_score":["16"],"rank_math_internal_links_processed":["1"],"_thumbnail_id":["2503"],"_acf_changed":[""],"_uag_custom_page_level_css":[""],"site-sidebar-layout":["default"],"site-content-layout":[""],"ast-site-content-layout":["default"],"site-content-style":["default"],"site-sidebar-style":["default"],"ast-global-header-display":[""],"ast-banner-title-visibility":[""],"ast-main-header-display":[""],"ast-hfb-above-header-display":[""],"ast-hfb-below-header-display":[""],"ast-hfb-mobile-header-display":[""],"site-post-title":[""],"ast-breadcrumbs-content":[""],"ast-featured-img":[""],"footer-sml-layout":[""],"theme-transparent-header-meta":[""],"adv-header-id-meta":[""],"stick-header-meta":[""],"header-above-stick-meta":[""],"header-main-stick-meta":[""],"header-below-stick-meta":[""],"astra-migrate-meta-layouts":["set"],"ast-page-background-enabled":["default"],"ast-page-background-meta":["a:3:{s:7:\"desktop\";a:12:{s:16:\"background-color\";s:0:\"\";s:16:\"background-image\";s:0:\"\";s:17:\"background-repeat\";s:6:\"repeat\";s:19:\"background-position\";s:13:\"center center\";s:15:\"background-size\";s:4:\"auto\";s:21:\"background-attachment\";s:6:\"scroll\";s:15:\"background-type\";s:0:\"\";s:16:\"background-media\";s:0:\"\";s:12:\"overlay-type\";s:0:\"\";s:13:\"overlay-color\";s:0:\"\";s:15:\"overlay-opacity\";s:0:\"\";s:16:\"overlay-gradient\";s:0:\"\";}s:6:\"tablet\";a:12:{s:16:\"background-color\";s:0:\"\";s:16:\"background-image\";s:0:\"\";s:17:\"background-repeat\";s:6:\"repeat\";s:19:\"background-position\";s:13:\"center center\";s:15:\"background-size\";s:4:\"auto\";s:21:\"background-attachment\";s:6:\"scroll\";s:15:\"background-type\";s:0:\"\";s:16:\"background-media\";s:0:\"\";s:12:\"overlay-type\";s:0:\"\";s:13:\"overlay-color\";s:0:\"\";s:15:\"overlay-opacity\";s:0:\"\";s:16:\"overlay-gradient\";s:0:\"\";}s:6:\"mobile\";a:12:{s:16:\"background-color\";s:0:\"\";s:16:\"background-image\";s:0:\"\";s:17:\"background-repeat\";s:6:\"repeat\";s:19:\"background-position\";s:13:\"center center\";s:15:\"background-size\";s:4:\"auto\";s:21:\"background-attachment\";s:6:\"scroll\";s:15:\"background-type\";s:0:\"\";s:16:\"background-media\";s:0:\"\";s:12:\"overlay-type\";s:0:\"\";s:13:\"overlay-color\";s:0:\"\";s:15:\"overlay-opacity\";s:0:\"\";s:16:\"overlay-gradient\";s:0:\"\";}}"],"ast-content-background-meta":["a:3:{s:7:\"desktop\";a:12:{s:16:\"background-color\";s:25:\"var(--ast-global-color-5)\";s:16:\"background-image\";s:0:\"\";s:17:\"background-repeat\";s:6:\"repeat\";s:19:\"background-position\";s:13:\"center center\";s:15:\"background-size\";s:4:\"auto\";s:21:\"background-attachment\";s:6:\"scroll\";s:15:\"background-type\";s:0:\"\";s:16:\"background-media\";s:0:\"\";s:12:\"overlay-type\";s:0:\"\";s:13:\"overlay-color\";s:0:\"\";s:15:\"overlay-opacity\";s:0:\"\";s:16:\"overlay-gradient\";s:0:\"\";}s:6:\"tablet\";a:12:{s:16:\"background-color\";s:25:\"var(--ast-global-color-5)\";s:16:\"background-image\";s:0:\"\";s:17:\"background-repeat\";s:6:\"repeat\";s:19:\"background-position\";s:13:\"center center\";s:15:\"background-size\";s:4:\"auto\";s:21:\"background-attachment\";s:6:\"scroll\";s:15:\"background-type\";s:0:\"\";s:16:\"background-media\";s:0:\"\";s:12:\"overlay-type\";s:0:\"\";s:13:\"overlay-color\";s:0:\"\";s:15:\"overlay-opacity\";s:0:\"\";s:16:\"overlay-gradient\";s:0:\"\";}s:6:\"mobile\";a:12:{s:16:\"background-color\";s:25:\"var(--ast-global-color-5)\";s:16:\"background-image\";s:0:\"\";s:17:\"background-repeat\";s:6:\"repeat\";s:19:\"background-position\";s:13:\"center center\";s:15:\"background-size\";s:4:\"auto\";s:21:\"background-attachment\";s:6:\"scroll\";s:15:\"background-type\";s:0:\"\";s:16:\"background-media\";s:0:\"\";s:12:\"overlay-type\";s:0:\"\";s:13:\"overlay-color\";s:0:\"\";s:15:\"overlay-opacity\";s:0:\"\";s:16:\"overlay-gradient\";s:0:\"\";}}"],"_edit_last":["1"],"astra_style_timestamp_css":["1777560258"],"rank_math_robots":["a:1:{i:0;s:5:\"index\";}"],"rank_math_focus_keyword":["Portable Pneumatic Water Well Drilling Rig"],"_uag_css_file_name":["uag-css-2502.css"],"_uag_page_assets":["a:9:{s:3:\"css\";s:260:\".uag-blocks-common-selector{z-index:var(--z-index-desktop) !important}@media(max-width: 976px){.uag-blocks-common-selector{z-index:var(--z-index-tablet) !important}}@media(max-width: 767px){.uag-blocks-common-selector{z-index:var(--z-index-mobile) !important}}\";s:2:\"js\";s:0:\"\";s:18:\"current_block_list\";a:13:{i:0;s:12:\"core\/gallery\";i:1;s:10:\"core\/image\";i:2;s:12:\"core\/heading\";i:3;s:9:\"core\/list\";i:4;s:14:\"core\/list-item\";i:5;s:14:\"core\/paragraph\";i:6;s:10:\"core\/table\";i:7;s:11:\"core\/search\";i:8;s:10:\"core\/group\";i:9;s:17:\"core\/latest-posts\";i:10;s:20:\"core\/latest-comments\";i:11;s:13:\"core\/archives\";i:12;s:15:\"core\/categories\";}s:8:\"uag_flag\";b:0;s:11:\"uag_version\";s:10:\"1778337502\";s:6:\"gfonts\";a:0:{}s:10:\"gfonts_url\";s:0:\"\";s:12:\"gfonts_files\";a:0:{}s:14:\"uag_faq_layout\";b:0;}"]},"uagb_featured_image_src":{"full":["https:\/\/antloader.com\/wp-content\/uploads\/2025\/05\/air-powered-well-drilling.webp",800,600,false],"thumbnail":["https:\/\/antloader.com\/wp-content\/uploads\/2025\/05\/air-powered-well-drilling-150x150.webp",150,150,true],"medium":["https:\/\/antloader.com\/wp-content\/uploads\/2025\/05\/air-powered-well-drilling-300x225.webp",300,225,true],"medium_large":["https:\/\/antloader.com\/wp-content\/uploads\/2025\/05\/air-powered-well-drilling-768x576.webp",768,576,true],"large":["https:\/\/antloader.com\/wp-content\/uploads\/2025\/05\/air-powered-well-drilling.webp",800,600,false],"1536x1536":["https:\/\/antloader.com\/wp-content\/uploads\/2025\/05\/air-powered-well-drilling.webp",800,600,false],"2048x2048":["https:\/\/antloader.com\/wp-content\/uploads\/2025\/05\/air-powered-well-drilling.webp",800,600,false],"trp-custom-language-flag":["https:\/\/antloader.com\/wp-content\/uploads\/2025\/05\/air-powered-well-drilling.webp",16,12,false]},"uagb_author_info":{"display_name":"admin","author_link":"https:\/\/antloader.com\/lt\/author\/"},"uagb_comment_info":0,"uagb_excerpt":"QY Series Hydraulic Water Well Drilling Rig Key Features: Technical Highlights Multi-Purpose Configuration Compact modular design (2.5-ton base weight) supports:\u25b6 DTH Hammer Drilling (with air compressor)\u25b6 Alloy Bit Rotary Drilling\u25b6 Auger Drilling for soft sediments Advanced Hydraulic Architecture 120mm Diameter Feed CylinderDual-Pump Hydraulic System (45L\/min + 25L\/min)360\u00b0 Adjustable Angle Mechanism (\u00b115\u00b0 vertical correction) Mobility Options&hellip;","_links":{"self":[{"href":"https:\/\/antloader.com\/lt\/wp-json\/wp\/v2\/product\/2502","targetHints":{"allow":["GET"]}}],"collection":[{"href":"https:\/\/antloader.com\/lt\/wp-json\/wp\/v2\/product"}],"about":[{"href":"https:\/\/antloader.com\/lt\/wp-json\/wp\/v2\/types\/product"}],"wp:featuredmedia":[{"embeddable":true,"href":"https:\/\/antloader.com\/lt\/wp-json\/wp\/v2\/media\/2503"}],"wp:attachment":[{"href":"https:\/\/antloader.com\/lt\/wp-json\/wp\/v2\/media?parent=2502"}],"wp:term":[{"taxonomy":"catalog","embeddable":true,"href":"https:\/\/antloader.com\/lt\/wp-json\/wp\/v2\/catalog?post=2502"}],"curies":[{"name":"wp","href":"https:\/\/api.w.org\/{rel}","templated":true}]}}