{"id":2513,"date":"2025-06-05T11:55:20","date_gmt":"2025-06-05T11:55:20","guid":{"rendered":"https:\/\/www.antloader.com\/?post_type=product&#038;p=2513"},"modified":"2025-06-06T13:31:55","modified_gmt":"2025-06-06T13:31:55","slug":"jy-2000-full-hydraulic-core-drill-rig","status":"publish","type":"product","link":"https:\/\/antloader.com\/lt\/product\/jy-2000-full-hydraulic-core-drill-rig\/","title":{"rendered":"JY-2000 Visi\u0161kai hidraulin\u0117 \u0161erdies gr\u0119\u017eimo \u012franga"},"content":{"rendered":"<p>Visi\u0161kai hidraulinis gr\u0119\u017eimo \u012frenginys JY-2000, sukurtas integruojant pa\u017eangias pasaulines gr\u0119\u017eimo technologijas, u\u017etikrina neprilygstam\u0105 na\u0161um\u0105 ekstremaliomis geologin\u0117mis s\u0105lygomis. \u0160is gr\u0119\u017eimo \u012frenginys, sukurtas giluminei nauding\u0173j\u0173 i\u0161kasen\u0173 \u017evalgybai ir sud\u0117tingiems in\u017eineriniams projektams, suderina hidraulin\u012f tikslum\u0105 ir tvirt\u0105 patikimum\u0105.<\/p>\n\n\n\n<figure class=\"wp-block-gallery has-nested-images columns-default is-cropped wp-block-gallery-1 is-layout-flex wp-block-gallery-is-layout-flex\">\n<figure class=\"wp-block-image size-large\"><img loading=\"lazy\" decoding=\"async\" width=\"800\" height=\"600\" data-id=\"2512\" src=\"https:\/\/www.antloader.com\/wp-content\/uploads\/2025\/06\/Full-Hydraulic-Core-Drill-Rig.webp\" alt=\"Visi\u0161kai hidraulinis \u0161erdies gr\u0119\u017eimo \u012frenginys\" class=\"wp-image-2512\" srcset=\"https:\/\/antloader.com\/wp-content\/uploads\/2025\/06\/Full-Hydraulic-Core-Drill-Rig.webp 800w, https:\/\/antloader.com\/wp-content\/uploads\/2025\/06\/Full-Hydraulic-Core-Drill-Rig-300x225.webp 300w, https:\/\/antloader.com\/wp-content\/uploads\/2025\/06\/Full-Hydraulic-Core-Drill-Rig-768x576.webp 768w\" sizes=\"auto, (max-width: 800px) 100vw, 800px\" \/><\/figure>\n\n\n\n<figure class=\"wp-block-image size-large\"><img loading=\"lazy\" decoding=\"async\" width=\"800\" height=\"600\" data-id=\"2511\" src=\"https:\/\/www.antloader.com\/wp-content\/uploads\/2025\/06\/hydraulic-core-drill-rig.webp\" alt=\"hidraulinis \u0161erdies gr\u0119\u017eimo \u012frenginys\" class=\"wp-image-2511\" srcset=\"https:\/\/antloader.com\/wp-content\/uploads\/2025\/06\/hydraulic-core-drill-rig.webp 800w, https:\/\/antloader.com\/wp-content\/uploads\/2025\/06\/hydraulic-core-drill-rig-300x225.webp 300w, https:\/\/antloader.com\/wp-content\/uploads\/2025\/06\/hydraulic-core-drill-rig-768x576.webp 768w\" sizes=\"auto, (max-width: 800px) 100vw, 800px\" \/><\/figure>\n\n\n\n<figure class=\"wp-block-image size-large\"><img loading=\"lazy\" decoding=\"async\" width=\"800\" height=\"589\" data-id=\"2510\" src=\"https:\/\/www.antloader.com\/wp-content\/uploads\/2025\/06\/borehole-drilling-equipmen.webp\" alt=\"gr\u0119\u017eini\u0173 gr\u0119\u017eimo \u012franga\" class=\"wp-image-2510\" srcset=\"https:\/\/antloader.com\/wp-content\/uploads\/2025\/06\/borehole-drilling-equipmen.webp 800w, https:\/\/antloader.com\/wp-content\/uploads\/2025\/06\/borehole-drilling-equipmen-300x221.webp 300w, https:\/\/antloader.com\/wp-content\/uploads\/2025\/06\/borehole-drilling-equipmen-768x565.webp 768w\" sizes=\"auto, (max-width: 800px) 100vw, 800px\" \/><\/figure>\n\n\n\n<figure class=\"wp-block-image size-large\"><img loading=\"lazy\" decoding=\"async\" width=\"800\" height=\"600\" data-id=\"2509\" src=\"https:\/\/www.antloader.com\/wp-content\/uploads\/2025\/06\/core-drilling-equipment.webp\" alt=\"\u0161erdinio gr\u0119\u017eimo \u012franga\" class=\"wp-image-2509\" srcset=\"https:\/\/antloader.com\/wp-content\/uploads\/2025\/06\/core-drilling-equipment.webp 800w, https:\/\/antloader.com\/wp-content\/uploads\/2025\/06\/core-drilling-equipment-300x225.webp 300w, https:\/\/antloader.com\/wp-content\/uploads\/2025\/06\/core-drilling-equipment-768x576.webp 768w\" sizes=\"auto, (max-width: 800px) 100vw, 800px\" \/><\/figure>\n<\/figure>\n\n\n\n<p>Giluminio gr\u0119\u017eimo sprendimas su 5000 N-m sukimo momentu ir i\u0161maniuoju valdymu<\/p>\n\n\n\n<h2 class=\"wp-block-heading\"><strong>\"Breakthrough Engineering\" funkcijos:<\/strong><\/h2>\n\n\n\n<ol start=\"1\" class=\"wp-block-list\">\n<li><strong>Grynai hidraulin\u0117 pavaros sistema<\/strong>\n<ul class=\"wp-block-list\">\n<li>Pl\u016bduriuojan\u010dio veleno konstrukcija +\u00a0<strong>3 m ilgio gr\u0119\u017eimo strypai<\/strong><\/li>\n\n\n\n<li>A\u0161iniai st\u016bmokliniai siurbliai ir lenktos a\u0161ies st\u016bmokliniai varikliai<\/li>\n<\/ul>\n<\/li>\n\n\n\n<li><strong>I\u0161manusis gr\u0119\u017eimo valdymas<\/strong>\n<ul class=\"wp-block-list\">\n<li>2 pavar\u0173 transmisija + tolygus grei\u010dio reguliavimas<\/li>\n\n\n\n<li><strong>Did\u017eiausia. Did\u017eiausias sukimo momentas: Did\u017eiausias sukimo momentas: 5 000 N-m<\/strong>\u00a0(pirmaujanti kiet\u0173j\u0173 uolien\u0173 sektoriuje)<\/li>\n<\/ul>\n<\/li>\n\n\n\n<li><strong>I\u0161pl\u0117stin\u0117 stiebo konfig\u016bracija<\/strong>\n<ul class=\"wp-block-list\">\n<li>Hidraulinis \u0161oninis poslinkis (1 200 mm diapazonas)<\/li>\n\n\n\n<li><strong>45-90\u00b0 daugiakampis gr\u0119\u017eimas<\/strong>\u00a0galimyb\u0117s<\/li>\n<\/ul>\n<\/li>\n\n\n\n<li><strong>Optimizuotas na\u0161umas<\/strong>\n<ul class=\"wp-block-list\">\n<li>Apkrovos jutiklin\u0117 hidraulin\u0117 sistema<\/li>\n\n\n\n<li>Grandininis dvigubo grei\u010dio padavimo mechanizmas (3,5 m eiga)<\/li>\n<\/ul>\n<\/li>\n<\/ol>\n\n\n\n<h2 class=\"wp-block-heading\"><strong>Svarbiausi veiklos privalumai<\/strong><\/h2>\n\n\n\n<ul class=\"wp-block-list\">\n<li><strong>Belaidis nuotoliniu b\u016bdu valdomas vik\u0161rinis krautuvas<\/strong>\n<ul class=\"wp-block-list\">\n<li>25\u00b0 nuolydis ir 3 km\/val. va\u017eiavimo greitis<\/li>\n\n\n\n<li>50 m saugos kontrol\u0117s spindulys<\/li>\n<\/ul>\n<\/li>\n\n\n\n<li><strong>Automatinio diegimo sistemos<\/strong>\n<ul class=\"wp-block-list\">\n<li>Hidraulinis medienos arkli\u0173 spaustuvas (\u00d875\/89\/115 mm)<\/li>\n\n\n\n<li>Savaime i\u0161silyginantys statrams\u010diai (15\u00b0 nuolyd\u017eio pritaikymas)<\/li>\n<\/ul>\n<\/li>\n\n\n\n<li><strong>Greitas s\u0105rankos projektavimas<\/strong>\n<ul class=\"wp-block-list\">\n<li>Teleskopinis stiebas (8,1 m auk\u0161tis)<\/li>\n<\/ul>\n<\/li>\n<\/ul>\n\n\n\n<h2 class=\"wp-block-heading\">Technini\u0173 specifikacij\u0173 lentel\u0117<\/h2>\n\n\n\n<figure class=\"wp-block-table\"><table class=\"has-fixed-layout\"><thead><tr><th><strong>Parametr\u0173 kategorija<\/strong><\/th><th><strong>Specifikacija<\/strong><\/th><th><strong>Vert\u0117<\/strong><\/th><\/tr><\/thead><tbody><tr><td><strong>\u012erangos modelis<\/strong><\/td><td><\/td><td>JY-2000<\/td><\/tr><tr><td><strong>Gr\u0119\u017eimo paj\u0117gumai<\/strong><\/td><td>BTW Gylis (m)<\/td><td>2,200<\/td><\/tr><tr><td><\/td><td>NTW gylis (m)<\/td><td>2,000<\/td><\/tr><tr><td><\/td><td>HTW gylis (m)<\/td><td>1,800<\/td><\/tr><tr><td><strong>Hidraulin\u0117 sistema<\/strong><\/td><td>Pagrindinis siurblys<\/td><td>190 ml\/r @ 32 MPa<\/td><\/tr><tr><td><\/td><td>Pagalbinis siurblys<\/td><td>80 ml\/r @ 25 MPa<\/td><\/tr><tr><td><\/td><td>Au\u0161inimas<\/td><td>Oras + vanduo<\/td><\/tr><tr><td><strong>Variklis (pasirinktinai)<\/strong><\/td><td>Modelis<\/td><td>\"Weichai\" 6 cilindr\u0173<\/td><\/tr><tr><td><\/td><td>Maitinimas<\/td><td>176 kW<\/td><\/tr><tr><td><\/td><td>Greitis<\/td><td>2 200 apsisukim\u0173 per minut\u0119<\/td><\/tr><tr><td><strong>Maitinimo galvut\u0117<\/strong><\/td><td>Did\u017eiausia. Sukimo momentas<\/td><td><strong>5 000 N-m<\/strong><\/td><\/tr><tr><td><\/td><td>Did\u017eiausia. Greitis<\/td><td>1 400 apsisukim\u0173 per minut\u0119<\/td><\/tr><tr><td><\/td><td>Maitinimo sm\u016bgis<\/td><td>3.5 m<\/td><\/tr><tr><td><\/td><td>Atsitraukimo j\u0117ga<\/td><td>600 kN<\/td><\/tr><tr><td><\/td><td>Maitinimo j\u0117ga<\/td><td>300 kN<\/td><\/tr><tr><td><strong>Vielin\u0117 gerv\u0117<\/strong><\/td><td>Linijos paj\u0117gumas<\/td><td>2,000 m<\/td><\/tr><tr><td><\/td><td>Linijos traukimas<\/td><td>45 kN<\/td><\/tr><tr><td><\/td><td>K\u0117limo greitis<\/td><td>110 m\/min<\/td><\/tr><tr><td><\/td><td>Virv\u0117s skersmuo<\/td><td>\u00d86 mm<\/td><\/tr><tr><td><strong>Stiebas<\/strong><\/td><td>Darbinis auk\u0161tis<\/td><td>8.1 m<\/td><\/tr><tr><td><\/td><td>Gr\u0119\u017eimo kampas<\/td><td><strong>45-90\u00b0<\/strong><\/td><\/tr><tr><td><\/td><td>\u0160oninis poslinkis<\/td><td>1 200 mm<\/td><\/tr><tr><td><strong>Transportas<\/strong><\/td><td>Matmenys (D\u00d7\u0160\u00d7V)<\/td><td>6 100 \u00d7 2 200 \u00d7 2 500 mm<\/td><\/tr><tr><td><\/td><td>Svoris<\/td><td><strong>12 ton\u0173<\/strong>&nbsp;(26 400 svar\u0173)<\/td><\/tr><\/tbody><\/table><\/figure>","protected":false},"featured_media":2511,"template":"","meta":{"_acf_changed":false,"_uag_custom_page_level_css":"","site-sidebar-layout":"default","site-content-layout":"","ast-site-content-layout":"default","site-content-style":"default","site-sidebar-style":"default","ast-global-header-display":"","ast-banner-title-visibility":"","ast-main-header-display":"","ast-hfb-above-header-display":"","ast-hfb-below-header-display":"","ast-hfb-mobile-header-display":"","site-post-title":"","ast-breadcrumbs-content":"","ast-featured-img":"","footer-sml-layout":"","ast-disable-related-posts":"","theme-transparent-header-meta":"","adv-header-id-meta":"","stick-header-meta":"","header-above-stick-meta":"","header-main-stick-meta":"","header-below-stick-meta":"","astra-migrate-meta-layouts":"set","ast-page-background-enabled":"default","ast-page-background-meta":{"desktop":{"background-color":"","background-image":"","background-repeat":"repeat","background-position":"center center","background-size":"auto","background-attachment":"scroll","background-type":"","background-media":"","overlay-type":"","overlay-color":"","overlay-opacity":"","overlay-gradient":""},"tablet":{"background-color":"","background-image":"","background-repeat":"repeat","background-position":"center center","background-size":"auto","background-attachment":"scroll","background-type":"","background-media":"","overlay-type":"","overlay-color":"","overlay-opacity":"","overlay-gradient":""},"mobile":{"background-color":"","background-image":"","background-repeat":"repeat","background-position":"center center","background-size":"auto","background-attachment":"scroll","background-type":"","background-media":"","overlay-type":"","overlay-color":"","overlay-opacity":"","overlay-gradient":""}},"ast-content-background-meta":{"desktop":{"background-color":"var(--ast-global-color-5)","background-image":"","background-repeat":"repeat","background-position":"center center","background-size":"auto","background-attachment":"scroll","background-type":"","background-media":"","overlay-type":"","overlay-color":"","overlay-opacity":"","overlay-gradient":""},"tablet":{"background-color":"var(--ast-global-color-5)","background-image":"","background-repeat":"repeat","background-position":"center center","background-size":"auto","background-attachment":"scroll","background-type":"","background-media":"","overlay-type":"","overlay-color":"","overlay-opacity":"","overlay-gradient":""},"mobile":{"background-color":"var(--ast-global-color-5)","background-image":"","background-repeat":"repeat","background-position":"center center","background-size":"auto","background-attachment":"scroll","background-type":"","background-media":"","overlay-type":"","overlay-color":"","overlay-opacity":"","overlay-gradient":""}}},"catalog":[6],"class_list":["post-2513","product","type-product","status-publish","has-post-thumbnail","hentry","catalog-hydraulic-drilling-rigs"],"acf":[],"spectra_custom_meta":{"_edit_lock":["1749216717:1"],"rank_math_seo_score":["69"],"rank_math_internal_links_processed":["1"],"_thumbnail_id":["2511"],"_acf_changed":[""],"_uag_custom_page_level_css":[""],"site-sidebar-layout":["default"],"site-content-layout":[""],"ast-site-content-layout":["default"],"site-content-style":["default"],"site-sidebar-style":["default"],"ast-global-header-display":[""],"ast-banner-title-visibility":[""],"ast-main-header-display":[""],"ast-hfb-above-header-display":[""],"ast-hfb-below-header-display":[""],"ast-hfb-mobile-header-display":[""],"site-post-title":[""],"ast-breadcrumbs-content":[""],"ast-featured-img":[""],"footer-sml-layout":[""],"theme-transparent-header-meta":[""],"adv-header-id-meta":[""],"stick-header-meta":[""],"header-above-stick-meta":[""],"header-main-stick-meta":[""],"header-below-stick-meta":[""],"astra-migrate-meta-layouts":["set"],"ast-page-background-enabled":["default"],"ast-page-background-meta":["a:3:{s:7:\"desktop\";a:12:{s:16:\"background-color\";s:0:\"\";s:16:\"background-image\";s:0:\"\";s:17:\"background-repeat\";s:6:\"repeat\";s:19:\"background-position\";s:13:\"center center\";s:15:\"background-size\";s:4:\"auto\";s:21:\"background-attachment\";s:6:\"scroll\";s:15:\"background-type\";s:0:\"\";s:16:\"background-media\";s:0:\"\";s:12:\"overlay-type\";s:0:\"\";s:13:\"overlay-color\";s:0:\"\";s:15:\"overlay-opacity\";s:0:\"\";s:16:\"overlay-gradient\";s:0:\"\";}s:6:\"tablet\";a:12:{s:16:\"background-color\";s:0:\"\";s:16:\"background-image\";s:0:\"\";s:17:\"background-repeat\";s:6:\"repeat\";s:19:\"background-position\";s:13:\"center center\";s:15:\"background-size\";s:4:\"auto\";s:21:\"background-attachment\";s:6:\"scroll\";s:15:\"background-type\";s:0:\"\";s:16:\"background-media\";s:0:\"\";s:12:\"overlay-type\";s:0:\"\";s:13:\"overlay-color\";s:0:\"\";s:15:\"overlay-opacity\";s:0:\"\";s:16:\"overlay-gradient\";s:0:\"\";}s:6:\"mobile\";a:12:{s:16:\"background-color\";s:0:\"\";s:16:\"background-image\";s:0:\"\";s:17:\"background-repeat\";s:6:\"repeat\";s:19:\"background-position\";s:13:\"center center\";s:15:\"background-size\";s:4:\"auto\";s:21:\"background-attachment\";s:6:\"scroll\";s:15:\"background-type\";s:0:\"\";s:16:\"background-media\";s:0:\"\";s:12:\"overlay-type\";s:0:\"\";s:13:\"overlay-color\";s:0:\"\";s:15:\"overlay-opacity\";s:0:\"\";s:16:\"overlay-gradient\";s:0:\"\";}}"],"ast-content-background-meta":["a:3:{s:7:\"desktop\";a:12:{s:16:\"background-color\";s:25:\"var(--ast-global-color-5)\";s:16:\"background-image\";s:0:\"\";s:17:\"background-repeat\";s:6:\"repeat\";s:19:\"background-position\";s:13:\"center center\";s:15:\"background-size\";s:4:\"auto\";s:21:\"background-attachment\";s:6:\"scroll\";s:15:\"background-type\";s:0:\"\";s:16:\"background-media\";s:0:\"\";s:12:\"overlay-type\";s:0:\"\";s:13:\"overlay-color\";s:0:\"\";s:15:\"overlay-opacity\";s:0:\"\";s:16:\"overlay-gradient\";s:0:\"\";}s:6:\"tablet\";a:12:{s:16:\"background-color\";s:25:\"var(--ast-global-color-5)\";s:16:\"background-image\";s:0:\"\";s:17:\"background-repeat\";s:6:\"repeat\";s:19:\"background-position\";s:13:\"center center\";s:15:\"background-size\";s:4:\"auto\";s:21:\"background-attachment\";s:6:\"scroll\";s:15:\"background-type\";s:0:\"\";s:16:\"background-media\";s:0:\"\";s:12:\"overlay-type\";s:0:\"\";s:13:\"overlay-color\";s:0:\"\";s:15:\"overlay-opacity\";s:0:\"\";s:16:\"overlay-gradient\";s:0:\"\";}s:6:\"mobile\";a:12:{s:16:\"background-color\";s:25:\"var(--ast-global-color-5)\";s:16:\"background-image\";s:0:\"\";s:17:\"background-repeat\";s:6:\"repeat\";s:19:\"background-position\";s:13:\"center center\";s:15:\"background-size\";s:4:\"auto\";s:21:\"background-attachment\";s:6:\"scroll\";s:15:\"background-type\";s:0:\"\";s:16:\"background-media\";s:0:\"\";s:12:\"overlay-type\";s:0:\"\";s:13:\"overlay-color\";s:0:\"\";s:15:\"overlay-opacity\";s:0:\"\";s:16:\"overlay-gradient\";s:0:\"\";}}"],"_edit_last":["1"],"astra_style_timestamp_css":["1777599247"],"rank_math_robots":["a:1:{i:0;s:5:\"index\";}"],"rank_math_focus_keyword":["Full Hydraulic Core Drill Rig"],"_uag_css_file_name":["uag-css-2513.css"],"_uag_page_assets":["a:9:{s:3:\"css\";s:260:\".uag-blocks-common-selector{z-index:var(--z-index-desktop) !important}@media(max-width: 976px){.uag-blocks-common-selector{z-index:var(--z-index-tablet) !important}}@media(max-width: 767px){.uag-blocks-common-selector{z-index:var(--z-index-mobile) !important}}\";s:2:\"js\";s:0:\"\";s:18:\"current_block_list\";a:13:{i:0;s:14:\"core\/paragraph\";i:1;s:12:\"core\/gallery\";i:2;s:10:\"core\/image\";i:3;s:12:\"core\/heading\";i:4;s:9:\"core\/list\";i:5;s:14:\"core\/list-item\";i:6;s:10:\"core\/table\";i:7;s:11:\"core\/search\";i:8;s:10:\"core\/group\";i:9;s:17:\"core\/latest-posts\";i:10;s:20:\"core\/latest-comments\";i:11;s:13:\"core\/archives\";i:12;s:15:\"core\/categories\";}s:8:\"uag_flag\";b:0;s:11:\"uag_version\";s:10:\"1778337502\";s:6:\"gfonts\";a:0:{}s:10:\"gfonts_url\";s:0:\"\";s:12:\"gfonts_files\";a:0:{}s:14:\"uag_faq_layout\";b:0;}"]},"uagb_featured_image_src":{"full":["https:\/\/antloader.com\/wp-content\/uploads\/2025\/06\/hydraulic-core-drill-rig.webp",800,600,false],"thumbnail":["https:\/\/antloader.com\/wp-content\/uploads\/2025\/06\/hydraulic-core-drill-rig-150x150.webp",150,150,true],"medium":["https:\/\/antloader.com\/wp-content\/uploads\/2025\/06\/hydraulic-core-drill-rig-300x225.webp",300,225,true],"medium_large":["https:\/\/antloader.com\/wp-content\/uploads\/2025\/06\/hydraulic-core-drill-rig-768x576.webp",768,576,true],"large":["https:\/\/antloader.com\/wp-content\/uploads\/2025\/06\/hydraulic-core-drill-rig.webp",800,600,false],"1536x1536":["https:\/\/antloader.com\/wp-content\/uploads\/2025\/06\/hydraulic-core-drill-rig.webp",800,600,false],"2048x2048":["https:\/\/antloader.com\/wp-content\/uploads\/2025\/06\/hydraulic-core-drill-rig.webp",800,600,false],"trp-custom-language-flag":["https:\/\/antloader.com\/wp-content\/uploads\/2025\/06\/hydraulic-core-drill-rig.webp",16,12,false]},"uagb_author_info":{"display_name":"admin","author_link":"https:\/\/antloader.com\/lt\/author\/"},"uagb_comment_info":0,"uagb_excerpt":"Developed through advanced global drilling technology integration, the JY-2000 Full Hydraulic Core Drill Rig delivers unparalleled performance in extreme geological conditions. Engineered for deep mineral exploration and complex engineering projects, this rig combines hydraulic precision with rugged reliability. Deep-Core Drilling Solution with 5000N\u00b7m Torque &amp; Intelligent Control Breakthrough Engineering Features: Critical Operational Advantages Technical Specifications&hellip;","_links":{"self":[{"href":"https:\/\/antloader.com\/lt\/wp-json\/wp\/v2\/product\/2513","targetHints":{"allow":["GET"]}}],"collection":[{"href":"https:\/\/antloader.com\/lt\/wp-json\/wp\/v2\/product"}],"about":[{"href":"https:\/\/antloader.com\/lt\/wp-json\/wp\/v2\/types\/product"}],"wp:featuredmedia":[{"embeddable":true,"href":"https:\/\/antloader.com\/lt\/wp-json\/wp\/v2\/media\/2511"}],"wp:attachment":[{"href":"https:\/\/antloader.com\/lt\/wp-json\/wp\/v2\/media?parent=2513"}],"wp:term":[{"taxonomy":"catalog","embeddable":true,"href":"https:\/\/antloader.com\/lt\/wp-json\/wp\/v2\/catalog?post=2513"}],"curies":[{"name":"wp","href":"https:\/\/api.w.org\/{rel}","templated":true}]}}