{"id":2517,"date":"2025-06-05T13:09:36","date_gmt":"2025-06-05T13:09:36","guid":{"rendered":"https:\/\/www.antloader.com\/?post_type=product&#038;p=2517"},"modified":"2025-06-05T13:15:52","modified_gmt":"2025-06-05T13:15:52","slug":"portable-full-hydraulic-core-drill-rig-jy600q","status":"publish","type":"product","link":"https:\/\/antloader.com\/lt\/product\/portable-full-hydraulic-core-drill-rig-jy600q\/","title":{"rendered":"Ne\u0161iojamoji hidraulin\u0117 \u0161erdies gr\u0119\u017eimo \u012franga JY600Q"},"content":{"rendered":"<p><strong>Ne\u0161iojamoji \u0161erdies gr\u0119\u017eimo \u012franga JY600Q<\/strong>\u00a0skirtas vidutinio gylio vielini\u0173 kabeli\u0173 gr\u0119\u017eimo operacijoms. Jis yra lengvos modulin\u0117s konstrukcijos, tod\u0117l lauko brigados j\u012f gali transportuoti rankomis.<\/p>\n\n\n\n<figure class=\"wp-block-gallery has-nested-images columns-default is-cropped wp-block-gallery-1 is-layout-flex wp-block-gallery-is-layout-flex\">\n<figure class=\"wp-block-image size-large\"><img loading=\"lazy\" decoding=\"async\" width=\"800\" height=\"600\" data-id=\"2518\" src=\"https:\/\/www.antloader.com\/wp-content\/uploads\/2025\/06\/Portable-Core-Drill-Rig-JY600Q.webp\" alt=\"Ne\u0161iojamoji \u0161erdies gr\u0119\u017eimo \u012franga JY600Q\" class=\"wp-image-2518\" srcset=\"https:\/\/antloader.com\/wp-content\/uploads\/2025\/06\/Portable-Core-Drill-Rig-JY600Q.webp 800w, https:\/\/antloader.com\/wp-content\/uploads\/2025\/06\/Portable-Core-Drill-Rig-JY600Q-300x225.webp 300w, https:\/\/antloader.com\/wp-content\/uploads\/2025\/06\/Portable-Core-Drill-Rig-JY600Q-768x576.webp 768w\" sizes=\"auto, (max-width: 800px) 100vw, 800px\" \/><\/figure>\n\n\n\n<figure class=\"wp-block-image size-large\"><img loading=\"lazy\" decoding=\"async\" width=\"800\" height=\"600\" data-id=\"2519\" src=\"https:\/\/www.antloader.com\/wp-content\/uploads\/2025\/06\/Dual-Engine-Hydraulic-Drive-Drill-Rig.webp\" alt=\"Dviej\u0173 varikli\u0173 hidraulin\u0117s pavaros gr\u0119\u017eimo \u012frenginys\" class=\"wp-image-2519\" srcset=\"https:\/\/antloader.com\/wp-content\/uploads\/2025\/06\/Dual-Engine-Hydraulic-Drive-Drill-Rig.webp 800w, https:\/\/antloader.com\/wp-content\/uploads\/2025\/06\/Dual-Engine-Hydraulic-Drive-Drill-Rig-300x225.webp 300w, https:\/\/antloader.com\/wp-content\/uploads\/2025\/06\/Dual-Engine-Hydraulic-Drive-Drill-Rig-768x576.webp 768w\" sizes=\"auto, (max-width: 800px) 100vw, 800px\" \/><\/figure>\n\n\n\n<figure class=\"wp-block-image size-large\"><img loading=\"lazy\" decoding=\"async\" width=\"800\" height=\"600\" data-id=\"2520\" src=\"https:\/\/www.antloader.com\/wp-content\/uploads\/2025\/06\/Portable-Core-Drill-Rig.webp\" alt=\"Ne\u0161iojamoji \u0161erdies gr\u0119\u017eimo statyba\" class=\"wp-image-2520\" srcset=\"https:\/\/antloader.com\/wp-content\/uploads\/2025\/06\/Portable-Core-Drill-Rig.webp 800w, https:\/\/antloader.com\/wp-content\/uploads\/2025\/06\/Portable-Core-Drill-Rig-300x225.webp 300w, https:\/\/antloader.com\/wp-content\/uploads\/2025\/06\/Portable-Core-Drill-Rig-768x576.webp 768w\" sizes=\"auto, (max-width: 800px) 100vw, 800px\" \/><\/figure>\n<\/figure>\n\n\n\n<h2 class=\"wp-block-heading\"><strong>Ne\u0161iojamoji \u0161erdies gr\u0119\u017eimo statyba<\/strong> <strong>Pagrindin\u0117s specifikacijos ir funkcijos:<\/strong><\/h2>\n\n\n\n<ol start=\"1\" class=\"wp-block-list\">\n<li><strong>Dviej\u0173 varikli\u0173 hidraulin\u0117 pavara:<\/strong>\u00a0Dviej\u0173 Kubota dyzelini\u0173 varikli\u0173 varomas patikimas hidraulinis valdymas.<\/li>\n\n\n\n<li><strong>Didelis sukimo momentas ir tikslus valdymas:<\/strong>\u00a0Pristato iki\u00a0<strong>1 200 N.m maksimalus sukimo momentas<\/strong>\u00a0su\u00a0<strong>2 grei\u010di\u0173 pavar\u0173 d\u0117\u017e\u0117 + tolygus grei\u010dio reguliavimas<\/strong>.<\/li>\n\n\n\n<li><strong>I\u0161pl\u0117stin\u0117 hidraulin\u0117 sistema:<\/strong>\u00a0Varomi a\u0161iniais st\u016bmokliniais siurbliais ir didelio efektyvumo lenktos a\u0161ies st\u016bmokliniais varikliais.<\/li>\n\n\n\n<li><strong>\u012evair\u016bs gr\u0119\u017eimo kampai:<\/strong>\u00a0\u012erengtas\u00a0<strong>galin\u0117s galvut\u0117s \u0161oninio poslinkio mechanizmas<\/strong>\u00a0ir\u00a0<strong>hidrauliniu cilindru valdomas stiebas<\/strong>\u00a0galima visi\u0161kai reguliuoti slankiuoju b\u016bdu, kad b\u016bt\u0173 galima gr\u0119\u017eti 45\u00b0-90\u00b0 kampu.<\/li>\n<\/ol>\n\n\n\n<p><strong>JY-600Q technin\u0117s specifikacijos<\/strong><\/p>\n\n\n\n<figure class=\"wp-block-table\"><table class=\"has-fixed-layout\"><thead><tr><th>Parametr\u0173 kategorija<\/th><th>Specifikacija Prek\u0117<\/th><th>Vert\u0117 \/ apra\u0161ymas<\/th><\/tr><\/thead><tbody><tr><td><strong>Gr\u0119\u017eimo \u012frenginio modelis<\/strong><\/td><td><\/td><td>JY-600Q<\/td><\/tr><tr><td><\/td><td><\/td><td><\/td><\/tr><tr><td><strong>Gr\u0119\u017eimo paj\u0117gumas (m)<\/strong><\/td><td>BTW (m)<\/td><td>650<\/td><\/tr><tr><td><\/td><td>NTW (m)<\/td><td>600<\/td><\/tr><tr><td><\/td><td>HTW (m)<\/td><td>400<\/td><\/tr><tr><td><\/td><td>NQ (m)<\/td><td>\/<\/td><\/tr><tr><td><\/td><td><\/td><td><\/td><\/tr><tr><td><strong>Hidraulin\u0117 sistema<\/strong><\/td><td>Nominalusis sl\u0117gis (MPa)<\/td><td>31,5 + 31,5 + 31,5 + 20 + 20 (daugiagret\u0117)<\/td><\/tr><tr><td><\/td><td>Au\u0161inimo sistema<\/td><td>Au\u0161inimas vandeniu<\/td><\/tr><tr><td><\/td><td><\/td><td><\/td><\/tr><tr><td><strong>Variklio parametrai<\/strong><\/td><td>Modelis<\/td><td>\"Kubota\" 4 cilindr\u0173 dyzelinis variklis (x2 vienetai)<\/td><\/tr><tr><td><\/td><td>Nominalioji galia (kW)<\/td><td>49,2 * 2 (i\u0161 viso: 98,4 kW)<\/td><\/tr><tr><td><\/td><td>Nominalusis greitis (r\/min)<\/td><td>2700<\/td><\/tr><tr><td><\/td><td><\/td><td><\/td><\/tr><tr><td><strong>Maitinimo galvut\u0117s parametrai<\/strong><\/td><td>Did\u017eiausia. Sukimo momentas (N.m)<\/td><td>1200<\/td><\/tr><tr><td><\/td><td>Did\u017eiausia. Greitis (r\/min)<\/td><td>1100<\/td><\/tr><tr><td><\/td><td>Padavimo eiga (mm)<\/td><td>1800<\/td><\/tr><tr><td><\/td><td>Tarpin\u0117s skyl\u0117s skersmuo (mm)<\/td><td>95<\/td><\/tr><tr><td><\/td><td>Atsitraukimo j\u0117ga (kN)<\/td><td>100<\/td><\/tr><tr><td><\/td><td>Padavimo j\u0117ga (kN)<\/td><td>75<\/td><\/tr><tr><td><\/td><td><\/td><td><\/td><\/tr><tr><td><strong>Vielin\u0117s gerv\u0117s params<\/strong><\/td><td>Virv\u0117s talpa (m)<\/td><td>800<\/td><\/tr><tr><td><\/td><td>K\u0117limo j\u0117ga (kN)<\/td><td>15<\/td><\/tr><tr><td><\/td><td>K\u0117limo greitis (m\/min)<\/td><td>110<\/td><\/tr><tr><td><\/td><td>Vielinio lyno skersmuo (mm)<\/td><td>6<\/td><\/tr><tr><td><\/td><td><\/td><td><\/td><\/tr><tr><td><strong>Stieb\u0173 parametrai<\/strong><\/td><td>Pilnas auk\u0161tis (m)<\/td><td>5.8<\/td><\/tr><tr><td><\/td><td>Gr\u0119\u017eimo kampo diapazonas (\u00b0)<\/td><td>45 &#8211; 90<\/td><\/tr><tr><td><\/td><td>\u0160oninio poslinkio eiga (mm)<\/td><td>\/<\/td><\/tr><tr><td><\/td><td><\/td><td><\/td><\/tr><tr><td><strong>Strypo spaustuko parametrai<\/strong><\/td><td>Did\u017eiausia. Strypo skersmuo (mm)<\/td><td>130 (laisvoji anga)<\/td><\/tr><tr><td><\/td><td><\/td><td><\/td><\/tr><tr><td><strong>Nar\u0161ykl\u0117s parametrai<\/strong><\/td><td>Did\u017eiausia. Nuolydis (\u00b0)<\/td><td>30 (pasirinktinai)<\/td><\/tr><tr><td><em>(pasirinktin\u0117 konfig\u016bracija)<\/em><\/td><td>Did\u017eiausia. Va\u017eiavimo greitis (km\/h)<\/td><td>2 (pasirinktinai)<\/td><\/tr><tr><td><\/td><td>Apkrovos talpa (t)<\/td><td>5 (pasirinktinai)<\/td><\/tr><tr><td><\/td><td><\/td><td><\/td><\/tr><tr><td><strong>Transportavimo matmenys<\/strong><\/td><td>D \u00d7 \u0160 \u00d7 V (mm)<\/td><td><em>(Rekomenduojame prid\u0117ti duomen\u0173)<\/em><\/td><\/tr><tr><td><strong>Bendras svoris<\/strong><\/td><td><\/td><td><em>(Rekomenduojame prid\u0117ti duomen\u0173)<\/em><\/td><\/tr><\/tbody><\/table><\/figure>","protected":false},"featured_media":2518,"template":"","meta":{"_acf_changed":false,"_uag_custom_page_level_css":"","site-sidebar-layout":"default","site-content-layout":"","ast-site-content-layout":"default","site-content-style":"default","site-sidebar-style":"default","ast-global-header-display":"","ast-banner-title-visibility":"","ast-main-header-display":"","ast-hfb-above-header-display":"","ast-hfb-below-header-display":"","ast-hfb-mobile-header-display":"","site-post-title":"","ast-breadcrumbs-content":"","ast-featured-img":"","footer-sml-layout":"","ast-disable-related-posts":"","theme-transparent-header-meta":"","adv-header-id-meta":"","stick-header-meta":"","header-above-stick-meta":"","header-main-stick-meta":"","header-below-stick-meta":"","astra-migrate-meta-layouts":"set","ast-page-background-enabled":"default","ast-page-background-meta":{"desktop":{"background-color":"","background-image":"","background-repeat":"repeat","background-position":"center center","background-size":"auto","background-attachment":"scroll","background-type":"","background-media":"","overlay-type":"","overlay-color":"","overlay-opacity":"","overlay-gradient":""},"tablet":{"background-color":"","background-image":"","background-repeat":"repeat","background-position":"center center","background-size":"auto","background-attachment":"scroll","background-type":"","background-media":"","overlay-type":"","overlay-color":"","overlay-opacity":"","overlay-gradient":""},"mobile":{"background-color":"","background-image":"","background-repeat":"repeat","background-position":"center center","background-size":"auto","background-attachment":"scroll","background-type":"","background-media":"","overlay-type":"","overlay-color":"","overlay-opacity":"","overlay-gradient":""}},"ast-content-background-meta":{"desktop":{"background-color":"var(--ast-global-color-5)","background-image":"","background-repeat":"repeat","background-position":"center center","background-size":"auto","background-attachment":"scroll","background-type":"","background-media":"","overlay-type":"","overlay-color":"","overlay-opacity":"","overlay-gradient":""},"tablet":{"background-color":"var(--ast-global-color-5)","background-image":"","background-repeat":"repeat","background-position":"center center","background-size":"auto","background-attachment":"scroll","background-type":"","background-media":"","overlay-type":"","overlay-color":"","overlay-opacity":"","overlay-gradient":""},"mobile":{"background-color":"var(--ast-global-color-5)","background-image":"","background-repeat":"repeat","background-position":"center center","background-size":"auto","background-attachment":"scroll","background-type":"","background-media":"","overlay-type":"","overlay-color":"","overlay-opacity":"","overlay-gradient":""}}},"catalog":[6],"class_list":["post-2517","product","type-product","status-publish","has-post-thumbnail","hentry","catalog-hydraulic-drilling-rigs"],"acf":[],"spectra_custom_meta":{"_edit_lock":["1749129354:1"],"rank_math_seo_score":["55"],"rank_math_internal_links_processed":["1"],"_thumbnail_id":["2518"],"_acf_changed":[""],"_uag_custom_page_level_css":[""],"site-sidebar-layout":["default"],"site-content-layout":[""],"ast-site-content-layout":["default"],"site-content-style":["default"],"site-sidebar-style":["default"],"ast-global-header-display":[""],"ast-banner-title-visibility":[""],"ast-main-header-display":[""],"ast-hfb-above-header-display":[""],"ast-hfb-below-header-display":[""],"ast-hfb-mobile-header-display":[""],"site-post-title":[""],"ast-breadcrumbs-content":[""],"ast-featured-img":[""],"footer-sml-layout":[""],"theme-transparent-header-meta":[""],"adv-header-id-meta":[""],"stick-header-meta":[""],"header-above-stick-meta":[""],"header-main-stick-meta":[""],"header-below-stick-meta":[""],"astra-migrate-meta-layouts":["set"],"ast-page-background-enabled":["default"],"ast-page-background-meta":["a:3:{s:7:\"desktop\";a:12:{s:16:\"background-color\";s:0:\"\";s:16:\"background-image\";s:0:\"\";s:17:\"background-repeat\";s:6:\"repeat\";s:19:\"background-position\";s:13:\"center center\";s:15:\"background-size\";s:4:\"auto\";s:21:\"background-attachment\";s:6:\"scroll\";s:15:\"background-type\";s:0:\"\";s:16:\"background-media\";s:0:\"\";s:12:\"overlay-type\";s:0:\"\";s:13:\"overlay-color\";s:0:\"\";s:15:\"overlay-opacity\";s:0:\"\";s:16:\"overlay-gradient\";s:0:\"\";}s:6:\"tablet\";a:12:{s:16:\"background-color\";s:0:\"\";s:16:\"background-image\";s:0:\"\";s:17:\"background-repeat\";s:6:\"repeat\";s:19:\"background-position\";s:13:\"center center\";s:15:\"background-size\";s:4:\"auto\";s:21:\"background-attachment\";s:6:\"scroll\";s:15:\"background-type\";s:0:\"\";s:16:\"background-media\";s:0:\"\";s:12:\"overlay-type\";s:0:\"\";s:13:\"overlay-color\";s:0:\"\";s:15:\"overlay-opacity\";s:0:\"\";s:16:\"overlay-gradient\";s:0:\"\";}s:6:\"mobile\";a:12:{s:16:\"background-color\";s:0:\"\";s:16:\"background-image\";s:0:\"\";s:17:\"background-repeat\";s:6:\"repeat\";s:19:\"background-position\";s:13:\"center center\";s:15:\"background-size\";s:4:\"auto\";s:21:\"background-attachment\";s:6:\"scroll\";s:15:\"background-type\";s:0:\"\";s:16:\"background-media\";s:0:\"\";s:12:\"overlay-type\";s:0:\"\";s:13:\"overlay-color\";s:0:\"\";s:15:\"overlay-opacity\";s:0:\"\";s:16:\"overlay-gradient\";s:0:\"\";}}"],"ast-content-background-meta":["a:3:{s:7:\"desktop\";a:12:{s:16:\"background-color\";s:25:\"var(--ast-global-color-5)\";s:16:\"background-image\";s:0:\"\";s:17:\"background-repeat\";s:6:\"repeat\";s:19:\"background-position\";s:13:\"center center\";s:15:\"background-size\";s:4:\"auto\";s:21:\"background-attachment\";s:6:\"scroll\";s:15:\"background-type\";s:0:\"\";s:16:\"background-media\";s:0:\"\";s:12:\"overlay-type\";s:0:\"\";s:13:\"overlay-color\";s:0:\"\";s:15:\"overlay-opacity\";s:0:\"\";s:16:\"overlay-gradient\";s:0:\"\";}s:6:\"tablet\";a:12:{s:16:\"background-color\";s:25:\"var(--ast-global-color-5)\";s:16:\"background-image\";s:0:\"\";s:17:\"background-repeat\";s:6:\"repeat\";s:19:\"background-position\";s:13:\"center center\";s:15:\"background-size\";s:4:\"auto\";s:21:\"background-attachment\";s:6:\"scroll\";s:15:\"background-type\";s:0:\"\";s:16:\"background-media\";s:0:\"\";s:12:\"overlay-type\";s:0:\"\";s:13:\"overlay-color\";s:0:\"\";s:15:\"overlay-opacity\";s:0:\"\";s:16:\"overlay-gradient\";s:0:\"\";}s:6:\"mobile\";a:12:{s:16:\"background-color\";s:25:\"var(--ast-global-color-5)\";s:16:\"background-image\";s:0:\"\";s:17:\"background-repeat\";s:6:\"repeat\";s:19:\"background-position\";s:13:\"center center\";s:15:\"background-size\";s:4:\"auto\";s:21:\"background-attachment\";s:6:\"scroll\";s:15:\"background-type\";s:0:\"\";s:16:\"background-media\";s:0:\"\";s:12:\"overlay-type\";s:0:\"\";s:13:\"overlay-color\";s:0:\"\";s:15:\"overlay-opacity\";s:0:\"\";s:16:\"overlay-gradient\";s:0:\"\";}}"],"_edit_last":["1"],"astra_style_timestamp_css":["1777609178"],"rank_math_robots":["a:1:{i:0;s:5:\"index\";}"],"rank_math_focus_keyword":["Portable Full Hydraulic Core Drill Rig"],"_uag_css_file_name":["uag-css-2517.css"],"_uag_page_assets":["a:9:{s:3:\"css\";s:260:\".uag-blocks-common-selector{z-index:var(--z-index-desktop) !important}@media(max-width: 976px){.uag-blocks-common-selector{z-index:var(--z-index-tablet) !important}}@media(max-width: 767px){.uag-blocks-common-selector{z-index:var(--z-index-mobile) !important}}\";s:2:\"js\";s:0:\"\";s:18:\"current_block_list\";a:13:{i:0;s:14:\"core\/paragraph\";i:1;s:12:\"core\/gallery\";i:2;s:10:\"core\/image\";i:3;s:12:\"core\/heading\";i:4;s:9:\"core\/list\";i:5;s:14:\"core\/list-item\";i:6;s:10:\"core\/table\";i:7;s:11:\"core\/search\";i:8;s:10:\"core\/group\";i:9;s:17:\"core\/latest-posts\";i:10;s:20:\"core\/latest-comments\";i:11;s:13:\"core\/archives\";i:12;s:15:\"core\/categories\";}s:8:\"uag_flag\";b:0;s:11:\"uag_version\";s:10:\"1778337502\";s:6:\"gfonts\";a:0:{}s:10:\"gfonts_url\";s:0:\"\";s:12:\"gfonts_files\";a:0:{}s:14:\"uag_faq_layout\";b:0;}"]},"uagb_featured_image_src":{"full":["https:\/\/antloader.com\/wp-content\/uploads\/2025\/06\/Portable-Core-Drill-Rig-JY600Q.webp",800,600,false],"thumbnail":["https:\/\/antloader.com\/wp-content\/uploads\/2025\/06\/Portable-Core-Drill-Rig-JY600Q-150x150.webp",150,150,true],"medium":["https:\/\/antloader.com\/wp-content\/uploads\/2025\/06\/Portable-Core-Drill-Rig-JY600Q-300x225.webp",300,225,true],"medium_large":["https:\/\/antloader.com\/wp-content\/uploads\/2025\/06\/Portable-Core-Drill-Rig-JY600Q-768x576.webp",768,576,true],"large":["https:\/\/antloader.com\/wp-content\/uploads\/2025\/06\/Portable-Core-Drill-Rig-JY600Q.webp",800,600,false],"1536x1536":["https:\/\/antloader.com\/wp-content\/uploads\/2025\/06\/Portable-Core-Drill-Rig-JY600Q.webp",800,600,false],"2048x2048":["https:\/\/antloader.com\/wp-content\/uploads\/2025\/06\/Portable-Core-Drill-Rig-JY600Q.webp",800,600,false],"trp-custom-language-flag":["https:\/\/antloader.com\/wp-content\/uploads\/2025\/06\/Portable-Core-Drill-Rig-JY600Q.webp",16,12,false]},"uagb_author_info":{"display_name":"admin","author_link":"https:\/\/antloader.com\/lt\/author\/"},"uagb_comment_info":0,"uagb_excerpt":"Portable Core Drill Rig JY600Q\u00a0is engineered for medium-depth wireline coring operations. Featuring a lightweight modular design, it can be manually transported by field crews. Portable Core Drill Rig Key Specifications &amp; Features: JY-600Q Technical Specifications Parameter Category Specification Item Value \/ Description Drill Rig Model JY-600Q Drilling Capacity (m) BTW (m) 650 NTW (m) 600&hellip;","_links":{"self":[{"href":"https:\/\/antloader.com\/lt\/wp-json\/wp\/v2\/product\/2517","targetHints":{"allow":["GET"]}}],"collection":[{"href":"https:\/\/antloader.com\/lt\/wp-json\/wp\/v2\/product"}],"about":[{"href":"https:\/\/antloader.com\/lt\/wp-json\/wp\/v2\/types\/product"}],"wp:featuredmedia":[{"embeddable":true,"href":"https:\/\/antloader.com\/lt\/wp-json\/wp\/v2\/media\/2518"}],"wp:attachment":[{"href":"https:\/\/antloader.com\/lt\/wp-json\/wp\/v2\/media?parent=2517"}],"wp:term":[{"taxonomy":"catalog","embeddable":true,"href":"https:\/\/antloader.com\/lt\/wp-json\/wp\/v2\/catalog?post=2517"}],"curies":[{"name":"wp","href":"https:\/\/api.w.org\/{rel}","templated":true}]}}