{"id":2572,"date":"2025-06-18T12:55:48","date_gmt":"2025-06-18T12:55:48","guid":{"rendered":"https:\/\/www.antloader.com\/?post_type=product&#038;p=2572"},"modified":"2025-06-18T13:06:48","modified_gmt":"2025-06-18T13:06:48","slug":"xy-3-core-exploration-drill-rig-high-torque-geological-sampling-system","status":"publish","type":"product","link":"https:\/\/antloader.com\/lt\/product\/xy-3-core-exploration-drill-rig-high-torque-geological-sampling-system\/","title":{"rendered":"XY-3 \u0161erdies \u017evalgymo gr\u0119\u017eimo statyba | Didelio sukimo momento geologini\u0173 m\u0117gini\u0173 \u0117mimo sistema"},"content":{"rendered":"<figure class=\"wp-block-gallery has-nested-images columns-default is-cropped wp-block-gallery-1 is-layout-flex wp-block-gallery-is-layout-flex\">\n<figure class=\"wp-block-image size-large\"><img loading=\"lazy\" decoding=\"async\" width=\"800\" height=\"600\" data-id=\"2573\" src=\"https:\/\/www.antloader.com\/wp-content\/uploads\/2025\/06\/geological-exploration-equipment.webp\" alt=\"geologini\u0173 tyrim\u0173 \u012franga\" class=\"wp-image-2573\" srcset=\"https:\/\/antloader.com\/wp-content\/uploads\/2025\/06\/geological-exploration-equipment.webp 800w, https:\/\/antloader.com\/wp-content\/uploads\/2025\/06\/geological-exploration-equipment-300x225.webp 300w, https:\/\/antloader.com\/wp-content\/uploads\/2025\/06\/geological-exploration-equipment-768x576.webp 768w, https:\/\/antloader.com\/wp-content\/uploads\/2025\/06\/geological-exploration-equipment-16x12.webp 16w\" sizes=\"auto, (max-width: 800px) 100vw, 800px\" \/><\/figure>\n\n\n\n<figure class=\"wp-block-image size-large\"><img loading=\"lazy\" decoding=\"async\" width=\"800\" height=\"600\" data-id=\"2574\" src=\"https:\/\/www.antloader.com\/wp-content\/uploads\/2025\/06\/hydraulic-chuck-drill-rig.webp\" alt=\"hidraulinio griebtuvo gr\u0119\u017eimo \u012frenginys\" class=\"wp-image-2574\" srcset=\"https:\/\/antloader.com\/wp-content\/uploads\/2025\/06\/hydraulic-chuck-drill-rig.webp 800w, https:\/\/antloader.com\/wp-content\/uploads\/2025\/06\/hydraulic-chuck-drill-rig-300x225.webp 300w, https:\/\/antloader.com\/wp-content\/uploads\/2025\/06\/hydraulic-chuck-drill-rig-768x576.webp 768w, https:\/\/antloader.com\/wp-content\/uploads\/2025\/06\/hydraulic-chuck-drill-rig-16x12.webp 16w\" sizes=\"auto, (max-width: 800px) 100vw, 800px\" \/><\/figure>\n\n\n\n<figure class=\"wp-block-image size-large\"><img loading=\"lazy\" decoding=\"async\" width=\"800\" height=\"600\" data-id=\"2575\" src=\"https:\/\/www.antloader.com\/wp-content\/uploads\/2025\/06\/deep-borehole-coring.webp\" alt=\"gili\u0173 gr\u0119\u017eini\u0173 gr\u0119\u017eimas\" class=\"wp-image-2575\" srcset=\"https:\/\/antloader.com\/wp-content\/uploads\/2025\/06\/deep-borehole-coring.webp 800w, https:\/\/antloader.com\/wp-content\/uploads\/2025\/06\/deep-borehole-coring-300x225.webp 300w, https:\/\/antloader.com\/wp-content\/uploads\/2025\/06\/deep-borehole-coring-768x576.webp 768w, https:\/\/antloader.com\/wp-content\/uploads\/2025\/06\/deep-borehole-coring-16x12.webp 16w\" sizes=\"auto, (max-width: 800px) 100vw, 800px\" \/><\/figure>\n\n\n\n<figure class=\"wp-block-image size-large\"><img loading=\"lazy\" decoding=\"async\" width=\"800\" height=\"600\" data-id=\"2576\" src=\"https:\/\/www.antloader.com\/wp-content\/uploads\/2025\/06\/core-drilling-rig-1.webp\" alt=\"\u0161erdinio gr\u0119\u017eimo \u012frenginys\" class=\"wp-image-2576\" srcset=\"https:\/\/antloader.com\/wp-content\/uploads\/2025\/06\/core-drilling-rig-1.webp 800w, https:\/\/antloader.com\/wp-content\/uploads\/2025\/06\/core-drilling-rig-1-300x225.webp 300w, https:\/\/antloader.com\/wp-content\/uploads\/2025\/06\/core-drilling-rig-1-768x576.webp 768w, https:\/\/antloader.com\/wp-content\/uploads\/2025\/06\/core-drilling-rig-1-16x12.webp 16w\" sizes=\"auto, (max-width: 800px) 100vw, 800px\" \/><\/figure>\n<\/figure>\n\n\n\n<h2 class=\"wp-block-heading\">Technin\u0117s specifikacijos ir pagrindin\u0117s funkcijos<\/h2>\n\n\n\n<h3 class=\"wp-block-heading\"><strong>1. Automobilin\u0117s klas\u0117s transmisijos ir maitinimo sistemos<\/strong><\/h3>\n\n\n\n<p><strong>MW525 Sunkve\u017eimio transmisijos mazgas<\/strong>: Tvirtas sukimo momento perdavimas ir veikimo patikimumas esant didel\u0117ms apkrovoms.<\/p>\n\n\n\n<p><strong>Yunnei 490 dyzelini\u0173 varikli\u0173 galios paketas<\/strong>: Funkcijos\u00a0<strong>10 pavar\u0173 d\u0117\u017e\u0117<\/strong>\u00a0su optimaliu s\u016bki\u0173 da\u017enio diapazonu, skirtu \u012fvairiapusiam gr\u0119\u017eimui.<\/p>\n\n\n\n<p><strong>Nuotolinis pavar\u0173 perjungimo valdymas<\/strong>: Centralizuota konsol\u0117 leid\u017eia efektyviai reguliuoti greit\u012f ir suma\u017einti operatoriaus nuovarg\u012f.<\/p>\n\n\n\n<h3 class=\"wp-block-heading\"><strong>2. Geresnis gr\u0119\u017eimo na\u0161umas<\/strong><\/h3>\n\n\n\n<p><strong>Didel\u0117s galios paj\u0117gumas<\/strong>: Sukurta sud\u0117tingoms formoms su\u00a0<strong>Dviej\u0173 grei\u010di\u0173 reverso funkcija<\/strong>\u00a0avariniam stryp\u0173 atk\u016brimui.<\/p>\n\n\n\n<p><strong>Dideli\u0173 matmen\u0173 verpst\u0117s per skyl\u0119<\/strong>: Galima naudoti didesnius \u0161e\u0161iakampius gr\u0119\u017eimo vamzd\u017eius (iki __ mm), kad b\u016bt\u0173 galima imti gili\u0173 \u0161erd\u017ei\u0173 m\u0117ginius.<\/p>\n\n\n\n<h3 class=\"wp-block-heading\"><strong>3. Ergonomi\u0161kas ir \u012f saug\u0105 orientuotas dizainas<\/strong><\/h3>\n\n\n\n<p><strong>Centralizuotas valdymo pultas<\/strong>: Intuityviai i\u0161d\u0117stytos svirtys leid\u017eia tiksliai gr\u0119\u017eti vienu operatoriumi.<\/p>\n\n\n\n<p><strong>Spyruoklinis hidraulinis griebtuvas<\/strong>: Saugus prispaudimo mechanizmas u\u017etikrina gr\u0119\u017eimo strypo stabilum\u0105 tvarkant stryp\u0105.<\/p>\n\n\n\n<p><strong>Nepriklausomos operacijos<\/strong>: Vienalaikis valdymas\u00a0<strong>suklio sukimasis<\/strong>\u00a0ir\u00a0<strong>gerv\u0117s padavimas<\/strong>\u00a0maksimaliai padidina efektyvum\u0105.<\/p>\n\n\n\n<h2 class=\"wp-block-heading\">Kritin\u0117s programos<\/h2>\n\n\n\n<ul class=\"wp-block-list\">\n<li><strong>Mineralini\u0173 i\u0161tekli\u0173 \u017evalgyba<\/strong>: \u0160erdies m\u0117gini\u0173 \u0117mimas i\u0161 sud\u0117ting\u0173 litologini\u0173 sluoksni\u0173 (3-10 klas\u0117)<\/li>\n\n\n\n<li><strong>Geotechniniai tyrimai<\/strong>: Pamat\u0173 bandymai ir \u0161lait\u0173 stabilumo analiz\u0117<\/li>\n\n\n\n<li><strong>Giluminis branduolio i\u0161gavimas<\/strong>: Gr\u0119\u017einiai iki __m gylio (galima konfig\u016bruoti vietoje)<\/li>\n\n\n\n<li><strong>\u017dvalgomasis gr\u0119\u017eimas<\/strong>: Anglies, aukso ir vario atsarg\u0173 tikrinimas<\/li>\n<\/ul>\n\n\n\n<h2 class=\"wp-block-heading\">In\u017eineriniai privalumai<\/h2>\n\n\n\n<ul class=\"wp-block-list\">\n<li><strong>Didelis sukimo momentas<\/strong>: 30% didesnis nei pramon\u0117s standartai sud\u0117tingoms uolienoms<\/li>\n\n\n\n<li><strong>Suma\u017eintas prastov\u0173 laikas<\/strong>: Dvi atbulin\u0117s eigos pavaros leid\u017eia greitai pa\u0161alinti kam\u0161\u010dius<\/li>\n\n\n\n<li><strong>ISO reikalavimus atitinkanti sauga<\/strong>: Spyruoklinis laikiklis apsaugo nuo atsitiktinio strypo i\u0161metimo<\/li>\n<\/ul>\n\n\n\n<figure class=\"wp-block-table\"><table class=\"has-fixed-layout\"><tbody><tr><td>Gr\u0119\u017eimo gylis (m)<\/td><td>100 250 300 600m<\/td><\/tr><tr><td>Atviros angos skersmuo (mm)<\/td><td>300 200 150 75 mm<\/td><\/tr><tr><td>Did\u017eiausias atidarymo skersmuo (mm)<\/td><td>300 mm<\/td><\/tr><tr><td>Galin\u0117s skyl\u0117s skersmuo (mm)<\/td><td>75 mm<\/td><\/tr><tr><td>Gr\u0119\u017eimo strypo skersmuo (mm)<\/td><td>60 mm<\/td><\/tr><tr><td>gr\u0119\u017eimo kampas (\u00b0)<\/td><td>90\u00b0~65\u00b0<\/td><\/tr><tr><td>Matmenys\uff08mm\uff09<\/td><td>2500 x 900 x 1800 mm<\/td><\/tr><tr><td>Svoris be maitinimo\uff08kg)<\/td><td>1600 kg<\/td><\/tr><tr><td colspan=\"2\">Suklys<\/td><\/tr><tr><td rowspan=\"3\">Greitis\uff08r\/min\uff09<\/td><td>L\u0117tas greitis: 30\u300153\u300188\u3001145\u3001222r\/min<\/td><\/tr><tr><td>High speed\uff1a143\u3001250\u3001414\u3001684\u30011050r\/min<\/td><\/tr><tr><td>Reversas\uff1a 29, 137r\/min<\/td><\/tr><tr><td>Eiga (mm)<\/td><td>600 mm<\/td><\/tr><tr><td>Vertikaliojo veleno kiaurym\u0117s skersmuo<\/td><td>96 mm<\/td><\/tr><tr><td>Did\u017eiausia vertikaliojo veleno keliamoji j\u0117ga<\/td><td>6000 kg<\/td><\/tr><tr><td colspan=\"2\">Matmenys<\/td><\/tr><tr><td>Vieno lyno keliamoji j\u0117ga (kg)<\/td><td>4500 kg<\/td><\/tr><tr><td>K\u0117limo greitis galvut\u0117 (m\/min)<\/td><td>0,5-1,9 m\/s&nbsp;<\/td><\/tr><tr><td>Virv\u0117s skersmuo (mm)<\/td><td>12,5 mm<\/td><\/tr><tr><td>Ritinio talpa (m)<\/td><td>50m<\/td><\/tr><tr><td>Stabd\u017ei\u0173 b\u016bgno skersmuo<\/td><td>300 mm<\/td><\/tr><tr><td>Vart\u0173 juostos plotis<\/td><td>90 mm<\/td><\/tr><tr><td colspan=\"2\">Alyvos siurblys<\/td><\/tr><tr><td>Alyvos siurblio tipas<\/td><td>CBF-F63\/25<\/td><\/tr><tr><td>Priekinis plotas, sl\u0117gis<\/td><td>63 L\/min 20Mpa<\/td><\/tr><tr><td>I\u0161st\u016bmimo sl\u0117gis<\/td><td>25 L\/min 20Mpa<\/td><\/tr><tr><td colspan=\"2\">Maitinimas<\/td><\/tr><tr><td>Dyzelinis variklis<\/td><td>42 kW<\/td><\/tr><tr><td>Nominalusis sukimosi greitis<\/td><td>2400 aps\/min<\/td><\/tr><\/tbody><\/table><\/figure>","protected":false},"featured_media":2576,"template":"","meta":{"_acf_changed":false,"_uag_custom_page_level_css":"","site-sidebar-layout":"default","site-content-layout":"","ast-site-content-layout":"default","site-content-style":"default","site-sidebar-style":"default","ast-global-header-display":"","ast-banner-title-visibility":"","ast-main-header-display":"","ast-hfb-above-header-display":"","ast-hfb-below-header-display":"","ast-hfb-mobile-header-display":"","site-post-title":"","ast-breadcrumbs-content":"","ast-featured-img":"","footer-sml-layout":"","ast-disable-related-posts":"","theme-transparent-header-meta":"","adv-header-id-meta":"","stick-header-meta":"","header-above-stick-meta":"","header-main-stick-meta":"","header-below-stick-meta":"","astra-migrate-meta-layouts":"set","ast-page-background-enabled":"default","ast-page-background-meta":{"desktop":{"background-color":"","background-image":"","background-repeat":"repeat","background-position":"center center","background-size":"auto","background-attachment":"scroll","background-type":"","background-media":"","overlay-type":"","overlay-color":"","overlay-opacity":"","overlay-gradient":""},"tablet":{"background-color":"","background-image":"","background-repeat":"repeat","background-position":"center center","background-size":"auto","background-attachment":"scroll","background-type":"","background-media":"","overlay-type":"","overlay-color":"","overlay-opacity":"","overlay-gradient":""},"mobile":{"background-color":"","background-image":"","background-repeat":"repeat","background-position":"center center","background-size":"auto","background-attachment":"scroll","background-type":"","background-media":"","overlay-type":"","overlay-color":"","overlay-opacity":"","overlay-gradient":""}},"ast-content-background-meta":{"desktop":{"background-color":"var(--ast-global-color-5)","background-image":"","background-repeat":"repeat","background-position":"center center","background-size":"auto","background-attachment":"scroll","background-type":"","background-media":"","overlay-type":"","overlay-color":"","overlay-opacity":"","overlay-gradient":""},"tablet":{"background-color":"var(--ast-global-color-5)","background-image":"","background-repeat":"repeat","background-position":"center center","background-size":"auto","background-attachment":"scroll","background-type":"","background-media":"","overlay-type":"","overlay-color":"","overlay-opacity":"","overlay-gradient":""},"mobile":{"background-color":"var(--ast-global-color-5)","background-image":"","background-repeat":"repeat","background-position":"center center","background-size":"auto","background-attachment":"scroll","background-type":"","background-media":"","overlay-type":"","overlay-color":"","overlay-opacity":"","overlay-gradient":""}}},"catalog":[8],"class_list":["post-2572","product","type-product","status-publish","has-post-thumbnail","hentry","catalog-engineering-exploration-drill-rig"],"acf":[],"spectra_custom_meta":{"_edit_lock":["1750252009:1"],"rank_math_seo_score":["53"],"rank_math_focus_keyword":["Core Exploration Drill Rig, core drilling rig, geological exploration equipment"],"rank_math_internal_links_processed":["1"],"_thumbnail_id":["2576"],"_acf_changed":[""],"_uag_custom_page_level_css":[""],"site-sidebar-layout":["default"],"site-content-layout":[""],"ast-site-content-layout":["default"],"site-content-style":["default"],"site-sidebar-style":["default"],"ast-global-header-display":[""],"ast-banner-title-visibility":[""],"ast-main-header-display":[""],"ast-hfb-above-header-display":[""],"ast-hfb-below-header-display":[""],"ast-hfb-mobile-header-display":[""],"site-post-title":[""],"ast-breadcrumbs-content":[""],"ast-featured-img":[""],"footer-sml-layout":[""],"theme-transparent-header-meta":[""],"adv-header-id-meta":[""],"stick-header-meta":[""],"header-above-stick-meta":[""],"header-main-stick-meta":[""],"header-below-stick-meta":[""],"astra-migrate-meta-layouts":["set"],"ast-page-background-enabled":["default"],"ast-page-background-meta":["a:3:{s:7:\"desktop\";a:12:{s:16:\"background-color\";s:0:\"\";s:16:\"background-image\";s:0:\"\";s:17:\"background-repeat\";s:6:\"repeat\";s:19:\"background-position\";s:13:\"center center\";s:15:\"background-size\";s:4:\"auto\";s:21:\"background-attachment\";s:6:\"scroll\";s:15:\"background-type\";s:0:\"\";s:16:\"background-media\";s:0:\"\";s:12:\"overlay-type\";s:0:\"\";s:13:\"overlay-color\";s:0:\"\";s:15:\"overlay-opacity\";s:0:\"\";s:16:\"overlay-gradient\";s:0:\"\";}s:6:\"tablet\";a:12:{s:16:\"background-color\";s:0:\"\";s:16:\"background-image\";s:0:\"\";s:17:\"background-repeat\";s:6:\"repeat\";s:19:\"background-position\";s:13:\"center center\";s:15:\"background-size\";s:4:\"auto\";s:21:\"background-attachment\";s:6:\"scroll\";s:15:\"background-type\";s:0:\"\";s:16:\"background-media\";s:0:\"\";s:12:\"overlay-type\";s:0:\"\";s:13:\"overlay-color\";s:0:\"\";s:15:\"overlay-opacity\";s:0:\"\";s:16:\"overlay-gradient\";s:0:\"\";}s:6:\"mobile\";a:12:{s:16:\"background-color\";s:0:\"\";s:16:\"background-image\";s:0:\"\";s:17:\"background-repeat\";s:6:\"repeat\";s:19:\"background-position\";s:13:\"center center\";s:15:\"background-size\";s:4:\"auto\";s:21:\"background-attachment\";s:6:\"scroll\";s:15:\"background-type\";s:0:\"\";s:16:\"background-media\";s:0:\"\";s:12:\"overlay-type\";s:0:\"\";s:13:\"overlay-color\";s:0:\"\";s:15:\"overlay-opacity\";s:0:\"\";s:16:\"overlay-gradient\";s:0:\"\";}}"],"ast-content-background-meta":["a:3:{s:7:\"desktop\";a:12:{s:16:\"background-color\";s:25:\"var(--ast-global-color-5)\";s:16:\"background-image\";s:0:\"\";s:17:\"background-repeat\";s:6:\"repeat\";s:19:\"background-position\";s:13:\"center center\";s:15:\"background-size\";s:4:\"auto\";s:21:\"background-attachment\";s:6:\"scroll\";s:15:\"background-type\";s:0:\"\";s:16:\"background-media\";s:0:\"\";s:12:\"overlay-type\";s:0:\"\";s:13:\"overlay-color\";s:0:\"\";s:15:\"overlay-opacity\";s:0:\"\";s:16:\"overlay-gradient\";s:0:\"\";}s:6:\"tablet\";a:12:{s:16:\"background-color\";s:25:\"var(--ast-global-color-5)\";s:16:\"background-image\";s:0:\"\";s:17:\"background-repeat\";s:6:\"repeat\";s:19:\"background-position\";s:13:\"center center\";s:15:\"background-size\";s:4:\"auto\";s:21:\"background-attachment\";s:6:\"scroll\";s:15:\"background-type\";s:0:\"\";s:16:\"background-media\";s:0:\"\";s:12:\"overlay-type\";s:0:\"\";s:13:\"overlay-color\";s:0:\"\";s:15:\"overlay-opacity\";s:0:\"\";s:16:\"overlay-gradient\";s:0:\"\";}s:6:\"mobile\";a:12:{s:16:\"background-color\";s:25:\"var(--ast-global-color-5)\";s:16:\"background-image\";s:0:\"\";s:17:\"background-repeat\";s:6:\"repeat\";s:19:\"background-position\";s:13:\"center center\";s:15:\"background-size\";s:4:\"auto\";s:21:\"background-attachment\";s:6:\"scroll\";s:15:\"background-type\";s:0:\"\";s:16:\"background-media\";s:0:\"\";s:12:\"overlay-type\";s:0:\"\";s:13:\"overlay-color\";s:0:\"\";s:15:\"overlay-opacity\";s:0:\"\";s:16:\"overlay-gradient\";s:0:\"\";}}"],"_edit_last":["1"],"astra_style_timestamp_css":["1777586805"],"rank_math_description":["Heavy-duty XY-3 core drill rig featuring Yunnei 490 power, MW525 transmission, and dual-reverse gears for mineral\/geotechnical drilling. ISO-certified safety."],"rank_math_robots":["a:1:{i:0;s:5:\"index\";}"],"_uag_css_file_name":["uag-css-2572.css"],"_uag_page_assets":["a:9:{s:3:\"css\";s:0:\"\";s:2:\"js\";s:0:\"\";s:18:\"current_block_list\";a:13:{i:0;s:12:\"core\/gallery\";i:1;s:10:\"core\/image\";i:2;s:12:\"core\/heading\";i:3;s:14:\"core\/paragraph\";i:4;s:9:\"core\/list\";i:5;s:14:\"core\/list-item\";i:6;s:10:\"core\/table\";i:7;s:11:\"core\/search\";i:8;s:10:\"core\/group\";i:9;s:17:\"core\/latest-posts\";i:10;s:20:\"core\/latest-comments\";i:11;s:13:\"core\/archives\";i:12;s:15:\"core\/categories\";}s:8:\"uag_flag\";b:0;s:11:\"uag_version\";s:10:\"1778337502\";s:6:\"gfonts\";a:0:{}s:10:\"gfonts_url\";s:0:\"\";s:12:\"gfonts_files\";a:0:{}s:14:\"uag_faq_layout\";b:0;}"]},"uagb_featured_image_src":{"full":["https:\/\/antloader.com\/wp-content\/uploads\/2025\/06\/core-drilling-rig-1.webp",800,600,false],"thumbnail":["https:\/\/antloader.com\/wp-content\/uploads\/2025\/06\/core-drilling-rig-1-150x150.webp",150,150,true],"medium":["https:\/\/antloader.com\/wp-content\/uploads\/2025\/06\/core-drilling-rig-1-300x225.webp",300,225,true],"medium_large":["https:\/\/antloader.com\/wp-content\/uploads\/2025\/06\/core-drilling-rig-1-768x576.webp",768,576,true],"large":["https:\/\/antloader.com\/wp-content\/uploads\/2025\/06\/core-drilling-rig-1.webp",800,600,false],"1536x1536":["https:\/\/antloader.com\/wp-content\/uploads\/2025\/06\/core-drilling-rig-1.webp",800,600,false],"2048x2048":["https:\/\/antloader.com\/wp-content\/uploads\/2025\/06\/core-drilling-rig-1.webp",800,600,false],"trp-custom-language-flag":["https:\/\/antloader.com\/wp-content\/uploads\/2025\/06\/core-drilling-rig-1-16x12.webp",16,12,true]},"uagb_author_info":{"display_name":"admin","author_link":"https:\/\/antloader.com\/lt\/author\/"},"uagb_comment_info":0,"uagb_excerpt":"Technical Specifications &amp; Key Features 1. Automotive-Grade Transmission &amp; Power System MW525 Truck Transmission Assembly: Delivers robust torque transfer and operational reliability under heavy loads. Yunnei 490 Diesel Power Pack: Features\u00a010-speed gearbox\u00a0with optimized RPM range for versatile formation drilling. Remote Gearshift Control: Centralized console enables efficient speed adjustments and reduced operator fatigue. 2. Enhanced Drilling&hellip;","_links":{"self":[{"href":"https:\/\/antloader.com\/lt\/wp-json\/wp\/v2\/product\/2572","targetHints":{"allow":["GET"]}}],"collection":[{"href":"https:\/\/antloader.com\/lt\/wp-json\/wp\/v2\/product"}],"about":[{"href":"https:\/\/antloader.com\/lt\/wp-json\/wp\/v2\/types\/product"}],"wp:featuredmedia":[{"embeddable":true,"href":"https:\/\/antloader.com\/lt\/wp-json\/wp\/v2\/media\/2576"}],"wp:attachment":[{"href":"https:\/\/antloader.com\/lt\/wp-json\/wp\/v2\/media?parent=2572"}],"wp:term":[{"taxonomy":"catalog","embeddable":true,"href":"https:\/\/antloader.com\/lt\/wp-json\/wp\/v2\/catalog?post=2572"}],"curies":[{"name":"wp","href":"https:\/\/api.w.org\/{rel}","templated":true}]}}