{"id":2502,"date":"2025-05-26T12:37:49","date_gmt":"2025-05-26T12:37:49","guid":{"rendered":"https:\/\/www.antloader.com\/?post_type=product&#038;p=2502"},"modified":"2025-06-06T13:38:46","modified_gmt":"2025-06-06T13:38:46","slug":"qy200a-pneumatic-water-well-drilling-rig","status":"publish","type":"product","link":"https:\/\/antloader.com\/lv\/product\/qy200a-pneumatic-water-well-drilling-rig\/","title":{"rendered":"QY200A Pneimatisk\u0101 \u016bdens urbumu urb\u0161anas iek\u0101rta"},"content":{"rendered":"<figure class=\"wp-block-gallery has-nested-images columns-default is-cropped wp-block-gallery-1 is-layout-flex wp-block-gallery-is-layout-flex\">\n<figure class=\"wp-block-image size-large\"><img loading=\"lazy\" decoding=\"async\" width=\"800\" height=\"600\" data-id=\"2505\" src=\"https:\/\/www.antloader.com\/wp-content\/uploads\/2025\/05\/pneumatic-water-well-drill.webp\" alt=\"Pneimatiskais \u016bdens urbums\" class=\"wp-image-2505\" srcset=\"https:\/\/antloader.com\/wp-content\/uploads\/2025\/05\/pneumatic-water-well-drill.webp 800w, https:\/\/antloader.com\/wp-content\/uploads\/2025\/05\/pneumatic-water-well-drill-300x225.webp 300w, https:\/\/antloader.com\/wp-content\/uploads\/2025\/05\/pneumatic-water-well-drill-768x576.webp 768w\" sizes=\"auto, (max-width: 800px) 100vw, 800px\" \/><\/figure>\n\n\n\n<figure class=\"wp-block-image size-large\"><img loading=\"lazy\" decoding=\"async\" width=\"800\" height=\"600\" data-id=\"2504\" src=\"https:\/\/www.antloader.com\/wp-content\/uploads\/2025\/05\/portable-drilling-rig.webp\" alt=\"portat\u012bv\u0101 urb\u0161anas iek\u0101rta\" class=\"wp-image-2504\" srcset=\"https:\/\/antloader.com\/wp-content\/uploads\/2025\/05\/portable-drilling-rig.webp 800w, https:\/\/antloader.com\/wp-content\/uploads\/2025\/05\/portable-drilling-rig-300x225.webp 300w, https:\/\/antloader.com\/wp-content\/uploads\/2025\/05\/portable-drilling-rig-768x576.webp 768w\" sizes=\"auto, (max-width: 800px) 100vw, 800px\" \/><\/figure>\n\n\n\n<figure class=\"wp-block-image size-large\"><img loading=\"lazy\" decoding=\"async\" width=\"800\" height=\"600\" data-id=\"2503\" src=\"https:\/\/www.antloader.com\/wp-content\/uploads\/2025\/05\/air-powered-well-drilling.webp\" alt=\"ar gaisu darbin\u0101ma urbumu urb\u0161ana\" class=\"wp-image-2503\" srcset=\"https:\/\/antloader.com\/wp-content\/uploads\/2025\/05\/air-powered-well-drilling.webp 800w, https:\/\/antloader.com\/wp-content\/uploads\/2025\/05\/air-powered-well-drilling-300x225.webp 300w, https:\/\/antloader.com\/wp-content\/uploads\/2025\/05\/air-powered-well-drilling-768x576.webp 768w\" sizes=\"auto, (max-width: 800px) 100vw, 800px\" \/><\/figure>\n<\/figure>\n\n\n\n<h2 class=\"wp-block-heading\"><strong>QY s\u0113rijas hidraulisk\u0101 \u016bdens urbumu urb\u0161anas iek\u0101rta<\/strong> <strong>Galven\u0101s funkcijas:<\/strong><\/h2>\n\n\n\n<ol start=\"1\" class=\"wp-block-list\">\n<li><strong>Piln\u012bga hidraulisk\u0101 vad\u012bbas sist\u0113ma<\/strong><br>Piln\u012bb\u0101 hidrauliska darb\u012bba nodro\u0161ina lietot\u0101jam \u0113rtu vad\u012bbu un izcilu mobilit\u0101ti, un 30% sal\u012bdzin\u0101jum\u0101 ar parastaj\u0101m platform\u0101m \u0101tr\u0101k p\u0101rvietojas darba viet\u0101.<\/li>\n\n\n\n<li><strong>Augsta griezes momenta rot\u0101cijas sist\u0113ma<\/strong><br>Apr\u012bkots ar lielas iztur\u012bbas hidraulisko motoru, kas nodro\u0161ina 8500 N-m griezes momentu, saglab\u0101jot optim\u0101lu stabilit\u0101ti pat cietos ie\u017eu veidojumos.<\/li>\n\n\n\n<li><strong>Papildapr\u012bkojuma korpuss paaugstin\u0101\u0161anas komplekts<\/strong><br>Patent\u0113ta apvalka un urb\u0161anas r\u012bka tehnolo\u0123ija nodro\u0161ina 45% \u0101tr\u0101ku iek\u013c\u016b\u0161anu grants\/\u017eembu sl\u0101\u0146os, nodro\u0161inot perfektu urbuma integrit\u0101ti.<\/li>\n\n\n\n<li><strong>6 m teleskopiskais masts (20 p\u0113das)<\/strong><br>Izvelkam\u0101 masta konstrukcija \u013cauj veikt urbumus da\u017e\u0101dos dzi\u013cumos l\u012bdz pat 300 m, kas ir ide\u0101li piem\u0113roti dzi\u013c\u016bdens sl\u0101\u0146u izp\u0113tei Subsah\u0101ras re\u0123ionos.<\/li>\n<\/ol>\n\n\n\n<h2 class=\"wp-block-heading\"><strong>Tehniskie svar\u012bg\u0101kie notikumi<\/strong><\/h2>\n\n\n\n<h3 class=\"wp-block-heading\"><strong>Daudzfunkcion\u0101la konfigur\u0101cija<\/strong><\/h3>\n\n\n\n<p>Kompakts modul\u0101rais dizains (2,5 tonnas pamatmasa) atbalsta:<br>\u25b6 DTH urb\u0161ana ar \u0101muru (ar gaisa kompresoru)<br>\u25b6 Sakaus\u0113juma bitu rot\u0101cijas urb\u0161ana<br>\u25b6 Urb\u0161ana ar urbi m\u012bksto nogulumu urb\u0161anai<\/p>\n\n\n\n<h3 class=\"wp-block-heading\"><strong>Uzlabot\u0101 hidraulisk\u0101 arhitekt\u016bra<\/strong><\/h3>\n\n\n\n<p>120 mm diametra padeves cilindrs<br>Divu s\u016bk\u0146u hidraulisk\u0101 sist\u0113ma (45L\/min + 25L\/min)<br>360\u00b0 le\u0146\u0137a regul\u0113\u0161anas meh\u0101nisms (\u00b115\u00b0 vertik\u0101l\u0101 korekcija)<\/p>\n\n\n\n<h3 class=\"wp-block-heading\"><strong>Mobilit\u0101tes iesp\u0113jas<\/strong><\/h3>\n\n\n\n<p>V k\u0101pur\u0137\u0113\u017eu mont\u0101\u017ea: 1,2 m\/s p\u0101rvieto\u0161an\u0101s \u0101trums nel\u012bdzenajiem apvidiem.<br>Piekabes tips: Gatavs lieto\u0161anai uz ce\u013ca ar standarta sakabi<\/p>\n\n\n\n<h2 class=\"wp-block-heading\"><strong>Optim\u0101las urb\u0161anas metodes \u0100frikai<\/strong><\/h2>\n\n\n\n<h3 class=\"wp-block-heading\">\u2460\u00a0<strong>DTH \u0101murs urb\u0161ana<\/strong><\/h3>\n\n\n\n<ul class=\"wp-block-list\">\n<li>Ieteicams: Bazalta\/ran\u012bta veidojumi<\/li>\n\n\n\n<li>Gaisa spiediens: 20-25 b\u0101ri<\/li>\n\n\n\n<li>Film\u0113\u0161anas \u0101trums: 8-15 m stund\u0101<\/li>\n<\/ul>\n\n\n\n<h3 class=\"wp-block-heading\">\u2461\u00a0<strong>Volframa sakaus\u0113juma rot\u0101cijas urb\u0161ana<\/strong><\/h3>\n\n\n\n<ul class=\"wp-block-list\">\n<li>Ide\u0101li piem\u0113rots: Smil\u0161akmens\/akmens sl\u0101\u0146i<\/li>\n\n\n\n<li>RPM diapazons: 40-120<\/li>\n<\/ul>\n\n\n\n<h3 class=\"wp-block-heading\">\u2462\u00a0<strong>Urb\u0161anas urb\u0161ana ar urbi<\/strong><\/h3>\n\n\n\n<ul class=\"wp-block-list\">\n<li>Vislab\u0101k piem\u0113rots: Aluvi\u0101lie nogulumi un m\u012bkstas augsnes<\/li>\n\n\n\n<li>Augera diametrs: 200-600 mm<\/li>\n<\/ul>\n\n\n\n<figure class=\"wp-block-table\"><table class=\"has-fixed-layout\"><tbody><tr><td rowspan=\"2\">Urb\u0161anas jauda<\/td><td>Urb\u0161anas dzi\u013cums<\/td><td>200m<\/td><\/tr><tr><td>Urbuma (urbuma) diametrs.<\/td><td>\u00d8115\uff5e\u00d8350mm<\/td><\/tr><tr><td rowspan=\"2\">Baro\u0161anas sist\u0113ma<\/td><td>Celtsp\u0113ja<\/td><td>16 tonnas<\/td><\/tr><tr><td>Vilces jauda<\/td><td>8 tonnas<\/td><\/tr><tr><td rowspan=\"2\">Piedzi\u0146as galva<\/td><td>Rot\u0101cijas \u0101trums<\/td><td>60 ~ 140 apgr.\/min<\/td><\/tr><tr><td>Griezes moments<\/td><td>4000 ~ 2000 N.m<\/td><\/tr><tr><td rowspan=\"2\">Jaudas bloks<\/td><td>Dzin\u0113ja modelis<\/td><td>YN33GB dzin\u0113js YN33GB<\/td><\/tr><tr><td>Nomin\u0101l\u0101 jauda\/\u0101trums<\/td><td>55kW\/ 2400r\/min<\/td><\/tr><tr><td colspan=\"2\">Instrumentu vin\u010das jauda<\/td><td>0,9 tonnas<\/td><\/tr><tr><td rowspan=\"2\">Urb\u0161anas caurule<\/td><td>Urb\u0161anas caurules diametrs.<\/td><td>\u00d876\/ \u00d889 mm<\/td><\/tr><tr><td>Urb\u0161anas caurules garums<\/td><td>3000 mm<\/td><\/tr><tr><td rowspan=\"2\">Gaisa kompresors<\/td><td>Gaisa pat\u0113ri\u0146\u0161<\/td><td>16\uff5e35m<sup>3<\/sup>\/min<\/td><\/tr><tr><td>Gaisa spiediens<\/td><td>10,5\uff5e24,6bar<\/td><\/tr><tr><td rowspan=\"2\">\u00a0Crawler \u0161asija<\/td><td>G\u0101jiena \u0101trums<\/td><td>0\uff5e3 km\/h<\/td><\/tr><tr><td>K\u0101p\u0161anas le\u0146\u0137is<\/td><td>Maks. 25\u00b0<\/td><\/tr><tr><td rowspan=\"2\">Dimensija<\/td><td>Transports<\/td><td>3400*1700*2300 mm<\/td><\/tr><tr><td>Darbs<\/td><td>3400*2500*6500 mm<\/td><\/tr><tr><td colspan=\"2\">Svars<\/td><td>4000 kg<\/td><\/tr><\/tbody><\/table><\/figure>","protected":false},"featured_media":2503,"template":"","meta":{"_acf_changed":false,"_uag_custom_page_level_css":"","site-sidebar-layout":"default","site-content-layout":"","ast-site-content-layout":"default","site-content-style":"default","site-sidebar-style":"default","ast-global-header-display":"","ast-banner-title-visibility":"","ast-main-header-display":"","ast-hfb-above-header-display":"","ast-hfb-below-header-display":"","ast-hfb-mobile-header-display":"","site-post-title":"","ast-breadcrumbs-content":"","ast-featured-img":"","footer-sml-layout":"","ast-disable-related-posts":"","theme-transparent-header-meta":"","adv-header-id-meta":"","stick-header-meta":"","header-above-stick-meta":"","header-main-stick-meta":"","header-below-stick-meta":"","astra-migrate-meta-layouts":"set","ast-page-background-enabled":"default","ast-page-background-meta":{"desktop":{"background-color":"","background-image":"","background-repeat":"repeat","background-position":"center center","background-size":"auto","background-attachment":"scroll","background-type":"","background-media":"","overlay-type":"","overlay-color":"","overlay-opacity":"","overlay-gradient":""},"tablet":{"background-color":"","background-image":"","background-repeat":"repeat","background-position":"center center","background-size":"auto","background-attachment":"scroll","background-type":"","background-media":"","overlay-type":"","overlay-color":"","overlay-opacity":"","overlay-gradient":""},"mobile":{"background-color":"","background-image":"","background-repeat":"repeat","background-position":"center center","background-size":"auto","background-attachment":"scroll","background-type":"","background-media":"","overlay-type":"","overlay-color":"","overlay-opacity":"","overlay-gradient":""}},"ast-content-background-meta":{"desktop":{"background-color":"var(--ast-global-color-5)","background-image":"","background-repeat":"repeat","background-position":"center center","background-size":"auto","background-attachment":"scroll","background-type":"","background-media":"","overlay-type":"","overlay-color":"","overlay-opacity":"","overlay-gradient":""},"tablet":{"background-color":"var(--ast-global-color-5)","background-image":"","background-repeat":"repeat","background-position":"center center","background-size":"auto","background-attachment":"scroll","background-type":"","background-media":"","overlay-type":"","overlay-color":"","overlay-opacity":"","overlay-gradient":""},"mobile":{"background-color":"var(--ast-global-color-5)","background-image":"","background-repeat":"repeat","background-position":"center center","background-size":"auto","background-attachment":"scroll","background-type":"","background-media":"","overlay-type":"","overlay-color":"","overlay-opacity":"","overlay-gradient":""}}},"catalog":[16],"class_list":["post-2502","product","type-product","status-publish","has-post-thumbnail","hentry","catalog-water-well-drilling-rigs"],"acf":[],"spectra_custom_meta":{"_edit_lock":["1749217128:1"],"rank_math_seo_score":["16"],"rank_math_internal_links_processed":["1"],"_thumbnail_id":["2503"],"_acf_changed":[""],"_uag_custom_page_level_css":[""],"site-sidebar-layout":["default"],"site-content-layout":[""],"ast-site-content-layout":["default"],"site-content-style":["default"],"site-sidebar-style":["default"],"ast-global-header-display":[""],"ast-banner-title-visibility":[""],"ast-main-header-display":[""],"ast-hfb-above-header-display":[""],"ast-hfb-below-header-display":[""],"ast-hfb-mobile-header-display":[""],"site-post-title":[""],"ast-breadcrumbs-content":[""],"ast-featured-img":[""],"footer-sml-layout":[""],"theme-transparent-header-meta":[""],"adv-header-id-meta":[""],"stick-header-meta":[""],"header-above-stick-meta":[""],"header-main-stick-meta":[""],"header-below-stick-meta":[""],"astra-migrate-meta-layouts":["set"],"ast-page-background-enabled":["default"],"ast-page-background-meta":["a:3:{s:7:\"desktop\";a:12:{s:16:\"background-color\";s:0:\"\";s:16:\"background-image\";s:0:\"\";s:17:\"background-repeat\";s:6:\"repeat\";s:19:\"background-position\";s:13:\"center center\";s:15:\"background-size\";s:4:\"auto\";s:21:\"background-attachment\";s:6:\"scroll\";s:15:\"background-type\";s:0:\"\";s:16:\"background-media\";s:0:\"\";s:12:\"overlay-type\";s:0:\"\";s:13:\"overlay-color\";s:0:\"\";s:15:\"overlay-opacity\";s:0:\"\";s:16:\"overlay-gradient\";s:0:\"\";}s:6:\"tablet\";a:12:{s:16:\"background-color\";s:0:\"\";s:16:\"background-image\";s:0:\"\";s:17:\"background-repeat\";s:6:\"repeat\";s:19:\"background-position\";s:13:\"center center\";s:15:\"background-size\";s:4:\"auto\";s:21:\"background-attachment\";s:6:\"scroll\";s:15:\"background-type\";s:0:\"\";s:16:\"background-media\";s:0:\"\";s:12:\"overlay-type\";s:0:\"\";s:13:\"overlay-color\";s:0:\"\";s:15:\"overlay-opacity\";s:0:\"\";s:16:\"overlay-gradient\";s:0:\"\";}s:6:\"mobile\";a:12:{s:16:\"background-color\";s:0:\"\";s:16:\"background-image\";s:0:\"\";s:17:\"background-repeat\";s:6:\"repeat\";s:19:\"background-position\";s:13:\"center center\";s:15:\"background-size\";s:4:\"auto\";s:21:\"background-attachment\";s:6:\"scroll\";s:15:\"background-type\";s:0:\"\";s:16:\"background-media\";s:0:\"\";s:12:\"overlay-type\";s:0:\"\";s:13:\"overlay-color\";s:0:\"\";s:15:\"overlay-opacity\";s:0:\"\";s:16:\"overlay-gradient\";s:0:\"\";}}"],"ast-content-background-meta":["a:3:{s:7:\"desktop\";a:12:{s:16:\"background-color\";s:25:\"var(--ast-global-color-5)\";s:16:\"background-image\";s:0:\"\";s:17:\"background-repeat\";s:6:\"repeat\";s:19:\"background-position\";s:13:\"center center\";s:15:\"background-size\";s:4:\"auto\";s:21:\"background-attachment\";s:6:\"scroll\";s:15:\"background-type\";s:0:\"\";s:16:\"background-media\";s:0:\"\";s:12:\"overlay-type\";s:0:\"\";s:13:\"overlay-color\";s:0:\"\";s:15:\"overlay-opacity\";s:0:\"\";s:16:\"overlay-gradient\";s:0:\"\";}s:6:\"tablet\";a:12:{s:16:\"background-color\";s:25:\"var(--ast-global-color-5)\";s:16:\"background-image\";s:0:\"\";s:17:\"background-repeat\";s:6:\"repeat\";s:19:\"background-position\";s:13:\"center center\";s:15:\"background-size\";s:4:\"auto\";s:21:\"background-attachment\";s:6:\"scroll\";s:15:\"background-type\";s:0:\"\";s:16:\"background-media\";s:0:\"\";s:12:\"overlay-type\";s:0:\"\";s:13:\"overlay-color\";s:0:\"\";s:15:\"overlay-opacity\";s:0:\"\";s:16:\"overlay-gradient\";s:0:\"\";}s:6:\"mobile\";a:12:{s:16:\"background-color\";s:25:\"var(--ast-global-color-5)\";s:16:\"background-image\";s:0:\"\";s:17:\"background-repeat\";s:6:\"repeat\";s:19:\"background-position\";s:13:\"center center\";s:15:\"background-size\";s:4:\"auto\";s:21:\"background-attachment\";s:6:\"scroll\";s:15:\"background-type\";s:0:\"\";s:16:\"background-media\";s:0:\"\";s:12:\"overlay-type\";s:0:\"\";s:13:\"overlay-color\";s:0:\"\";s:15:\"overlay-opacity\";s:0:\"\";s:16:\"overlay-gradient\";s:0:\"\";}}"],"_edit_last":["1"],"astra_style_timestamp_css":["1777560258"],"rank_math_robots":["a:1:{i:0;s:5:\"index\";}"],"rank_math_focus_keyword":["Portable Pneumatic Water Well Drilling Rig"],"_uag_css_file_name":["uag-css-2502.css"],"_uag_page_assets":["a:9:{s:3:\"css\";s:260:\".uag-blocks-common-selector{z-index:var(--z-index-desktop) !important}@media(max-width: 976px){.uag-blocks-common-selector{z-index:var(--z-index-tablet) !important}}@media(max-width: 767px){.uag-blocks-common-selector{z-index:var(--z-index-mobile) !important}}\";s:2:\"js\";s:0:\"\";s:18:\"current_block_list\";a:13:{i:0;s:12:\"core\/gallery\";i:1;s:10:\"core\/image\";i:2;s:12:\"core\/heading\";i:3;s:9:\"core\/list\";i:4;s:14:\"core\/list-item\";i:5;s:14:\"core\/paragraph\";i:6;s:10:\"core\/table\";i:7;s:11:\"core\/search\";i:8;s:10:\"core\/group\";i:9;s:17:\"core\/latest-posts\";i:10;s:20:\"core\/latest-comments\";i:11;s:13:\"core\/archives\";i:12;s:15:\"core\/categories\";}s:8:\"uag_flag\";b:0;s:11:\"uag_version\";s:10:\"1778337502\";s:6:\"gfonts\";a:0:{}s:10:\"gfonts_url\";s:0:\"\";s:12:\"gfonts_files\";a:0:{}s:14:\"uag_faq_layout\";b:0;}"]},"uagb_featured_image_src":{"full":["https:\/\/antloader.com\/wp-content\/uploads\/2025\/05\/air-powered-well-drilling.webp",800,600,false],"thumbnail":["https:\/\/antloader.com\/wp-content\/uploads\/2025\/05\/air-powered-well-drilling-150x150.webp",150,150,true],"medium":["https:\/\/antloader.com\/wp-content\/uploads\/2025\/05\/air-powered-well-drilling-300x225.webp",300,225,true],"medium_large":["https:\/\/antloader.com\/wp-content\/uploads\/2025\/05\/air-powered-well-drilling-768x576.webp",768,576,true],"large":["https:\/\/antloader.com\/wp-content\/uploads\/2025\/05\/air-powered-well-drilling.webp",800,600,false],"1536x1536":["https:\/\/antloader.com\/wp-content\/uploads\/2025\/05\/air-powered-well-drilling.webp",800,600,false],"2048x2048":["https:\/\/antloader.com\/wp-content\/uploads\/2025\/05\/air-powered-well-drilling.webp",800,600,false],"trp-custom-language-flag":["https:\/\/antloader.com\/wp-content\/uploads\/2025\/05\/air-powered-well-drilling.webp",16,12,false]},"uagb_author_info":{"display_name":"admin","author_link":"https:\/\/antloader.com\/lv\/author\/"},"uagb_comment_info":0,"uagb_excerpt":"QY Series Hydraulic Water Well Drilling Rig Key Features: Technical Highlights Multi-Purpose Configuration Compact modular design (2.5-ton base weight) supports:\u25b6 DTH Hammer Drilling (with air compressor)\u25b6 Alloy Bit Rotary Drilling\u25b6 Auger Drilling for soft sediments Advanced Hydraulic Architecture 120mm Diameter Feed CylinderDual-Pump Hydraulic System (45L\/min + 25L\/min)360\u00b0 Adjustable Angle Mechanism (\u00b115\u00b0 vertical correction) Mobility Options&hellip;","_links":{"self":[{"href":"https:\/\/antloader.com\/lv\/wp-json\/wp\/v2\/product\/2502","targetHints":{"allow":["GET"]}}],"collection":[{"href":"https:\/\/antloader.com\/lv\/wp-json\/wp\/v2\/product"}],"about":[{"href":"https:\/\/antloader.com\/lv\/wp-json\/wp\/v2\/types\/product"}],"wp:featuredmedia":[{"embeddable":true,"href":"https:\/\/antloader.com\/lv\/wp-json\/wp\/v2\/media\/2503"}],"wp:attachment":[{"href":"https:\/\/antloader.com\/lv\/wp-json\/wp\/v2\/media?parent=2502"}],"wp:term":[{"taxonomy":"catalog","embeddable":true,"href":"https:\/\/antloader.com\/lv\/wp-json\/wp\/v2\/catalog?post=2502"}],"curies":[{"name":"wp","href":"https:\/\/api.w.org\/{rel}","templated":true}]}}