{"id":2514,"date":"2025-06-05T12:31:59","date_gmt":"2025-06-05T12:31:59","guid":{"rendered":"https:\/\/www.antloader.com\/?post_type=product&#038;p=2514"},"modified":"2025-06-05T13:16:16","modified_gmt":"2025-06-05T13:16:16","slug":"jy-1600-full-hydraulic-core-drill-rig-3500n-m-torque-45-90-adjustable-remote-control","status":"publish","type":"product","link":"https:\/\/antloader.com\/lv\/product\/jy-1600-full-hydraulic-core-drill-rig-3500n-m-torque-45-90-adjustable-remote-control\/","title":{"rendered":"JY-1600 Pilna hidraulisk\u0101 kodolu urb\u0161anas iek\u0101rta | 3500 N.m griezes moments | 45-90\u00b0 regul\u0113jams | T\u0101lvad\u012bbas pults"},"content":{"rendered":"<p>HD s\u0113rijas piln\u012bb\u0101 hidraulisk\u0101 kodolu urbjma\u0161\u012bna, kas ir izstr\u0101d\u0101ta, integr\u0113jot pasaules progres\u012bv\u0101s urb\u0161anas tehnolo\u0123ijas, ir solis uz priek\u0161u efektivit\u0101tes un daudzpus\u012bbas zi\u0146\u0101, lai nodro\u0161in\u0101tu nepiecie\u0161amo kodolu paraugu \u0146em\u0161anu. \u0160\u012b urb\u0161anas iek\u0101rta, kas paredz\u0113ta cieto izrakte\u0146u izp\u0113tei, \u0123eolo\u0123iskajiem p\u0113t\u012bjumiem, seklai naftas\/g\u0101zes ieguvei, grunts\u016bde\u0146u nov\u0113rt\u0113\u0161anai un in\u017eeniertehniskajiem pal\u012bgdarbiem (ventil\u0101cijai, dren\u0101\u017eai, cement\u0113\u0161anai), nodro\u0161ina izcilu jaudu un precizit\u0101ti.<\/p>\n\n\n\n<figure class=\"wp-block-gallery has-nested-images columns-default is-cropped wp-block-gallery-1 is-layout-flex wp-block-gallery-is-layout-flex\">\n<figure class=\"wp-block-image size-large\"><img loading=\"lazy\" decoding=\"async\" width=\"800\" height=\"600\" data-id=\"2515\" src=\"https:\/\/www.antloader.com\/wp-content\/uploads\/2025\/06\/Deep-hole-drilling-rig.webp\" alt=\"\" class=\"wp-image-2515\" srcset=\"https:\/\/antloader.com\/wp-content\/uploads\/2025\/06\/Deep-hole-drilling-rig.webp 800w, https:\/\/antloader.com\/wp-content\/uploads\/2025\/06\/Deep-hole-drilling-rig-300x225.webp 300w, https:\/\/antloader.com\/wp-content\/uploads\/2025\/06\/Deep-hole-drilling-rig-768x576.webp 768w\" sizes=\"auto, (max-width: 800px) 100vw, 800px\" \/><\/figure>\n\n\n\n<figure class=\"wp-block-image size-large\"><img loading=\"lazy\" decoding=\"async\" width=\"800\" height=\"600\" data-id=\"2516\" src=\"https:\/\/www.antloader.com\/wp-content\/uploads\/2025\/06\/Full-Hydraulic-Core-Drill-Rig-1.webp\" alt=\"\" class=\"wp-image-2516\" srcset=\"https:\/\/antloader.com\/wp-content\/uploads\/2025\/06\/Full-Hydraulic-Core-Drill-Rig-1.webp 800w, https:\/\/antloader.com\/wp-content\/uploads\/2025\/06\/Full-Hydraulic-Core-Drill-Rig-1-300x225.webp 300w, https:\/\/antloader.com\/wp-content\/uploads\/2025\/06\/Full-Hydraulic-Core-Drill-Rig-1-768x576.webp 768w\" sizes=\"auto, (max-width: 800px) 100vw, 800px\" \/><\/figure>\n<\/figure>\n\n\n\n<h2 class=\"wp-block-heading\">Pilna hidraulisk\u0101 serdes urb\u0161anas iek\u0101rta <strong>Galven\u0101s funkcijas un priek\u0161roc\u012bbas:<\/strong><\/h2>\n\n\n\n<h3 class=\"wp-block-heading\"><strong>Uzlabot\u0101 hidraulisk\u0101 urb\u0161anas sist\u0113ma:<\/strong><\/h3>\n\n\n\n<ul class=\"wp-block-list\">\n<li><strong>T\u012bra hidraulisk\u0101 jauda:<\/strong>\u00a0Piln\u012bb\u0101 hidrauliska piedzi\u0146a nodro\u0161ina izcilu kontroli, uzticam\u012bbu un samazin\u0101tu meh\u0101nisko nodilumu.<\/li>\n\n\n\n<li><strong>Augstas efektivit\u0101tes piedzi\u0146a:<\/strong>\u00a0Apr\u012bkots ar aksi\u0101liem virzu\u013cs\u016bk\u0146iem un iztur\u012bgiem izliekt\u0101s ass virzu\u013cdzin\u0113jiem optim\u0101lai jaudas p\u0101rvadei.<\/li>\n\n\n\n<li><strong>Hidraulika, kas nosaka slodzi:<\/strong>\u00a0Inteli\u0123enti saska\u0146o jaudu ar urb\u0161anas pras\u012bb\u0101m, maksim\u0101li palielinot degvielas pat\u0113ri\u0146a efektivit\u0101ti un veiktsp\u0113ju.<\/li>\n<\/ul>\n\n\n\n<h3 class=\"wp-block-heading\"><strong>Izcila urb\u0161anas veiktsp\u0113ja<\/strong><\/h3>\n\n\n\n<ul class=\"wp-block-list\">\n<li><strong>Augsta griezes momenta jauda:<\/strong>\u00a0Sasniedz l\u012bdz pat\u00a0<strong>3500 N.m<\/strong>\u00a0rot\u0101cijas griezes momentu, lai c\u012bn\u012btos ar sare\u017e\u0123\u012bt\u0101m form\u0101cij\u0101m.<\/li>\n\n\n\n<li><strong>Prec\u012bza \u0101truma kontrole:<\/strong>\u00a0Apvieno\u00a0<strong>2 \u0101trumu p\u0101rnesumk\u0101rba<\/strong>\u00a0ar\u00a0<strong>bezpak\u0101pju \u0101truma regul\u0113\u0161ana<\/strong>\u00a0optim\u0101liem apgriezienu skaita iestat\u012bjumiem jebkuros apst\u0101k\u013cos.<\/li>\n\n\n\n<li><strong>Peldo\u0161\u0101 v\u0101rpsta un 3 m stie\u0146i:<\/strong>\u00a0Peldo\u0161\u0101 v\u0101rpstas konstrukcija samazina spriedzi un ir piem\u0113rota standarta\u00a0<strong>3 metru urb\u0161anas stie\u0146i<\/strong>.<\/li>\n\n\n\n<li><strong>Platle\u0146\u0137a diapazons:<\/strong>\u00a0Iesp\u0113jams urbt caurumus no\u00a0<strong>45\u00b0 l\u012bdz 90\u00b0<\/strong>\u00a0daudzpus\u012bg\u0101m projekta pras\u012bb\u0101m.<\/li>\n<\/ul>\n\n\n\n<h3 class=\"wp-block-heading\"><strong>Uzlabota stabilit\u0101te un pozicion\u0113\u0161ana<\/strong><\/h3>\n\n\n\n<ul class=\"wp-block-list\">\n<li><strong>Hidrauliskie izl\u012bdzin\u0101\u0161anas domkrati:<\/strong>\u00a0Nodro\u0161ina \u0101tru un stabilu uzst\u0101d\u012b\u0161anu uz nel\u012bdzena reljefa.<\/li>\n\n\n\n<li><strong>Teleskopiskais masts:<\/strong>\u00a0Nodro\u0161ina elast\u012bgu darba augstuma regul\u0113\u0161anu.<\/li>\n\n\n\n<li><strong>Integr\u0113ta masta b\u012bd\u0101m\u0101 konstrukcija:<\/strong>\u00a0Viss masts vienm\u0113r\u012bgi sl\u012bd, izmantojot hidrauliskos cilindrus, lai prec\u012bzi pozicion\u0113tu caurumus.<\/li>\n\n\n\n<li><strong>Galvas s\u0101nu p\u0101rb\u012bdes meh\u0101nisms:<\/strong>\u00a0\u013bauj veikt str\u0101vas galvas s\u0101nu regul\u0113\u0161anu, lai nodro\u0161in\u0101tu prec\u012bzu caurumu izvieto\u0161anu, nep\u0101rvietojot b\u0101zes ma\u0161\u012bnu.<\/li>\n<\/ul>\n\n\n\n<h3 class=\"wp-block-heading\"><strong>Optimiz\u0113ta padeve un stie\u0146u apstr\u0101de<\/strong><\/h3>\n\n\n\n<ul class=\"wp-block-list\">\n<li><strong>Uzticama baro\u0161anas sist\u0113ma:<\/strong>\u00a0Izmanto vienm\u0113r\u012bgu un iztur\u012bgu\u00a0<strong>e\u013c\u013cas cilindrs + \u0137\u0113des dubult\u0101 \u0101truma padeves meh\u0101nisms<\/strong>.<\/li>\n\n\n\n<li><strong>Hidrauliskais stie\u0146a skr\u016bvgriezis:<\/strong>\u00a0Dro\u0161i satver stie\u0146us izlau\u0161anas\/apstr\u0101des laik\u0101, uzlabojot dro\u0161\u012bbu un darba \u0101trumu.<\/li>\n<\/ul>\n\n\n\n<h3 class=\"wp-block-heading\"><strong>Mobilit\u0101te un dro\u0161\u012bba<\/strong><\/h3>\n\n\n\n<p><strong>Bezvadu t\u0101lvad\u012bbas k\u0101pur\u0137\u0113de:<\/strong>\u00a0Ar iztur\u012bgu k\u0101pur\u0137\u0113\u017eu \u0161asiju, kas tiek vad\u012bta, izmantojot\u00a0<strong>bezvadu t\u0101lvad\u012bbas pults<\/strong>\u00a0no dro\u0161a att\u0101luma. Viegli p\u0101rvietojas pa da\u017e\u0101diem apvidiem un samazina operatora risku pozicion\u0113\u0161anas vai p\u0113k\u0161\u0146u apdraud\u0113jumu laik\u0101.<\/p>\n\n\n\n<h2 class=\"wp-block-heading\"><strong>K\u0101p\u0113c izv\u0113l\u0113ties JY s\u0113riju?<\/strong><\/h2>\n\n\n\n<p>JY s\u0113rijas piln\u012bb\u0101 hidraulisk\u0101 kodolu urbjma\u0161\u012bna ir rad\u012bta profesion\u0101\u013ciem, kuriem nepiecie\u0161ama jauda, precizit\u0101te un dro\u0161\u012bba, un t\u0101 apvieno m\u016bsdien\u012bgu hidraulisko tehnolo\u0123iju ar praktisku, uz lietot\u0101ju orient\u0113tu dizainu. T\u0101s iztur\u012bg\u0101 konstrukcija, daudzpus\u012bg\u0101s pozicion\u0113\u0161anas funkcijas un att\u0101lin\u0101ti vad\u0101m\u0101 mobilit\u0101te padara to par ide\u0101lu risin\u0101jumu efekt\u012bv\u0101m un dro\u0161\u0101m urb\u0161anas oper\u0101cij\u0101m da\u017e\u0101d\u0101s izp\u0113tes un in\u017eeniertehniskaj\u0101s viet\u0101s.<\/p>\n\n\n\n<h2 class=\"wp-block-heading\">Tehnisko specifik\u0101ciju tabula<\/h2>\n\n\n\n<figure class=\"wp-block-table\"><table class=\"has-fixed-layout\"><thead><tr><th><strong>Parametru kategorija<\/strong><\/th><th><strong>Specifik\u0101cija<\/strong><\/th><th><strong>V\u0113rt\u012bba<\/strong><\/th><\/tr><\/thead><tbody><tr><td><strong>Platformas modelis<\/strong><\/td><td><\/td><td>JY-1600<\/td><\/tr><tr><td><strong>Urb\u0161anas jauda<\/strong><\/td><td>BTW Dzi\u013cums (m)<\/td><td>1,800<\/td><\/tr><tr><td><\/td><td>NTW dzi\u013cums (m)<\/td><td>1,600<\/td><\/tr><tr><td><\/td><td>HTW dzi\u013cums (m)<\/td><td>1,400<\/td><\/tr><tr><td><strong>Hidraulisk\u0101 sist\u0113ma<\/strong><\/td><td>Galvenais s\u016bknis<\/td><td>145 ml\/r @ 32 MPa<\/td><\/tr><tr><td><\/td><td>Pal\u012bgs\u016bknis<\/td><td>96ml\/r @ 25MPa<\/td><\/tr><tr><td><\/td><td>Dzes\u0113\u0161ana<\/td><td>Gaiss + \u016bdens<\/td><\/tr><tr><td><strong>Dzin\u0113js (p\u0113c izv\u0113les)<\/strong><\/td><td>Modelis<\/td><td>Weichai 6 cilindru<\/td><\/tr><tr><td><\/td><td>Power<\/td><td>140 kW<\/td><\/tr><tr><td><\/td><td>\u0100trums<\/td><td>2 000 apgriezienu min\u016bt\u0113<\/td><\/tr><tr><td><strong>Jaudas galvi\u0146a<\/strong><\/td><td>Maks. Griezes moments<\/td><td><strong>4 000 N-m<\/strong><\/td><\/tr><tr><td><\/td><td>Maks. \u0100trums<\/td><td>1 400 apgriezieni min\u016bt\u0113<\/td><\/tr><tr><td><\/td><td>Bar\u012bbas trieciens<\/td><td>3.5 m<\/td><\/tr><tr><td><\/td><td>Atgrie\u0161an\u0101s sp\u0113ks<\/td><td>460 kN<\/td><\/tr><tr><td><\/td><td>Bar\u012bbas sp\u0113ks<\/td><td>230 kN<\/td><\/tr><tr><td><strong>Stiep\u013cu tro\u0161u vin\u010da<\/strong><\/td><td>L\u012bnijas jauda<\/td><td>1,600 m<\/td><\/tr><tr><td><\/td><td>L\u012bnijas vilk\u0161ana<\/td><td>30 kN<\/td><\/tr><tr><td><\/td><td>Pacel\u0161anas \u0101trums<\/td><td>110 m\/min<\/td><\/tr><tr><td><\/td><td>Virves diametrs<\/td><td>\u00d86 mm<\/td><\/tr><tr><td><strong>Masts<\/strong><\/td><td>Darba augstums<\/td><td>8.1 m<\/td><\/tr><tr><td><\/td><td>Urb\u0161anas le\u0146\u0137is<\/td><td><strong>45-90\u00b0<\/strong><\/td><\/tr><tr><td><\/td><td>S\u0101nu nob\u012bde<\/td><td>1 200 mm<\/td><\/tr><tr><td><strong>Transports<\/strong><\/td><td>Izm\u0113ri (L\u00d7W\u00d7H)<\/td><td>5900 \u00d7 2100 \u00d7 2400 mm<\/td><\/tr><tr><td><\/td><td>Svars<\/td><td><strong>10 tonnas<\/strong>\u00a0<\/td><\/tr><\/tbody><\/table><\/figure>","protected":false},"featured_media":2515,"template":"","meta":{"_acf_changed":false,"_uag_custom_page_level_css":"","site-sidebar-layout":"default","site-content-layout":"","ast-site-content-layout":"default","site-content-style":"default","site-sidebar-style":"default","ast-global-header-display":"","ast-banner-title-visibility":"","ast-main-header-display":"","ast-hfb-above-header-display":"","ast-hfb-below-header-display":"","ast-hfb-mobile-header-display":"","site-post-title":"","ast-breadcrumbs-content":"","ast-featured-img":"","footer-sml-layout":"","ast-disable-related-posts":"","theme-transparent-header-meta":"","adv-header-id-meta":"","stick-header-meta":"","header-above-stick-meta":"","header-main-stick-meta":"","header-below-stick-meta":"","astra-migrate-meta-layouts":"set","ast-page-background-enabled":"default","ast-page-background-meta":{"desktop":{"background-color":"","background-image":"","background-repeat":"repeat","background-position":"center center","background-size":"auto","background-attachment":"scroll","background-type":"","background-media":"","overlay-type":"","overlay-color":"","overlay-opacity":"","overlay-gradient":""},"tablet":{"background-color":"","background-image":"","background-repeat":"repeat","background-position":"center center","background-size":"auto","background-attachment":"scroll","background-type":"","background-media":"","overlay-type":"","overlay-color":"","overlay-opacity":"","overlay-gradient":""},"mobile":{"background-color":"","background-image":"","background-repeat":"repeat","background-position":"center center","background-size":"auto","background-attachment":"scroll","background-type":"","background-media":"","overlay-type":"","overlay-color":"","overlay-opacity":"","overlay-gradient":""}},"ast-content-background-meta":{"desktop":{"background-color":"var(--ast-global-color-5)","background-image":"","background-repeat":"repeat","background-position":"center center","background-size":"auto","background-attachment":"scroll","background-type":"","background-media":"","overlay-type":"","overlay-color":"","overlay-opacity":"","overlay-gradient":""},"tablet":{"background-color":"var(--ast-global-color-5)","background-image":"","background-repeat":"repeat","background-position":"center center","background-size":"auto","background-attachment":"scroll","background-type":"","background-media":"","overlay-type":"","overlay-color":"","overlay-opacity":"","overlay-gradient":""},"mobile":{"background-color":"var(--ast-global-color-5)","background-image":"","background-repeat":"repeat","background-position":"center center","background-size":"auto","background-attachment":"scroll","background-type":"","background-media":"","overlay-type":"","overlay-color":"","overlay-opacity":"","overlay-gradient":""}}},"catalog":[6],"class_list":["post-2514","product","type-product","status-publish","has-post-thumbnail","hentry","catalog-hydraulic-drilling-rigs"],"acf":[],"spectra_custom_meta":{"_edit_lock":["1749129379:1"],"rank_math_seo_score":["66"],"rank_math_internal_links_processed":["1"],"_thumbnail_id":["2515"],"_acf_changed":[""],"_uag_custom_page_level_css":[""],"site-sidebar-layout":["default"],"site-content-layout":[""],"ast-site-content-layout":["default"],"site-content-style":["default"],"site-sidebar-style":["default"],"ast-global-header-display":[""],"ast-banner-title-visibility":[""],"ast-main-header-display":[""],"ast-hfb-above-header-display":[""],"ast-hfb-below-header-display":[""],"ast-hfb-mobile-header-display":[""],"site-post-title":[""],"ast-breadcrumbs-content":[""],"ast-featured-img":[""],"footer-sml-layout":[""],"theme-transparent-header-meta":[""],"adv-header-id-meta":[""],"stick-header-meta":[""],"header-above-stick-meta":[""],"header-main-stick-meta":[""],"header-below-stick-meta":[""],"astra-migrate-meta-layouts":["set"],"ast-page-background-enabled":["default"],"ast-page-background-meta":["a:3:{s:7:\"desktop\";a:12:{s:16:\"background-color\";s:0:\"\";s:16:\"background-image\";s:0:\"\";s:17:\"background-repeat\";s:6:\"repeat\";s:19:\"background-position\";s:13:\"center center\";s:15:\"background-size\";s:4:\"auto\";s:21:\"background-attachment\";s:6:\"scroll\";s:15:\"background-type\";s:0:\"\";s:16:\"background-media\";s:0:\"\";s:12:\"overlay-type\";s:0:\"\";s:13:\"overlay-color\";s:0:\"\";s:15:\"overlay-opacity\";s:0:\"\";s:16:\"overlay-gradient\";s:0:\"\";}s:6:\"tablet\";a:12:{s:16:\"background-color\";s:0:\"\";s:16:\"background-image\";s:0:\"\";s:17:\"background-repeat\";s:6:\"repeat\";s:19:\"background-position\";s:13:\"center center\";s:15:\"background-size\";s:4:\"auto\";s:21:\"background-attachment\";s:6:\"scroll\";s:15:\"background-type\";s:0:\"\";s:16:\"background-media\";s:0:\"\";s:12:\"overlay-type\";s:0:\"\";s:13:\"overlay-color\";s:0:\"\";s:15:\"overlay-opacity\";s:0:\"\";s:16:\"overlay-gradient\";s:0:\"\";}s:6:\"mobile\";a:12:{s:16:\"background-color\";s:0:\"\";s:16:\"background-image\";s:0:\"\";s:17:\"background-repeat\";s:6:\"repeat\";s:19:\"background-position\";s:13:\"center center\";s:15:\"background-size\";s:4:\"auto\";s:21:\"background-attachment\";s:6:\"scroll\";s:15:\"background-type\";s:0:\"\";s:16:\"background-media\";s:0:\"\";s:12:\"overlay-type\";s:0:\"\";s:13:\"overlay-color\";s:0:\"\";s:15:\"overlay-opacity\";s:0:\"\";s:16:\"overlay-gradient\";s:0:\"\";}}"],"ast-content-background-meta":["a:3:{s:7:\"desktop\";a:12:{s:16:\"background-color\";s:25:\"var(--ast-global-color-5)\";s:16:\"background-image\";s:0:\"\";s:17:\"background-repeat\";s:6:\"repeat\";s:19:\"background-position\";s:13:\"center center\";s:15:\"background-size\";s:4:\"auto\";s:21:\"background-attachment\";s:6:\"scroll\";s:15:\"background-type\";s:0:\"\";s:16:\"background-media\";s:0:\"\";s:12:\"overlay-type\";s:0:\"\";s:13:\"overlay-color\";s:0:\"\";s:15:\"overlay-opacity\";s:0:\"\";s:16:\"overlay-gradient\";s:0:\"\";}s:6:\"tablet\";a:12:{s:16:\"background-color\";s:25:\"var(--ast-global-color-5)\";s:16:\"background-image\";s:0:\"\";s:17:\"background-repeat\";s:6:\"repeat\";s:19:\"background-position\";s:13:\"center center\";s:15:\"background-size\";s:4:\"auto\";s:21:\"background-attachment\";s:6:\"scroll\";s:15:\"background-type\";s:0:\"\";s:16:\"background-media\";s:0:\"\";s:12:\"overlay-type\";s:0:\"\";s:13:\"overlay-color\";s:0:\"\";s:15:\"overlay-opacity\";s:0:\"\";s:16:\"overlay-gradient\";s:0:\"\";}s:6:\"mobile\";a:12:{s:16:\"background-color\";s:25:\"var(--ast-global-color-5)\";s:16:\"background-image\";s:0:\"\";s:17:\"background-repeat\";s:6:\"repeat\";s:19:\"background-position\";s:13:\"center center\";s:15:\"background-size\";s:4:\"auto\";s:21:\"background-attachment\";s:6:\"scroll\";s:15:\"background-type\";s:0:\"\";s:16:\"background-media\";s:0:\"\";s:12:\"overlay-type\";s:0:\"\";s:13:\"overlay-color\";s:0:\"\";s:15:\"overlay-opacity\";s:0:\"\";s:16:\"overlay-gradient\";s:0:\"\";}}"],"_edit_last":["1"],"astra_style_timestamp_css":["1777575535"],"rank_math_robots":["a:1:{i:0;s:5:\"index\";}"],"rank_math_focus_keyword":["Full Hydraulic Core Drill Rig"],"_uag_css_file_name":["uag-css-2514.css"],"_uag_page_assets":["a:9:{s:3:\"css\";s:260:\".uag-blocks-common-selector{z-index:var(--z-index-desktop) !important}@media(max-width: 976px){.uag-blocks-common-selector{z-index:var(--z-index-tablet) !important}}@media(max-width: 767px){.uag-blocks-common-selector{z-index:var(--z-index-mobile) !important}}\";s:2:\"js\";s:0:\"\";s:18:\"current_block_list\";a:13:{i:0;s:14:\"core\/paragraph\";i:1;s:12:\"core\/gallery\";i:2;s:10:\"core\/image\";i:3;s:12:\"core\/heading\";i:4;s:9:\"core\/list\";i:5;s:14:\"core\/list-item\";i:6;s:10:\"core\/table\";i:7;s:11:\"core\/search\";i:8;s:10:\"core\/group\";i:9;s:17:\"core\/latest-posts\";i:10;s:20:\"core\/latest-comments\";i:11;s:13:\"core\/archives\";i:12;s:15:\"core\/categories\";}s:8:\"uag_flag\";b:0;s:11:\"uag_version\";s:10:\"1778337502\";s:6:\"gfonts\";a:0:{}s:10:\"gfonts_url\";s:0:\"\";s:12:\"gfonts_files\";a:0:{}s:14:\"uag_faq_layout\";b:0;}"]},"uagb_featured_image_src":{"full":["https:\/\/antloader.com\/wp-content\/uploads\/2025\/06\/Deep-hole-drilling-rig.webp",800,600,false],"thumbnail":["https:\/\/antloader.com\/wp-content\/uploads\/2025\/06\/Deep-hole-drilling-rig-150x150.webp",150,150,true],"medium":["https:\/\/antloader.com\/wp-content\/uploads\/2025\/06\/Deep-hole-drilling-rig-300x225.webp",300,225,true],"medium_large":["https:\/\/antloader.com\/wp-content\/uploads\/2025\/06\/Deep-hole-drilling-rig-768x576.webp",768,576,true],"large":["https:\/\/antloader.com\/wp-content\/uploads\/2025\/06\/Deep-hole-drilling-rig.webp",800,600,false],"1536x1536":["https:\/\/antloader.com\/wp-content\/uploads\/2025\/06\/Deep-hole-drilling-rig.webp",800,600,false],"2048x2048":["https:\/\/antloader.com\/wp-content\/uploads\/2025\/06\/Deep-hole-drilling-rig.webp",800,600,false],"trp-custom-language-flag":["https:\/\/antloader.com\/wp-content\/uploads\/2025\/06\/Deep-hole-drilling-rig.webp",16,12,false]},"uagb_author_info":{"display_name":"admin","author_link":"https:\/\/antloader.com\/lv\/author\/"},"uagb_comment_info":0,"uagb_excerpt":"Engineered by integrating global advanced drilling technologies, the HD Series Full Hydraulic Core Drill Rig represents a leap forward in efficiency and versatility for demanding core sampling applications. Designed for solid mineral exploration, geological surveys, shallow oil\/gas, groundwater assessment, and auxiliary engineering tasks (ventilation, drainage, grouting), this rig delivers exceptional power and precision. Full Hydraulic&hellip;","_links":{"self":[{"href":"https:\/\/antloader.com\/lv\/wp-json\/wp\/v2\/product\/2514","targetHints":{"allow":["GET"]}}],"collection":[{"href":"https:\/\/antloader.com\/lv\/wp-json\/wp\/v2\/product"}],"about":[{"href":"https:\/\/antloader.com\/lv\/wp-json\/wp\/v2\/types\/product"}],"wp:featuredmedia":[{"embeddable":true,"href":"https:\/\/antloader.com\/lv\/wp-json\/wp\/v2\/media\/2515"}],"wp:attachment":[{"href":"https:\/\/antloader.com\/lv\/wp-json\/wp\/v2\/media?parent=2514"}],"wp:term":[{"taxonomy":"catalog","embeddable":true,"href":"https:\/\/antloader.com\/lv\/wp-json\/wp\/v2\/catalog?post=2514"}],"curies":[{"name":"wp","href":"https:\/\/api.w.org\/{rel}","templated":true}]}}