{"id":2466,"date":"2025-05-20T07:15:25","date_gmt":"2025-05-20T07:15:25","guid":{"rendered":"https:\/\/www.antloader.com\/?post_type=product&#038;p=2466"},"modified":"2025-06-06T13:39:13","modified_gmt":"2025-06-06T13:39:13","slug":"compact-wheel-loaders-915f","status":"publish","type":"product","link":"https:\/\/antloader.com\/pt\/product\/compact-wheel-loaders-915f\/","title":{"rendered":"Carregadoras de rodas compactas 915F"},"content":{"rendered":"<div class=\"wp-block-uagb-image uagb-block-11fe9ff6 wp-block-uagb-image--layout-default wp-block-uagb-image--effect-static wp-block-uagb-image--align-none\"><figure class=\"wp-block-uagb-image__figure\"><img decoding=\"async\" srcset=\"https:\/\/www.antloader.com\/wp-content\/uploads\/2025\/05\/915F-Compact-Wheel-Loader.webp ,https:\/\/www.antloader.com\/wp-content\/uploads\/2025\/05\/915F-Compact-Wheel-Loader.webp 780w, https:\/\/www.antloader.com\/wp-content\/uploads\/2025\/05\/915F-Compact-Wheel-Loader.webp 360w\" sizes=\"auto, (max-width: 480px) 150px\" src=\"https:\/\/www.antloader.com\/wp-content\/uploads\/2025\/05\/915F-Compact-Wheel-Loader.webp\" alt=\"Mini carregadoras de rodas 915F\" class=\"uag-image-2469\" width=\"640\" height=\"426\" title=\"915F-Compacta-carregadora de rodas\" loading=\"lazy\" role=\"img\"\/><\/figure><\/div>\n\n\n\n<div class=\"wp-block-uagb-advanced-heading uagb-block-da524372\"><h2 class=\"uagb-heading-text\"><strong>Porqu\u00ea escolher carregadoras de rodas compactas?<\/strong><\/h2><\/div>\n\n\n\n<p>As carregadoras de rodas compactas s\u00e3o a derradeira solu\u00e7\u00e3o polivalente para espa\u00e7os apertados e projectos exigentes. Combinando\u00a0<strong>desempenho poderoso<\/strong>\u00a0com\u00a0<strong>manobrabilidade excecional<\/strong>Estas m\u00e1quinas destacam-se na constru\u00e7\u00e3o, agricultura, paisagismo e manuseamento de materiais. Descubra porque \u00e9 que est\u00e3o a tornar-se a escolha dos empreiteiros que d\u00e3o prioridade\u00a0<strong>efici\u00eancia do espa\u00e7o<\/strong>\u00a0e\u00a0<strong>versatilidade operacional<\/strong>.<\/p>\n\n\n\n<div class=\"wp-block-uagb-advanced-heading uagb-block-862b6985\"><h2 class=\"uagb-heading-text\"><strong>Carater\u00edsticas principais e especifica\u00e7\u00f5es t\u00e9cnicas<\/strong><\/h2><\/div>\n\n\n\n<figure class=\"wp-block-table\"><table class=\"has-fixed-layout\"><tbody><tr><td>Nome<\/td><td>Par\u00e2metros<font _mstmutation=\"1\"><\/font><\/td><\/tr><tr><td>Modelo do produto<\/td><td>915F<font _mstmutation=\"1\"><\/font><\/td><\/tr><tr><td>Raio de viragem m\u00ednimo (mm)<font _mstmutation=\"1\"><\/font><\/td><td>4910<font _mstmutation=\"1\"><\/font><\/td><\/tr><tr><td>Altura m\u00e1xima de despejo (mm)<\/td><td>3170<font _mstmutation=\"1\"><\/font><\/td><\/tr><tr><td>Dist\u00e2ncia de descarga correspondente (mm)<font _mstmutation=\"1\"><\/font><\/td><td>815<font _mstmutation=\"1\"><\/font><\/td><\/tr><tr><td><font _mstmutation=\"1\"><\/font>Capacidade nominal do balde (m\u00b3)<\/td><td>0.7<font _mstmutation=\"1\"><\/font><\/td><\/tr><tr><td>Largura\/Profundidade do balde (mm) <font _mstmutation=\"1\"><\/font><\/td><td>1900\/480 <font _mstmutation=\"1\"><\/font><\/td><\/tr><tr><td>Carga nominal de funcionamento (kg)<font _mstmutation=\"1\"><\/font><\/td><td>1000<font _mstmutation=\"1\"><\/font><\/td><\/tr><tr><td>Peso total da m\u00e1quina (kg)<font _mstmutation=\"1\"><\/font><\/td><td>3930<font _mstmutation=\"1\"><\/font><\/td><\/tr><tr><td>Pot\u00eancia nominal (kw) <font _mstmutation=\"1\"><\/font><\/td><td>40<font _mstmutation=\"1\"><\/font><\/td><\/tr><tr><td>Dimens\u00f5es totais (mm)<font _mstmutation=\"1\"><\/font><\/td><td>5390*1900*\u00a02940<font _mstmutation=\"1\"><\/font><\/td><\/tr><\/tbody><\/table><\/figure>\n\n\n\n<h3 class=\"wp-block-heading\"><strong>Motor e pot\u00eancia<\/strong><\/h3>\n\n\n\n<ul class=\"wp-block-list\">\n<li>Motores Diesel Tier 4 Final (op\u00e7\u00f5es de 45-100 CV)<\/li>\n\n\n\n<li>Modelos turboalimentados para\u00a0<strong>desempenho de bin\u00e1rio elevado<\/strong><\/li>\n\n\n\n<li>A tecnologia eficiente em termos de combust\u00edvel reduz os custos de funcionamento<\/li>\n<\/ul>\n\n\n\n<h3 class=\"wp-block-heading\"><strong>Versatilidade de acess\u00f3rios<\/strong><\/h3>\n\n\n\n<ul class=\"wp-block-list\">\n<li>Sistemas de engate r\u00e1pido compat\u00edveis com:\n<ul class=\"wp-block-list\">\n<li>Baldes (0,5-1,8 m\u00b3 de capacidade)<\/li>\n\n\n\n<li>Garfos\/Paletes<\/li>\n\n\n\n<li>L\u00e2minas de neve<\/li>\n\n\n\n<li>Brocas<\/li>\n<\/ul>\n<\/li>\n<\/ul>","protected":false},"featured_media":2469,"template":"","meta":{"_acf_changed":true,"_uag_custom_page_level_css":"","site-sidebar-layout":"default","site-content-layout":"","ast-site-content-layout":"default","site-content-style":"default","site-sidebar-style":"default","ast-global-header-display":"","ast-banner-title-visibility":"","ast-main-header-display":"","ast-hfb-above-header-display":"","ast-hfb-below-header-display":"","ast-hfb-mobile-header-display":"","site-post-title":"","ast-breadcrumbs-content":"","ast-featured-img":"disabled","footer-sml-layout":"","ast-disable-related-posts":"","theme-transparent-header-meta":"","adv-header-id-meta":"","stick-header-meta":"","header-above-stick-meta":"","header-main-stick-meta":"","header-below-stick-meta":"","astra-migrate-meta-layouts":"set","ast-page-background-enabled":"default","ast-page-background-meta":{"desktop":{"background-color":"","background-image":"","background-repeat":"repeat","background-position":"center center","background-size":"auto","background-attachment":"scroll","background-type":"","background-media":"","overlay-type":"","overlay-color":"","overlay-opacity":"","overlay-gradient":""},"tablet":{"background-color":"","background-image":"","background-repeat":"repeat","background-position":"center center","background-size":"auto","background-attachment":"scroll","background-type":"","background-media":"","overlay-type":"","overlay-color":"","overlay-opacity":"","overlay-gradient":""},"mobile":{"background-color":"","background-image":"","background-repeat":"repeat","background-position":"center center","background-size":"auto","background-attachment":"scroll","background-type":"","background-media":"","overlay-type":"","overlay-color":"","overlay-opacity":"","overlay-gradient":""}},"ast-content-background-meta":{"desktop":{"background-color":"var(--ast-global-color-5)","background-image":"","background-repeat":"repeat","background-position":"center center","background-size":"auto","background-attachment":"scroll","background-type":"","background-media":"","overlay-type":"","overlay-color":"","overlay-opacity":"","overlay-gradient":""},"tablet":{"background-color":"var(--ast-global-color-5)","background-image":"","background-repeat":"repeat","background-position":"center center","background-size":"auto","background-attachment":"scroll","background-type":"","background-media":"","overlay-type":"","overlay-color":"","overlay-opacity":"","overlay-gradient":""},"mobile":{"background-color":"var(--ast-global-color-5)","background-image":"","background-repeat":"repeat","background-position":"center center","background-size":"auto","background-attachment":"scroll","background-type":"","background-media":"","overlay-type":"","overlay-color":"","overlay-opacity":"","overlay-gradient":""}}},"catalog":[9],"class_list":["post-2466","product","type-product","status-publish","has-post-thumbnail","hentry","catalog-wheel-loaders"],"acf":[],"spectra_custom_meta":{"_edit_lock":["1749217155:1"],"rank_math_seo_score":["72"],"rank_math_internal_links_processed":["1"],"_acf_changed":["1"],"_uag_custom_page_level_css":[""],"site-sidebar-layout":["default"],"site-content-layout":[""],"ast-site-content-layout":["default"],"site-content-style":["default"],"site-sidebar-style":["default"],"ast-global-header-display":[""],"ast-banner-title-visibility":[""],"ast-main-header-display":[""],"ast-hfb-above-header-display":[""],"ast-hfb-below-header-display":[""],"ast-hfb-mobile-header-display":[""],"site-post-title":[""],"ast-breadcrumbs-content":[""],"ast-featured-img":["disabled"],"footer-sml-layout":[""],"theme-transparent-header-meta":[""],"adv-header-id-meta":[""],"stick-header-meta":[""],"header-above-stick-meta":[""],"header-main-stick-meta":[""],"header-below-stick-meta":[""],"astra-migrate-meta-layouts":["set"],"ast-page-background-enabled":["default"],"ast-page-background-meta":["a:3:{s:7:\"desktop\";a:12:{s:16:\"background-color\";s:0:\"\";s:16:\"background-image\";s:0:\"\";s:17:\"background-repeat\";s:6:\"repeat\";s:19:\"background-position\";s:13:\"center center\";s:15:\"background-size\";s:4:\"auto\";s:21:\"background-attachment\";s:6:\"scroll\";s:15:\"background-type\";s:0:\"\";s:16:\"background-media\";s:0:\"\";s:12:\"overlay-type\";s:0:\"\";s:13:\"overlay-color\";s:0:\"\";s:15:\"overlay-opacity\";s:0:\"\";s:16:\"overlay-gradient\";s:0:\"\";}s:6:\"tablet\";a:12:{s:16:\"background-color\";s:0:\"\";s:16:\"background-image\";s:0:\"\";s:17:\"background-repeat\";s:6:\"repeat\";s:19:\"background-position\";s:13:\"center center\";s:15:\"background-size\";s:4:\"auto\";s:21:\"background-attachment\";s:6:\"scroll\";s:15:\"background-type\";s:0:\"\";s:16:\"background-media\";s:0:\"\";s:12:\"overlay-type\";s:0:\"\";s:13:\"overlay-color\";s:0:\"\";s:15:\"overlay-opacity\";s:0:\"\";s:16:\"overlay-gradient\";s:0:\"\";}s:6:\"mobile\";a:12:{s:16:\"background-color\";s:0:\"\";s:16:\"background-image\";s:0:\"\";s:17:\"background-repeat\";s:6:\"repeat\";s:19:\"background-position\";s:13:\"center center\";s:15:\"background-size\";s:4:\"auto\";s:21:\"background-attachment\";s:6:\"scroll\";s:15:\"background-type\";s:0:\"\";s:16:\"background-media\";s:0:\"\";s:12:\"overlay-type\";s:0:\"\";s:13:\"overlay-color\";s:0:\"\";s:15:\"overlay-opacity\";s:0:\"\";s:16:\"overlay-gradient\";s:0:\"\";}}"],"ast-content-background-meta":["a:3:{s:7:\"desktop\";a:12:{s:16:\"background-color\";s:25:\"var(--ast-global-color-5)\";s:16:\"background-image\";s:0:\"\";s:17:\"background-repeat\";s:6:\"repeat\";s:19:\"background-position\";s:13:\"center center\";s:15:\"background-size\";s:4:\"auto\";s:21:\"background-attachment\";s:6:\"scroll\";s:15:\"background-type\";s:0:\"\";s:16:\"background-media\";s:0:\"\";s:12:\"overlay-type\";s:0:\"\";s:13:\"overlay-color\";s:0:\"\";s:15:\"overlay-opacity\";s:0:\"\";s:16:\"overlay-gradient\";s:0:\"\";}s:6:\"tablet\";a:12:{s:16:\"background-color\";s:25:\"var(--ast-global-color-5)\";s:16:\"background-image\";s:0:\"\";s:17:\"background-repeat\";s:6:\"repeat\";s:19:\"background-position\";s:13:\"center center\";s:15:\"background-size\";s:4:\"auto\";s:21:\"background-attachment\";s:6:\"scroll\";s:15:\"background-type\";s:0:\"\";s:16:\"background-media\";s:0:\"\";s:12:\"overlay-type\";s:0:\"\";s:13:\"overlay-color\";s:0:\"\";s:15:\"overlay-opacity\";s:0:\"\";s:16:\"overlay-gradient\";s:0:\"\";}s:6:\"mobile\";a:12:{s:16:\"background-color\";s:25:\"var(--ast-global-color-5)\";s:16:\"background-image\";s:0:\"\";s:17:\"background-repeat\";s:6:\"repeat\";s:19:\"background-position\";s:13:\"center center\";s:15:\"background-size\";s:4:\"auto\";s:21:\"background-attachment\";s:6:\"scroll\";s:15:\"background-type\";s:0:\"\";s:16:\"background-media\";s:0:\"\";s:12:\"overlay-type\";s:0:\"\";s:13:\"overlay-color\";s:0:\"\";s:15:\"overlay-opacity\";s:0:\"\";s:16:\"overlay-gradient\";s:0:\"\";}}"],"_edit_last":["1"],"product_model":["1"],"_product_model":["field_682c2314d66d1"],"minimum_turning_radius":["2"],"_minimum_turning_radius":["field_682c240996ef8"],"maximum_dump_height":["3"],"_maximum_dump_height":["field_682c24c096ef9"],"corresponding_dump_distance":["4"],"_corresponding_dump_distance":["field_682c24fb96efa"],"rated_bucket_capacity":["3"],"_rated_bucket_capacity":["field_682c240096ef7"],"bucket_widthdepth":["1900\/480"],"_bucket_widthdepth":["field_682c255196efc"],"rated_operating_load":["1000"],"_rated_operating_load":["field_682c257d96efd"],"total_machine_weight":["6"],"_total_machine_weight":["field_682c259e96efe"],"rated_power":["7"],"_rated_power":["field_682c25be96eff"],"overall_dimensions":["5390*1900* 2940"],"_overall_dimensions":["field_682c25da96f00"],"astra_style_timestamp_css":["1777581211"],"_thumbnail_id":["2469"],"_wp_old_slug":["1"],"rank_math_robots":["a:1:{i:0;s:5:\"index\";}"],"rank_math_focus_keyword":["Wheel Loaders"],"_uag_css_file_name":["uag-css-2466.css"],"_uag_page_assets":["a:9:{s:3:\"css\";s:9359:\".wp-block-uagb-image{display:flex}.wp-block-uagb-image__figure{position:relative;display:flex;flex-direction:column;max-width:100%;height:auto;margin:0}.wp-block-uagb-image__figure img{height:auto;display:flex;max-width:100%;transition:box-shadow .2s ease}.wp-block-uagb-image__figure>a{display:inline-block}.wp-block-uagb-image__figure figcaption{text-align:center;margin-top:.5em;margin-bottom:1em}.wp-block-uagb-image .components-placeholder.block-editor-media-placeholder .components-placeholder__instructions{align-self:center}.wp-block-uagb-image--align-left{text-align:left}.wp-block-uagb-image--align-right{text-align:right}.wp-block-uagb-image--align-center{text-align:center}.wp-block-uagb-image--align-full .wp-block-uagb-image__figure{margin-left:calc(50% - 50vw);margin-right:calc(50% - 50vw);max-width:100vw;width:100vw;height:auto}.wp-block-uagb-image--align-full .wp-block-uagb-image__figure img{height:auto;width:100% !important}.wp-block-uagb-image--align-wide .wp-block-uagb-image__figure img{height:auto;width:100%}.wp-block-uagb-image--layout-overlay__color-wrapper{position:absolute;left:0;top:0;right:0;bottom:0;opacity:.2;background:rgba(0,0,0,.5);transition:opacity .35s ease-in-out}.wp-block-uagb-image--layout-overlay-link{position:absolute;left:0;right:0;bottom:0;top:0}.wp-block-uagb-image--layout-overlay .wp-block-uagb-image__figure:hover .wp-block-uagb-image--layout-overlay__color-wrapper{opacity:1}.wp-block-uagb-image--layout-overlay__inner{position:absolute;left:15px;right:15px;bottom:15px;top:15px;display:flex;align-items:center;justify-content:center;flex-direction:column;border-color:#fff;transition:.35s ease-in-out}.wp-block-uagb-image--layout-overlay__inner.top-left,.wp-block-uagb-image--layout-overlay__inner.top-center,.wp-block-uagb-image--layout-overlay__inner.top-right{justify-content:flex-start}.wp-block-uagb-image--layout-overlay__inner.bottom-left,.wp-block-uagb-image--layout-overlay__inner.bottom-center,.wp-block-uagb-image--layout-overlay__inner.bottom-right{justify-content:flex-end}.wp-block-uagb-image--layout-overlay__inner.top-left,.wp-block-uagb-image--layout-overlay__inner.center-left,.wp-block-uagb-image--layout-overlay__inner.bottom-left{align-items:flex-start}.wp-block-uagb-image--layout-overlay__inner.top-right,.wp-block-uagb-image--layout-overlay__inner.center-right,.wp-block-uagb-image--layout-overlay__inner.bottom-right{align-items:flex-end}.wp-block-uagb-image--layout-overlay__inner .uagb-image-heading{color:#fff;transition:transform .35s,opacity .35s ease-in-out;transform:translate3d(0, 24px, 0);margin:0;line-height:1em}.wp-block-uagb-image--layout-overlay__inner .uagb-image-separator{width:30%;border-top-width:2px;border-top-color:#fff;border-top-style:solid;margin-bottom:10px;opacity:0;transition:transform .4s,opacity .4s ease-in-out;transform:translate3d(0, 30px, 0)}.wp-block-uagb-image--layout-overlay__inner .uagb-image-caption{opacity:0;overflow:visible;color:#fff;transition:transform .45s,opacity .45s ease-in-out;transform:translate3d(0, 35px, 0)}.wp-block-uagb-image--layout-overlay__inner:hover .uagb-image-heading,.wp-block-uagb-image--layout-overlay__inner:hover .uagb-image-separator,.wp-block-uagb-image--layout-overlay__inner:hover .uagb-image-caption{opacity:1;transform:translate3d(0, 0, 0)}.wp-block-uagb-image--effect-zoomin .wp-block-uagb-image__figure img,.wp-block-uagb-image--effect-zoomin .wp-block-uagb-image__figure .wp-block-uagb-image--layout-overlay__color-wrapper{transform:scale(1);transition:transform .35s ease-in-out}.wp-block-uagb-image--effect-zoomin .wp-block-uagb-image__figure:hover img,.wp-block-uagb-image--effect-zoomin .wp-block-uagb-image__figure:hover .wp-block-uagb-image--layout-overlay__color-wrapper{transform:scale(1.05)}.wp-block-uagb-image--effect-slide .wp-block-uagb-image__figure img,.wp-block-uagb-image--effect-slide .wp-block-uagb-image__figure .wp-block-uagb-image--layout-overlay__color-wrapper{width:calc(100% + 40px) !important;max-width:none !important;transform:translate3d(-40px, 0, 0);transition:transform .35s ease-in-out}.wp-block-uagb-image--effect-slide .wp-block-uagb-image__figure:hover img,.wp-block-uagb-image--effect-slide .wp-block-uagb-image__figure:hover .wp-block-uagb-image--layout-overlay__color-wrapper{transform:translate3d(0, 0, 0)}.wp-block-uagb-image--effect-grayscale img{filter:grayscale(0%);transition:.35s ease-in-out}.wp-block-uagb-image--effect-grayscale:hover img{filter:grayscale(100%)}.wp-block-uagb-image--effect-blur img{filter:blur(0);transition:.35s ease-in-out}.wp-block-uagb-image--effect-blur:hover img{filter:blur(3px)}.wp-block-uagb-advanced-heading h1,.wp-block-uagb-advanced-heading h2,.wp-block-uagb-advanced-heading h3,.wp-block-uagb-advanced-heading h4,.wp-block-uagb-advanced-heading h5,.wp-block-uagb-advanced-heading h6,.wp-block-uagb-advanced-heading p,.wp-block-uagb-advanced-heading div{word-break:break-word}.wp-block-uagb-advanced-heading .uagb-heading-text{margin:0}.wp-block-uagb-advanced-heading .uagb-desc-text{margin:0}.wp-block-uagb-advanced-heading .uagb-separator{font-size:0;border-top-style:solid;display:inline-block;margin:0 0 10px 0}.wp-block-uagb-advanced-heading .uagb-highlight{color:#f78a0c;border:0;transition:all .3s ease}.uag-highlight-toolbar{border-left:0;border-top:0;border-bottom:0;border-radius:0;border-right-color:#1e1e1e}.uag-highlight-toolbar .components-button{border-radius:0;outline:none}.uag-highlight-toolbar .components-button.is-primary{color:#fff}.uagb-block-11fe9ff6.wp-block-uagb-image--layout-default figure img{box-shadow: 0px 0px 0 #00000070;}.uagb-block-11fe9ff6.wp-block-uagb-image .wp-block-uagb-image__figure figcaption{font-style: normal;align-self: center;}.uagb-block-11fe9ff6.wp-block-uagb-image--layout-overlay figure img{box-shadow: 0px 0px 0 #00000070;}.uagb-block-11fe9ff6.wp-block-uagb-image--layout-overlay .wp-block-uagb-image--layout-overlay__color-wrapper{opacity: 0.2;}.uagb-block-11fe9ff6.wp-block-uagb-image--layout-overlay .wp-block-uagb-image--layout-overlay__inner{left: 15px;right: 15px;top: 15px;bottom: 15px;}.uagb-block-11fe9ff6.wp-block-uagb-image--layout-overlay .wp-block-uagb-image--layout-overlay__inner .uagb-image-heading{font-style: normal;color: #fff;opacity: 1;}.uagb-block-11fe9ff6.wp-block-uagb-image--layout-overlay .wp-block-uagb-image--layout-overlay__inner .uagb-image-heading a{color: #fff;}.uagb-block-11fe9ff6.wp-block-uagb-image--layout-overlay .wp-block-uagb-image--layout-overlay__inner .uagb-image-caption{opacity: 0;}.uagb-block-11fe9ff6.wp-block-uagb-image--layout-overlay .wp-block-uagb-image__figure:hover .wp-block-uagb-image--layout-overlay__color-wrapper{opacity: 1;}.uagb-block-11fe9ff6.wp-block-uagb-image .wp-block-uagb-image--layout-overlay__inner .uagb-image-separator{width: 30%;border-top-width: 2px;border-top-color: #fff;opacity: 0;}.uagb-block-11fe9ff6.wp-block-uagb-image .wp-block-uagb-image__figure img{width: px;height: auto;}.uagb-block-11fe9ff6.wp-block-uagb-image .wp-block-uagb-image__figure:hover .wp-block-uagb-image--layout-overlay__inner .uagb-image-caption{opacity: 1;}.uagb-block-11fe9ff6.wp-block-uagb-image .wp-block-uagb-image__figure:hover .wp-block-uagb-image--layout-overlay__inner .uagb-image-separator{opacity: 1;}.uagb-block-11fe9ff6.wp-block-uagb-image--layout-default figure:hover img{box-shadow: 0px 0px 0 #00000070;}.uagb-block-11fe9ff6.wp-block-uagb-image--layout-overlay figure:hover img{box-shadow: 0px 0px 0 #00000070;}.wp-block-uagb-advanced-heading.uagb-block-da524372.wp-block-uagb-advanced-heading .uagb-desc-text{margin-bottom: 15px;}.wp-block-uagb-advanced-heading.uagb-block-da524372.wp-block-uagb-advanced-heading .uagb-highlight{font-style: normal;font-weight: Default;background: #007cba;color: #fff;-webkit-text-fill-color: #fff;}.wp-block-uagb-advanced-heading.uagb-block-da524372.wp-block-uagb-advanced-heading .uagb-highlight::-moz-selection{color: #fff;background: #007cba;-webkit-text-fill-color: #fff;}.wp-block-uagb-advanced-heading.uagb-block-da524372.wp-block-uagb-advanced-heading .uagb-highlight::selection{color: #fff;background: #007cba;-webkit-text-fill-color: #fff;}.wp-block-uagb-advanced-heading.uagb-block-862b6985.wp-block-uagb-advanced-heading .uagb-desc-text{margin-bottom: 15px;}.wp-block-uagb-advanced-heading.uagb-block-862b6985.wp-block-uagb-advanced-heading .uagb-highlight{font-style: normal;font-weight: Default;background: #007cba;color: #fff;-webkit-text-fill-color: #fff;}.wp-block-uagb-advanced-heading.uagb-block-862b6985.wp-block-uagb-advanced-heading .uagb-highlight::-moz-selection{color: #fff;background: #007cba;-webkit-text-fill-color: #fff;}.wp-block-uagb-advanced-heading.uagb-block-862b6985.wp-block-uagb-advanced-heading .uagb-highlight::selection{color: #fff;background: #007cba;-webkit-text-fill-color: #fff;}@media only screen and (max-width: 976px) {.uagb-block-11fe9ff6.wp-block-uagb-image .wp-block-uagb-image__figure img{width: px;height: auto;}}@media only screen and (max-width: 767px) {.uagb-block-11fe9ff6.wp-block-uagb-image .wp-block-uagb-image__figure img{width: px;height: auto;}}.uag-blocks-common-selector{z-index:var(--z-index-desktop) !important}@media(max-width: 976px){.uag-blocks-common-selector{z-index:var(--z-index-tablet) !important}}@media(max-width: 767px){.uag-blocks-common-selector{z-index:var(--z-index-mobile) !important}}\";s:2:\"js\";s:0:\"\";s:18:\"current_block_list\";a:13:{i:0;s:10:\"uagb\/image\";i:1;s:21:\"uagb\/advanced-heading\";i:2;s:14:\"core\/paragraph\";i:3;s:10:\"core\/table\";i:4;s:12:\"core\/heading\";i:5;s:9:\"core\/list\";i:6;s:14:\"core\/list-item\";i:7;s:11:\"core\/search\";i:8;s:10:\"core\/group\";i:9;s:17:\"core\/latest-posts\";i:10;s:20:\"core\/latest-comments\";i:11;s:13:\"core\/archives\";i:12;s:15:\"core\/categories\";}s:8:\"uag_flag\";b:1;s:11:\"uag_version\";s:10:\"1778337502\";s:6:\"gfonts\";a:0:{}s:10:\"gfonts_url\";s:0:\"\";s:12:\"gfonts_files\";a:0:{}s:14:\"uag_faq_layout\";b:0;}"]},"uagb_featured_image_src":{"full":["https:\/\/antloader.com\/wp-content\/uploads\/2025\/05\/915F-Compact-Wheel-Loader.webp",640,426,false],"thumbnail":["https:\/\/antloader.com\/wp-content\/uploads\/2025\/05\/915F-Compact-Wheel-Loader-150x150.webp",150,150,true],"medium":["https:\/\/antloader.com\/wp-content\/uploads\/2025\/05\/915F-Compact-Wheel-Loader-300x200.webp",300,200,true],"medium_large":["https:\/\/antloader.com\/wp-content\/uploads\/2025\/05\/915F-Compact-Wheel-Loader.webp",640,426,false],"large":["https:\/\/antloader.com\/wp-content\/uploads\/2025\/05\/915F-Compact-Wheel-Loader.webp",640,426,false],"1536x1536":["https:\/\/antloader.com\/wp-content\/uploads\/2025\/05\/915F-Compact-Wheel-Loader.webp",640,426,false],"2048x2048":["https:\/\/antloader.com\/wp-content\/uploads\/2025\/05\/915F-Compact-Wheel-Loader.webp",640,426,false],"trp-custom-language-flag":["https:\/\/antloader.com\/wp-content\/uploads\/2025\/05\/915F-Compact-Wheel-Loader.webp",18,12,false]},"uagb_author_info":{"display_name":"admin","author_link":"https:\/\/antloader.com\/pt\/author\/"},"uagb_comment_info":0,"uagb_excerpt":"Why Choose Compact Wheel Loaders? Compact wheel loaders are the ultimate multi-purpose solution for tight spaces and demanding projects. Combining\u00a0powerful performance\u00a0with\u00a0exceptional maneuverability, these machines excel in construction, agriculture, landscaping, and material handling. Discover why they&#8217;re becoming the choice for contractors prioritizing\u00a0space efficiency\u00a0and\u00a0operational versatility. Key Features &amp; Technical Specifications Engine &amp; Power Attachment Versatility","_links":{"self":[{"href":"https:\/\/antloader.com\/pt\/wp-json\/wp\/v2\/product\/2466","targetHints":{"allow":["GET"]}}],"collection":[{"href":"https:\/\/antloader.com\/pt\/wp-json\/wp\/v2\/product"}],"about":[{"href":"https:\/\/antloader.com\/pt\/wp-json\/wp\/v2\/types\/product"}],"wp:featuredmedia":[{"embeddable":true,"href":"https:\/\/antloader.com\/pt\/wp-json\/wp\/v2\/media\/2469"}],"wp:attachment":[{"href":"https:\/\/antloader.com\/pt\/wp-json\/wp\/v2\/media?parent=2466"}],"wp:term":[{"taxonomy":"catalog","embeddable":true,"href":"https:\/\/antloader.com\/pt\/wp-json\/wp\/v2\/catalog?post=2466"}],"curies":[{"name":"wp","href":"https:\/\/api.w.org\/{rel}","templated":true}]}}