{"id":2513,"date":"2025-06-05T11:55:20","date_gmt":"2025-06-05T11:55:20","guid":{"rendered":"https:\/\/www.antloader.com\/?post_type=product&#038;p=2513"},"modified":"2025-06-06T13:31:55","modified_gmt":"2025-06-06T13:31:55","slug":"jy-2000-full-hydraulic-core-drill-rig","status":"publish","type":"product","link":"https:\/\/antloader.com\/pt\/product\/jy-2000-full-hydraulic-core-drill-rig\/","title":{"rendered":"JY-2000 Full Hydraulic Core Drill Rig"},"content":{"rendered":"<p>Desenvolvida atrav\u00e9s da integra\u00e7\u00e3o de tecnologia de perfura\u00e7\u00e3o global avan\u00e7ada, a plataforma de perfura\u00e7\u00e3o com n\u00facleo totalmente hidr\u00e1ulica JY-2000 proporciona um desempenho sem paralelo em condi\u00e7\u00f5es geol\u00f3gicas extremas. Concebida para explora\u00e7\u00e3o mineral profunda e projectos de engenharia complexos, esta plataforma combina precis\u00e3o hidr\u00e1ulica com fiabilidade robusta.<\/p>\n\n\n\n<figure class=\"wp-block-gallery has-nested-images columns-default is-cropped wp-block-gallery-1 is-layout-flex wp-block-gallery-is-layout-flex\">\n<figure class=\"wp-block-image size-large\"><img loading=\"lazy\" decoding=\"async\" width=\"800\" height=\"600\" data-id=\"2512\" src=\"https:\/\/www.antloader.com\/wp-content\/uploads\/2025\/06\/Full-Hydraulic-Core-Drill-Rig.webp\" alt=\"Equipamento de perfura\u00e7\u00e3o com n\u00facleo totalmente hidr\u00e1ulico\" class=\"wp-image-2512\" srcset=\"https:\/\/antloader.com\/wp-content\/uploads\/2025\/06\/Full-Hydraulic-Core-Drill-Rig.webp 800w, https:\/\/antloader.com\/wp-content\/uploads\/2025\/06\/Full-Hydraulic-Core-Drill-Rig-300x225.webp 300w, https:\/\/antloader.com\/wp-content\/uploads\/2025\/06\/Full-Hydraulic-Core-Drill-Rig-768x576.webp 768w\" sizes=\"auto, (max-width: 800px) 100vw, 800px\" \/><\/figure>\n\n\n\n<figure class=\"wp-block-image size-large\"><img loading=\"lazy\" decoding=\"async\" width=\"800\" height=\"600\" data-id=\"2511\" src=\"https:\/\/www.antloader.com\/wp-content\/uploads\/2025\/06\/hydraulic-core-drill-rig.webp\" alt=\"sonda de perfura\u00e7\u00e3o hidr\u00e1ulica\" class=\"wp-image-2511\" srcset=\"https:\/\/antloader.com\/wp-content\/uploads\/2025\/06\/hydraulic-core-drill-rig.webp 800w, https:\/\/antloader.com\/wp-content\/uploads\/2025\/06\/hydraulic-core-drill-rig-300x225.webp 300w, https:\/\/antloader.com\/wp-content\/uploads\/2025\/06\/hydraulic-core-drill-rig-768x576.webp 768w\" sizes=\"auto, (max-width: 800px) 100vw, 800px\" \/><\/figure>\n\n\n\n<figure class=\"wp-block-image size-large\"><img loading=\"lazy\" decoding=\"async\" width=\"800\" height=\"589\" data-id=\"2510\" src=\"https:\/\/www.antloader.com\/wp-content\/uploads\/2025\/06\/borehole-drilling-equipmen.webp\" alt=\"equipamento de perfura\u00e7\u00e3o de po\u00e7os\" class=\"wp-image-2510\" srcset=\"https:\/\/antloader.com\/wp-content\/uploads\/2025\/06\/borehole-drilling-equipmen.webp 800w, https:\/\/antloader.com\/wp-content\/uploads\/2025\/06\/borehole-drilling-equipmen-300x221.webp 300w, https:\/\/antloader.com\/wp-content\/uploads\/2025\/06\/borehole-drilling-equipmen-768x565.webp 768w\" sizes=\"auto, (max-width: 800px) 100vw, 800px\" \/><\/figure>\n\n\n\n<figure class=\"wp-block-image size-large\"><img loading=\"lazy\" decoding=\"async\" width=\"800\" height=\"600\" data-id=\"2509\" src=\"https:\/\/www.antloader.com\/wp-content\/uploads\/2025\/06\/core-drilling-equipment.webp\" alt=\"equipamento de perfura\u00e7\u00e3o\" class=\"wp-image-2509\" srcset=\"https:\/\/antloader.com\/wp-content\/uploads\/2025\/06\/core-drilling-equipment.webp 800w, https:\/\/antloader.com\/wp-content\/uploads\/2025\/06\/core-drilling-equipment-300x225.webp 300w, https:\/\/antloader.com\/wp-content\/uploads\/2025\/06\/core-drilling-equipment-768x576.webp 768w\" sizes=\"auto, (max-width: 800px) 100vw, 800px\" \/><\/figure>\n<\/figure>\n\n\n\n<p>Solu\u00e7\u00e3o de perfura\u00e7\u00e3o profunda com bin\u00e1rio de 5000N-m e controlo inteligente<\/p>\n\n\n\n<h2 class=\"wp-block-heading\"><strong>Carater\u00edsticas da engenharia inovadora:<\/strong><\/h2>\n\n\n\n<ol start=\"1\" class=\"wp-block-list\">\n<li><strong>Sistema de acionamento hidr\u00e1ulico puro<\/strong>\n<ul class=\"wp-block-list\">\n<li>Design de fuso flutuante +\u00a0<strong>Hastes de perfura\u00e7\u00e3o de 3m<\/strong><\/li>\n\n\n\n<li>Bombas de pist\u00e3o axial e motores de pist\u00e3o de eixo curvo<\/li>\n<\/ul>\n<\/li>\n\n\n\n<li><strong>Controlo inteligente da perfura\u00e7\u00e3o<\/strong>\n<ul class=\"wp-block-list\">\n<li>Transmiss\u00e3o de 2 velocidades + regula\u00e7\u00e3o de velocidade cont\u00ednua<\/li>\n\n\n\n<li><strong>Bin\u00e1rio m\u00e1ximo. Bin\u00e1rio: 5.000 N-m<\/strong>\u00a0(L\u00edder na ind\u00fastria para hard rock)<\/li>\n<\/ul>\n<\/li>\n\n\n\n<li><strong>Configura\u00e7\u00e3o avan\u00e7ada do mastro<\/strong>\n<ul class=\"wp-block-list\">\n<li>Desloca\u00e7\u00e3o lateral hidr\u00e1ulica (1.200 mm de alcance)<\/li>\n\n\n\n<li><strong>Perfura\u00e7\u00e3o multiangular 45-90<\/strong>\u00a0capacidade<\/li>\n<\/ul>\n<\/li>\n\n\n\n<li><strong>Produtividade optimizada<\/strong>\n<ul class=\"wp-block-list\">\n<li>Sistema hidr\u00e1ulico sens\u00edvel \u00e0 carga<\/li>\n\n\n\n<li>Mecanismo de alimenta\u00e7\u00e3o com corrente de dupla velocidade (3,5 m de curso)<\/li>\n<\/ul>\n<\/li>\n<\/ol>\n\n\n\n<h2 class=\"wp-block-heading\"><strong>Vantagens operacionais cr\u00edticas<\/strong><\/h2>\n\n\n\n<ul class=\"wp-block-list\">\n<li><strong>Rastreador com controlo remoto sem fios<\/strong>\n<ul class=\"wp-block-list\">\n<li>25\u00b0 de inclina\u00e7\u00e3o e 3km\/h de velocidade de desloca\u00e7\u00e3o<\/li>\n\n\n\n<li>Raio de controlo de seguran\u00e7a de 50 m<\/li>\n<\/ul>\n<\/li>\n\n\n\n<li><strong>Sistemas de implanta\u00e7\u00e3o autom\u00e1tica<\/strong>\n<ul class=\"wp-block-list\">\n<li>Bra\u00e7adeira hidr\u00e1ulica para cavalo de madeira (\u00d875\/89\/115mm)<\/li>\n\n\n\n<li>Outriggers autonivelantes (adapta\u00e7\u00e3o da inclina\u00e7\u00e3o de 15\u00b0)<\/li>\n<\/ul>\n<\/li>\n\n\n\n<li><strong>Conce\u00e7\u00e3o de configura\u00e7\u00e3o r\u00e1pida<\/strong>\n<ul class=\"wp-block-list\">\n<li>Mastro telesc\u00f3pico (8,1 m de altura alargada)<\/li>\n<\/ul>\n<\/li>\n<\/ul>\n\n\n\n<h2 class=\"wp-block-heading\">Tabela de especifica\u00e7\u00f5es t\u00e9cnicas<\/h2>\n\n\n\n<figure class=\"wp-block-table\"><table class=\"has-fixed-layout\"><thead><tr><th><strong>Par\u00e2metro Categoria<\/strong><\/th><th><strong>Especifica\u00e7\u00e3o<\/strong><\/th><th><strong>Valor<\/strong><\/th><\/tr><\/thead><tbody><tr><td><strong>Modelo da plataforma<\/strong><\/td><td><\/td><td>JY-2000<\/td><\/tr><tr><td><strong>Capacidade de perfura\u00e7\u00e3o<\/strong><\/td><td>Profundidade BTW (m)<\/td><td>2,200<\/td><\/tr><tr><td><\/td><td>Profundidade NTW (m)<\/td><td>2,000<\/td><\/tr><tr><td><\/td><td>Profundidade HTW (m)<\/td><td>1,800<\/td><\/tr><tr><td><strong>Sistema hidr\u00e1ulico<\/strong><\/td><td>Bomba principal<\/td><td>190ml\/r a 32MPa<\/td><\/tr><tr><td><\/td><td>Bomba auxiliar<\/td><td>80ml\/r a 25MPa<\/td><\/tr><tr><td><\/td><td>Arrefecimento<\/td><td>Ar + \u00c1gua<\/td><\/tr><tr><td><strong>Motor (opcional)<\/strong><\/td><td>Modelo<\/td><td>Weichai 6-Cilindros<\/td><\/tr><tr><td><\/td><td>Pot\u00eancia<\/td><td>176 kW<\/td><\/tr><tr><td><\/td><td>Velocidade<\/td><td>2.200 rpm<\/td><\/tr><tr><td><strong>Cabe\u00e7a motorizada<\/strong><\/td><td>M\u00e1ximo. Bin\u00e1rio<\/td><td><strong>5.000 N-m<\/strong><\/td><\/tr><tr><td><\/td><td>M\u00e1x. Velocidade<\/td><td>1.400 rpm<\/td><\/tr><tr><td><\/td><td>Curso de alimenta\u00e7\u00e3o<\/td><td>3.5 m<\/td><\/tr><tr><td><\/td><td>For\u00e7a de recuo<\/td><td>600 kN<\/td><\/tr><tr><td><\/td><td>For\u00e7a de alimenta\u00e7\u00e3o<\/td><td>300 kN<\/td><\/tr><tr><td><strong>Guincho de cabo de a\u00e7o<\/strong><\/td><td>Capacidade da linha<\/td><td>2,000 m<\/td><\/tr><tr><td><\/td><td>Tra\u00e7\u00e3o de linha<\/td><td>45 kN<\/td><\/tr><tr><td><\/td><td>Velocidade do guincho<\/td><td>110 m\/min<\/td><\/tr><tr><td><\/td><td>Di\u00e2metro do cabo<\/td><td>\u00d86 mm<\/td><\/tr><tr><td><strong>Mastro<\/strong><\/td><td>Altura de trabalho<\/td><td>8.1 m<\/td><\/tr><tr><td><\/td><td>\u00c2ngulo de perfura\u00e7\u00e3o<\/td><td><strong>45-90\u00b0<\/strong><\/td><\/tr><tr><td><\/td><td>Desloca\u00e7\u00e3o lateral<\/td><td>1.200 mm<\/td><\/tr><tr><td><strong>Transporte<\/strong><\/td><td>Dimens\u00f5es (C\u00d7L\u00d7A)<\/td><td>6,100 \u00d7 2,200 \u00d7 2,500 mm<\/td><\/tr><tr><td><\/td><td>Peso<\/td><td><strong>12 toneladas<\/strong>&nbsp;(26.400 lbs)<\/td><\/tr><\/tbody><\/table><\/figure>","protected":false},"featured_media":2511,"template":"","meta":{"_acf_changed":false,"_uag_custom_page_level_css":"","site-sidebar-layout":"default","site-content-layout":"","ast-site-content-layout":"default","site-content-style":"default","site-sidebar-style":"default","ast-global-header-display":"","ast-banner-title-visibility":"","ast-main-header-display":"","ast-hfb-above-header-display":"","ast-hfb-below-header-display":"","ast-hfb-mobile-header-display":"","site-post-title":"","ast-breadcrumbs-content":"","ast-featured-img":"","footer-sml-layout":"","ast-disable-related-posts":"","theme-transparent-header-meta":"","adv-header-id-meta":"","stick-header-meta":"","header-above-stick-meta":"","header-main-stick-meta":"","header-below-stick-meta":"","astra-migrate-meta-layouts":"set","ast-page-background-enabled":"default","ast-page-background-meta":{"desktop":{"background-color":"","background-image":"","background-repeat":"repeat","background-position":"center center","background-size":"auto","background-attachment":"scroll","background-type":"","background-media":"","overlay-type":"","overlay-color":"","overlay-opacity":"","overlay-gradient":""},"tablet":{"background-color":"","background-image":"","background-repeat":"repeat","background-position":"center center","background-size":"auto","background-attachment":"scroll","background-type":"","background-media":"","overlay-type":"","overlay-color":"","overlay-opacity":"","overlay-gradient":""},"mobile":{"background-color":"","background-image":"","background-repeat":"repeat","background-position":"center center","background-size":"auto","background-attachment":"scroll","background-type":"","background-media":"","overlay-type":"","overlay-color":"","overlay-opacity":"","overlay-gradient":""}},"ast-content-background-meta":{"desktop":{"background-color":"var(--ast-global-color-5)","background-image":"","background-repeat":"repeat","background-position":"center center","background-size":"auto","background-attachment":"scroll","background-type":"","background-media":"","overlay-type":"","overlay-color":"","overlay-opacity":"","overlay-gradient":""},"tablet":{"background-color":"var(--ast-global-color-5)","background-image":"","background-repeat":"repeat","background-position":"center center","background-size":"auto","background-attachment":"scroll","background-type":"","background-media":"","overlay-type":"","overlay-color":"","overlay-opacity":"","overlay-gradient":""},"mobile":{"background-color":"var(--ast-global-color-5)","background-image":"","background-repeat":"repeat","background-position":"center center","background-size":"auto","background-attachment":"scroll","background-type":"","background-media":"","overlay-type":"","overlay-color":"","overlay-opacity":"","overlay-gradient":""}}},"catalog":[6],"class_list":["post-2513","product","type-product","status-publish","has-post-thumbnail","hentry","catalog-hydraulic-drilling-rigs"],"acf":[],"spectra_custom_meta":{"_edit_lock":["1749216717:1"],"rank_math_seo_score":["69"],"rank_math_internal_links_processed":["1"],"_thumbnail_id":["2511"],"_acf_changed":[""],"_uag_custom_page_level_css":[""],"site-sidebar-layout":["default"],"site-content-layout":[""],"ast-site-content-layout":["default"],"site-content-style":["default"],"site-sidebar-style":["default"],"ast-global-header-display":[""],"ast-banner-title-visibility":[""],"ast-main-header-display":[""],"ast-hfb-above-header-display":[""],"ast-hfb-below-header-display":[""],"ast-hfb-mobile-header-display":[""],"site-post-title":[""],"ast-breadcrumbs-content":[""],"ast-featured-img":[""],"footer-sml-layout":[""],"theme-transparent-header-meta":[""],"adv-header-id-meta":[""],"stick-header-meta":[""],"header-above-stick-meta":[""],"header-main-stick-meta":[""],"header-below-stick-meta":[""],"astra-migrate-meta-layouts":["set"],"ast-page-background-enabled":["default"],"ast-page-background-meta":["a:3:{s:7:\"desktop\";a:12:{s:16:\"background-color\";s:0:\"\";s:16:\"background-image\";s:0:\"\";s:17:\"background-repeat\";s:6:\"repeat\";s:19:\"background-position\";s:13:\"center center\";s:15:\"background-size\";s:4:\"auto\";s:21:\"background-attachment\";s:6:\"scroll\";s:15:\"background-type\";s:0:\"\";s:16:\"background-media\";s:0:\"\";s:12:\"overlay-type\";s:0:\"\";s:13:\"overlay-color\";s:0:\"\";s:15:\"overlay-opacity\";s:0:\"\";s:16:\"overlay-gradient\";s:0:\"\";}s:6:\"tablet\";a:12:{s:16:\"background-color\";s:0:\"\";s:16:\"background-image\";s:0:\"\";s:17:\"background-repeat\";s:6:\"repeat\";s:19:\"background-position\";s:13:\"center center\";s:15:\"background-size\";s:4:\"auto\";s:21:\"background-attachment\";s:6:\"scroll\";s:15:\"background-type\";s:0:\"\";s:16:\"background-media\";s:0:\"\";s:12:\"overlay-type\";s:0:\"\";s:13:\"overlay-color\";s:0:\"\";s:15:\"overlay-opacity\";s:0:\"\";s:16:\"overlay-gradient\";s:0:\"\";}s:6:\"mobile\";a:12:{s:16:\"background-color\";s:0:\"\";s:16:\"background-image\";s:0:\"\";s:17:\"background-repeat\";s:6:\"repeat\";s:19:\"background-position\";s:13:\"center center\";s:15:\"background-size\";s:4:\"auto\";s:21:\"background-attachment\";s:6:\"scroll\";s:15:\"background-type\";s:0:\"\";s:16:\"background-media\";s:0:\"\";s:12:\"overlay-type\";s:0:\"\";s:13:\"overlay-color\";s:0:\"\";s:15:\"overlay-opacity\";s:0:\"\";s:16:\"overlay-gradient\";s:0:\"\";}}"],"ast-content-background-meta":["a:3:{s:7:\"desktop\";a:12:{s:16:\"background-color\";s:25:\"var(--ast-global-color-5)\";s:16:\"background-image\";s:0:\"\";s:17:\"background-repeat\";s:6:\"repeat\";s:19:\"background-position\";s:13:\"center center\";s:15:\"background-size\";s:4:\"auto\";s:21:\"background-attachment\";s:6:\"scroll\";s:15:\"background-type\";s:0:\"\";s:16:\"background-media\";s:0:\"\";s:12:\"overlay-type\";s:0:\"\";s:13:\"overlay-color\";s:0:\"\";s:15:\"overlay-opacity\";s:0:\"\";s:16:\"overlay-gradient\";s:0:\"\";}s:6:\"tablet\";a:12:{s:16:\"background-color\";s:25:\"var(--ast-global-color-5)\";s:16:\"background-image\";s:0:\"\";s:17:\"background-repeat\";s:6:\"repeat\";s:19:\"background-position\";s:13:\"center center\";s:15:\"background-size\";s:4:\"auto\";s:21:\"background-attachment\";s:6:\"scroll\";s:15:\"background-type\";s:0:\"\";s:16:\"background-media\";s:0:\"\";s:12:\"overlay-type\";s:0:\"\";s:13:\"overlay-color\";s:0:\"\";s:15:\"overlay-opacity\";s:0:\"\";s:16:\"overlay-gradient\";s:0:\"\";}s:6:\"mobile\";a:12:{s:16:\"background-color\";s:25:\"var(--ast-global-color-5)\";s:16:\"background-image\";s:0:\"\";s:17:\"background-repeat\";s:6:\"repeat\";s:19:\"background-position\";s:13:\"center center\";s:15:\"background-size\";s:4:\"auto\";s:21:\"background-attachment\";s:6:\"scroll\";s:15:\"background-type\";s:0:\"\";s:16:\"background-media\";s:0:\"\";s:12:\"overlay-type\";s:0:\"\";s:13:\"overlay-color\";s:0:\"\";s:15:\"overlay-opacity\";s:0:\"\";s:16:\"overlay-gradient\";s:0:\"\";}}"],"_edit_last":["1"],"astra_style_timestamp_css":["1777599247"],"rank_math_robots":["a:1:{i:0;s:5:\"index\";}"],"rank_math_focus_keyword":["Full Hydraulic Core Drill Rig"],"_uag_css_file_name":["uag-css-2513.css"],"_uag_page_assets":["a:9:{s:3:\"css\";s:260:\".uag-blocks-common-selector{z-index:var(--z-index-desktop) !important}@media(max-width: 976px){.uag-blocks-common-selector{z-index:var(--z-index-tablet) !important}}@media(max-width: 767px){.uag-blocks-common-selector{z-index:var(--z-index-mobile) !important}}\";s:2:\"js\";s:0:\"\";s:18:\"current_block_list\";a:13:{i:0;s:14:\"core\/paragraph\";i:1;s:12:\"core\/gallery\";i:2;s:10:\"core\/image\";i:3;s:12:\"core\/heading\";i:4;s:9:\"core\/list\";i:5;s:14:\"core\/list-item\";i:6;s:10:\"core\/table\";i:7;s:11:\"core\/search\";i:8;s:10:\"core\/group\";i:9;s:17:\"core\/latest-posts\";i:10;s:20:\"core\/latest-comments\";i:11;s:13:\"core\/archives\";i:12;s:15:\"core\/categories\";}s:8:\"uag_flag\";b:0;s:11:\"uag_version\";s:10:\"1778337502\";s:6:\"gfonts\";a:0:{}s:10:\"gfonts_url\";s:0:\"\";s:12:\"gfonts_files\";a:0:{}s:14:\"uag_faq_layout\";b:0;}"]},"uagb_featured_image_src":{"full":["https:\/\/antloader.com\/wp-content\/uploads\/2025\/06\/hydraulic-core-drill-rig.webp",800,600,false],"thumbnail":["https:\/\/antloader.com\/wp-content\/uploads\/2025\/06\/hydraulic-core-drill-rig-150x150.webp",150,150,true],"medium":["https:\/\/antloader.com\/wp-content\/uploads\/2025\/06\/hydraulic-core-drill-rig-300x225.webp",300,225,true],"medium_large":["https:\/\/antloader.com\/wp-content\/uploads\/2025\/06\/hydraulic-core-drill-rig-768x576.webp",768,576,true],"large":["https:\/\/antloader.com\/wp-content\/uploads\/2025\/06\/hydraulic-core-drill-rig.webp",800,600,false],"1536x1536":["https:\/\/antloader.com\/wp-content\/uploads\/2025\/06\/hydraulic-core-drill-rig.webp",800,600,false],"2048x2048":["https:\/\/antloader.com\/wp-content\/uploads\/2025\/06\/hydraulic-core-drill-rig.webp",800,600,false],"trp-custom-language-flag":["https:\/\/antloader.com\/wp-content\/uploads\/2025\/06\/hydraulic-core-drill-rig.webp",16,12,false]},"uagb_author_info":{"display_name":"admin","author_link":"https:\/\/antloader.com\/pt\/author\/"},"uagb_comment_info":0,"uagb_excerpt":"Developed through advanced global drilling technology integration, the JY-2000 Full Hydraulic Core Drill Rig delivers unparalleled performance in extreme geological conditions. Engineered for deep mineral exploration and complex engineering projects, this rig combines hydraulic precision with rugged reliability. Deep-Core Drilling Solution with 5000N\u00b7m Torque &amp; Intelligent Control Breakthrough Engineering Features: Critical Operational Advantages Technical Specifications&hellip;","_links":{"self":[{"href":"https:\/\/antloader.com\/pt\/wp-json\/wp\/v2\/product\/2513","targetHints":{"allow":["GET"]}}],"collection":[{"href":"https:\/\/antloader.com\/pt\/wp-json\/wp\/v2\/product"}],"about":[{"href":"https:\/\/antloader.com\/pt\/wp-json\/wp\/v2\/types\/product"}],"wp:featuredmedia":[{"embeddable":true,"href":"https:\/\/antloader.com\/pt\/wp-json\/wp\/v2\/media\/2511"}],"wp:attachment":[{"href":"https:\/\/antloader.com\/pt\/wp-json\/wp\/v2\/media?parent=2513"}],"wp:term":[{"taxonomy":"catalog","embeddable":true,"href":"https:\/\/antloader.com\/pt\/wp-json\/wp\/v2\/catalog?post=2513"}],"curies":[{"name":"wp","href":"https:\/\/api.w.org\/{rel}","templated":true}]}}