{"id":2513,"date":"2025-06-05T11:55:20","date_gmt":"2025-06-05T11:55:20","guid":{"rendered":"https:\/\/www.antloader.com\/?post_type=product&#038;p=2513"},"modified":"2025-06-06T13:31:55","modified_gmt":"2025-06-06T13:31:55","slug":"jy-2000-full-hydraulic-core-drill-rig","status":"publish","type":"product","link":"https:\/\/antloader.com\/sl\/product\/jy-2000-full-hydraulic-core-drill-rig\/","title":{"rendered":"JY-2000 Popolna hidravli\u010dna vrtalna garnitura za jedro"},"content":{"rendered":"<p>Popolnoma hidravli\u010dna vrtalna garnitura JY-2000, ki je bila razvita z integracijo napredne globalne tehnologije vrtanja, zagotavlja neprimerljivo zmogljivost v ekstremnih geolo\u0161kih razmerah. Ta vrtalna garnitura, zasnovana za globoka raziskovanja mineralov in kompleksne in\u017eenirske projekte, zdru\u017euje hidravli\u010dno natan\u010dnost z robustno zanesljivostjo.<\/p>\n\n\n\n<figure class=\"wp-block-gallery has-nested-images columns-default is-cropped wp-block-gallery-1 is-layout-flex wp-block-gallery-is-layout-flex\">\n<figure class=\"wp-block-image size-large\"><img loading=\"lazy\" decoding=\"async\" width=\"800\" height=\"600\" data-id=\"2512\" src=\"https:\/\/www.antloader.com\/wp-content\/uploads\/2025\/06\/Full-Hydraulic-Core-Drill-Rig.webp\" alt=\"Popolna hidravli\u010dna vrtalna garnitura za jedro\" class=\"wp-image-2512\" srcset=\"https:\/\/antloader.com\/wp-content\/uploads\/2025\/06\/Full-Hydraulic-Core-Drill-Rig.webp 800w, https:\/\/antloader.com\/wp-content\/uploads\/2025\/06\/Full-Hydraulic-Core-Drill-Rig-300x225.webp 300w, https:\/\/antloader.com\/wp-content\/uploads\/2025\/06\/Full-Hydraulic-Core-Drill-Rig-768x576.webp 768w\" sizes=\"auto, (max-width: 800px) 100vw, 800px\" \/><\/figure>\n\n\n\n<figure class=\"wp-block-image size-large\"><img loading=\"lazy\" decoding=\"async\" width=\"800\" height=\"600\" data-id=\"2511\" src=\"https:\/\/www.antloader.com\/wp-content\/uploads\/2025\/06\/hydraulic-core-drill-rig.webp\" alt=\"hidravli\u010dna vrtalna garnitura\" class=\"wp-image-2511\" srcset=\"https:\/\/antloader.com\/wp-content\/uploads\/2025\/06\/hydraulic-core-drill-rig.webp 800w, https:\/\/antloader.com\/wp-content\/uploads\/2025\/06\/hydraulic-core-drill-rig-300x225.webp 300w, https:\/\/antloader.com\/wp-content\/uploads\/2025\/06\/hydraulic-core-drill-rig-768x576.webp 768w\" sizes=\"auto, (max-width: 800px) 100vw, 800px\" \/><\/figure>\n\n\n\n<figure class=\"wp-block-image size-large\"><img loading=\"lazy\" decoding=\"async\" width=\"800\" height=\"589\" data-id=\"2510\" src=\"https:\/\/www.antloader.com\/wp-content\/uploads\/2025\/06\/borehole-drilling-equipmen.webp\" alt=\"oprema za vrtanje vrtin\" class=\"wp-image-2510\" srcset=\"https:\/\/antloader.com\/wp-content\/uploads\/2025\/06\/borehole-drilling-equipmen.webp 800w, https:\/\/antloader.com\/wp-content\/uploads\/2025\/06\/borehole-drilling-equipmen-300x221.webp 300w, https:\/\/antloader.com\/wp-content\/uploads\/2025\/06\/borehole-drilling-equipmen-768x565.webp 768w\" sizes=\"auto, (max-width: 800px) 100vw, 800px\" \/><\/figure>\n\n\n\n<figure class=\"wp-block-image size-large\"><img loading=\"lazy\" decoding=\"async\" width=\"800\" height=\"600\" data-id=\"2509\" src=\"https:\/\/www.antloader.com\/wp-content\/uploads\/2025\/06\/core-drilling-equipment.webp\" alt=\"oprema za jedrno vrtanje\" class=\"wp-image-2509\" srcset=\"https:\/\/antloader.com\/wp-content\/uploads\/2025\/06\/core-drilling-equipment.webp 800w, https:\/\/antloader.com\/wp-content\/uploads\/2025\/06\/core-drilling-equipment-300x225.webp 300w, https:\/\/antloader.com\/wp-content\/uploads\/2025\/06\/core-drilling-equipment-768x576.webp 768w\" sizes=\"auto, (max-width: 800px) 100vw, 800px\" \/><\/figure>\n<\/figure>\n\n\n\n<p>Re\u0161itev za globinsko vrtanje z navorom 5000 N-m in inteligentnim krmiljenjem<\/p>\n\n\n\n<h2 class=\"wp-block-heading\"><strong>Lastnosti prebojnega in\u017eeniringa:<\/strong><\/h2>\n\n\n\n<ol start=\"1\" class=\"wp-block-list\">\n<li><strong>\u010cisti hidravli\u010dni pogonski sistem<\/strong>\n<ul class=\"wp-block-list\">\n<li>Zasnova s plavajo\u010dim vretenom +\u00a0<strong>3m vrtalne palice<\/strong><\/li>\n\n\n\n<li>Aksialne batne \u010drpalke in batni motorji z nagnjeno osjo<\/li>\n<\/ul>\n<\/li>\n\n\n\n<li><strong>Inteligentni nadzor vrtanja<\/strong>\n<ul class=\"wp-block-list\">\n<li>2-stopenjski menjalnik + brezstopenjska regulacija hitrosti<\/li>\n\n\n\n<li><strong>Max. Navor: Mo\u010d: 5.000 N-m<\/strong>\u00a0(vodilni v panogi za hard rock)<\/li>\n<\/ul>\n<\/li>\n\n\n\n<li><strong>Napredna konfiguracija jambora<\/strong>\n<ul class=\"wp-block-list\">\n<li>Hidravli\u010dni bo\u010dni premik (razpon 1.200 mm)<\/li>\n\n\n\n<li><strong>Ve\u010dkotno vrtanje pod kotom 45-90\u00b0<\/strong>\u00a0zmo\u017enost<\/li>\n<\/ul>\n<\/li>\n\n\n\n<li><strong>Optimizirana produktivnost<\/strong>\n<ul class=\"wp-block-list\">\n<li>Hidravli\u010dni sistem z zaznavanjem obremenitve<\/li>\n\n\n\n<li>Mehanizem za podajanje z verigo in dvojno hitrostjo (3,5 m hoda)<\/li>\n<\/ul>\n<\/li>\n<\/ol>\n\n\n\n<h2 class=\"wp-block-heading\"><strong>Klju\u010dne operativne prednosti<\/strong><\/h2>\n\n\n\n<ul class=\"wp-block-list\">\n<li><strong>Brez\u017ei\u010dni goseni\u010dar z daljinskim upravljanjem<\/strong>\n<ul class=\"wp-block-list\">\n<li>25\u00b0 naklon in hitrost vo\u017enje 3 km\/h<\/li>\n\n\n\n<li>Varnostni nadzorni radij 50 m<\/li>\n<\/ul>\n<\/li>\n\n\n\n<li><strong>Sistemi za samodejno razporeditev<\/strong>\n<ul class=\"wp-block-list\">\n<li>Hidravli\u010dna objemka za lesne konje (\u00d875\/89\/115 mm)<\/li>\n\n\n\n<li>Samonivelirni nastavki (prilagoditev naklona za 15\u00b0)<\/li>\n<\/ul>\n<\/li>\n\n\n\n<li><strong>Hitro oblikovanje nastavitev<\/strong>\n<ul class=\"wp-block-list\">\n<li>Teleskopski jambor (podalj\u0161ana vi\u0161ina 8,1 m)<\/li>\n<\/ul>\n<\/li>\n<\/ul>\n\n\n\n<h2 class=\"wp-block-heading\">Tabela tehni\u010dnih specifikacij<\/h2>\n\n\n\n<figure class=\"wp-block-table\"><table class=\"has-fixed-layout\"><thead><tr><th><strong>Kategorija parametrov<\/strong><\/th><th><strong>Specifikacija<\/strong><\/th><th><strong>Vrednost<\/strong><\/th><\/tr><\/thead><tbody><tr><td><strong>Model naprave<\/strong><\/td><td><\/td><td>JY-2000<\/td><\/tr><tr><td><strong>Zmogljivost vrtanja<\/strong><\/td><td>BTW Globina (m)<\/td><td>2,200<\/td><\/tr><tr><td><\/td><td>Globina NTW (m)<\/td><td>2,000<\/td><\/tr><tr><td><\/td><td>Globina HTW (m)<\/td><td>1,800<\/td><\/tr><tr><td><strong>Hidravli\u010dni sistem<\/strong><\/td><td>Glavna \u010drpalka<\/td><td>190 ml\/r @ 32 MPa<\/td><\/tr><tr><td><\/td><td>Pomo\u017ena \u010drpalka<\/td><td>80ml\/r @ 25MPa<\/td><\/tr><tr><td><\/td><td>Hlajenje<\/td><td>Zrak + voda<\/td><\/tr><tr><td><strong>Motor (po izbiri)<\/strong><\/td><td>Model<\/td><td>Weichai 6 valjev<\/td><\/tr><tr><td><\/td><td>Napajanje<\/td><td>176 kW<\/td><\/tr><tr><td><\/td><td>Hitrost<\/td><td>2.200 vrtljajev na minuto<\/td><\/tr><tr><td><strong>Elektri\u010dna glava<\/strong><\/td><td>Max. Navor<\/td><td><strong>5.000 N-m<\/strong><\/td><\/tr><tr><td><\/td><td>Max. Hitrost<\/td><td>1.400 vrtljajev na minuto<\/td><\/tr><tr><td><\/td><td>Podajalni poteg<\/td><td>3.5 m<\/td><\/tr><tr><td><\/td><td>Sila povratka<\/td><td>600 kN<\/td><\/tr><tr><td><\/td><td>Sila krmljenja<\/td><td>300 kN<\/td><\/tr><tr><td><strong>\u017di\u010dni vitli<\/strong><\/td><td>Zmogljivost linije<\/td><td>2,000 m<\/td><\/tr><tr><td><\/td><td>Poteg linije<\/td><td>45 kN<\/td><\/tr><tr><td><\/td><td>Hitrost dvigala<\/td><td>110 m\/min<\/td><\/tr><tr><td><\/td><td>Premer vrvi<\/td><td>\u00d86 mm<\/td><\/tr><tr><td><strong>Jambor<\/strong><\/td><td>Delovna vi\u0161ina<\/td><td>8.1 m<\/td><\/tr><tr><td><\/td><td>Kot vrtanja<\/td><td><strong>45-90\u00b0<\/strong><\/td><\/tr><tr><td><\/td><td>Stranski premik<\/td><td>1.200 mm<\/td><\/tr><tr><td><strong>Prevoz<\/strong><\/td><td>Dimenzije (D \u00d7 \u0160 \u00d7 V)<\/td><td>6.100 \u00d7 2.200 \u00d7 2.500 mm<\/td><\/tr><tr><td><\/td><td>Te\u017ea<\/td><td><strong>12 ton<\/strong>&nbsp;(26.400 funtov)<\/td><\/tr><\/tbody><\/table><\/figure>","protected":false},"featured_media":2511,"template":"","meta":{"_acf_changed":false,"_uag_custom_page_level_css":"","site-sidebar-layout":"default","site-content-layout":"","ast-site-content-layout":"default","site-content-style":"default","site-sidebar-style":"default","ast-global-header-display":"","ast-banner-title-visibility":"","ast-main-header-display":"","ast-hfb-above-header-display":"","ast-hfb-below-header-display":"","ast-hfb-mobile-header-display":"","site-post-title":"","ast-breadcrumbs-content":"","ast-featured-img":"","footer-sml-layout":"","ast-disable-related-posts":"","theme-transparent-header-meta":"","adv-header-id-meta":"","stick-header-meta":"","header-above-stick-meta":"","header-main-stick-meta":"","header-below-stick-meta":"","astra-migrate-meta-layouts":"set","ast-page-background-enabled":"default","ast-page-background-meta":{"desktop":{"background-color":"","background-image":"","background-repeat":"repeat","background-position":"center center","background-size":"auto","background-attachment":"scroll","background-type":"","background-media":"","overlay-type":"","overlay-color":"","overlay-opacity":"","overlay-gradient":""},"tablet":{"background-color":"","background-image":"","background-repeat":"repeat","background-position":"center center","background-size":"auto","background-attachment":"scroll","background-type":"","background-media":"","overlay-type":"","overlay-color":"","overlay-opacity":"","overlay-gradient":""},"mobile":{"background-color":"","background-image":"","background-repeat":"repeat","background-position":"center center","background-size":"auto","background-attachment":"scroll","background-type":"","background-media":"","overlay-type":"","overlay-color":"","overlay-opacity":"","overlay-gradient":""}},"ast-content-background-meta":{"desktop":{"background-color":"var(--ast-global-color-5)","background-image":"","background-repeat":"repeat","background-position":"center center","background-size":"auto","background-attachment":"scroll","background-type":"","background-media":"","overlay-type":"","overlay-color":"","overlay-opacity":"","overlay-gradient":""},"tablet":{"background-color":"var(--ast-global-color-5)","background-image":"","background-repeat":"repeat","background-position":"center center","background-size":"auto","background-attachment":"scroll","background-type":"","background-media":"","overlay-type":"","overlay-color":"","overlay-opacity":"","overlay-gradient":""},"mobile":{"background-color":"var(--ast-global-color-5)","background-image":"","background-repeat":"repeat","background-position":"center center","background-size":"auto","background-attachment":"scroll","background-type":"","background-media":"","overlay-type":"","overlay-color":"","overlay-opacity":"","overlay-gradient":""}}},"catalog":[6],"class_list":["post-2513","product","type-product","status-publish","has-post-thumbnail","hentry","catalog-hydraulic-drilling-rigs"],"acf":[],"spectra_custom_meta":{"_edit_lock":["1749216717:1"],"rank_math_seo_score":["69"],"rank_math_internal_links_processed":["1"],"_thumbnail_id":["2511"],"_acf_changed":[""],"_uag_custom_page_level_css":[""],"site-sidebar-layout":["default"],"site-content-layout":[""],"ast-site-content-layout":["default"],"site-content-style":["default"],"site-sidebar-style":["default"],"ast-global-header-display":[""],"ast-banner-title-visibility":[""],"ast-main-header-display":[""],"ast-hfb-above-header-display":[""],"ast-hfb-below-header-display":[""],"ast-hfb-mobile-header-display":[""],"site-post-title":[""],"ast-breadcrumbs-content":[""],"ast-featured-img":[""],"footer-sml-layout":[""],"theme-transparent-header-meta":[""],"adv-header-id-meta":[""],"stick-header-meta":[""],"header-above-stick-meta":[""],"header-main-stick-meta":[""],"header-below-stick-meta":[""],"astra-migrate-meta-layouts":["set"],"ast-page-background-enabled":["default"],"ast-page-background-meta":["a:3:{s:7:\"desktop\";a:12:{s:16:\"background-color\";s:0:\"\";s:16:\"background-image\";s:0:\"\";s:17:\"background-repeat\";s:6:\"repeat\";s:19:\"background-position\";s:13:\"center center\";s:15:\"background-size\";s:4:\"auto\";s:21:\"background-attachment\";s:6:\"scroll\";s:15:\"background-type\";s:0:\"\";s:16:\"background-media\";s:0:\"\";s:12:\"overlay-type\";s:0:\"\";s:13:\"overlay-color\";s:0:\"\";s:15:\"overlay-opacity\";s:0:\"\";s:16:\"overlay-gradient\";s:0:\"\";}s:6:\"tablet\";a:12:{s:16:\"background-color\";s:0:\"\";s:16:\"background-image\";s:0:\"\";s:17:\"background-repeat\";s:6:\"repeat\";s:19:\"background-position\";s:13:\"center center\";s:15:\"background-size\";s:4:\"auto\";s:21:\"background-attachment\";s:6:\"scroll\";s:15:\"background-type\";s:0:\"\";s:16:\"background-media\";s:0:\"\";s:12:\"overlay-type\";s:0:\"\";s:13:\"overlay-color\";s:0:\"\";s:15:\"overlay-opacity\";s:0:\"\";s:16:\"overlay-gradient\";s:0:\"\";}s:6:\"mobile\";a:12:{s:16:\"background-color\";s:0:\"\";s:16:\"background-image\";s:0:\"\";s:17:\"background-repeat\";s:6:\"repeat\";s:19:\"background-position\";s:13:\"center center\";s:15:\"background-size\";s:4:\"auto\";s:21:\"background-attachment\";s:6:\"scroll\";s:15:\"background-type\";s:0:\"\";s:16:\"background-media\";s:0:\"\";s:12:\"overlay-type\";s:0:\"\";s:13:\"overlay-color\";s:0:\"\";s:15:\"overlay-opacity\";s:0:\"\";s:16:\"overlay-gradient\";s:0:\"\";}}"],"ast-content-background-meta":["a:3:{s:7:\"desktop\";a:12:{s:16:\"background-color\";s:25:\"var(--ast-global-color-5)\";s:16:\"background-image\";s:0:\"\";s:17:\"background-repeat\";s:6:\"repeat\";s:19:\"background-position\";s:13:\"center center\";s:15:\"background-size\";s:4:\"auto\";s:21:\"background-attachment\";s:6:\"scroll\";s:15:\"background-type\";s:0:\"\";s:16:\"background-media\";s:0:\"\";s:12:\"overlay-type\";s:0:\"\";s:13:\"overlay-color\";s:0:\"\";s:15:\"overlay-opacity\";s:0:\"\";s:16:\"overlay-gradient\";s:0:\"\";}s:6:\"tablet\";a:12:{s:16:\"background-color\";s:25:\"var(--ast-global-color-5)\";s:16:\"background-image\";s:0:\"\";s:17:\"background-repeat\";s:6:\"repeat\";s:19:\"background-position\";s:13:\"center center\";s:15:\"background-size\";s:4:\"auto\";s:21:\"background-attachment\";s:6:\"scroll\";s:15:\"background-type\";s:0:\"\";s:16:\"background-media\";s:0:\"\";s:12:\"overlay-type\";s:0:\"\";s:13:\"overlay-color\";s:0:\"\";s:15:\"overlay-opacity\";s:0:\"\";s:16:\"overlay-gradient\";s:0:\"\";}s:6:\"mobile\";a:12:{s:16:\"background-color\";s:25:\"var(--ast-global-color-5)\";s:16:\"background-image\";s:0:\"\";s:17:\"background-repeat\";s:6:\"repeat\";s:19:\"background-position\";s:13:\"center center\";s:15:\"background-size\";s:4:\"auto\";s:21:\"background-attachment\";s:6:\"scroll\";s:15:\"background-type\";s:0:\"\";s:16:\"background-media\";s:0:\"\";s:12:\"overlay-type\";s:0:\"\";s:13:\"overlay-color\";s:0:\"\";s:15:\"overlay-opacity\";s:0:\"\";s:16:\"overlay-gradient\";s:0:\"\";}}"],"_edit_last":["1"],"astra_style_timestamp_css":["1777599247"],"rank_math_robots":["a:1:{i:0;s:5:\"index\";}"],"rank_math_focus_keyword":["Full Hydraulic Core Drill Rig"],"_uag_css_file_name":["uag-css-2513.css"],"_uag_page_assets":["a:9:{s:3:\"css\";s:260:\".uag-blocks-common-selector{z-index:var(--z-index-desktop) !important}@media(max-width: 976px){.uag-blocks-common-selector{z-index:var(--z-index-tablet) !important}}@media(max-width: 767px){.uag-blocks-common-selector{z-index:var(--z-index-mobile) !important}}\";s:2:\"js\";s:0:\"\";s:18:\"current_block_list\";a:13:{i:0;s:14:\"core\/paragraph\";i:1;s:12:\"core\/gallery\";i:2;s:10:\"core\/image\";i:3;s:12:\"core\/heading\";i:4;s:9:\"core\/list\";i:5;s:14:\"core\/list-item\";i:6;s:10:\"core\/table\";i:7;s:11:\"core\/search\";i:8;s:10:\"core\/group\";i:9;s:17:\"core\/latest-posts\";i:10;s:20:\"core\/latest-comments\";i:11;s:13:\"core\/archives\";i:12;s:15:\"core\/categories\";}s:8:\"uag_flag\";b:0;s:11:\"uag_version\";s:10:\"1778337502\";s:6:\"gfonts\";a:0:{}s:10:\"gfonts_url\";s:0:\"\";s:12:\"gfonts_files\";a:0:{}s:14:\"uag_faq_layout\";b:0;}"]},"uagb_featured_image_src":{"full":["https:\/\/antloader.com\/wp-content\/uploads\/2025\/06\/hydraulic-core-drill-rig.webp",800,600,false],"thumbnail":["https:\/\/antloader.com\/wp-content\/uploads\/2025\/06\/hydraulic-core-drill-rig-150x150.webp",150,150,true],"medium":["https:\/\/antloader.com\/wp-content\/uploads\/2025\/06\/hydraulic-core-drill-rig-300x225.webp",300,225,true],"medium_large":["https:\/\/antloader.com\/wp-content\/uploads\/2025\/06\/hydraulic-core-drill-rig-768x576.webp",768,576,true],"large":["https:\/\/antloader.com\/wp-content\/uploads\/2025\/06\/hydraulic-core-drill-rig.webp",800,600,false],"1536x1536":["https:\/\/antloader.com\/wp-content\/uploads\/2025\/06\/hydraulic-core-drill-rig.webp",800,600,false],"2048x2048":["https:\/\/antloader.com\/wp-content\/uploads\/2025\/06\/hydraulic-core-drill-rig.webp",800,600,false],"trp-custom-language-flag":["https:\/\/antloader.com\/wp-content\/uploads\/2025\/06\/hydraulic-core-drill-rig.webp",16,12,false]},"uagb_author_info":{"display_name":"admin","author_link":"https:\/\/antloader.com\/sl\/author\/"},"uagb_comment_info":0,"uagb_excerpt":"Developed through advanced global drilling technology integration, the JY-2000 Full Hydraulic Core Drill Rig delivers unparalleled performance in extreme geological conditions. Engineered for deep mineral exploration and complex engineering projects, this rig combines hydraulic precision with rugged reliability. Deep-Core Drilling Solution with 5000N\u00b7m Torque &amp; Intelligent Control Breakthrough Engineering Features: Critical Operational Advantages Technical Specifications&hellip;","_links":{"self":[{"href":"https:\/\/antloader.com\/sl\/wp-json\/wp\/v2\/product\/2513","targetHints":{"allow":["GET"]}}],"collection":[{"href":"https:\/\/antloader.com\/sl\/wp-json\/wp\/v2\/product"}],"about":[{"href":"https:\/\/antloader.com\/sl\/wp-json\/wp\/v2\/types\/product"}],"wp:featuredmedia":[{"embeddable":true,"href":"https:\/\/antloader.com\/sl\/wp-json\/wp\/v2\/media\/2511"}],"wp:attachment":[{"href":"https:\/\/antloader.com\/sl\/wp-json\/wp\/v2\/media?parent=2513"}],"wp:term":[{"taxonomy":"catalog","embeddable":true,"href":"https:\/\/antloader.com\/sl\/wp-json\/wp\/v2\/catalog?post=2513"}],"curies":[{"name":"wp","href":"https:\/\/api.w.org\/{rel}","templated":true}]}}