{"id":2479,"date":"2025-05-23T12:01:24","date_gmt":"2025-05-23T12:01:24","guid":{"rendered":"https:\/\/www.antloader.com\/?post_type=product&#038;p=2479"},"modified":"2025-05-23T12:05:41","modified_gmt":"2025-05-23T12:05:41","slug":"qy600-pneumatic-drilling-rig-for-water-wells","status":"publish","type":"product","link":"https:\/\/antloader.com\/tr\/product\/qy600-pneumatic-drilling-rig-for-water-wells\/","title":{"rendered":"QY600 Su kuyular\u0131 i\u00e7in pn\u00f6matik sondaj kulesi"},"content":{"rendered":"<p>QY Serisi su kuyusu sondaj makinesi, zorlu ortamlarda h\u0131zl\u0131 sondaj kuyusu tamamlama i\u00e7in hafif \u00e7ok y\u00f6nl\u00fcl\u00fck sunar. Su kuyular\u0131, tar\u0131msal sulama sistemleri ve \u00e7ok ama\u00e7l\u0131 sondaj projeleri i\u00e7in tasarlanan bu makine, kayal\u0131k arazilerde ve dengesiz jeolojik olu\u015fumlarda m\u00fckemmeldir. Geli\u015fmi\u015f hidrolik sistemi, rotaryden vurmal\u0131 rotary tekniklerine kadar \u00e7e\u015fitli sondaj y\u00f6ntemlerinde g\u00fcvenilir performans sa\u011flar.<\/p>\n\n\n\n<figure class=\"wp-block-gallery has-nested-images columns-default is-cropped wp-block-gallery-1 is-layout-flex wp-block-gallery-is-layout-flex\">\n<figure class=\"wp-block-image size-large\"><img loading=\"lazy\" decoding=\"async\" width=\"800\" height=\"600\" data-id=\"2480\" src=\"https:\/\/www.antloader.com\/wp-content\/uploads\/2025\/05\/casing-drilling-system.webp\" alt=\"muhafaza sondaj si\u0307stemi\u0307\" class=\"wp-image-2480\" srcset=\"https:\/\/antloader.com\/wp-content\/uploads\/2025\/05\/casing-drilling-system.webp 800w, https:\/\/antloader.com\/wp-content\/uploads\/2025\/05\/casing-drilling-system-300x225.webp 300w, https:\/\/antloader.com\/wp-content\/uploads\/2025\/05\/casing-drilling-system-768x576.webp 768w\" sizes=\"auto, (max-width: 800px) 100vw, 800px\" \/><figcaption class=\"wp-element-caption\">muhafaza sondaj si\u0307stemi\u0307<\/figcaption><\/figure>\n\n\n\n<figure class=\"wp-block-image size-large\"><img loading=\"lazy\" decoding=\"async\" width=\"800\" height=\"600\" data-id=\"2481\" src=\"https:\/\/www.antloader.com\/wp-content\/uploads\/2025\/05\/water-well-drilling-rig.webp\" alt=\"su kuyusu sondaj kulesi\" class=\"wp-image-2481\" srcset=\"https:\/\/antloader.com\/wp-content\/uploads\/2025\/05\/water-well-drilling-rig.webp 800w, https:\/\/antloader.com\/wp-content\/uploads\/2025\/05\/water-well-drilling-rig-300x225.webp 300w, https:\/\/antloader.com\/wp-content\/uploads\/2025\/05\/water-well-drilling-rig-768x576.webp 768w\" sizes=\"auto, (max-width: 800px) 100vw, 800px\" \/><figcaption class=\"wp-element-caption\">su kuyusu sondaj kulesi<\/figcaption><\/figure>\n\n\n\n<figure class=\"wp-block-image size-large\"><img loading=\"lazy\" decoding=\"async\" width=\"800\" height=\"600\" data-id=\"2482\" src=\"https:\/\/www.antloader.com\/wp-content\/uploads\/2025\/05\/hydraulic-drill-rig.jpg\" alt=\"hidrolik sondaj makinesi\" class=\"wp-image-2482\" srcset=\"https:\/\/antloader.com\/wp-content\/uploads\/2025\/05\/hydraulic-drill-rig.jpg 800w, https:\/\/antloader.com\/wp-content\/uploads\/2025\/05\/hydraulic-drill-rig-300x225.jpg 300w, https:\/\/antloader.com\/wp-content\/uploads\/2025\/05\/hydraulic-drill-rig-768x576.jpg 768w\" sizes=\"auto, (max-width: 800px) 100vw, 800px\" \/><figcaption class=\"wp-element-caption\">hidrolik sondaj makinesi<\/figcaption><\/figure>\n\n\n\n<figure class=\"wp-block-image size-large\"><img loading=\"lazy\" decoding=\"async\" width=\"800\" height=\"600\" data-id=\"2483\" src=\"https:\/\/www.antloader.com\/wp-content\/uploads\/2025\/05\/rock-drilling-equipment.webp\" alt=\"kaya delme eki\u0307pmanlari\" class=\"wp-image-2483\" srcset=\"https:\/\/antloader.com\/wp-content\/uploads\/2025\/05\/rock-drilling-equipment.webp 800w, https:\/\/antloader.com\/wp-content\/uploads\/2025\/05\/rock-drilling-equipment-300x225.webp 300w, https:\/\/antloader.com\/wp-content\/uploads\/2025\/05\/rock-drilling-equipment-768x576.webp 768w\" sizes=\"auto, (max-width: 800px) 100vw, 800px\" \/><figcaption class=\"wp-element-caption\">kaya delme eki\u0307pmanlari<\/figcaption><\/figure>\n<\/figure>\n\n\n\n<h2 class=\"wp-block-heading\"><strong>Temel Avantajlar<\/strong><\/h2>\n\n\n\n<h3 class=\"wp-block-heading\"><strong>\u00c7ok Modlu Delme Kapasitesi<\/strong><\/h3>\n\n\n\n<ul class=\"wp-block-list\">\n<li>Yumu\u015fak-orta tabakalar i\u00e7in ala\u015f\u0131m u\u00e7larla d\u00f6ner sondaj<\/li>\n\n\n\n<li>Sert kaya i\u00e7in d\u00fc\u011fme u\u00e7larla darbeli-d\u00f6ner delme (12-40 m\/saat penetrasyon h\u0131z\u0131)<\/li>\n\n\n\n<li>\u00c7ak\u0131l\/\u00e7ak\u0131l formasyonlar\u0131 i\u00e7in sondaj s\u0131ras\u0131nda muhafaza (CWD) \u00f6zelli\u011fi (hava kompres\u00f6r\u00fc ve DTH \u00e7eki\u00e7 ile e\u015fle\u015ftirilmi\u015f)<\/li>\n<\/ul>\n\n\n\n<h3 class=\"wp-block-heading\"><strong>Hidrolik G\u00fc\u00e7 Sistemi<\/strong><\/h3>\n\n\n\n<ul class=\"wp-block-list\">\n<li>Y\u00fcksek torklu hidrolik motor (8.000-12.000 N-m)<\/li>\n\n\n\n<li>Yumu\u015fak RPM ayar\u0131 i\u00e7in \u00e7ift pompal\u0131 birle\u015ftirilmi\u015f ak\u0131\u015f kontrol\u00fc (40-160 rpm)<\/li>\n\n\n\n<li>150kN besleme kuvveti ve 300kN kald\u0131rma kapasitesi<\/li>\n<\/ul>\n\n\n\n<h3 class=\"wp-block-heading\"><strong>Alan Optimize Edilmi\u015f Tasar\u0131m<\/strong><\/h3>\n\n\n\n<ul class=\"wp-block-list\">\n<li>Ayarlanabilir a\u00e7\u0131kl\u0131\u011fa sahip teleskopik direk (3,3-6,6 m tek ge\u00e7i\u015fli besleme)<\/li>\n\n\n\n<li>Kompakt ta\u015f\u0131ma boyutlar\u0131: 4,7 m (U) \u00d7 2,1 m (G) \u00d7 2,5 m (Y)<\/li>\n\n\n\n<li>Ergonomik tek kollu kullan\u0131ma sahip entegre kontrol paneli<\/li>\n<\/ul>\n\n\n\n<h3 class=\"wp-block-heading\"><strong>Sahaya Haz\u0131r Yap\u0131land\u0131rma<\/strong><\/h3>\n\n\n\n<ul class=\"wp-block-list\">\n<li>Otonom \u00e7al\u0131\u015fma i\u00e7in Weichai dizel motor (129kW)<\/li>\n\n\n\n<li>Opsiyonel jenerat\u00f6r, santrif\u00fcj pompa ve k\u00f6p\u00fck enjeksiyon sistemi<\/li>\n\n\n\n<li>25\u00b0 e\u011fim kabiliyetine sahip paletli taban (2-3 km\/saat hareket h\u0131z\u0131)<\/li>\n<\/ul>","protected":false},"featured_media":2481,"template":"","meta":{"_acf_changed":false,"_uag_custom_page_level_css":"","site-sidebar-layout":"default","site-content-layout":"","ast-site-content-layout":"default","site-content-style":"default","site-sidebar-style":"default","ast-global-header-display":"","ast-banner-title-visibility":"","ast-main-header-display":"","ast-hfb-above-header-display":"","ast-hfb-below-header-display":"","ast-hfb-mobile-header-display":"","site-post-title":"","ast-breadcrumbs-content":"","ast-featured-img":"","footer-sml-layout":"","ast-disable-related-posts":"","theme-transparent-header-meta":"","adv-header-id-meta":"","stick-header-meta":"","header-above-stick-meta":"","header-main-stick-meta":"","header-below-stick-meta":"","astra-migrate-meta-layouts":"set","ast-page-background-enabled":"default","ast-page-background-meta":{"desktop":{"background-color":"","background-image":"","background-repeat":"repeat","background-position":"center center","background-size":"auto","background-attachment":"scroll","background-type":"","background-media":"","overlay-type":"","overlay-color":"","overlay-opacity":"","overlay-gradient":""},"tablet":{"background-color":"","background-image":"","background-repeat":"repeat","background-position":"center center","background-size":"auto","background-attachment":"scroll","background-type":"","background-media":"","overlay-type":"","overlay-color":"","overlay-opacity":"","overlay-gradient":""},"mobile":{"background-color":"","background-image":"","background-repeat":"repeat","background-position":"center center","background-size":"auto","background-attachment":"scroll","background-type":"","background-media":"","overlay-type":"","overlay-color":"","overlay-opacity":"","overlay-gradient":""}},"ast-content-background-meta":{"desktop":{"background-color":"var(--ast-global-color-5)","background-image":"","background-repeat":"repeat","background-position":"center center","background-size":"auto","background-attachment":"scroll","background-type":"","background-media":"","overlay-type":"","overlay-color":"","overlay-opacity":"","overlay-gradient":""},"tablet":{"background-color":"var(--ast-global-color-5)","background-image":"","background-repeat":"repeat","background-position":"center center","background-size":"auto","background-attachment":"scroll","background-type":"","background-media":"","overlay-type":"","overlay-color":"","overlay-opacity":"","overlay-gradient":""},"mobile":{"background-color":"var(--ast-global-color-5)","background-image":"","background-repeat":"repeat","background-position":"center center","background-size":"auto","background-attachment":"scroll","background-type":"","background-media":"","overlay-type":"","overlay-color":"","overlay-opacity":"","overlay-gradient":""}}},"catalog":[16],"class_list":["post-2479","product","type-product","status-publish","has-post-thumbnail","hentry","catalog-water-well-drilling-rigs"],"acf":[],"spectra_custom_meta":{"_edit_lock":["1748001942:1"],"rank_math_seo_score":["54"],"rank_math_internal_links_processed":["1"],"_acf_changed":[""],"_uag_custom_page_level_css":[""],"site-sidebar-layout":["default"],"site-content-layout":[""],"ast-site-content-layout":["default"],"site-content-style":["default"],"site-sidebar-style":["default"],"ast-global-header-display":[""],"ast-banner-title-visibility":[""],"ast-main-header-display":[""],"ast-hfb-above-header-display":[""],"ast-hfb-below-header-display":[""],"ast-hfb-mobile-header-display":[""],"site-post-title":[""],"ast-breadcrumbs-content":[""],"ast-featured-img":[""],"footer-sml-layout":[""],"theme-transparent-header-meta":[""],"adv-header-id-meta":[""],"stick-header-meta":[""],"header-above-stick-meta":[""],"header-main-stick-meta":[""],"header-below-stick-meta":[""],"astra-migrate-meta-layouts":["set"],"ast-page-background-enabled":["default"],"ast-page-background-meta":["a:3:{s:7:\"desktop\";a:12:{s:16:\"background-color\";s:0:\"\";s:16:\"background-image\";s:0:\"\";s:17:\"background-repeat\";s:6:\"repeat\";s:19:\"background-position\";s:13:\"center center\";s:15:\"background-size\";s:4:\"auto\";s:21:\"background-attachment\";s:6:\"scroll\";s:15:\"background-type\";s:0:\"\";s:16:\"background-media\";s:0:\"\";s:12:\"overlay-type\";s:0:\"\";s:13:\"overlay-color\";s:0:\"\";s:15:\"overlay-opacity\";s:0:\"\";s:16:\"overlay-gradient\";s:0:\"\";}s:6:\"tablet\";a:12:{s:16:\"background-color\";s:0:\"\";s:16:\"background-image\";s:0:\"\";s:17:\"background-repeat\";s:6:\"repeat\";s:19:\"background-position\";s:13:\"center center\";s:15:\"background-size\";s:4:\"auto\";s:21:\"background-attachment\";s:6:\"scroll\";s:15:\"background-type\";s:0:\"\";s:16:\"background-media\";s:0:\"\";s:12:\"overlay-type\";s:0:\"\";s:13:\"overlay-color\";s:0:\"\";s:15:\"overlay-opacity\";s:0:\"\";s:16:\"overlay-gradient\";s:0:\"\";}s:6:\"mobile\";a:12:{s:16:\"background-color\";s:0:\"\";s:16:\"background-image\";s:0:\"\";s:17:\"background-repeat\";s:6:\"repeat\";s:19:\"background-position\";s:13:\"center center\";s:15:\"background-size\";s:4:\"auto\";s:21:\"background-attachment\";s:6:\"scroll\";s:15:\"background-type\";s:0:\"\";s:16:\"background-media\";s:0:\"\";s:12:\"overlay-type\";s:0:\"\";s:13:\"overlay-color\";s:0:\"\";s:15:\"overlay-opacity\";s:0:\"\";s:16:\"overlay-gradient\";s:0:\"\";}}"],"ast-content-background-meta":["a:3:{s:7:\"desktop\";a:12:{s:16:\"background-color\";s:25:\"var(--ast-global-color-5)\";s:16:\"background-image\";s:0:\"\";s:17:\"background-repeat\";s:6:\"repeat\";s:19:\"background-position\";s:13:\"center center\";s:15:\"background-size\";s:4:\"auto\";s:21:\"background-attachment\";s:6:\"scroll\";s:15:\"background-type\";s:0:\"\";s:16:\"background-media\";s:0:\"\";s:12:\"overlay-type\";s:0:\"\";s:13:\"overlay-color\";s:0:\"\";s:15:\"overlay-opacity\";s:0:\"\";s:16:\"overlay-gradient\";s:0:\"\";}s:6:\"tablet\";a:12:{s:16:\"background-color\";s:25:\"var(--ast-global-color-5)\";s:16:\"background-image\";s:0:\"\";s:17:\"background-repeat\";s:6:\"repeat\";s:19:\"background-position\";s:13:\"center center\";s:15:\"background-size\";s:4:\"auto\";s:21:\"background-attachment\";s:6:\"scroll\";s:15:\"background-type\";s:0:\"\";s:16:\"background-media\";s:0:\"\";s:12:\"overlay-type\";s:0:\"\";s:13:\"overlay-color\";s:0:\"\";s:15:\"overlay-opacity\";s:0:\"\";s:16:\"overlay-gradient\";s:0:\"\";}s:6:\"mobile\";a:12:{s:16:\"background-color\";s:25:\"var(--ast-global-color-5)\";s:16:\"background-image\";s:0:\"\";s:17:\"background-repeat\";s:6:\"repeat\";s:19:\"background-position\";s:13:\"center center\";s:15:\"background-size\";s:4:\"auto\";s:21:\"background-attachment\";s:6:\"scroll\";s:15:\"background-type\";s:0:\"\";s:16:\"background-media\";s:0:\"\";s:12:\"overlay-type\";s:0:\"\";s:13:\"overlay-color\";s:0:\"\";s:15:\"overlay-opacity\";s:0:\"\";s:16:\"overlay-gradient\";s:0:\"\";}}"],"_edit_last":["1"],"_thumbnail_id":["2481"],"rank_math_robots":["a:1:{i:0;s:5:\"index\";}"],"rank_math_focus_keyword":["Pneumatic drilling rig for water wells"],"astra_style_timestamp_css":["1777567748"],"_uag_css_file_name":["uag-css-2479.css"],"_uag_page_assets":["a:9:{s:3:\"css\";s:260:\".uag-blocks-common-selector{z-index:var(--z-index-desktop) !important}@media(max-width: 976px){.uag-blocks-common-selector{z-index:var(--z-index-tablet) !important}}@media(max-width: 767px){.uag-blocks-common-selector{z-index:var(--z-index-mobile) !important}}\";s:2:\"js\";s:0:\"\";s:18:\"current_block_list\";a:12:{i:0;s:14:\"core\/paragraph\";i:1;s:12:\"core\/gallery\";i:2;s:10:\"core\/image\";i:3;s:12:\"core\/heading\";i:4;s:9:\"core\/list\";i:5;s:14:\"core\/list-item\";i:6;s:11:\"core\/search\";i:7;s:10:\"core\/group\";i:8;s:17:\"core\/latest-posts\";i:9;s:20:\"core\/latest-comments\";i:10;s:13:\"core\/archives\";i:11;s:15:\"core\/categories\";}s:8:\"uag_flag\";b:0;s:11:\"uag_version\";s:10:\"1778337502\";s:6:\"gfonts\";a:0:{}s:10:\"gfonts_url\";s:0:\"\";s:12:\"gfonts_files\";a:0:{}s:14:\"uag_faq_layout\";b:0;}"]},"uagb_featured_image_src":{"full":["https:\/\/antloader.com\/wp-content\/uploads\/2025\/05\/water-well-drilling-rig.webp",800,600,false],"thumbnail":["https:\/\/antloader.com\/wp-content\/uploads\/2025\/05\/water-well-drilling-rig-150x150.webp",150,150,true],"medium":["https:\/\/antloader.com\/wp-content\/uploads\/2025\/05\/water-well-drilling-rig-300x225.webp",300,225,true],"medium_large":["https:\/\/antloader.com\/wp-content\/uploads\/2025\/05\/water-well-drilling-rig-768x576.webp",768,576,true],"large":["https:\/\/antloader.com\/wp-content\/uploads\/2025\/05\/water-well-drilling-rig.webp",800,600,false],"1536x1536":["https:\/\/antloader.com\/wp-content\/uploads\/2025\/05\/water-well-drilling-rig.webp",800,600,false],"2048x2048":["https:\/\/antloader.com\/wp-content\/uploads\/2025\/05\/water-well-drilling-rig.webp",800,600,false],"trp-custom-language-flag":["https:\/\/antloader.com\/wp-content\/uploads\/2025\/05\/water-well-drilling-rig.webp",16,12,false]},"uagb_author_info":{"display_name":"admin","author_link":"https:\/\/antloader.com\/tr\/author\/"},"uagb_comment_info":0,"uagb_excerpt":"The QY Series water well drilling rig delivers lightweight versatility for rapid borehole completion in challenging environments. Engineered for water wells, agricultural irrigation systems, and multipurpose drilling projects, this rig excels in rocky terrains and unstable geological formations. Its advanced hydraulic system ensures reliable performance across diverse drilling methods, from rotary to percussion-rotary techniques. Core&hellip;","_links":{"self":[{"href":"https:\/\/antloader.com\/tr\/wp-json\/wp\/v2\/product\/2479","targetHints":{"allow":["GET"]}}],"collection":[{"href":"https:\/\/antloader.com\/tr\/wp-json\/wp\/v2\/product"}],"about":[{"href":"https:\/\/antloader.com\/tr\/wp-json\/wp\/v2\/types\/product"}],"wp:featuredmedia":[{"embeddable":true,"href":"https:\/\/antloader.com\/tr\/wp-json\/wp\/v2\/media\/2481"}],"wp:attachment":[{"href":"https:\/\/antloader.com\/tr\/wp-json\/wp\/v2\/media?parent=2479"}],"wp:term":[{"taxonomy":"catalog","embeddable":true,"href":"https:\/\/antloader.com\/tr\/wp-json\/wp\/v2\/catalog?post=2479"}],"curies":[{"name":"wp","href":"https:\/\/api.w.org\/{rel}","templated":true}]}}