{"id":2502,"date":"2025-05-26T12:37:49","date_gmt":"2025-05-26T12:37:49","guid":{"rendered":"https:\/\/www.antloader.com\/?post_type=product&#038;p=2502"},"modified":"2025-06-06T13:38:46","modified_gmt":"2025-06-06T13:38:46","slug":"qy200a-pneumatic-water-well-drilling-rig","status":"publish","type":"product","link":"https:\/\/antloader.com\/tr\/product\/qy200a-pneumatic-water-well-drilling-rig\/","title":{"rendered":"QY200A Pn\u00f6matik Su Sondaj\u0131 Rig"},"content":{"rendered":"<figure class=\"wp-block-gallery has-nested-images columns-default is-cropped wp-block-gallery-1 is-layout-flex wp-block-gallery-is-layout-flex\">\n<figure class=\"wp-block-image size-large\"><img loading=\"lazy\" decoding=\"async\" width=\"800\" height=\"600\" data-id=\"2505\" src=\"https:\/\/www.antloader.com\/wp-content\/uploads\/2025\/05\/pneumatic-water-well-drill.webp\" alt=\"pn\u00f6mati\u0307k su kuyusu matkabi\" class=\"wp-image-2505\" srcset=\"https:\/\/antloader.com\/wp-content\/uploads\/2025\/05\/pneumatic-water-well-drill.webp 800w, https:\/\/antloader.com\/wp-content\/uploads\/2025\/05\/pneumatic-water-well-drill-300x225.webp 300w, https:\/\/antloader.com\/wp-content\/uploads\/2025\/05\/pneumatic-water-well-drill-768x576.webp 768w\" sizes=\"auto, (max-width: 800px) 100vw, 800px\" \/><\/figure>\n\n\n\n<figure class=\"wp-block-image size-large\"><img loading=\"lazy\" decoding=\"async\" width=\"800\" height=\"600\" data-id=\"2504\" src=\"https:\/\/www.antloader.com\/wp-content\/uploads\/2025\/05\/portable-drilling-rig.webp\" alt=\"ta\u015f\u0131nabilir sondaj kulesi\" class=\"wp-image-2504\" srcset=\"https:\/\/antloader.com\/wp-content\/uploads\/2025\/05\/portable-drilling-rig.webp 800w, https:\/\/antloader.com\/wp-content\/uploads\/2025\/05\/portable-drilling-rig-300x225.webp 300w, https:\/\/antloader.com\/wp-content\/uploads\/2025\/05\/portable-drilling-rig-768x576.webp 768w\" sizes=\"auto, (max-width: 800px) 100vw, 800px\" \/><\/figure>\n\n\n\n<figure class=\"wp-block-image size-large\"><img loading=\"lazy\" decoding=\"async\" width=\"800\" height=\"600\" data-id=\"2503\" src=\"https:\/\/www.antloader.com\/wp-content\/uploads\/2025\/05\/air-powered-well-drilling.webp\" alt=\"hava destekli kuyu sondaj\u0131\" class=\"wp-image-2503\" srcset=\"https:\/\/antloader.com\/wp-content\/uploads\/2025\/05\/air-powered-well-drilling.webp 800w, https:\/\/antloader.com\/wp-content\/uploads\/2025\/05\/air-powered-well-drilling-300x225.webp 300w, https:\/\/antloader.com\/wp-content\/uploads\/2025\/05\/air-powered-well-drilling-768x576.webp 768w\" sizes=\"auto, (max-width: 800px) 100vw, 800px\" \/><\/figure>\n<\/figure>\n\n\n\n<h2 class=\"wp-block-heading\"><strong>QY Serisi Hidrolik Su Sondaj\u0131 Rig<\/strong> <strong>Temel \u00d6zellikler:<\/strong><\/h2>\n\n\n\n<ol start=\"1\" class=\"wp-block-list\">\n<li><strong>Tam Hidrolik Kontrol Sistemi<\/strong><br>Tamamen hidrolik \u00e7al\u0131\u015fma, kullan\u0131c\u0131 dostu kontrol ve ola\u011fan\u00fcst\u00fc hareket kabiliyeti sa\u011flar ve 30% geleneksel makinelere k\u0131yasla i\u015f sahas\u0131nda daha h\u0131zl\u0131 yer de\u011fi\u015ftirir.<\/li>\n\n\n\n<li><strong>Y\u00fcksek Torklu D\u00f6ner Sistem<\/strong><br>Sert kaya olu\u015fumlar\u0131nda bile optimum stabiliteyi koruyan 8.500 N-m tork \u00e7\u0131k\u0131\u015f\u0131 sa\u011flayan a\u011f\u0131r hizmet tipi hidrolik motorla donat\u0131lm\u0131\u015ft\u0131r.<\/li>\n\n\n\n<li><strong>Opsiyonel G\u00f6vde \u0130lerletme Kiti<\/strong><br>Patentli muhafaza ve sondaj aleti teknolojisi, \u00e7ak\u0131l\/\u00e7ak\u0131l katmanlar\u0131nda 45% daha h\u0131zl\u0131 penetrasyon oranlar\u0131na ula\u015farak m\u00fckemmel kuyu b\u00fct\u00fcnl\u00fc\u011f\u00fc sa\u011flar.<\/li>\n\n\n\n<li><strong>6m Teleskopik Direk (20ft)<\/strong><br>Uzat\u0131labilir direk tasar\u0131m\u0131, Sahra Alt\u0131 b\u00f6lgelerde derin akifer ara\u015ft\u0131rmalar\u0131 i\u00e7in ideal olan 300 metreye kadar \u00e7e\u015fitli sondaj derinliklerine uyum sa\u011flar.<\/li>\n<\/ol>\n\n\n\n<h2 class=\"wp-block-heading\"><strong>Teknik \u00d6nemli Noktalar<\/strong><\/h2>\n\n\n\n<h3 class=\"wp-block-heading\"><strong>\u00c7ok Ama\u00e7l\u0131 Yap\u0131land\u0131rma<\/strong><\/h3>\n\n\n\n<p>Kompakt mod\u00fcler tasar\u0131m (2,5 ton taban a\u011f\u0131rl\u0131\u011f\u0131) destekler:<br>DTH Darbeli Sondaj (hava kompres\u00f6r\u00fc ile)<br>Ala\u015f\u0131ml\u0131 U\u00e7 D\u00f6ner Sondaj<br>Yumu\u015fak \u00e7\u00f6keller i\u00e7in burgu sondaj\u0131<\/p>\n\n\n\n<h3 class=\"wp-block-heading\"><strong>Geli\u015fmi\u015f Hidrolik Mimari<\/strong><\/h3>\n\n\n\n<p>120mm \u00c7apl\u0131 Besleme Silindiri<br>\u00c7ift Pompal\u0131 Hidrolik Sistem (45L\/dak + 25L\/dak)<br>360\u00b0 Ayarlanabilir A\u00e7\u0131 Mekanizmas\u0131 (\u00b115\u00b0 dikey d\u00fczeltme)<\/p>\n\n\n\n<h3 class=\"wp-block-heading\"><strong>Mobilite Se\u00e7enekleri<\/strong><\/h3>\n\n\n\n<p>Paletli Montaj: Engebeli araziler i\u00e7in 1,2 m\/s hareket h\u0131z\u0131<br>R\u00f6mork Tipi: Standart ba\u011flant\u0131 ile yola haz\u0131r<\/p>\n\n\n\n<h2 class=\"wp-block-heading\"><strong>Afrika i\u00e7in Optimal Sondaj Y\u00f6ntemleri<\/strong><\/h2>\n\n\n\n<h3 class=\"wp-block-heading\">\u2460\u00a0<strong>DTH Darbeli Sondaj<\/strong><\/h3>\n\n\n\n<ul class=\"wp-block-list\">\n<li>\u015eunlar i\u00e7in \u00f6nerilir: Bazalt\/Granit Olu\u015fumlar\u0131<\/li>\n\n\n\n<li>Hava Bas\u0131nc\u0131: 20-25 bar<\/li>\n\n\n\n<li>\u00c7ekim H\u0131z\u0131: 8-15m\/saat<\/li>\n<\/ul>\n\n\n\n<h3 class=\"wp-block-heading\">\u2461\u00a0<strong>Tungsten Ala\u015f\u0131ml\u0131 D\u00f6ner Sondaj<\/strong><\/h3>\n\n\n\n<ul class=\"wp-block-list\">\n<li>\u0130\u00e7in idealdir: Kumta\u015f\u0131\/Kire\u00e7ta\u015f\u0131 Katmanlar\u0131<\/li>\n\n\n\n<li>RPM Aral\u0131\u011f\u0131: 40-120<\/li>\n<\/ul>\n\n\n\n<h3 class=\"wp-block-heading\">\u2462\u00a0<strong>Burgu Sondaj\u0131<\/strong><\/h3>\n\n\n\n<ul class=\"wp-block-list\">\n<li>En iyi kullan\u0131m i\u00e7in: Al\u00fcvyonlu \u00c7\u00f6keltiler ve Yumu\u015fak Topraklar<\/li>\n\n\n\n<li>Burgu \u00c7ap\u0131: 200-600mm<\/li>\n<\/ul>\n\n\n\n<figure class=\"wp-block-table\"><table class=\"has-fixed-layout\"><tbody><tr><td rowspan=\"2\">Sondaj kapasitesi<\/td><td>Sondaj derinli\u011fi<\/td><td>200m<\/td><\/tr><tr><td>Sondaj deli\u011fi (Matkap ucu) \u00e7ap\u0131.<\/td><td>\u00d8115\uff5e\u00d8350mm<\/td><\/tr><tr><td rowspan=\"2\">Besleme sistemi<\/td><td>Kald\u0131rma kapasitesi<\/td><td>16 Ton<\/td><\/tr><tr><td>\u0130tme kapasitesi<\/td><td>8 Ton<\/td><\/tr><tr><td rowspan=\"2\">S\u00fcr\u00fcc\u00fc kafas\u0131<\/td><td>D\u00f6ner h\u0131z<\/td><td>60~140 dev\/dak<\/td><\/tr><tr><td>Tork<\/td><td>4000~2000N.m<\/td><\/tr><tr><td rowspan=\"2\">G\u00fc\u00e7 \u00dcnitesi<\/td><td>Motor Modeli<\/td><td>Yunnei motor YN33GB<\/td><\/tr><tr><td>Nominal g\u00fc\u00e7\/h\u0131z<\/td><td>55kW\/ 2400r\/dak<\/td><\/tr><tr><td colspan=\"2\">Alet vin\u00e7 kapasitesi<\/td><td>0.9 Ton<\/td><\/tr><tr><td rowspan=\"2\">Sondaj borusu<\/td><td>Matkap boru \u00e7ap\u0131.<\/td><td>\u00d876\/ \u00d889mm<\/td><\/tr><tr><td>Sondaj borusu uzunlu\u011fu<\/td><td>3000mm<\/td><\/tr><tr><td rowspan=\"2\">Hava kompres\u00f6r\u00fc<\/td><td>Hava t\u00fcketimi<\/td><td>16\uff5e35m<sup>3<\/sup>\/dak<\/td><\/tr><tr><td>Hava bas\u0131nc\u0131<\/td><td>10,5 \uff5e 24,6bar<\/td><\/tr><tr><td rowspan=\"2\">\u00a0Paletli \u015fasi<\/td><td>Y\u00fcr\u00fcme h\u0131z\u0131<\/td><td>0\uff5e3 km\/saat<\/td><\/tr><tr><td>T\u0131rmanma a\u00e7\u0131s\u0131<\/td><td>Maks. 25\u00b0<\/td><\/tr><tr><td rowspan=\"2\">Boyut<\/td><td>Nakliye<\/td><td>3400*1700*2300mm<\/td><\/tr><tr><td>\u00c7al\u0131\u015fma<\/td><td>3400*2500*6500mm<\/td><\/tr><tr><td colspan=\"2\">A\u011f\u0131rl\u0131k<\/td><td>4000kg<\/td><\/tr><\/tbody><\/table><\/figure>","protected":false},"featured_media":2503,"template":"","meta":{"_acf_changed":false,"_uag_custom_page_level_css":"","site-sidebar-layout":"default","site-content-layout":"","ast-site-content-layout":"default","site-content-style":"default","site-sidebar-style":"default","ast-global-header-display":"","ast-banner-title-visibility":"","ast-main-header-display":"","ast-hfb-above-header-display":"","ast-hfb-below-header-display":"","ast-hfb-mobile-header-display":"","site-post-title":"","ast-breadcrumbs-content":"","ast-featured-img":"","footer-sml-layout":"","ast-disable-related-posts":"","theme-transparent-header-meta":"","adv-header-id-meta":"","stick-header-meta":"","header-above-stick-meta":"","header-main-stick-meta":"","header-below-stick-meta":"","astra-migrate-meta-layouts":"set","ast-page-background-enabled":"default","ast-page-background-meta":{"desktop":{"background-color":"","background-image":"","background-repeat":"repeat","background-position":"center center","background-size":"auto","background-attachment":"scroll","background-type":"","background-media":"","overlay-type":"","overlay-color":"","overlay-opacity":"","overlay-gradient":""},"tablet":{"background-color":"","background-image":"","background-repeat":"repeat","background-position":"center center","background-size":"auto","background-attachment":"scroll","background-type":"","background-media":"","overlay-type":"","overlay-color":"","overlay-opacity":"","overlay-gradient":""},"mobile":{"background-color":"","background-image":"","background-repeat":"repeat","background-position":"center center","background-size":"auto","background-attachment":"scroll","background-type":"","background-media":"","overlay-type":"","overlay-color":"","overlay-opacity":"","overlay-gradient":""}},"ast-content-background-meta":{"desktop":{"background-color":"var(--ast-global-color-5)","background-image":"","background-repeat":"repeat","background-position":"center center","background-size":"auto","background-attachment":"scroll","background-type":"","background-media":"","overlay-type":"","overlay-color":"","overlay-opacity":"","overlay-gradient":""},"tablet":{"background-color":"var(--ast-global-color-5)","background-image":"","background-repeat":"repeat","background-position":"center center","background-size":"auto","background-attachment":"scroll","background-type":"","background-media":"","overlay-type":"","overlay-color":"","overlay-opacity":"","overlay-gradient":""},"mobile":{"background-color":"var(--ast-global-color-5)","background-image":"","background-repeat":"repeat","background-position":"center center","background-size":"auto","background-attachment":"scroll","background-type":"","background-media":"","overlay-type":"","overlay-color":"","overlay-opacity":"","overlay-gradient":""}}},"catalog":[16],"class_list":["post-2502","product","type-product","status-publish","has-post-thumbnail","hentry","catalog-water-well-drilling-rigs"],"acf":[],"spectra_custom_meta":{"_edit_lock":["1749217128:1"],"rank_math_seo_score":["16"],"rank_math_internal_links_processed":["1"],"_thumbnail_id":["2503"],"_acf_changed":[""],"_uag_custom_page_level_css":[""],"site-sidebar-layout":["default"],"site-content-layout":[""],"ast-site-content-layout":["default"],"site-content-style":["default"],"site-sidebar-style":["default"],"ast-global-header-display":[""],"ast-banner-title-visibility":[""],"ast-main-header-display":[""],"ast-hfb-above-header-display":[""],"ast-hfb-below-header-display":[""],"ast-hfb-mobile-header-display":[""],"site-post-title":[""],"ast-breadcrumbs-content":[""],"ast-featured-img":[""],"footer-sml-layout":[""],"theme-transparent-header-meta":[""],"adv-header-id-meta":[""],"stick-header-meta":[""],"header-above-stick-meta":[""],"header-main-stick-meta":[""],"header-below-stick-meta":[""],"astra-migrate-meta-layouts":["set"],"ast-page-background-enabled":["default"],"ast-page-background-meta":["a:3:{s:7:\"desktop\";a:12:{s:16:\"background-color\";s:0:\"\";s:16:\"background-image\";s:0:\"\";s:17:\"background-repeat\";s:6:\"repeat\";s:19:\"background-position\";s:13:\"center center\";s:15:\"background-size\";s:4:\"auto\";s:21:\"background-attachment\";s:6:\"scroll\";s:15:\"background-type\";s:0:\"\";s:16:\"background-media\";s:0:\"\";s:12:\"overlay-type\";s:0:\"\";s:13:\"overlay-color\";s:0:\"\";s:15:\"overlay-opacity\";s:0:\"\";s:16:\"overlay-gradient\";s:0:\"\";}s:6:\"tablet\";a:12:{s:16:\"background-color\";s:0:\"\";s:16:\"background-image\";s:0:\"\";s:17:\"background-repeat\";s:6:\"repeat\";s:19:\"background-position\";s:13:\"center center\";s:15:\"background-size\";s:4:\"auto\";s:21:\"background-attachment\";s:6:\"scroll\";s:15:\"background-type\";s:0:\"\";s:16:\"background-media\";s:0:\"\";s:12:\"overlay-type\";s:0:\"\";s:13:\"overlay-color\";s:0:\"\";s:15:\"overlay-opacity\";s:0:\"\";s:16:\"overlay-gradient\";s:0:\"\";}s:6:\"mobile\";a:12:{s:16:\"background-color\";s:0:\"\";s:16:\"background-image\";s:0:\"\";s:17:\"background-repeat\";s:6:\"repeat\";s:19:\"background-position\";s:13:\"center center\";s:15:\"background-size\";s:4:\"auto\";s:21:\"background-attachment\";s:6:\"scroll\";s:15:\"background-type\";s:0:\"\";s:16:\"background-media\";s:0:\"\";s:12:\"overlay-type\";s:0:\"\";s:13:\"overlay-color\";s:0:\"\";s:15:\"overlay-opacity\";s:0:\"\";s:16:\"overlay-gradient\";s:0:\"\";}}"],"ast-content-background-meta":["a:3:{s:7:\"desktop\";a:12:{s:16:\"background-color\";s:25:\"var(--ast-global-color-5)\";s:16:\"background-image\";s:0:\"\";s:17:\"background-repeat\";s:6:\"repeat\";s:19:\"background-position\";s:13:\"center center\";s:15:\"background-size\";s:4:\"auto\";s:21:\"background-attachment\";s:6:\"scroll\";s:15:\"background-type\";s:0:\"\";s:16:\"background-media\";s:0:\"\";s:12:\"overlay-type\";s:0:\"\";s:13:\"overlay-color\";s:0:\"\";s:15:\"overlay-opacity\";s:0:\"\";s:16:\"overlay-gradient\";s:0:\"\";}s:6:\"tablet\";a:12:{s:16:\"background-color\";s:25:\"var(--ast-global-color-5)\";s:16:\"background-image\";s:0:\"\";s:17:\"background-repeat\";s:6:\"repeat\";s:19:\"background-position\";s:13:\"center center\";s:15:\"background-size\";s:4:\"auto\";s:21:\"background-attachment\";s:6:\"scroll\";s:15:\"background-type\";s:0:\"\";s:16:\"background-media\";s:0:\"\";s:12:\"overlay-type\";s:0:\"\";s:13:\"overlay-color\";s:0:\"\";s:15:\"overlay-opacity\";s:0:\"\";s:16:\"overlay-gradient\";s:0:\"\";}s:6:\"mobile\";a:12:{s:16:\"background-color\";s:25:\"var(--ast-global-color-5)\";s:16:\"background-image\";s:0:\"\";s:17:\"background-repeat\";s:6:\"repeat\";s:19:\"background-position\";s:13:\"center center\";s:15:\"background-size\";s:4:\"auto\";s:21:\"background-attachment\";s:6:\"scroll\";s:15:\"background-type\";s:0:\"\";s:16:\"background-media\";s:0:\"\";s:12:\"overlay-type\";s:0:\"\";s:13:\"overlay-color\";s:0:\"\";s:15:\"overlay-opacity\";s:0:\"\";s:16:\"overlay-gradient\";s:0:\"\";}}"],"_edit_last":["1"],"astra_style_timestamp_css":["1777560258"],"rank_math_robots":["a:1:{i:0;s:5:\"index\";}"],"rank_math_focus_keyword":["Portable Pneumatic Water Well Drilling Rig"],"_uag_css_file_name":["uag-css-2502.css"],"_uag_page_assets":["a:9:{s:3:\"css\";s:260:\".uag-blocks-common-selector{z-index:var(--z-index-desktop) !important}@media(max-width: 976px){.uag-blocks-common-selector{z-index:var(--z-index-tablet) !important}}@media(max-width: 767px){.uag-blocks-common-selector{z-index:var(--z-index-mobile) !important}}\";s:2:\"js\";s:0:\"\";s:18:\"current_block_list\";a:13:{i:0;s:12:\"core\/gallery\";i:1;s:10:\"core\/image\";i:2;s:12:\"core\/heading\";i:3;s:9:\"core\/list\";i:4;s:14:\"core\/list-item\";i:5;s:14:\"core\/paragraph\";i:6;s:10:\"core\/table\";i:7;s:11:\"core\/search\";i:8;s:10:\"core\/group\";i:9;s:17:\"core\/latest-posts\";i:10;s:20:\"core\/latest-comments\";i:11;s:13:\"core\/archives\";i:12;s:15:\"core\/categories\";}s:8:\"uag_flag\";b:0;s:11:\"uag_version\";s:10:\"1778337502\";s:6:\"gfonts\";a:0:{}s:10:\"gfonts_url\";s:0:\"\";s:12:\"gfonts_files\";a:0:{}s:14:\"uag_faq_layout\";b:0;}"]},"uagb_featured_image_src":{"full":["https:\/\/antloader.com\/wp-content\/uploads\/2025\/05\/air-powered-well-drilling.webp",800,600,false],"thumbnail":["https:\/\/antloader.com\/wp-content\/uploads\/2025\/05\/air-powered-well-drilling-150x150.webp",150,150,true],"medium":["https:\/\/antloader.com\/wp-content\/uploads\/2025\/05\/air-powered-well-drilling-300x225.webp",300,225,true],"medium_large":["https:\/\/antloader.com\/wp-content\/uploads\/2025\/05\/air-powered-well-drilling-768x576.webp",768,576,true],"large":["https:\/\/antloader.com\/wp-content\/uploads\/2025\/05\/air-powered-well-drilling.webp",800,600,false],"1536x1536":["https:\/\/antloader.com\/wp-content\/uploads\/2025\/05\/air-powered-well-drilling.webp",800,600,false],"2048x2048":["https:\/\/antloader.com\/wp-content\/uploads\/2025\/05\/air-powered-well-drilling.webp",800,600,false],"trp-custom-language-flag":["https:\/\/antloader.com\/wp-content\/uploads\/2025\/05\/air-powered-well-drilling.webp",16,12,false]},"uagb_author_info":{"display_name":"admin","author_link":"https:\/\/antloader.com\/tr\/author\/"},"uagb_comment_info":0,"uagb_excerpt":"QY Series Hydraulic Water Well Drilling Rig Key Features: Technical Highlights Multi-Purpose Configuration Compact modular design (2.5-ton base weight) supports:\u25b6 DTH Hammer Drilling (with air compressor)\u25b6 Alloy Bit Rotary Drilling\u25b6 Auger Drilling for soft sediments Advanced Hydraulic Architecture 120mm Diameter Feed CylinderDual-Pump Hydraulic System (45L\/min + 25L\/min)360\u00b0 Adjustable Angle Mechanism (\u00b115\u00b0 vertical correction) Mobility Options&hellip;","_links":{"self":[{"href":"https:\/\/antloader.com\/tr\/wp-json\/wp\/v2\/product\/2502","targetHints":{"allow":["GET"]}}],"collection":[{"href":"https:\/\/antloader.com\/tr\/wp-json\/wp\/v2\/product"}],"about":[{"href":"https:\/\/antloader.com\/tr\/wp-json\/wp\/v2\/types\/product"}],"wp:featuredmedia":[{"embeddable":true,"href":"https:\/\/antloader.com\/tr\/wp-json\/wp\/v2\/media\/2503"}],"wp:attachment":[{"href":"https:\/\/antloader.com\/tr\/wp-json\/wp\/v2\/media?parent=2502"}],"wp:term":[{"taxonomy":"catalog","embeddable":true,"href":"https:\/\/antloader.com\/tr\/wp-json\/wp\/v2\/catalog?post=2502"}],"curies":[{"name":"wp","href":"https:\/\/api.w.org\/{rel}","templated":true}]}}