{"id":2525,"date":"2025-06-08T07:51:04","date_gmt":"2025-06-08T07:51:04","guid":{"rendered":"https:\/\/www.antloader.com\/?post_type=product&#038;p=2525"},"modified":"2025-06-08T08:01:54","modified_gmt":"2025-06-08T08:01:54","slug":"truck-mounted-water-well-drill-rig-xyc-200","status":"publish","type":"product","link":"https:\/\/antloader.com\/tr\/product\/truck-mounted-water-well-drill-rig-xyc-200\/","title":{"rendered":"Kamyona Monte Su Kuyusu Sondaj Makinesi XYC-200"},"content":{"rendered":"<figure class=\"wp-block-gallery has-nested-images columns-default is-cropped wp-block-gallery-1 is-layout-flex wp-block-gallery-is-layout-flex\">\n<figure class=\"wp-block-image size-large\"><img loading=\"lazy\" decoding=\"async\" width=\"800\" height=\"600\" data-id=\"2526\" src=\"https:\/\/www.antloader.com\/wp-content\/uploads\/2025\/06\/Truck-Mounted-Drill-Rig.webp\" alt=\"Kamyona Monte Sondaj Makinesi\" class=\"wp-image-2526\" srcset=\"https:\/\/antloader.com\/wp-content\/uploads\/2025\/06\/Truck-Mounted-Drill-Rig.webp 800w, https:\/\/antloader.com\/wp-content\/uploads\/2025\/06\/Truck-Mounted-Drill-Rig-300x225.webp 300w, https:\/\/antloader.com\/wp-content\/uploads\/2025\/06\/Truck-Mounted-Drill-Rig-768x576.webp 768w\" sizes=\"auto, (max-width: 800px) 100vw, 800px\" \/><\/figure>\n\n\n\n<figure class=\"wp-block-image size-large\"><img loading=\"lazy\" decoding=\"async\" width=\"800\" height=\"600\" data-id=\"2527\" src=\"https:\/\/www.antloader.com\/wp-content\/uploads\/2025\/06\/Carrier-Mounted-Rig.webp\" alt=\"Ta\u015f\u0131y\u0131c\u0131ya Monteli Te\u00e7hizat\" class=\"wp-image-2527\" srcset=\"https:\/\/antloader.com\/wp-content\/uploads\/2025\/06\/Carrier-Mounted-Rig.webp 800w, https:\/\/antloader.com\/wp-content\/uploads\/2025\/06\/Carrier-Mounted-Rig-300x225.webp 300w, https:\/\/antloader.com\/wp-content\/uploads\/2025\/06\/Carrier-Mounted-Rig-768x576.webp 768w\" sizes=\"auto, (max-width: 800px) 100vw, 800px\" \/><\/figure>\n\n\n\n<figure class=\"wp-block-image size-large\"><img loading=\"lazy\" decoding=\"async\" width=\"800\" height=\"600\" data-id=\"2528\" src=\"https:\/\/www.antloader.com\/wp-content\/uploads\/2025\/06\/Truck-Mounted-Drill.webp\" alt=\"Kamyona Monte Matkap\" class=\"wp-image-2528\" srcset=\"https:\/\/antloader.com\/wp-content\/uploads\/2025\/06\/Truck-Mounted-Drill.webp 800w, https:\/\/antloader.com\/wp-content\/uploads\/2025\/06\/Truck-Mounted-Drill-300x225.webp 300w, https:\/\/antloader.com\/wp-content\/uploads\/2025\/06\/Truck-Mounted-Drill-768x576.webp 768w\" sizes=\"auto, (max-width: 800px) 100vw, 800px\" \/><\/figure>\n\n\n\n<figure class=\"wp-block-image size-large\"><img loading=\"lazy\" decoding=\"async\" width=\"800\" height=\"600\" data-id=\"2529\" src=\"https:\/\/www.antloader.com\/wp-content\/uploads\/2025\/06\/Truck-Mounted-Water-Well-Drill-Rig.webp\" alt=\"Kamyona Monte Su Kuyusu Sondaj Makinesi\" class=\"wp-image-2529\" srcset=\"https:\/\/antloader.com\/wp-content\/uploads\/2025\/06\/Truck-Mounted-Water-Well-Drill-Rig.webp 800w, https:\/\/antloader.com\/wp-content\/uploads\/2025\/06\/Truck-Mounted-Water-Well-Drill-Rig-300x225.webp 300w, https:\/\/antloader.com\/wp-content\/uploads\/2025\/06\/Truck-Mounted-Water-Well-Drill-Rig-768x576.webp 768w\" sizes=\"auto, (max-width: 800px) 100vw, 800px\" \/><\/figure>\n<\/figure>\n\n\n\n<div class=\"wp-block-uagb-advanced-heading uagb-block-73b012d9\"><h2 class=\"uagb-heading-text\"><strong>XYC Serisi Kamyona Monte Sondaj Makinalar\u0131: Temel \u00d6zellikler<\/strong><\/h2><\/div>\n\n\n\n<div class=\"wp-block-uagb-advanced-heading uagb-block-d00f9f4b\"><h3 class=\"uagb-heading-text\"><strong>Hidrolik \u0130\u015f Mili D\u00f6ner Sistemi<\/strong><\/h3><\/div>\n\n\n\n<p>Profesyonel d\u00fczeyde hidrolik i\u015f mili mekanizmas\u0131, \u00e7e\u015fitli formasyonlar i\u00e7in hassas d\u00f6n\u00fc\u015f kontrol\u00fc sa\u011flar.<\/p>\n\n\n\n<div class=\"wp-block-uagb-advanced-heading uagb-block-b6e3c442\"><h3 class=\"uagb-heading-text\"><strong>Entegre \u015easi Tasar\u0131m\u0131<\/strong><\/h3><\/div>\n\n\n\n<p><strong>XYC-200GT Model:<\/strong>\u00a0Tangjun Jinlika hafif kamyon \u015fasisi<\/p>\n\n\n\n<p><strong>XYC-3 Model:<\/strong>\u00a0Qingdao Sailong orta hizmet kamyon \u015fasisi<\/p>\n\n\n\n<p><em>Sondaj \u015fanz\u0131man\u0131, vin\u00e7 ve \u00e7amur pompas\u0131, kompakt yerle\u015fim ve sezgisel kullan\u0131m i\u00e7in \u015fasiye sorunsuz bir \u015fekilde entegre edilmi\u015ftir.<\/em><\/p>\n\n\n\n<div class=\"wp-block-uagb-advanced-heading uagb-block-fbdc1bb7\"><h3 class=\"uagb-heading-text\"><strong>Y\u00fcksek Performansl\u0131 \u00c7amur Pompalar\u0131<\/strong><\/h3><\/div>\n\n\n\n<p>\u0130le donat\u0131lm\u0131\u015ft\u0131r&nbsp;<strong>BW-160 veya BW-250 \u00e7amur pompalar\u0131<\/strong>&nbsp;teslim ediyorum:<\/p>\n\n\n\n<ul class=\"wp-block-list\">\n<li>Derin sondaj i\u00e7in y\u00fcksek bas\u0131n\u00e7 \u00e7\u0131k\u0131\u015f\u0131<\/li>\n\n\n\n<li>Optimum tala\u015f kald\u0131rma i\u00e7in b\u00fcy\u00fck ak\u0131\u015f kapasitesi<br>*(Teknik \u00f6zelliklerin eklenmesini tavsiye ederiz: \u00f6rne\u011fin, BW-250: 250 L\/dk @ 7 MPa)*<\/li>\n<\/ul>\n\n\n\n<div class=\"wp-block-uagb-advanced-heading uagb-block-a89923e5\"><h3 class=\"uagb-heading-text\"><strong>Kendinden Tahrikli Mobilite<\/strong><\/h3><\/div>\n\n\n\n<p>Yerle\u015fik \u00e7eki\u015f sistemi \u015funlar\u0131 sa\u011flar\u00a0<strong>ileri\/arka konumland\u0131rma ayar\u0131<\/strong>\u00a0- Yard\u0131mc\u0131 ekipman olmadan kuyu ba\u015f\u0131 operasyonlar\u0131n\u0131 kolayla\u015ft\u0131rmak.<\/p>\n\n\n\n<div class=\"wp-block-uagb-advanced-heading uagb-block-f7d53809\"><h3 class=\"uagb-heading-text\"><strong>Hidrolik Teleskopik Direk<\/strong><\/h3><\/div>\n\n\n\n<p>Otomatik hidrolik kald\u0131rma\/indirme ile&nbsp;<strong>uzatilabi\u0307li\u0307r di\u0307rek b\u00f6l\u00fcmleri\u0307<\/strong>&nbsp;i\u00e7in:<\/p>\n\n\n\n<ul class=\"wp-block-list\">\n<li>H\u0131zl\u0131 kurulum (&lt;5 dakika)<\/li>\n\n\n\n<li>G\u00fcvenli 90\u00b0 serbest \u00e7al\u0131\u015fma<\/li>\n\n\n\n<li>Ta\u015f\u0131ma s\u0131ras\u0131nda a\u00e7\u0131kl\u0131k y\u00fcksekli\u011finin azalt\u0131lmas\u0131<\/li>\n<\/ul>\n\n\n\n<div class=\"wp-block-uagb-advanced-heading uagb-block-6b1091da\"><h2 class=\"uagb-heading-text\"><strong>Uygulama Kapsam\u0131<\/strong><\/h2><\/div>\n\n\n\n<p>Jeolojik ara\u015ft\u0131rma | Temel testi (yollar\/y\u00fcksek binalar) | Beton inceleme delikleri<br>Levee reinforcement grouting | Residential water wells | Geothermal HVAC boreholes<\/p>\n\n\n\n<figure class=\"wp-block-table\"><table class=\"has-fixed-layout\"><tbody><tr><td colspan=\"2\">Model<\/td><td>XYC-200GT<\/td><td>XYC-3<\/td><\/tr><tr><td colspan=\"2\">Delik \u00e7ap\u0131 (mm)<\/td><td>300-75<\/td><td>300-75<\/td><\/tr><tr><td colspan=\"2\">Delik derinli\u011fi\uff08m\uff09<\/td><td>30-200<\/td><td>30-600<\/td><\/tr><tr><td colspan=\"2\">Delik a\u00e7\u0131s\u0131 (\u00b0)<\/td><td>90-75<\/td><td>90-75<\/td><\/tr><tr><td colspan=\"2\">H\u0131z\uff08r\/dak\uff09<\/td><td>64-557<\/td><td>13-1050<\/td><\/tr><tr><td colspan=\"2\">Strok (mm)<\/td><td>450<\/td><td>600<\/td><\/tr><tr><td colspan=\"2\">G\u00fc\u00e7 olmadan a\u011f\u0131rl\u0131k\uff08kg\uff09<\/td><td>4000<\/td><td>9000<\/td><\/tr><tr><td colspan=\"2\" rowspan=\"2\">Dizel motor<\/td><td>ZS1115<\/td><td>YN27<\/td><\/tr><tr><td>14.7kW<\/td><td>39kW<\/td><\/tr><tr><td colspan=\"2\">\u00c7amur pompas\u0131<\/td><td>BW-160<\/td><td>BW-250<\/td><\/tr><tr><td rowspan=\"2\">Dizel motor<\/td><td>Model<\/td><td>tangjun<\/td><td>CA1167PK2L2E4A80<\/td><\/tr><tr><td>S\u00fcr\u00fcc\u00fc tipi<\/td><td>4*2<\/td><td>4*2<\/td><\/tr><tr><td rowspan=\"3\">Dizel motor<\/td><td>Model<\/td><td>4B2-95c40<\/td><td>BF4M2012-16E4<\/td><\/tr><tr><td>Emisyon standard\u0131<\/td><td>CB17691-2005<\/td><td>CB17691-2005<\/td><\/tr><tr><td>Nominal g\u00fc\u00e7 (kW)<\/td><td>70<\/td><td>121<\/td><\/tr><\/tbody><\/table><\/figure>","protected":false},"featured_media":2526,"template":"","meta":{"_acf_changed":false,"_uag_custom_page_level_css":"","site-sidebar-layout":"default","site-content-layout":"","ast-site-content-layout":"default","site-content-style":"default","site-sidebar-style":"default","ast-global-header-display":"","ast-banner-title-visibility":"","ast-main-header-display":"","ast-hfb-above-header-display":"","ast-hfb-below-header-display":"","ast-hfb-mobile-header-display":"","site-post-title":"","ast-breadcrumbs-content":"","ast-featured-img":"","footer-sml-layout":"","ast-disable-related-posts":"","theme-transparent-header-meta":"","adv-header-id-meta":"","stick-header-meta":"","header-above-stick-meta":"","header-main-stick-meta":"","header-below-stick-meta":"","astra-migrate-meta-layouts":"set","ast-page-background-enabled":"default","ast-page-background-meta":{"desktop":{"background-color":"","background-image":"","background-repeat":"repeat","background-position":"center center","background-size":"auto","background-attachment":"scroll","background-type":"","background-media":"","overlay-type":"","overlay-color":"","overlay-opacity":"","overlay-gradient":""},"tablet":{"background-color":"","background-image":"","background-repeat":"repeat","background-position":"center center","background-size":"auto","background-attachment":"scroll","background-type":"","background-media":"","overlay-type":"","overlay-color":"","overlay-opacity":"","overlay-gradient":""},"mobile":{"background-color":"","background-image":"","background-repeat":"repeat","background-position":"center center","background-size":"auto","background-attachment":"scroll","background-type":"","background-media":"","overlay-type":"","overlay-color":"","overlay-opacity":"","overlay-gradient":""}},"ast-content-background-meta":{"desktop":{"background-color":"var(--ast-global-color-5)","background-image":"","background-repeat":"repeat","background-position":"center center","background-size":"auto","background-attachment":"scroll","background-type":"","background-media":"","overlay-type":"","overlay-color":"","overlay-opacity":"","overlay-gradient":""},"tablet":{"background-color":"var(--ast-global-color-5)","background-image":"","background-repeat":"repeat","background-position":"center center","background-size":"auto","background-attachment":"scroll","background-type":"","background-media":"","overlay-type":"","overlay-color":"","overlay-opacity":"","overlay-gradient":""},"mobile":{"background-color":"var(--ast-global-color-5)","background-image":"","background-repeat":"repeat","background-position":"center center","background-size":"auto","background-attachment":"scroll","background-type":"","background-media":"","overlay-type":"","overlay-color":"","overlay-opacity":"","overlay-gradient":""}}},"catalog":[16],"class_list":["post-2525","product","type-product","status-publish","has-post-thumbnail","hentry","catalog-water-well-drilling-rigs"],"acf":[],"spectra_custom_meta":{"_edit_lock":["1749369716:1"],"rank_math_seo_score":["56"],"rank_math_internal_links_processed":["1"],"_thumbnail_id":["2526"],"_acf_changed":[""],"_uag_custom_page_level_css":[""],"site-sidebar-layout":["default"],"site-content-layout":[""],"ast-site-content-layout":["default"],"site-content-style":["default"],"site-sidebar-style":["default"],"ast-global-header-display":[""],"ast-banner-title-visibility":[""],"ast-main-header-display":[""],"ast-hfb-above-header-display":[""],"ast-hfb-below-header-display":[""],"ast-hfb-mobile-header-display":[""],"site-post-title":[""],"ast-breadcrumbs-content":[""],"ast-featured-img":[""],"footer-sml-layout":[""],"theme-transparent-header-meta":[""],"adv-header-id-meta":[""],"stick-header-meta":[""],"header-above-stick-meta":[""],"header-main-stick-meta":[""],"header-below-stick-meta":[""],"astra-migrate-meta-layouts":["set"],"ast-page-background-enabled":["default"],"ast-page-background-meta":["a:3:{s:7:\"desktop\";a:12:{s:16:\"background-color\";s:0:\"\";s:16:\"background-image\";s:0:\"\";s:17:\"background-repeat\";s:6:\"repeat\";s:19:\"background-position\";s:13:\"center center\";s:15:\"background-size\";s:4:\"auto\";s:21:\"background-attachment\";s:6:\"scroll\";s:15:\"background-type\";s:0:\"\";s:16:\"background-media\";s:0:\"\";s:12:\"overlay-type\";s:0:\"\";s:13:\"overlay-color\";s:0:\"\";s:15:\"overlay-opacity\";s:0:\"\";s:16:\"overlay-gradient\";s:0:\"\";}s:6:\"tablet\";a:12:{s:16:\"background-color\";s:0:\"\";s:16:\"background-image\";s:0:\"\";s:17:\"background-repeat\";s:6:\"repeat\";s:19:\"background-position\";s:13:\"center center\";s:15:\"background-size\";s:4:\"auto\";s:21:\"background-attachment\";s:6:\"scroll\";s:15:\"background-type\";s:0:\"\";s:16:\"background-media\";s:0:\"\";s:12:\"overlay-type\";s:0:\"\";s:13:\"overlay-color\";s:0:\"\";s:15:\"overlay-opacity\";s:0:\"\";s:16:\"overlay-gradient\";s:0:\"\";}s:6:\"mobile\";a:12:{s:16:\"background-color\";s:0:\"\";s:16:\"background-image\";s:0:\"\";s:17:\"background-repeat\";s:6:\"repeat\";s:19:\"background-position\";s:13:\"center center\";s:15:\"background-size\";s:4:\"auto\";s:21:\"background-attachment\";s:6:\"scroll\";s:15:\"background-type\";s:0:\"\";s:16:\"background-media\";s:0:\"\";s:12:\"overlay-type\";s:0:\"\";s:13:\"overlay-color\";s:0:\"\";s:15:\"overlay-opacity\";s:0:\"\";s:16:\"overlay-gradient\";s:0:\"\";}}"],"ast-content-background-meta":["a:3:{s:7:\"desktop\";a:12:{s:16:\"background-color\";s:25:\"var(--ast-global-color-5)\";s:16:\"background-image\";s:0:\"\";s:17:\"background-repeat\";s:6:\"repeat\";s:19:\"background-position\";s:13:\"center center\";s:15:\"background-size\";s:4:\"auto\";s:21:\"background-attachment\";s:6:\"scroll\";s:15:\"background-type\";s:0:\"\";s:16:\"background-media\";s:0:\"\";s:12:\"overlay-type\";s:0:\"\";s:13:\"overlay-color\";s:0:\"\";s:15:\"overlay-opacity\";s:0:\"\";s:16:\"overlay-gradient\";s:0:\"\";}s:6:\"tablet\";a:12:{s:16:\"background-color\";s:25:\"var(--ast-global-color-5)\";s:16:\"background-image\";s:0:\"\";s:17:\"background-repeat\";s:6:\"repeat\";s:19:\"background-position\";s:13:\"center center\";s:15:\"background-size\";s:4:\"auto\";s:21:\"background-attachment\";s:6:\"scroll\";s:15:\"background-type\";s:0:\"\";s:16:\"background-media\";s:0:\"\";s:12:\"overlay-type\";s:0:\"\";s:13:\"overlay-color\";s:0:\"\";s:15:\"overlay-opacity\";s:0:\"\";s:16:\"overlay-gradient\";s:0:\"\";}s:6:\"mobile\";a:12:{s:16:\"background-color\";s:25:\"var(--ast-global-color-5)\";s:16:\"background-image\";s:0:\"\";s:17:\"background-repeat\";s:6:\"repeat\";s:19:\"background-position\";s:13:\"center center\";s:15:\"background-size\";s:4:\"auto\";s:21:\"background-attachment\";s:6:\"scroll\";s:15:\"background-type\";s:0:\"\";s:16:\"background-media\";s:0:\"\";s:12:\"overlay-type\";s:0:\"\";s:13:\"overlay-color\";s:0:\"\";s:15:\"overlay-opacity\";s:0:\"\";s:16:\"overlay-gradient\";s:0:\"\";}}"],"_edit_last":["1"],"rank_math_robots":["a:1:{i:0;s:5:\"index\";}"],"rank_math_focus_keyword":["Truck-Mounted Water Well Drill Rig"],"astra_style_timestamp_css":["1777580442"],"_uag_css_file_name":["uag-css-2525.css"],"_uag_page_assets":["a:9:{s:3:\"css\";s:5591:\".wp-block-uagb-advanced-heading h1,.wp-block-uagb-advanced-heading h2,.wp-block-uagb-advanced-heading h3,.wp-block-uagb-advanced-heading h4,.wp-block-uagb-advanced-heading h5,.wp-block-uagb-advanced-heading h6,.wp-block-uagb-advanced-heading p,.wp-block-uagb-advanced-heading div{word-break:break-word}.wp-block-uagb-advanced-heading .uagb-heading-text{margin:0}.wp-block-uagb-advanced-heading .uagb-desc-text{margin:0}.wp-block-uagb-advanced-heading .uagb-separator{font-size:0;border-top-style:solid;display:inline-block;margin:0 0 10px 0}.wp-block-uagb-advanced-heading .uagb-highlight{color:#f78a0c;border:0;transition:all .3s ease}.uag-highlight-toolbar{border-left:0;border-top:0;border-bottom:0;border-radius:0;border-right-color:#1e1e1e}.uag-highlight-toolbar .components-button{border-radius:0;outline:none}.uag-highlight-toolbar .components-button.is-primary{color:#fff}.wp-block-uagb-advanced-heading.uagb-block-73b012d9.wp-block-uagb-advanced-heading .uagb-desc-text{margin-bottom: 15px;}.wp-block-uagb-advanced-heading.uagb-block-73b012d9.wp-block-uagb-advanced-heading .uagb-highlight{font-style: normal;font-weight: Default;background: #007cba;color: #fff;-webkit-text-fill-color: #fff;}.wp-block-uagb-advanced-heading.uagb-block-73b012d9.wp-block-uagb-advanced-heading .uagb-highlight::-moz-selection{color: #fff;background: #007cba;-webkit-text-fill-color: #fff;}.wp-block-uagb-advanced-heading.uagb-block-73b012d9.wp-block-uagb-advanced-heading .uagb-highlight::selection{color: #fff;background: #007cba;-webkit-text-fill-color: #fff;}.wp-block-uagb-advanced-heading.uagb-block-d00f9f4b.wp-block-uagb-advanced-heading .uagb-desc-text{margin-bottom: 15px;}.wp-block-uagb-advanced-heading.uagb-block-d00f9f4b.wp-block-uagb-advanced-heading .uagb-highlight{font-style: normal;font-weight: Default;background: #007cba;color: #fff;-webkit-text-fill-color: #fff;}.wp-block-uagb-advanced-heading.uagb-block-d00f9f4b.wp-block-uagb-advanced-heading .uagb-highlight::-moz-selection{color: #fff;background: #007cba;-webkit-text-fill-color: #fff;}.wp-block-uagb-advanced-heading.uagb-block-d00f9f4b.wp-block-uagb-advanced-heading .uagb-highlight::selection{color: #fff;background: #007cba;-webkit-text-fill-color: #fff;}.wp-block-uagb-advanced-heading.uagb-block-b6e3c442.wp-block-uagb-advanced-heading .uagb-desc-text{margin-bottom: 15px;}.wp-block-uagb-advanced-heading.uagb-block-b6e3c442.wp-block-uagb-advanced-heading .uagb-highlight{font-style: normal;font-weight: Default;background: #007cba;color: #fff;-webkit-text-fill-color: #fff;}.wp-block-uagb-advanced-heading.uagb-block-b6e3c442.wp-block-uagb-advanced-heading .uagb-highlight::-moz-selection{color: #fff;background: #007cba;-webkit-text-fill-color: #fff;}.wp-block-uagb-advanced-heading.uagb-block-b6e3c442.wp-block-uagb-advanced-heading .uagb-highlight::selection{color: #fff;background: #007cba;-webkit-text-fill-color: #fff;}.wp-block-uagb-advanced-heading.uagb-block-fbdc1bb7.wp-block-uagb-advanced-heading .uagb-desc-text{margin-bottom: 15px;}.wp-block-uagb-advanced-heading.uagb-block-fbdc1bb7.wp-block-uagb-advanced-heading .uagb-highlight{font-style: normal;font-weight: Default;background: #007cba;color: #fff;-webkit-text-fill-color: #fff;}.wp-block-uagb-advanced-heading.uagb-block-fbdc1bb7.wp-block-uagb-advanced-heading .uagb-highlight::-moz-selection{color: #fff;background: #007cba;-webkit-text-fill-color: #fff;}.wp-block-uagb-advanced-heading.uagb-block-fbdc1bb7.wp-block-uagb-advanced-heading .uagb-highlight::selection{color: #fff;background: #007cba;-webkit-text-fill-color: #fff;}.wp-block-uagb-advanced-heading.uagb-block-a89923e5.wp-block-uagb-advanced-heading .uagb-desc-text{margin-bottom: 15px;}.wp-block-uagb-advanced-heading.uagb-block-a89923e5.wp-block-uagb-advanced-heading .uagb-highlight{font-style: normal;font-weight: Default;background: #007cba;color: #fff;-webkit-text-fill-color: #fff;}.wp-block-uagb-advanced-heading.uagb-block-a89923e5.wp-block-uagb-advanced-heading .uagb-highlight::-moz-selection{color: #fff;background: #007cba;-webkit-text-fill-color: #fff;}.wp-block-uagb-advanced-heading.uagb-block-a89923e5.wp-block-uagb-advanced-heading .uagb-highlight::selection{color: #fff;background: #007cba;-webkit-text-fill-color: #fff;}.wp-block-uagb-advanced-heading.uagb-block-f7d53809.wp-block-uagb-advanced-heading .uagb-desc-text{margin-bottom: 15px;}.wp-block-uagb-advanced-heading.uagb-block-f7d53809.wp-block-uagb-advanced-heading .uagb-highlight{font-style: normal;font-weight: Default;background: #007cba;color: #fff;-webkit-text-fill-color: #fff;}.wp-block-uagb-advanced-heading.uagb-block-f7d53809.wp-block-uagb-advanced-heading .uagb-highlight::-moz-selection{color: #fff;background: #007cba;-webkit-text-fill-color: #fff;}.wp-block-uagb-advanced-heading.uagb-block-f7d53809.wp-block-uagb-advanced-heading .uagb-highlight::selection{color: #fff;background: #007cba;-webkit-text-fill-color: #fff;}.wp-block-uagb-advanced-heading.uagb-block-6b1091da.wp-block-uagb-advanced-heading .uagb-desc-text{margin-bottom: 15px;}.wp-block-uagb-advanced-heading.uagb-block-6b1091da.wp-block-uagb-advanced-heading .uagb-highlight{font-style: normal;font-weight: Default;background: #007cba;color: #fff;-webkit-text-fill-color: #fff;}.wp-block-uagb-advanced-heading.uagb-block-6b1091da.wp-block-uagb-advanced-heading .uagb-highlight::-moz-selection{color: #fff;background: #007cba;-webkit-text-fill-color: #fff;}.wp-block-uagb-advanced-heading.uagb-block-6b1091da.wp-block-uagb-advanced-heading .uagb-highlight::selection{color: #fff;background: #007cba;-webkit-text-fill-color: #fff;}\";s:2:\"js\";s:0:\"\";s:18:\"current_block_list\";a:14:{i:0;s:12:\"core\/gallery\";i:1;s:10:\"core\/image\";i:2;s:21:\"uagb\/advanced-heading\";i:3;s:14:\"core\/paragraph\";i:4;s:9:\"core\/list\";i:5;s:14:\"core\/list-item\";i:6;s:10:\"core\/table\";i:7;s:11:\"core\/search\";i:8;s:10:\"core\/group\";i:9;s:12:\"core\/heading\";i:10;s:17:\"core\/latest-posts\";i:11;s:20:\"core\/latest-comments\";i:12;s:13:\"core\/archives\";i:13;s:15:\"core\/categories\";}s:8:\"uag_flag\";b:1;s:11:\"uag_version\";s:10:\"1778337502\";s:6:\"gfonts\";a:0:{}s:10:\"gfonts_url\";s:0:\"\";s:12:\"gfonts_files\";a:0:{}s:14:\"uag_faq_layout\";b:0;}"]},"uagb_featured_image_src":{"full":["https:\/\/antloader.com\/wp-content\/uploads\/2025\/06\/Truck-Mounted-Drill-Rig.webp",800,600,false],"thumbnail":["https:\/\/antloader.com\/wp-content\/uploads\/2025\/06\/Truck-Mounted-Drill-Rig-150x150.webp",150,150,true],"medium":["https:\/\/antloader.com\/wp-content\/uploads\/2025\/06\/Truck-Mounted-Drill-Rig-300x225.webp",300,225,true],"medium_large":["https:\/\/antloader.com\/wp-content\/uploads\/2025\/06\/Truck-Mounted-Drill-Rig-768x576.webp",768,576,true],"large":["https:\/\/antloader.com\/wp-content\/uploads\/2025\/06\/Truck-Mounted-Drill-Rig.webp",800,600,false],"1536x1536":["https:\/\/antloader.com\/wp-content\/uploads\/2025\/06\/Truck-Mounted-Drill-Rig.webp",800,600,false],"2048x2048":["https:\/\/antloader.com\/wp-content\/uploads\/2025\/06\/Truck-Mounted-Drill-Rig.webp",800,600,false],"trp-custom-language-flag":["https:\/\/antloader.com\/wp-content\/uploads\/2025\/06\/Truck-Mounted-Drill-Rig.webp",16,12,false]},"uagb_author_info":{"display_name":"admin","author_link":"https:\/\/antloader.com\/tr\/author\/"},"uagb_comment_info":0,"uagb_excerpt":"XYC Series Truck-Mounted Drill Rigs: Key Features Hydraulic Spindle Rotary System Professional-grade hydraulic spindle mechanism ensures precise rotational control for diverse formations. Integrated Chassis Design XYC-200GT Model:\u00a0Tangjun Jinlika light-duty truck chassis XYC-3 Model:\u00a0Qingdao Sailong medium-duty truck chassis Drilling transmission, winch, and mud pump are seamlessly integrated into chassis for compact layout and intuitive operation. High-Performance&hellip;","_links":{"self":[{"href":"https:\/\/antloader.com\/tr\/wp-json\/wp\/v2\/product\/2525","targetHints":{"allow":["GET"]}}],"collection":[{"href":"https:\/\/antloader.com\/tr\/wp-json\/wp\/v2\/product"}],"about":[{"href":"https:\/\/antloader.com\/tr\/wp-json\/wp\/v2\/types\/product"}],"wp:featuredmedia":[{"embeddable":true,"href":"https:\/\/antloader.com\/tr\/wp-json\/wp\/v2\/media\/2526"}],"wp:attachment":[{"href":"https:\/\/antloader.com\/tr\/wp-json\/wp\/v2\/media?parent=2525"}],"wp:term":[{"taxonomy":"catalog","embeddable":true,"href":"https:\/\/antloader.com\/tr\/wp-json\/wp\/v2\/catalog?post=2525"}],"curies":[{"name":"wp","href":"https:\/\/api.w.org\/{rel}","templated":true}]}}