{"id":2572,"date":"2025-06-18T12:55:48","date_gmt":"2025-06-18T12:55:48","guid":{"rendered":"https:\/\/www.antloader.com\/?post_type=product&#038;p=2572"},"modified":"2025-06-18T13:06:48","modified_gmt":"2025-06-18T13:06:48","slug":"xy-3-core-exploration-drill-rig-high-torque-geological-sampling-system","status":"publish","type":"product","link":"https:\/\/antloader.com\/tr\/product\/xy-3-core-exploration-drill-rig-high-torque-geological-sampling-system\/","title":{"rendered":"XY-3 Karotlu Arama Sondaj Makinesi | Y\u00fcksek Torklu Jeolojik Numune Alma Sistemi"},"content":{"rendered":"<figure class=\"wp-block-gallery has-nested-images columns-default is-cropped wp-block-gallery-1 is-layout-flex wp-block-gallery-is-layout-flex\">\n<figure class=\"wp-block-image size-large\"><img loading=\"lazy\" decoding=\"async\" width=\"800\" height=\"600\" data-id=\"2573\" src=\"https:\/\/www.antloader.com\/wp-content\/uploads\/2025\/06\/geological-exploration-equipment.webp\" alt=\"jeoloji\u0307k arama eki\u0307pmanlari\" class=\"wp-image-2573\" srcset=\"https:\/\/antloader.com\/wp-content\/uploads\/2025\/06\/geological-exploration-equipment.webp 800w, https:\/\/antloader.com\/wp-content\/uploads\/2025\/06\/geological-exploration-equipment-300x225.webp 300w, https:\/\/antloader.com\/wp-content\/uploads\/2025\/06\/geological-exploration-equipment-768x576.webp 768w, https:\/\/antloader.com\/wp-content\/uploads\/2025\/06\/geological-exploration-equipment-16x12.webp 16w\" sizes=\"auto, (max-width: 800px) 100vw, 800px\" \/><\/figure>\n\n\n\n<figure class=\"wp-block-image size-large\"><img loading=\"lazy\" decoding=\"async\" width=\"800\" height=\"600\" data-id=\"2574\" src=\"https:\/\/www.antloader.com\/wp-content\/uploads\/2025\/06\/hydraulic-chuck-drill-rig.webp\" alt=\"hidrolik ayna sondaj makinesi\" class=\"wp-image-2574\" srcset=\"https:\/\/antloader.com\/wp-content\/uploads\/2025\/06\/hydraulic-chuck-drill-rig.webp 800w, https:\/\/antloader.com\/wp-content\/uploads\/2025\/06\/hydraulic-chuck-drill-rig-300x225.webp 300w, https:\/\/antloader.com\/wp-content\/uploads\/2025\/06\/hydraulic-chuck-drill-rig-768x576.webp 768w, https:\/\/antloader.com\/wp-content\/uploads\/2025\/06\/hydraulic-chuck-drill-rig-16x12.webp 16w\" sizes=\"auto, (max-width: 800px) 100vw, 800px\" \/><\/figure>\n\n\n\n<figure class=\"wp-block-image size-large\"><img loading=\"lazy\" decoding=\"async\" width=\"800\" height=\"600\" data-id=\"2575\" src=\"https:\/\/www.antloader.com\/wp-content\/uploads\/2025\/06\/deep-borehole-coring.webp\" alt=\"derin sondaj kuyusu karotu\" class=\"wp-image-2575\" srcset=\"https:\/\/antloader.com\/wp-content\/uploads\/2025\/06\/deep-borehole-coring.webp 800w, https:\/\/antloader.com\/wp-content\/uploads\/2025\/06\/deep-borehole-coring-300x225.webp 300w, https:\/\/antloader.com\/wp-content\/uploads\/2025\/06\/deep-borehole-coring-768x576.webp 768w, https:\/\/antloader.com\/wp-content\/uploads\/2025\/06\/deep-borehole-coring-16x12.webp 16w\" sizes=\"auto, (max-width: 800px) 100vw, 800px\" \/><\/figure>\n\n\n\n<figure class=\"wp-block-image size-large\"><img loading=\"lazy\" decoding=\"async\" width=\"800\" height=\"600\" data-id=\"2576\" src=\"https:\/\/www.antloader.com\/wp-content\/uploads\/2025\/06\/core-drilling-rig-1.webp\" alt=\"karotlu sondaj makinesi\" class=\"wp-image-2576\" srcset=\"https:\/\/antloader.com\/wp-content\/uploads\/2025\/06\/core-drilling-rig-1.webp 800w, https:\/\/antloader.com\/wp-content\/uploads\/2025\/06\/core-drilling-rig-1-300x225.webp 300w, https:\/\/antloader.com\/wp-content\/uploads\/2025\/06\/core-drilling-rig-1-768x576.webp 768w, https:\/\/antloader.com\/wp-content\/uploads\/2025\/06\/core-drilling-rig-1-16x12.webp 16w\" sizes=\"auto, (max-width: 800px) 100vw, 800px\" \/><\/figure>\n<\/figure>\n\n\n\n<h2 class=\"wp-block-heading\">Teknik \u00d6zellikler &amp; Temel \u00d6zellikler<\/h2>\n\n\n\n<h3 class=\"wp-block-heading\"><strong>1. Otomotiv S\u0131n\u0131f\u0131 \u015eanz\u0131man ve G\u00fc\u00e7 Sistemi<\/strong><\/h3>\n\n\n\n<p><strong>MW525 Kamyon \u015eanz\u0131man Grubu<\/strong>: A\u011f\u0131r y\u00fckler alt\u0131nda sa\u011flam tork aktar\u0131m\u0131 ve operasyonel g\u00fcvenilirlik sa\u011flar.<\/p>\n\n\n\n<p><strong>Yunnei 490 Dizel G\u00fc\u00e7 Paketi<\/strong>: \u00d6zellikler\u00a0<strong>10 vitesli \u015fanz\u0131man<\/strong>\u00a0\u00c7ok y\u00f6nl\u00fc formasyon sondaj\u0131 i\u00e7in optimize edilmi\u015f RPM aral\u0131\u011f\u0131 ile.<\/p>\n\n\n\n<p><strong>Uzaktan Vites Kontrol\u00fc<\/strong>: Merkezi konsol, etkin h\u0131z ayarlamalar\u0131 ve operat\u00f6r yorgunlu\u011funun azalt\u0131lmas\u0131n\u0131 sa\u011flar.<\/p>\n\n\n\n<h3 class=\"wp-block-heading\"><strong>2. Geli\u015ftirilmi\u015f Sondaj Performans\u0131<\/strong><\/h3>\n\n\n\n<p><strong>Y\u00fcksek G\u00fc\u00e7 Kapasitesi<\/strong>: Zorlu formasyonlar i\u00e7in tasarlanm\u0131\u015ft\u0131r\u00a0<strong>\u00e7ift h\u0131zl\u0131 geri vites fonksiyonu<\/strong>\u00a0acil durum \u00e7ubu\u011fu kurtarma i\u00e7in.<\/p>\n\n\n\n<p><strong>B\u00fcy\u00fck Boy Mil Ge\u00e7i\u015f Deli\u011fi<\/strong>: Derin \u00e7ekirdek \u00f6rneklemesi i\u00e7in daha b\u00fcy\u00fck alt\u0131gen sondaj borular\u0131n\u0131 (__mm'ye kadar) bar\u0131nd\u0131r\u0131r.<\/p>\n\n\n\n<h3 class=\"wp-block-heading\"><strong>3. Ergonomik ve G\u00fcvenlik Odakl\u0131 Tasar\u0131m<\/strong><\/h3>\n\n\n\n<p><strong>Merkezi Kontrol Paneli<\/strong>: Sezgisel olarak d\u00fczenlenmi\u015f kollar, tek operat\u00f6rle hassas delme sa\u011flar.<\/p>\n\n\n\n<p><strong>Yay Tahrikli Hidrolik Ayna<\/strong>: Ar\u0131za emniyetli s\u0131k\u0131\u015ft\u0131rma mekanizmas\u0131, tij kullan\u0131m\u0131 s\u0131ras\u0131nda sondaj tijinin dengesini sa\u011flar.<\/p>\n\n\n\n<p><strong>Ba\u011f\u0131ms\u0131z Operasyonlar<\/strong>: E\u015fzamanl\u0131 kontrol\u00a0<strong>i\u015f mili d\u00f6n\u00fc\u015f\u00fc<\/strong>\u00a0ve\u00a0<strong>vin\u00e7 besleme<\/strong>\u00a0verimlili\u011fi en \u00fcst d\u00fczeye \u00e7\u0131kar\u0131r.<\/p>\n\n\n\n<h2 class=\"wp-block-heading\">Kritik Uygulamalar<\/h2>\n\n\n\n<ul class=\"wp-block-list\">\n<li><strong>Maden Arama<\/strong>: Karma\u015f\u0131k litolojilerde karot \u00f6rnekleme (S\u0131n\u0131f 3-10)<\/li>\n\n\n\n<li><strong>Jeoteknik Et\u00fctler<\/strong>: Temel testi ve \u015fev stabilite analizi<\/li>\n\n\n\n<li><strong>Derin \u00c7ekirdek \u00c7\u0131karma<\/strong>: __m derinli\u011fe kadar sondaj kuyular\u0131 (saha taraf\u0131ndan yap\u0131land\u0131r\u0131labilir)<\/li>\n\n\n\n<li><strong>Ke\u015fif Sondaj\u0131<\/strong>: K\u00f6m\u00fcr\/alt\u0131n\/bak\u0131r rezerv do\u011frulamas\u0131<\/li>\n<\/ul>\n\n\n\n<h2 class=\"wp-block-heading\">M\u00fchendislik Avantajlar\u0131<\/h2>\n\n\n\n<ul class=\"wp-block-list\">\n<li><strong>Y\u00fcksek Tork \u00c7\u0131k\u0131\u015f\u0131<\/strong>: Zorlu kaya olu\u015fumlar\u0131 i\u00e7in end\u00fcstri standartlar\u0131ndan daha y\u00fcksek 30%<\/li>\n\n\n\n<li><strong>Azalt\u0131lm\u0131\u015f Kesinti S\u00fcresi<\/strong>: \u00c7ift geri vites h\u0131zl\u0131 s\u0131k\u0131\u015fma giderme sa\u011flar<\/li>\n\n\n\n<li><strong>ISO Uyumlu G\u00fcvenlik<\/strong>: Yayl\u0131 mandren \u00e7ubu\u011fun kazara f\u0131rlamas\u0131n\u0131 \u00f6nler<\/li>\n<\/ul>\n\n\n\n<figure class=\"wp-block-table\"><table class=\"has-fixed-layout\"><tbody><tr><td>Sondaj derinli\u011fi (m)<\/td><td>100 250 300 600m<\/td><\/tr><tr><td>A\u00e7\u0131k delik \u00e7ap\u0131 (mm)<\/td><td>300 200 150 75mm<\/td><\/tr><tr><td>Maksimum a\u00e7\u0131lma \u00e7ap\u0131 (mm)<\/td><td>300mm<\/td><\/tr><tr><td>U\u00e7 delik \u00e7ap\u0131 (mm)<\/td><td>75 mm<\/td><\/tr><tr><td>Matkap \u00e7ubuk \u00e7ap\u0131 (mm)<\/td><td>60mm<\/td><\/tr><tr><td>matkap a\u00e7\u0131s\u0131 (\u00b0)<\/td><td>90\u00b0~65\u00b0<\/td><\/tr><tr><td>Boyut\uff08mm\uff09<\/td><td>2500 x 900 x 1800mm<\/td><\/tr><tr><td>G\u00fc\u00e7 olmadan a\u011f\u0131rl\u0131k\uff08kg)<\/td><td>1600kg<\/td><\/tr><tr><td colspan=\"2\">Mil<\/td><\/tr><tr><td rowspan=\"3\">H\u0131z\uff08r\/dak\uff09<\/td><td>Yava\u015f h\u0131z\uff1a 30\u300153\u300188\u3001145\u3001222r\/dak<\/td><\/tr><tr><td>High speed\uff1a143\u3001250\u3001414\u3001684\u30011050r\/min<\/td><\/tr><tr><td>Geri d\u00f6n\u00fc\u015f\uff1a 29, 137r\/dak<\/td><\/tr><tr><td>Strok (mm)<\/td><td>600mm<\/td><\/tr><tr><td>Dikey \u015faft \u00fczerindeki a\u00e7\u0131k deli\u011fin \u00e7ap\u0131<\/td><td>96mm<\/td><\/tr><tr><td>Dikey \u015faft\u0131n maksimum kald\u0131rma kuvveti<\/td><td>6000kg<\/td><\/tr><tr><td colspan=\"2\">Boyut<\/td><\/tr><tr><td>Tek halat kald\u0131rma kuvveti (kg)<\/td><td>4500kg<\/td><\/tr><tr><td>Kald\u0131rma h\u0131z\u0131 Kafa (m\/dak)<\/td><td>0,5-1,9 m\/s&nbsp;<\/td><\/tr><tr><td>Halat \u00e7ap\u0131 (mm)<\/td><td>12,5 mm<\/td><\/tr><tr><td>Rulo kapasitesi (m)<\/td><td>50m<\/td><\/tr><tr><td>Fren kampanas\u0131 \u00e7ap\u0131<\/td><td>300mm<\/td><\/tr><tr><td>Kap\u0131 band\u0131 geni\u015fli\u011fi<\/td><td>90mm<\/td><\/tr><tr><td colspan=\"2\">Ya\u011f pompas\u0131<\/td><\/tr><tr><td>Ya\u011f pompas\u0131 tipi<\/td><td>CBF-F63\/25<\/td><\/tr><tr><td>\u00d6n alan, bas\u0131n\u00e7<\/td><td>63 L\/dk 20Mpa<\/td><\/tr><tr><td>Deplasman Bas\u0131nc\u0131<\/td><td>25 L\/dk 20Mpa<\/td><\/tr><tr><td colspan=\"2\">G\u00fc\u00e7<\/td><\/tr><tr><td>Dizel motor<\/td><td>42kW<\/td><\/tr><tr><td>Nominal d\u00f6n\u00fc\u015f h\u0131z\u0131<\/td><td>2400r\/dak<\/td><\/tr><\/tbody><\/table><\/figure>","protected":false},"featured_media":2576,"template":"","meta":{"_acf_changed":false,"_uag_custom_page_level_css":"","site-sidebar-layout":"default","site-content-layout":"","ast-site-content-layout":"default","site-content-style":"default","site-sidebar-style":"default","ast-global-header-display":"","ast-banner-title-visibility":"","ast-main-header-display":"","ast-hfb-above-header-display":"","ast-hfb-below-header-display":"","ast-hfb-mobile-header-display":"","site-post-title":"","ast-breadcrumbs-content":"","ast-featured-img":"","footer-sml-layout":"","theme-transparent-header-meta":"","adv-header-id-meta":"","stick-header-meta":"","header-above-stick-meta":"","header-main-stick-meta":"","header-below-stick-meta":"","astra-migrate-meta-layouts":"set","ast-page-background-enabled":"default","ast-page-background-meta":{"desktop":{"background-color":"","background-image":"","background-repeat":"repeat","background-position":"center center","background-size":"auto","background-attachment":"scroll","background-type":"","background-media":"","overlay-type":"","overlay-color":"","overlay-opacity":"","overlay-gradient":""},"tablet":{"background-color":"","background-image":"","background-repeat":"repeat","background-position":"center center","background-size":"auto","background-attachment":"scroll","background-type":"","background-media":"","overlay-type":"","overlay-color":"","overlay-opacity":"","overlay-gradient":""},"mobile":{"background-color":"","background-image":"","background-repeat":"repeat","background-position":"center center","background-size":"auto","background-attachment":"scroll","background-type":"","background-media":"","overlay-type":"","overlay-color":"","overlay-opacity":"","overlay-gradient":""}},"ast-content-background-meta":{"desktop":{"background-color":"var(--ast-global-color-5)","background-image":"","background-repeat":"repeat","background-position":"center center","background-size":"auto","background-attachment":"scroll","background-type":"","background-media":"","overlay-type":"","overlay-color":"","overlay-opacity":"","overlay-gradient":""},"tablet":{"background-color":"var(--ast-global-color-5)","background-image":"","background-repeat":"repeat","background-position":"center center","background-size":"auto","background-attachment":"scroll","background-type":"","background-media":"","overlay-type":"","overlay-color":"","overlay-opacity":"","overlay-gradient":""},"mobile":{"background-color":"var(--ast-global-color-5)","background-image":"","background-repeat":"repeat","background-position":"center center","background-size":"auto","background-attachment":"scroll","background-type":"","background-media":"","overlay-type":"","overlay-color":"","overlay-opacity":"","overlay-gradient":""}}},"catalog":[8],"class_list":["post-2572","product","type-product","status-publish","has-post-thumbnail","hentry","catalog-engineering-exploration-drill-rig"],"acf":[],"spectra_custom_meta":{"_edit_lock":["1750252009:1"],"rank_math_seo_score":["53"],"rank_math_focus_keyword":["Core Exploration Drill Rig, core drilling rig, geological exploration equipment"],"rank_math_internal_links_processed":["1"],"_thumbnail_id":["2576"],"_acf_changed":[""],"_uag_custom_page_level_css":[""],"site-sidebar-layout":["default"],"site-content-layout":[""],"ast-site-content-layout":["default"],"site-content-style":["default"],"site-sidebar-style":["default"],"ast-global-header-display":[""],"ast-banner-title-visibility":[""],"ast-main-header-display":[""],"ast-hfb-above-header-display":[""],"ast-hfb-below-header-display":[""],"ast-hfb-mobile-header-display":[""],"site-post-title":[""],"ast-breadcrumbs-content":[""],"ast-featured-img":[""],"footer-sml-layout":[""],"theme-transparent-header-meta":[""],"adv-header-id-meta":[""],"stick-header-meta":[""],"header-above-stick-meta":[""],"header-main-stick-meta":[""],"header-below-stick-meta":[""],"astra-migrate-meta-layouts":["set"],"ast-page-background-enabled":["default"],"ast-page-background-meta":["a:3:{s:7:\"desktop\";a:12:{s:16:\"background-color\";s:0:\"\";s:16:\"background-image\";s:0:\"\";s:17:\"background-repeat\";s:6:\"repeat\";s:19:\"background-position\";s:13:\"center center\";s:15:\"background-size\";s:4:\"auto\";s:21:\"background-attachment\";s:6:\"scroll\";s:15:\"background-type\";s:0:\"\";s:16:\"background-media\";s:0:\"\";s:12:\"overlay-type\";s:0:\"\";s:13:\"overlay-color\";s:0:\"\";s:15:\"overlay-opacity\";s:0:\"\";s:16:\"overlay-gradient\";s:0:\"\";}s:6:\"tablet\";a:12:{s:16:\"background-color\";s:0:\"\";s:16:\"background-image\";s:0:\"\";s:17:\"background-repeat\";s:6:\"repeat\";s:19:\"background-position\";s:13:\"center center\";s:15:\"background-size\";s:4:\"auto\";s:21:\"background-attachment\";s:6:\"scroll\";s:15:\"background-type\";s:0:\"\";s:16:\"background-media\";s:0:\"\";s:12:\"overlay-type\";s:0:\"\";s:13:\"overlay-color\";s:0:\"\";s:15:\"overlay-opacity\";s:0:\"\";s:16:\"overlay-gradient\";s:0:\"\";}s:6:\"mobile\";a:12:{s:16:\"background-color\";s:0:\"\";s:16:\"background-image\";s:0:\"\";s:17:\"background-repeat\";s:6:\"repeat\";s:19:\"background-position\";s:13:\"center center\";s:15:\"background-size\";s:4:\"auto\";s:21:\"background-attachment\";s:6:\"scroll\";s:15:\"background-type\";s:0:\"\";s:16:\"background-media\";s:0:\"\";s:12:\"overlay-type\";s:0:\"\";s:13:\"overlay-color\";s:0:\"\";s:15:\"overlay-opacity\";s:0:\"\";s:16:\"overlay-gradient\";s:0:\"\";}}"],"ast-content-background-meta":["a:3:{s:7:\"desktop\";a:12:{s:16:\"background-color\";s:25:\"var(--ast-global-color-5)\";s:16:\"background-image\";s:0:\"\";s:17:\"background-repeat\";s:6:\"repeat\";s:19:\"background-position\";s:13:\"center center\";s:15:\"background-size\";s:4:\"auto\";s:21:\"background-attachment\";s:6:\"scroll\";s:15:\"background-type\";s:0:\"\";s:16:\"background-media\";s:0:\"\";s:12:\"overlay-type\";s:0:\"\";s:13:\"overlay-color\";s:0:\"\";s:15:\"overlay-opacity\";s:0:\"\";s:16:\"overlay-gradient\";s:0:\"\";}s:6:\"tablet\";a:12:{s:16:\"background-color\";s:25:\"var(--ast-global-color-5)\";s:16:\"background-image\";s:0:\"\";s:17:\"background-repeat\";s:6:\"repeat\";s:19:\"background-position\";s:13:\"center center\";s:15:\"background-size\";s:4:\"auto\";s:21:\"background-attachment\";s:6:\"scroll\";s:15:\"background-type\";s:0:\"\";s:16:\"background-media\";s:0:\"\";s:12:\"overlay-type\";s:0:\"\";s:13:\"overlay-color\";s:0:\"\";s:15:\"overlay-opacity\";s:0:\"\";s:16:\"overlay-gradient\";s:0:\"\";}s:6:\"mobile\";a:12:{s:16:\"background-color\";s:25:\"var(--ast-global-color-5)\";s:16:\"background-image\";s:0:\"\";s:17:\"background-repeat\";s:6:\"repeat\";s:19:\"background-position\";s:13:\"center center\";s:15:\"background-size\";s:4:\"auto\";s:21:\"background-attachment\";s:6:\"scroll\";s:15:\"background-type\";s:0:\"\";s:16:\"background-media\";s:0:\"\";s:12:\"overlay-type\";s:0:\"\";s:13:\"overlay-color\";s:0:\"\";s:15:\"overlay-opacity\";s:0:\"\";s:16:\"overlay-gradient\";s:0:\"\";}}"],"_edit_last":["1"],"astra_style_timestamp_css":["1753324062"],"rank_math_description":["Heavy-duty XY-3 core drill rig featuring Yunnei 490 power, MW525 transmission, and dual-reverse gears for mineral\/geotechnical drilling. ISO-certified safety."],"rank_math_robots":["a:1:{i:0;s:5:\"index\";}"],"_uag_page_assets":["a:9:{s:3:\"css\";s:263:\".uag-blocks-common-selector{z-index:var(--z-index-desktop) !important}@media (max-width: 976px){.uag-blocks-common-selector{z-index:var(--z-index-tablet) !important}}@media (max-width: 767px){.uag-blocks-common-selector{z-index:var(--z-index-mobile) !important}}\n\";s:2:\"js\";s:0:\"\";s:18:\"current_block_list\";a:13:{i:0;s:12:\"core\/gallery\";i:1;s:10:\"core\/image\";i:2;s:12:\"core\/heading\";i:3;s:14:\"core\/paragraph\";i:4;s:9:\"core\/list\";i:5;s:14:\"core\/list-item\";i:6;s:10:\"core\/table\";i:7;s:11:\"core\/search\";i:8;s:10:\"core\/group\";i:9;s:17:\"core\/latest-posts\";i:10;s:20:\"core\/latest-comments\";i:11;s:13:\"core\/archives\";i:12;s:15:\"core\/categories\";}s:8:\"uag_flag\";b:0;s:11:\"uag_version\";s:10:\"1753238173\";s:6:\"gfonts\";a:0:{}s:10:\"gfonts_url\";s:0:\"\";s:12:\"gfonts_files\";a:0:{}s:14:\"uag_faq_layout\";b:0;}"],"_uag_css_file_name":["uag-css-2572.css"]},"uagb_featured_image_src":{"full":["https:\/\/antloader.com\/wp-content\/uploads\/2025\/06\/core-drilling-rig-1.webp",800,600,false],"thumbnail":["https:\/\/antloader.com\/wp-content\/uploads\/2025\/06\/core-drilling-rig-1-150x150.webp",150,150,true],"medium":["https:\/\/antloader.com\/wp-content\/uploads\/2025\/06\/core-drilling-rig-1-300x225.webp",300,225,true],"medium_large":["https:\/\/antloader.com\/wp-content\/uploads\/2025\/06\/core-drilling-rig-1-768x576.webp",768,576,true],"large":["https:\/\/antloader.com\/wp-content\/uploads\/2025\/06\/core-drilling-rig-1.webp",800,600,false],"1536x1536":["https:\/\/antloader.com\/wp-content\/uploads\/2025\/06\/core-drilling-rig-1.webp",800,600,false],"2048x2048":["https:\/\/antloader.com\/wp-content\/uploads\/2025\/06\/core-drilling-rig-1.webp",800,600,false],"trp-custom-language-flag":["https:\/\/antloader.com\/wp-content\/uploads\/2025\/06\/core-drilling-rig-1-16x12.webp",16,12,true]},"uagb_author_info":{"display_name":"admin","author_link":"https:\/\/antloader.com\/tr\/author\/"},"uagb_comment_info":0,"uagb_excerpt":"Technical Specifications &amp; Key Features 1. Automotive-Grade Transmission &amp; Power System MW525 Truck Transmission Assembly: Delivers robust torque transfer and operational reliability under heavy loads. Yunnei 490 Diesel Power Pack: Features\u00a010-speed gearbox\u00a0with optimized RPM range for versatile formation drilling. Remote Gearshift Control: Centralized console enables efficient speed adjustments and reduced operator fatigue. 2. Enhanced Drilling&hellip;","_links":{"self":[{"href":"https:\/\/antloader.com\/tr\/wp-json\/wp\/v2\/product\/2572","targetHints":{"allow":["GET"]}}],"collection":[{"href":"https:\/\/antloader.com\/tr\/wp-json\/wp\/v2\/product"}],"about":[{"href":"https:\/\/antloader.com\/tr\/wp-json\/wp\/v2\/types\/product"}],"wp:featuredmedia":[{"embeddable":true,"href":"https:\/\/antloader.com\/tr\/wp-json\/wp\/v2\/media\/2576"}],"wp:attachment":[{"href":"https:\/\/antloader.com\/tr\/wp-json\/wp\/v2\/media?parent=2572"}],"wp:term":[{"taxonomy":"catalog","embeddable":true,"href":"https:\/\/antloader.com\/tr\/wp-json\/wp\/v2\/catalog?post=2572"}],"curies":[{"name":"wp","href":"https:\/\/api.w.org\/{rel}","templated":true}]}}